{"id":91,"date":"2017-01-04T10:31:02","date_gmt":"2017-01-04T09:31:02","guid":{"rendered":"http:\/\/blogsaverroes.juntadeandalucia.es\/ceiprodriguezvega\/?page_id=91"},"modified":"2021-03-13T10:55:03","modified_gmt":"2021-03-13T09:55:03","slug":"curso-escolar","status":"publish","type":"page","link":"https:\/\/blogsaverroes.juntadeandalucia.es\/ceiprodriguezvega\/curso-escolar\/","title":{"rendered":"Curso escolar"},"content":{"rendered":"<p>P\u00e1gina en la que accediendo a las distintas pesta\u00f1as podremos encontrar informaci\u00f3n sobre:<\/p>\n<ul>\n<li>Escolarizaci\u00f3n.<\/li>\n<li>Horarios.<\/li>\n<li>Calendario escolar.<\/li>\n<li>Comedor escolar.<\/li>\n<li>Actividades extraescolares.<\/li>\n<\/ul>\n","protected":false},"excerpt":{"rendered":"<p>P\u00e1gina en la que accediendo a las distintas pesta\u00f1as podremos encontrar informaci\u00f3n sobre: Escolarizaci\u00f3n. Horarios. Calendario escolar. Comedor escolar. Actividades extraescolares.<\/p>\n","protected":false},"author":2153,"featured_media":0,"parent":0,"menu_order":0,"comment_status":"closed","ping_status":"closed","template":"","meta":{"ngg_post_thumbnail":0,"footnotes":""},"aioseo_notices":[],"_links":{"self":[{"href":"https:\/\/blogsaverroes.juntadeandalucia.es\/ceiprodriguezvega\/wp-json\/wp\/v2\/pages\/91"}],"collection":[{"href":"https:\/\/blogsaverroes.juntadeandalucia.es\/ceiprodriguezvega\/wp-json\/wp\/v2\/pages"}],"about":[{"href":"https:\/\/blogsaverroes.juntadeandalucia.es\/ceiprodriguezvega\/wp-json\/wp\/v2\/types\/page"}],"author":[{"embeddable":true,"href":"https:\/\/blogsaverroes.juntadeandalucia.es\/ceiprodriguezvega\/wp-json\/wp\/v2\/users\/2153"}],"replies":[{"embeddable":true,"href":"https:\/\/blogsaverroes.juntadeandalucia.es\/ceiprodriguezvega\/wp-json\/wp\/v2\/comments?post=91"}],"version-history":[{"count":2,"href":"https:\/\/blogsaverroes.juntadeandalucia.es\/ceiprodriguezvega\/wp-json\/wp\/v2\/pages\/91\/revisions"}],"predecessor-version":[{"id":436,"href":"https:\/\/blogsaverroes.juntadeandalucia.es\/ceiprodriguezvega\/wp-json\/wp\/v2\/pages\/91\/revisions\/436"}],"wp:attachment":[{"href":"https:\/\/blogsaverroes.juntadeandalucia.es\/ceiprodriguezvega\/wp-json\/wp\/v2\/media?parent=91"}],"curies":[{"name":"wp","href":"https:\/\/api.w.org\/{rel}","templated":true}]}}