{"id":2,"date":"2022-12-07T12:24:27","date_gmt":"2022-12-07T12:24:27","guid":{"rendered":"https:\/\/blogsaverroes.juntadeandalucia.es\/ceipromerorobledo\/?page_id=2"},"modified":"2022-12-09T17:58:49","modified_gmt":"2022-12-09T17:58:49","slug":"pagina-ejemplo","status":"publish","type":"page","link":"https:\/\/blogsaverroes.juntadeandalucia.es\/ceipromerorobledo\/pagina-ejemplo\/","title":{"rendered":"CEIP Romero Robledo"},"content":{"rendered":"<p>El edificio que alberga al Colegio es un antiguo inmueble palaciego reconvertido, cuya construcci\u00f3n data del primer tercio del siglo XVIII, siendo uno de los ejemplos m\u00e1s originales en el conjunto de las casas con \u201cfachada-armaz\u00f3n\u201d, tan caracter\u00edstico de la ciudad de Antequera.<br \/>Perteneci\u00f3 este edificio, en la actualidad sede del Colegio P\u00fablico Romero Robledo, a la familia de los Tejada, que tuvieron t\u00edtulo de barones de Sabasona.<\/p>\n<div class=\"separator\"><a href=\"https:\/\/1.bp.blogspot.com\/-i71nSwmL8YE\/W9NQwvKOXRI\/AAAAAAAABPI\/-wbe9jD6MbgahZfr_qY1bFTqRCNOIi4QwCLcBGAs\/s1600\/colegio%2Bfachada.jpg\"><img decoding=\"async\" src=\"https:\/\/1.bp.blogspot.com\/-i71nSwmL8YE\/W9NQwvKOXRI\/AAAAAAAABPI\/-wbe9jD6MbgahZfr_qY1bFTqRCNOIi4QwCLcBGAs\/s1600\/colegio%2Bfachada.jpg\" border=\"0\" data-original-height=\"194\" data-original-width=\"259\"><\/a><\/div>\n<p>&nbsp;El Patio de Columnas es uno de los ejemplos m\u00e1s acabados del barroco antequerano, de planta cuadrada, desarrolla en cada uno de sus cuatro frentes una triple arcada sobre columnas toscanas, en las que se combinan la piedra roja y negra, lo que resulta un rasgo poco com\u00fan en la arquitectura civil de Antequera. En la actualidad se encuentra restaurado y cubierto con una c\u00fapula de cristal. Este Patio se utiliza como Sal\u00f3n de Actos para las actividades institucionales y complementarias del Centro.<\/p>\n<div class=\"separator\"><a href=\"https:\/\/2.bp.blogspot.com\/-pMcSyw4U2-U\/W9NQ7A77INI\/AAAAAAAABPM\/DQAnogO9Gysy72cWsQH6Ag8kPyspKHgGwCLcBGAs\/s1600\/colegio%2Bpatio.jpg\"><img decoding=\"async\" src=\"https:\/\/2.bp.blogspot.com\/-pMcSyw4U2-U\/W9NQ7A77INI\/AAAAAAAABPM\/DQAnogO9Gysy72cWsQH6Ag8kPyspKHgGwCLcBGAs\/s1600\/colegio%2Bpatio.jpg\" border=\"0\" data-original-height=\"194\" data-original-width=\"259\"><\/a><\/div>\n<p>&nbsp;<\/p>\n<p>Otro detalle arquitect\u00f3nico a tener en cuenta es la caja de la escalera principal, que se cubre con una c\u00fapula el\u00edptica decorada con yeser\u00eda en las pechinas, y que tiene como elemento m\u00e1s original las columnas pareadas que soportan los arcos. La fachada de esta casa se\u00f1orial es toda ella de ladrillo excepto la portada, en la que se alternan los sillares de piedra blanca y negra, apuntando ya al estilo manierista a pesar del momento de su construcci\u00f3n.<\/p>\n<div class=\"separator\"><a href=\"https:\/\/1.bp.blogspot.com\/-nPziIXpgKVc\/W9NRGSMtSuI\/AAAAAAAABPU\/FT_XzOhG2gMrMF6CKM4EpApL4zVmTWWTwCLcBGAs\/s1600\/cupula%2Bcole.JPG\"><img loading=\"lazy\" decoding=\"async\" src=\"https:\/\/1.bp.blogspot.com\/-nPziIXpgKVc\/W9NRGSMtSuI\/AAAAAAAABPU\/FT_XzOhG2gMrMF6CKM4EpApL4zVmTWWTwCLcBGAs\/s320\/cupula%2Bcole.JPG\" width=\"320\" height=\"240\" border=\"0\" data-original-height=\"1200\" data-original-width=\"1600\"><\/a><\/div>\n","protected":false},"excerpt":{"rendered":"<p>El edificio que alberga al Colegio es un antiguo inmueble palaciego reconvertido, cuya construcci\u00f3n data del primer tercio del siglo XVIII, siendo uno de los ejemplos m\u00e1s originales en el conjunto de las casas&#46;&#46;&#46;<\/p>\n","protected":false},"author":16911,"featured_media":0,"parent":0,"menu_order":0,"comment_status":"closed","ping_status":"open","template":"","meta":{"ngg_post_thumbnail":0,"footnotes":""},"aioseo_notices":[],"_links":{"self":[{"href":"https:\/\/blogsaverroes.juntadeandalucia.es\/ceipromerorobledo\/wp-json\/wp\/v2\/pages\/2"}],"collection":[{"href":"https:\/\/blogsaverroes.juntadeandalucia.es\/ceipromerorobledo\/wp-json\/wp\/v2\/pages"}],"about":[{"href":"https:\/\/blogsaverroes.juntadeandalucia.es\/ceipromerorobledo\/wp-json\/wp\/v2\/types\/page"}],"author":[{"embeddable":true,"href":"https:\/\/blogsaverroes.juntadeandalucia.es\/ceipromerorobledo\/wp-json\/wp\/v2\/users\/16911"}],"replies":[{"embeddable":true,"href":"https:\/\/blogsaverroes.juntadeandalucia.es\/ceipromerorobledo\/wp-json\/wp\/v2\/comments?post=2"}],"version-history":[{"count":2,"href":"https:\/\/blogsaverroes.juntadeandalucia.es\/ceipromerorobledo\/wp-json\/wp\/v2\/pages\/2\/revisions"}],"predecessor-version":[{"id":667,"href":"https:\/\/blogsaverroes.juntadeandalucia.es\/ceipromerorobledo\/wp-json\/wp\/v2\/pages\/2\/revisions\/667"}],"wp:attachment":[{"href":"https:\/\/blogsaverroes.juntadeandalucia.es\/ceipromerorobledo\/wp-json\/wp\/v2\/media?parent=2"}],"curies":[{"name":"wp","href":"https:\/\/api.w.org\/{rel}","templated":true}]}}