{"id":2393,"date":"2016-01-11T15:52:56","date_gmt":"2016-01-11T15:52:56","guid":{"rendered":"http:\/\/blogsaverroes.juntadeandalucia.es\/ceiprosadegalvez\/?page_id=2393"},"modified":"2022-12-15T13:26:35","modified_gmt":"2022-12-15T13:26:35","slug":"profesorado","status":"publish","type":"page","link":"https:\/\/blogsaverroes.juntadeandalucia.es\/ceiprosadegalvez\/profesorado\/","title":{"rendered":"Profesorado"},"content":{"rendered":"<div style=\"float: left;width: 45%\">\n<p><span style=\"text-decoration: underline\"><strong>EQUIPO DIRECTIVO:<\/strong><\/span><\/p>\n<p><strong><span style=\"text-decoration: underline\">Direcci\u00f3n:<\/span>&nbsp;<\/strong><\/p>\n<ul>\n<li>Don Jos\u00e9 Carlos Duarte Fern\u00e1ndez<\/li>\n<\/ul>\n<p><strong><span style=\"text-decoration: underline\">Jefatura de estudios:<\/span>&nbsp;<\/strong><\/p>\n<ul>\n<li>D\u00f1a. To\u00f1i Aguilar Tovar<\/li>\n<\/ul>\n<p><strong><span style=\"text-decoration: underline\">Secretar\u00eda:<\/span> <\/strong><\/p>\n<ul>\n<li>D\u00f1a. Silvia del Pino Escalona<\/li>\n<\/ul>\n<p>&nbsp;<\/p>\n<p><strong><span style=\"text-decoration: underline\">ED. INFANTIL<\/span>:<\/strong><\/p>\n<ul>\n<li>Don Jos\u00e9 Aguilar Sim\u00f3n<\/li>\n<li>D\u00f1a. M\u00aa del Rosario \u00c1vila Campos<\/li>\n<li>D\u00f1a. Sonia Bonilla Cebri\u00e1n<\/li>\n<li>D\u00f1a. Isabel Cerezo Rodr\u00edguez<\/li>\n<li>D\u00f1a. Silvia del Pino Escalona<\/li>\n<li>D\u00f1a. Elena Mart\u00ednez Guerrero<\/li>\n<li>D\u00f1a. Isabel Carmen Rodr\u00edguez Mu\u00f1oz<\/li>\n<li>D\u00f1a. Mar\u00eda Jos\u00e9 Vera Mu\u00f1oz<\/li>\n<li>Don Jos\u00e9 Luis Carri\u00f3n de la Fuente<\/li>\n<li>D\u00f1a. Mar\u00eda del Carmen Peinado Ram\u00edrez<\/li>\n<\/ul>\n<\/div>\n<div style=\"float: right;width: 45%\">\n<div class=\"art-layout-cell\">\n<p><strong><span style=\"text-decoration: underline\">ED. PRIMARIA<\/span>:<\/strong><\/p>\n<ul>\n<li>D\u00f1a. To\u00f1i Aguilar Tovar<\/li>\n<li>Don V\u00edctor Alvarado Fern\u00e1ndez.<\/li>\n<li style=\"text-align: left\">Don Francisco Jos\u00e9 Caballero Ortega.<\/li>\n<li style=\"text-align: left\">D\u00f1a.Luc\u00eda Casares Tejada<\/li>\n<li style=\"text-align: left\">D\u00f1a. Natalia&nbsp; del Castillo Olivares Barber\u00e1n<\/li>\n<li style=\"text-align: left\">D\u00f1a. Mar\u00eda Carmen D\u00edaz Ojeda.<\/li>\n<li style=\"text-align: left\">Don Jos\u00e9 Carlos Duarte Fern\u00e1ndez.<\/li>\n<li>D\u00f1a. Raquel Florido Ortiz de Mendivil.<\/li>\n<li>D\u00f1a. Concepci\u00f3n Garc\u00eda Cid<\/li>\n<li style=\"text-align: left\">D\u00f1a. Buenaventura Garc\u00eda M\u00e9rida<\/li>\n<li style=\"text-align: left\">D\u00f1a. Mar\u00eda Dolores G\u00f3mez Cerezo.<\/li>\n<li style=\"text-align: left\">D\u00f1a. Amalia G\u00f3mez Moreno<\/li>\n<li>D\u00f1a. Lourdes Guerrero Jim\u00e9nez<\/li>\n<li style=\"text-align: left\">D\u00f1a. Mar\u00eda Jos\u00e9 Guerrero Mart\u00edn<\/li>\n<li>D\u00f1a. Isabel Mar\u00eda Guerrero Sep\u00falveda<\/li>\n<li>D\u00f1a. Pilar Heredia Vicaria<\/li>\n<li>D\u00f1a. Sonia Mar\u00eda Lara Pel\u00e1ez<\/li>\n<li>D\u00f1a. Roc\u00edo L\u00f3pez Abeleira<\/li>\n<li>D\u00f1a. Mar\u00eda Josefa Luque Cabello<\/li>\n<li>D\u00f1a. Cristina Mancilla Gonz\u00e1lez<\/li>\n<li style=\"text-align: left\">Don Luis Marcos Jim\u00e9nez<\/li>\n<li>D\u00f1a Ana Mar\u00eda Mart\u00ednez Correa<\/li>\n<li>Don. Manuel Meliveo Salas<\/li>\n<li>D\u00f1a. Noelia Moral Peinado<\/li>\n<li>Don Fernando Moreno Jim\u00e9nez<\/li>\n<li>D\u00f1a. Amalia Pedrero M\u00e1rquez<\/li>\n<li style=\"text-align: left\">D\u00f1a. Mar\u00eda Rosa Rivera Le\u00f3n<\/li>\n<li>D\u00f1a Mar\u00eda Dolores Rodr\u00edguez Mart\u00edn<\/li>\n<li>D\u00f1a. Lourdes Macarena Romero Haro<\/li>\n<li>Don. Ra\u00fal S\u00e1nchez Guerrero<\/li>\n<li>D\u00f1a. Mar\u00eda Dolores Tamayo Porras<\/li>\n<li>D\u00f1a. Violeta Torres Miranda<\/li>\n<li>D\u00f1a. Ana Mar\u00eda Vellibre Luque<\/li>\n<\/ul>\n<\/div>\n<\/div>\n","protected":false},"excerpt":{"rendered":"<p>EQUIPO DIRECTIVO: Direcci\u00f3n:&nbsp; Don Jos\u00e9 Carlos Duarte Fern\u00e1ndez Jefatura de estudios:&nbsp; D\u00f1a. To\u00f1i Aguilar Tovar Secretar\u00eda: D\u00f1a. Silvia del Pino Escalona &nbsp; ED. INFANTIL: Don Jos\u00e9 Aguilar Sim\u00f3n D\u00f1a. M\u00aa del Rosario \u00c1vila Campos&#46;&#46;&#46;<\/p>\n","protected":false},"author":1950,"featured_media":0,"parent":0,"menu_order":0,"comment_status":"closed","ping_status":"closed","template":"","meta":{"_exactmetrics_skip_tracking":false,"_exactmetrics_sitenote_active":false,"_exactmetrics_sitenote_note":"","_exactmetrics_sitenote_category":0,"ngg_post_thumbnail":0,"footnotes":""},"aioseo_notices":[],"_links":{"self":[{"href":"https:\/\/blogsaverroes.juntadeandalucia.es\/ceiprosadegalvez\/wp-json\/wp\/v2\/pages\/2393"}],"collection":[{"href":"https:\/\/blogsaverroes.juntadeandalucia.es\/ceiprosadegalvez\/wp-json\/wp\/v2\/pages"}],"about":[{"href":"https:\/\/blogsaverroes.juntadeandalucia.es\/ceiprosadegalvez\/wp-json\/wp\/v2\/types\/page"}],"author":[{"embeddable":true,"href":"https:\/\/blogsaverroes.juntadeandalucia.es\/ceiprosadegalvez\/wp-json\/wp\/v2\/users\/1950"}],"replies":[{"embeddable":true,"href":"https:\/\/blogsaverroes.juntadeandalucia.es\/ceiprosadegalvez\/wp-json\/wp\/v2\/comments?post=2393"}],"version-history":[{"count":14,"href":"https:\/\/blogsaverroes.juntadeandalucia.es\/ceiprosadegalvez\/wp-json\/wp\/v2\/pages\/2393\/revisions"}],"predecessor-version":[{"id":3770,"href":"https:\/\/blogsaverroes.juntadeandalucia.es\/ceiprosadegalvez\/wp-json\/wp\/v2\/pages\/2393\/revisions\/3770"}],"wp:attachment":[{"href":"https:\/\/blogsaverroes.juntadeandalucia.es\/ceiprosadegalvez\/wp-json\/wp\/v2\/media?parent=2393"}],"curies":[{"name":"wp","href":"https:\/\/api.w.org\/{rel}","templated":true}]}}