{"id":35,"date":"2015-03-13T08:21:43","date_gmt":"2015-03-13T08:21:43","guid":{"rendered":"http:\/\/blogsaverroes.juntadeandalucia.es\/pre\/ceip\/?page_id=35"},"modified":"2020-10-27T21:22:31","modified_gmt":"2020-10-27T21:22:31","slug":"el-centro-2","status":"publish","type":"page","link":"https:\/\/blogsaverroes.juntadeandalucia.es\/ceiprosadegalvez\/el-centro-2\/","title":{"rendered":"Datos del centro"},"content":{"rendered":"<h4><strong><span class=\"widget-pane-section-info-text\"><span style=\"text-decoration: underline\">\n<div class=\"ngg-galleryoverview ngg-slideshow\"\n\tid=\"ngg-slideshow-3f040f66789bfaf8b0e5c791e5caaa12-17172256370\"\n\tdata-gallery-id=\"3f040f66789bfaf8b0e5c791e5caaa12\"\n\tstyle=\"max-width: 600px;\n\t\t\tmax-height: 400px;\n\t\t\tdisplay: none;\">\n\n\t\n\t\t<a href=\"https:\/\/blogsaverroes.juntadeandalucia.es\/ceiprosadegalvez\/wp-content\/uploads\/sites\/792\/nggallery\/instalaciones-1\/slideIMG20131115WA00910.jpg\"\n\t\t\ttitle=\" \"\n\t\t\tdata-src=\"https:\/\/blogsaverroes.juntadeandalucia.es\/ceiprosadegalvez\/wp-content\/uploads\/sites\/792\/nggallery\/instalaciones-1\/slideIMG20131115WA00910.jpg\"\n\t\t\tdata-thumbnail=\"https:\/\/blogsaverroes.juntadeandalucia.es\/ceiprosadegalvez\/wp-content\/uploads\/sites\/792\/nggallery\/instalaciones-1\/thumbs\/thumbs_slideIMG20131115WA00910.jpg\"\n\t\t\tdata-image-id=\"16\"\n\t\t\tdata-title=\"Entrada\"\n\t\t\tdata-description=\" \"\n\t\t\tclass=\"ngg-fancybox\" rel=\"3f040f66789bfaf8b0e5c791e5caaa12\">\n\n\t\t\t<img data-image-id='16'\n\t\t\t\ttitle=\" \"\n\t\t\t\talt=\"Entrada\"\n\t\t\t\tsrc=\"https:\/\/blogsaverroes.juntadeandalucia.es\/ceiprosadegalvez\/wp-content\/uploads\/sites\/792\/nggallery\/instalaciones-1\/slideIMG20131115WA00910.jpg\"\n\t\t\t\tstyle=\"max-height: 380px;\"\/>\n\t\t<\/a>\n\n\t\t\n\t\t<a href=\"https:\/\/blogsaverroes.juntadeandalucia.es\/ceiprosadegalvez\/wp-content\/uploads\/sites\/792\/nggallery\/instalaciones-1\/slideIMG20131115WA00911.jpg\"\n\t\t\ttitle=\" \"\n\t\t\tdata-src=\"https:\/\/blogsaverroes.juntadeandalucia.es\/ceiprosadegalvez\/wp-content\/uploads\/sites\/792\/nggallery\/instalaciones-1\/slideIMG20131115WA00911.jpg\"\n\t\t\tdata-thumbnail=\"https:\/\/blogsaverroes.juntadeandalucia.es\/ceiprosadegalvez\/wp-content\/uploads\/sites\/792\/nggallery\/instalaciones-1\/thumbs\/thumbs_slideIMG20131115WA00911.jpg\"\n\t\t\tdata-image-id=\"17\"\n\t\t\tdata-title=\"Patio\"\n\t\t\tdata-description=\" \"\n\t\t\tclass=\"ngg-fancybox\" rel=\"3f040f66789bfaf8b0e5c791e5caaa12\">\n\n\t\t\t<img data-image-id='17'\n\t\t\t\ttitle=\" \"\n\t\t\t\talt=\"Patio\"\n\t\t\t\tsrc=\"https:\/\/blogsaverroes.juntadeandalucia.es\/ceiprosadegalvez\/wp-content\/uploads\/sites\/792\/nggallery\/instalaciones-1\/slideIMG20131115WA00911.jpg\"\n\t\t\t\tstyle=\"max-height: 380px;\"\/>\n\t\t<\/a>\n\n\t\t\n\t\t<a href=\"https:\/\/blogsaverroes.juntadeandalucia.es\/ceiprosadegalvez\/wp-content\/uploads\/sites\/792\/nggallery\/instalaciones-1\/slideIMG20131115WA00912.jpg\"\n\t\t\ttitle=\" \"\n\t\t\tdata-src=\"https:\/\/blogsaverroes.juntadeandalucia.es\/ceiprosadegalvez\/wp-content\/uploads\/sites\/792\/nggallery\/instalaciones-1\/slideIMG20131115WA00912.jpg\"\n\t\t\tdata-thumbnail=\"https:\/\/blogsaverroes.juntadeandalucia.es\/ceiprosadegalvez\/wp-content\/uploads\/sites\/792\/nggallery\/instalaciones-1\/thumbs\/thumbs_slideIMG20131115WA00912.jpg\"\n\t\t\tdata-image-id=\"18\"\n\t\t\tdata-title=\"Patio 2\"\n\t\t\tdata-description=\" \"\n\t\t\tclass=\"ngg-fancybox\" rel=\"3f040f66789bfaf8b0e5c791e5caaa12\">\n\n\t\t\t<img data-image-id='18'\n\t\t\t\ttitle=\" \"\n\t\t\t\talt=\"Patio 2\"\n\t\t\t\tsrc=\"https:\/\/blogsaverroes.juntadeandalucia.es\/ceiprosadegalvez\/wp-content\/uploads\/sites\/792\/nggallery\/instalaciones-1\/slideIMG20131115WA00912.jpg\"\n\t\t\t\tstyle=\"max-height: 380px;\"\/>\n\t\t<\/a>\n\n\t\t\n\t\t<a href=\"https:\/\/blogsaverroes.juntadeandalucia.es\/ceiprosadegalvez\/wp-content\/uploads\/sites\/792\/nggallery\/instalaciones-1\/slideIMG20131115WA00913.jpg\"\n\t\t\ttitle=\" \"\n\t\t\tdata-src=\"https:\/\/blogsaverroes.juntadeandalucia.es\/ceiprosadegalvez\/wp-content\/uploads\/sites\/792\/nggallery\/instalaciones-1\/slideIMG20131115WA00913.jpg\"\n\t\t\tdata-thumbnail=\"https:\/\/blogsaverroes.juntadeandalucia.es\/ceiprosadegalvez\/wp-content\/uploads\/sites\/792\/nggallery\/instalaciones-1\/thumbs\/thumbs_slideIMG20131115WA00913.jpg\"\n\t\t\tdata-image-id=\"19\"\n\t\t\tdata-title=\"Clase\"\n\t\t\tdata-description=\" \"\n\t\t\tclass=\"ngg-fancybox\" rel=\"3f040f66789bfaf8b0e5c791e5caaa12\">\n\n\t\t\t<img data-image-id='19'\n\t\t\t\ttitle=\" \"\n\t\t\t\talt=\"Clase\"\n\t\t\t\tsrc=\"https:\/\/blogsaverroes.juntadeandalucia.es\/ceiprosadegalvez\/wp-content\/uploads\/sites\/792\/nggallery\/instalaciones-1\/slideIMG20131115WA00913.jpg\"\n\t\t\t\tstyle=\"max-height: 380px;\"\/>\n\t\t<\/a>\n\n\t\t<\/div>\n\n\n<\/span><\/span><\/strong><\/h4>\n<h4><strong>Datos de contacto<\/strong><\/h4>\n<p><strong>CEIP ROSA DE G\u00c1LVEZ<\/strong><\/p>\n<p><strong><span class=\"widget-pane-section-info-text\"><span style=\"text-decoration: underline\">Direcci\u00f3n<\/span>: Avenida de Jane Bowles S\/N, 29011 M\u00e1laga<\/span><\/strong><\/p>\n<p><strong><span style=\"text-decoration: underline\">Tel\u00e9fono<\/span>: <span class=\"widget-pane-section-info-text\">951 29 35 76 (Corporativo: 973576)<\/span><\/strong><\/p>\n<p><strong><span style=\"text-decoration: underline\">FAX<\/span>:&nbsp;951 29 35 81 (Corporativo: 973581)<\/strong><\/p>\n<p><strong><span style=\"text-decoration: underline\">Correo electr\u00f3nico<\/span>:&nbsp;<a href=\"mailto:29009296.edu@juntadeandalucia.es\" target=\"_blank\" rel=\"noopener noreferrer\">29009296.edu@juntadeandalucia.es<\/a><\/strong><\/p>\n<h4><strong>Horarios<\/strong><\/h4>\n<p><strong><span style=\"text-decoration: underline\">Secretar\u00eda<\/span>: De lunes a viernes de 9:15 a 11 horas.<br \/>\n<\/strong><\/p>\n<p><span style=\"text-decoration: underline\"><strong>Aula matinal<\/strong><\/span>: <strong>De lunes a viernes&nbsp; de 7:30 a 9 horas.<\/strong><\/p>\n<p><strong><span style=\"text-decoration: underline\">Comedor<\/span>:<\/strong> <strong>De lunes a viernes de 14 a 16 horas.<\/strong><\/p>\n<p><strong><span style=\"text-decoration: underline\">Actividades extraescolares<\/span>: De lunes a viernes de 16 a 18 horas. <\/strong><\/p>\n<h4><strong>Localizaci\u00f3n<\/strong><\/h4>\n<h4>&nbsp;&nbsp;&nbsp;&nbsp;&nbsp;&nbsp;&nbsp;&nbsp;&nbsp;&nbsp;&nbsp;&nbsp; [googlemaps https:\/\/www.google.com\/maps\/embed?pb=!1m18!1m12!1m3!1d3196.8793366306327!2d-4.429020549459902!3d36.74946727815583!2m3!1f0!2f0!3f0!3m2!1i1024!2i768!4f13.1!3m3!1m2!1s0xd72f64e7130afa9%3A0xa19bffc741d76338!2sColegio+P%C3%BAblico+Rosa+de+G%C3%A1lvez!5e0!3m2!1ses!2ses!4v1451164736467&amp;w=600&amp;h=450]<\/h4>\n","protected":false},"excerpt":{"rendered":"<p>Datos de contacto CEIP ROSA DE G\u00c1LVEZ Direcci\u00f3n: Avenida de Jane Bowles S\/N, 29011 M\u00e1laga Tel\u00e9fono: 951 29 35 76 (Corporativo: 973576) FAX:&nbsp;951 29 35 81 (Corporativo: 973581) Correo electr\u00f3nico:&nbsp;29009296.edu@juntadeandalucia.es Horarios Secretar\u00eda: De lunes&#46;&#46;&#46;<\/p>\n","protected":false},"author":1,"featured_media":0,"parent":0,"menu_order":0,"comment_status":"closed","ping_status":"open","template":"","meta":{"_exactmetrics_skip_tracking":false,"_exactmetrics_sitenote_active":false,"_exactmetrics_sitenote_note":"","_exactmetrics_sitenote_category":0,"ngg_post_thumbnail":0,"footnotes":""},"aioseo_notices":[],"_links":{"self":[{"href":"https:\/\/blogsaverroes.juntadeandalucia.es\/ceiprosadegalvez\/wp-json\/wp\/v2\/pages\/35"}],"collection":[{"href":"https:\/\/blogsaverroes.juntadeandalucia.es\/ceiprosadegalvez\/wp-json\/wp\/v2\/pages"}],"about":[{"href":"https:\/\/blogsaverroes.juntadeandalucia.es\/ceiprosadegalvez\/wp-json\/wp\/v2\/types\/page"}],"author":[{"embeddable":true,"href":"https:\/\/blogsaverroes.juntadeandalucia.es\/ceiprosadegalvez\/wp-json\/wp\/v2\/users\/1"}],"replies":[{"embeddable":true,"href":"https:\/\/blogsaverroes.juntadeandalucia.es\/ceiprosadegalvez\/wp-json\/wp\/v2\/comments?post=35"}],"version-history":[{"count":21,"href":"https:\/\/blogsaverroes.juntadeandalucia.es\/ceiprosadegalvez\/wp-json\/wp\/v2\/pages\/35\/revisions"}],"predecessor-version":[{"id":3524,"href":"https:\/\/blogsaverroes.juntadeandalucia.es\/ceiprosadegalvez\/wp-json\/wp\/v2\/pages\/35\/revisions\/3524"}],"wp:attachment":[{"href":"https:\/\/blogsaverroes.juntadeandalucia.es\/ceiprosadegalvez\/wp-json\/wp\/v2\/media?parent=35"}],"curies":[{"name":"wp","href":"https:\/\/api.w.org\/{rel}","templated":true}]}}