{"id":3501,"date":"2020-10-22T08:45:06","date_gmt":"2020-10-22T08:45:06","guid":{"rendered":"https:\/\/blogsaverroes.juntadeandalucia.es\/ceiprosadegalvez\/?page_id=3501"},"modified":"2020-10-22T08:48:01","modified_gmt":"2020-10-22T08:48:01","slug":"erasmus-ka2-read-com","status":"publish","type":"page","link":"https:\/\/blogsaverroes.juntadeandalucia.es\/ceiprosadegalvez\/erasmus-ka2-read-com\/","title":{"rendered":"Erasmus + KA2   \u00abRead-Com\u00bb"},"content":{"rendered":"<p>&nbsp;<\/p>\n<p>&nbsp;<\/p>\n<p><a href=\"https:\/\/blogsaverroes.juntadeandalucia.es\/ceiprosadegalvez\/files\/2020\/10\/OPTION_2-4.jpg\"><img loading=\"lazy\" decoding=\"async\" class=\"wp-image-3502 aligncenter\" src=\"https:\/\/blogsaverroes.juntadeandalucia.es\/ceiprosadegalvez\/files\/2020\/10\/OPTION_2-4.jpg\" alt=\"\" width=\"145\" height=\"158\" srcset=\"https:\/\/blogsaverroes.juntadeandalucia.es\/ceiprosadegalvez\/files\/2020\/10\/OPTION_2-4.jpg 733w, https:\/\/blogsaverroes.juntadeandalucia.es\/ceiprosadegalvez\/files\/2020\/10\/OPTION_2-4-275x300.jpg 275w, https:\/\/blogsaverroes.juntadeandalucia.es\/ceiprosadegalvez\/files\/2020\/10\/OPTION_2-4-22x24.jpg 22w, https:\/\/blogsaverroes.juntadeandalucia.es\/ceiprosadegalvez\/files\/2020\/10\/OPTION_2-4-33x36.jpg 33w, https:\/\/blogsaverroes.juntadeandalucia.es\/ceiprosadegalvez\/files\/2020\/10\/OPTION_2-4-44x48.jpg 44w\" sizes=\"(max-width: 145px) 100vw, 145px\" \/><\/a><\/p>\n<p>This project is about to improve the Reading habits at home and at school, so that all the children could have the same opportunities in the future. With great enthusiasm and hard work, this consortium hopes to contribute to the Europe 2020 strategy for social growth. The objective is to develop \u201cReading Education Toolkit\u201d and \u201cRead Animation APP\u201d for the members of the educational community<\/p>\n<p>&nbsp;<\/p>\n<p><img loading=\"lazy\" decoding=\"async\" class=\"wp-image-454 aligncenter\" src=\"https:\/\/www.read-com-eu.uma.es\/wp-content\/uploads\/2020\/07\/sepie-7.png\" alt=\"\" width=\"447\" height=\"199\"><\/p>\n<div class=\"field field-name-field-stato field-type-list-text field-label-inline clearfix\">\n<div>&nbsp;<\/div>\n<div class=\"field-label\" style=\"text-align: center\">Estado: en curso<\/div>\n<\/div>\n<div class=\"field field-name-field-data-inizio field-type-text field-label-inline clearfix\" style=\"text-align: center\">\n<div class=\"field-label\">Fecha de inicio: 1-9-2019<\/div>\n<\/div>\n<div class=\"field field-name-field-data-fine field-type-text field-label-inline clearfix\" style=\"text-align: center\">\n<div class=\"field-label\">Fecha de finalizaci\u00f3n: 31-8-2022<\/div>\n<div class=\"field-items\">\n<div class=\"field-item even\">Duraci\u00f3n: 35 meses<\/div>\n<\/div>\n<\/div>\n<div class=\"field field-name-field-durata field-type-text field-label-inline clearfix\">\n<div class=\"field-items\">\n<div class=\"field-item even\" style=\"text-align: center\">&nbsp;<\/div>\n<\/div>\n<\/div>\n<p>El centro Ceip Rosa de G\u00e1lvez es socio del&nbsp; proyecto Erasmus + Read-com, cuyo coordinador la Universidad de M\u00e1laga https:\/\/www.uma.es\/&nbsp; inici\u00f3&nbsp; el 1 de septiembre de 2019. Desde ese momento nuestra participaci\u00f3n y responsabilidades dentro del mismo, se&nbsp; vinculan a su difusi\u00f3n a trav\u00e9s de la pagina web https:\/\/www.read-com-eu.uma.es\/ adem\u00e1s de redes sociales como :<\/p>\n<p><img loading=\"lazy\" decoding=\"async\" class=\"wp-image-471 alignleft\" src=\"https:\/\/www.read-com-eu.uma.es\/wp-content\/uploads\/2020\/07\/a-1024x1024.png\" alt=\"\" width=\"79\" height=\"79\" data-id=\"471\" data-full-url=\"https:\/\/www.read-com-eu.uma.es\/wp-content\/uploads\/2020\/07\/a.png\" data-link=\"https:\/\/www.read-com-eu.uma.es\/?attachment_id=471\"> <img loading=\"lazy\" decoding=\"async\" class=\"wp-image-472 alignleft\" src=\"https:\/\/www.read-com-eu.uma.es\/wp-content\/uploads\/2020\/07\/aa.jpg\" alt=\"\" width=\"73\" height=\"73\" data-id=\"472\" data-full-url=\"https:\/\/www.read-com-eu.uma.es\/wp-content\/uploads\/2020\/07\/aa.jpg\" data-link=\"https:\/\/www.read-com-eu.uma.es\/?attachment_id=472\"><img loading=\"lazy\" decoding=\"async\" class=\"wp-image-473 alignleft\" src=\"https:\/\/www.read-com-eu.uma.es\/wp-content\/uploads\/2020\/07\/aaa.png\" alt=\"\" width=\"73\" height=\"73\" data-id=\"473\" data-full-url=\"https:\/\/www.read-com-eu.uma.es\/wp-content\/uploads\/2020\/07\/aaa.png\" data-link=\"https:\/\/www.read-com-eu.uma.es\/?attachment_id=473\"><\/p>\n<p>&nbsp;<\/p>\n<p>@erasmusread19<\/p>\n<p>&nbsp;<\/p>\n<p>Read-com consiste&nbsp; en la creaci\u00f3n de una gu\u00eda y una app que contribuyan a la mejora de la adquisici\u00f3n de la lectoescritura&nbsp; en infantil y primer ciclo de primaria contando con la colaboracion esencial entre familia y escuela y haciendo especial hincapi\u00e9 en el alumnado que pueda presentar dificultades y\/o&nbsp; necesidades de \u00edndole compensatoria o educativa.&nbsp;<\/p>\n<p>&nbsp;<\/p>\n<p>Los socios que participan en este proyecto son los siguientes:<\/p>\n<div class=\"wp-block-image\">\n<figure class=\"aligncenter size-large is-resized\"><img loading=\"lazy\" decoding=\"async\" class=\"wp-image-207\" src=\"https:\/\/www.read-com-eu.uma.es\/wp-content\/uploads\/2020\/03\/NEW_logoMachiavelliTrainingAgencyFlorence-5.png\" alt=\"\" width=\"163\" height=\"98\"><\/figure>\n<\/div>\n<p>The Machiavelli Centre, founded in 1978<\/p>\n<div class=\"wp-block-image\">\n<figure class=\"aligncenter size-large is-resized\"><img loading=\"lazy\" decoding=\"async\" class=\"wp-image-217\" src=\"https:\/\/www.read-com-eu.uma.es\/wp-content\/uploads\/2020\/03\/logo_ICGiovanni_XXiii-5.png\" alt=\"\" width=\"254\" height=\"64\"><\/figure>\n<\/div>\n<p>The Comprehensive School of Terranuova Braccionini was born in 1997<\/p>\n<div class=\"wp-block-image\">\n<figure class=\"aligncenter size-large is-resized\"><img loading=\"lazy\" decoding=\"async\" class=\"wp-image-218\" src=\"https:\/\/www.read-com-eu.uma.es\/wp-content\/uploads\/2020\/03\/UMA_logo-6.png\" alt=\"\" width=\"389\" height=\"72\"><\/figure>\n<\/div>\n<p>The University of Malaga (UMA) is one of Spain\u2019s premiere institutions of higher learning.<\/p>\n<div class=\"wp-block-image\">\n<figure class=\"aligncenter size-large is-resized\"><img loading=\"lazy\" decoding=\"async\" class=\"wp-image-219\" src=\"https:\/\/www.read-com-eu.uma.es\/wp-content\/uploads\/2020\/03\/MANCHESTER-3.png\" alt=\"\" width=\"131\" height=\"131\"><\/figure>\n<\/div>\n<p>Manchester Metropolitan University (MMU) is the fifth-largest university in the United Kingdom by enrolment.<\/p>\n<div class=\"wp-block-image\">\n<figure class=\"aligncenter size-large is-resized\"><img loading=\"lazy\" decoding=\"async\" class=\"wp-image-221\" src=\"https:\/\/www.read-com-eu.uma.es\/wp-content\/uploads\/2020\/03\/PORTUGAL-4.png\" alt=\"\" width=\"260\" height=\"97\"><\/figure>\n<\/div>\n<p>The Associa\u00e7\u00e3o de Jardins-Escola Jo\u00e3o de Deus is a non-profit public institution, funded in 1882.<\/p>\n<div class=\"wp-block-image\">\n<figure class=\"aligncenter size-large is-resized\"><img loading=\"lazy\" decoding=\"async\" class=\"wp-image-222\" src=\"https:\/\/www.read-com-eu.uma.es\/wp-content\/uploads\/2020\/03\/GRANADA-3.png\" alt=\"\" width=\"144\" height=\"144\"><\/figure>\n<\/div>\n<p>As a classical university. The University of Granada (UGA) is one of Spain\u2019s premiere institutions of higher learning.<\/p>\n<div class=\"wp-block-image\">\n<figure class=\"aligncenter size-large\"><img loading=\"lazy\" decoding=\"async\" class=\"wp-image-224\" src=\"https:\/\/www.read-com-eu.uma.es\/wp-content\/uploads\/2020\/03\/GREECE-4.jpg\" alt=\"\" width=\"268\" height=\"145\"><\/figure>\n<\/div>\n<p>The Computer Technology Institute and Press \u00abDiophantus\u00bb (CTI) is an organization focusing on research and development in Information and Communication Technologies.<\/p>\n<p>&nbsp;<\/p>\n","protected":false},"excerpt":{"rendered":"<p>&nbsp; &nbsp; This project is about to improve the Reading habits at home and at school, so that all the children could have the same opportunities in the future. With great enthusiasm and hard&#46;&#46;&#46;<\/p>\n","protected":false},"author":1950,"featured_media":0,"parent":0,"menu_order":0,"comment_status":"closed","ping_status":"closed","template":"","meta":{"_exactmetrics_skip_tracking":false,"_exactmetrics_sitenote_active":false,"_exactmetrics_sitenote_note":"","_exactmetrics_sitenote_category":0,"ngg_post_thumbnail":0,"footnotes":""},"aioseo_notices":[],"_links":{"self":[{"href":"https:\/\/blogsaverroes.juntadeandalucia.es\/ceiprosadegalvez\/wp-json\/wp\/v2\/pages\/3501"}],"collection":[{"href":"https:\/\/blogsaverroes.juntadeandalucia.es\/ceiprosadegalvez\/wp-json\/wp\/v2\/pages"}],"about":[{"href":"https:\/\/blogsaverroes.juntadeandalucia.es\/ceiprosadegalvez\/wp-json\/wp\/v2\/types\/page"}],"author":[{"embeddable":true,"href":"https:\/\/blogsaverroes.juntadeandalucia.es\/ceiprosadegalvez\/wp-json\/wp\/v2\/users\/1950"}],"replies":[{"embeddable":true,"href":"https:\/\/blogsaverroes.juntadeandalucia.es\/ceiprosadegalvez\/wp-json\/wp\/v2\/comments?post=3501"}],"version-history":[{"count":2,"href":"https:\/\/blogsaverroes.juntadeandalucia.es\/ceiprosadegalvez\/wp-json\/wp\/v2\/pages\/3501\/revisions"}],"predecessor-version":[{"id":3504,"href":"https:\/\/blogsaverroes.juntadeandalucia.es\/ceiprosadegalvez\/wp-json\/wp\/v2\/pages\/3501\/revisions\/3504"}],"wp:attachment":[{"href":"https:\/\/blogsaverroes.juntadeandalucia.es\/ceiprosadegalvez\/wp-json\/wp\/v2\/media?parent=3501"}],"curies":[{"name":"wp","href":"https:\/\/api.w.org\/{rel}","templated":true}]}}