{"id":434,"date":"2015-03-20T07:07:50","date_gmt":"2015-03-20T07:07:50","guid":{"rendered":"http:\/\/blogsaverroes.juntadeandalucia.es\/pre\/ceip\/?page_id=434"},"modified":"2020-10-27T21:27:47","modified_gmt":"2020-10-27T21:27:47","slug":"materiales-recursos-3","status":"publish","type":"page","link":"https:\/\/blogsaverroes.juntadeandalucia.es\/ceiprosadegalvez\/materiales-recursos-3\/","title":{"rendered":"E.P. 2\u00ba ciclo."},"content":{"rendered":"<h4>CRITERIOS DE EVALUACI\u00d3N SEGUNDO CICLO CURSO&nbsp;<\/h4>\n<p><a href=\"https:\/\/blogsaverroes.juntadeandalucia.es\/ceiprosadegalvez\/files\/2015\/03\/CRITERIOS-DE-EVALUACI\u00d3N-TERCERO-DE-PRIMARIA-CURSO-2018.pdf\">CRITERIOS DE EVALUACI\u00d3N TERCERO DE PRIMARIA CURSO<\/a><\/p>\n<p><a href=\"https:\/\/blogsaverroes.juntadeandalucia.es\/ceiprosadegalvez\/files\/2015\/03\/CRITERIOS-DE-EVALUACI\u00d3N-CUARTO-DE-PRIMARIA-CURSO-2018.pdf\">CRITERIOS DE EVALUACI\u00d3N CUARTO DE PRIMARIA CURSO <\/a><\/p>\n<p>&nbsp;<\/p>\n<p>&nbsp;<\/p>\n<p>&nbsp;<\/p>\n","protected":false},"excerpt":{"rendered":"<p>CRITERIOS DE EVALUACI\u00d3N SEGUNDO CICLO CURSO&nbsp; CRITERIOS DE EVALUACI\u00d3N TERCERO DE PRIMARIA CURSO CRITERIOS DE EVALUACI\u00d3N CUARTO DE PRIMARIA CURSO &nbsp; &nbsp; &nbsp;<\/p>\n","protected":false},"author":1,"featured_media":0,"parent":0,"menu_order":0,"comment_status":"closed","ping_status":"open","template":"","meta":{"_exactmetrics_skip_tracking":false,"_exactmetrics_sitenote_active":false,"_exactmetrics_sitenote_note":"","_exactmetrics_sitenote_category":0,"ngg_post_thumbnail":0,"footnotes":""},"aioseo_notices":[],"_links":{"self":[{"href":"https:\/\/blogsaverroes.juntadeandalucia.es\/ceiprosadegalvez\/wp-json\/wp\/v2\/pages\/434"}],"collection":[{"href":"https:\/\/blogsaverroes.juntadeandalucia.es\/ceiprosadegalvez\/wp-json\/wp\/v2\/pages"}],"about":[{"href":"https:\/\/blogsaverroes.juntadeandalucia.es\/ceiprosadegalvez\/wp-json\/wp\/v2\/types\/page"}],"author":[{"embeddable":true,"href":"https:\/\/blogsaverroes.juntadeandalucia.es\/ceiprosadegalvez\/wp-json\/wp\/v2\/users\/1"}],"replies":[{"embeddable":true,"href":"https:\/\/blogsaverroes.juntadeandalucia.es\/ceiprosadegalvez\/wp-json\/wp\/v2\/comments?post=434"}],"version-history":[{"count":5,"href":"https:\/\/blogsaverroes.juntadeandalucia.es\/ceiprosadegalvez\/wp-json\/wp\/v2\/pages\/434\/revisions"}],"predecessor-version":[{"id":3529,"href":"https:\/\/blogsaverroes.juntadeandalucia.es\/ceiprosadegalvez\/wp-json\/wp\/v2\/pages\/434\/revisions\/3529"}],"wp:attachment":[{"href":"https:\/\/blogsaverroes.juntadeandalucia.es\/ceiprosadegalvez\/wp-json\/wp\/v2\/media?parent=434"}],"curies":[{"name":"wp","href":"https:\/\/api.w.org\/{rel}","templated":true}]}}