{"id":1019,"date":"2025-10-25T11:54:42","date_gmt":"2025-10-25T10:54:42","guid":{"rendered":"https:\/\/blogsaverroes.juntadeandalucia.es\/ceiprufinoblanco\/?page_id=1019"},"modified":"2026-02-24T13:48:52","modified_gmt":"2026-02-24T12:48:52","slug":"pacto-de-estado","status":"publish","type":"page","link":"https:\/\/blogsaverroes.juntadeandalucia.es\/ceiprufinoblanco\/pacto-de-estado\/","title":{"rendered":"Pacto de Estado contra la violencia de g\u00e9nero"},"content":{"rendered":"<p><img loading=\"lazy\" decoding=\"async\" class=\"alignnone size-full wp-image-1138\" src=\"https:\/\/blogsaverroes.juntadeandalucia.es\/ceiprufinoblanco\/files\/2025\/11\/logo_ministerio_igualdad-300x95-1.png\" alt=\"\" width=\"300\" height=\"95\"> <img loading=\"lazy\" decoding=\"async\" class=\"alignnone wp-image-1136\" src=\"https:\/\/blogsaverroes.juntadeandalucia.es\/ceiprufinoblanco\/files\/2025\/11\/logo_pacto_estado-300x240-1.png\" alt=\"\" width=\"239\" height=\"191\"><img loading=\"lazy\" decoding=\"async\" class=\"alignnone wp-image-1139\" src=\"https:\/\/blogsaverroes.juntadeandalucia.es\/ceiprufinoblanco\/files\/2025\/11\/logo_junta_andalucia-300x192-1.png\" alt=\"\" width=\"215\" height=\"138\"><\/p>\n<p><iframe loading=\"lazy\" src=\"https:\/\/drive.google.com\/file\/d\/19grv9w3Tt4ofsGR3qw4TRSVA-0e-66_V\/preview\" width=\"640\" height=\"480\"><\/iframe><\/p>\n<p><img loading=\"lazy\" decoding=\"async\" class=\"alignnone size-medium wp-image-1147\" src=\"https:\/\/blogsaverroes.juntadeandalucia.es\/ceiprufinoblanco\/files\/2025\/11\/IMG20250211125052-300x225.jpg\" alt=\"\" width=\"300\" height=\"225\"> <img loading=\"lazy\" decoding=\"async\" class=\"alignnone size-medium wp-image-1148\" src=\"https:\/\/blogsaverroes.juntadeandalucia.es\/ceiprufinoblanco\/files\/2025\/11\/IMG20250217131338-300x225.jpg\" alt=\"\" width=\"300\" height=\"225\"> <img loading=\"lazy\" decoding=\"async\" class=\"alignnone size-medium wp-image-1146\" src=\"https:\/\/blogsaverroes.juntadeandalucia.es\/ceiprufinoblanco\/files\/2025\/11\/IMG20250211125050-300x225.jpg\" alt=\"\" width=\"300\" height=\"225\"> <img loading=\"lazy\" decoding=\"async\" class=\"alignnone size-medium wp-image-1145\" src=\"https:\/\/blogsaverroes.juntadeandalucia.es\/ceiprufinoblanco\/files\/2025\/11\/1739812846917-e1763496127143-300x135.jpg\" alt=\"\" width=\"300\" height=\"135\"><\/p>\n<div id=\"attachment_1151\" style=\"width: 310px\" class=\"wp-caption alignnone\"><img loading=\"lazy\" decoding=\"async\" aria-describedby=\"caption-attachment-1151\" class=\"size-medium wp-image-1151\" src=\"https:\/\/blogsaverroes.juntadeandalucia.es\/ceiprufinoblanco\/files\/2025\/11\/WhatsApp-Image-2025-11-19-at-10.47.41-300x225.jpeg\" alt=\"Rinci\u00f3n Violeta en nuestra biblioteca del centro\" width=\"300\" height=\"225\"><p id=\"caption-attachment-1151\" class=\"wp-caption-text\">Rinci\u00f3n Violeta en nuestra biblioteca del centro<img loading=\"lazy\" decoding=\"async\" class=\"alignnone wp-image-1258\" src=\"https:\/\/blogsaverroes.juntadeandalucia.es\/ceiprufinoblanco\/files\/2026\/02\/WhatsApp-Image-2026-02-03-at-13.22.00-300x225.jpeg\" alt=\"\" width=\"296\" height=\"222\"><\/p><\/div>\n<p style=\"text-align: center\"><span style=\"font-size: 18pt\"><strong>CURSO 25\/26<\/strong><\/span><\/p>\n<p>En nuestro colegio creemos en el respeto, la igualdad y la convivencia como base de una comunidad segura para todas y todos.<br \/>\nHoy levantamos la voz para decir NO a cualquier forma de violencia y S\u00cd a una cultura de cuidado, empat\u00eda y buen trato.<\/p>\n<p>Educar en igualdad es sembrar un futuro donde cada persona pueda vivir libre, acompa\u00f1ada y sin miedo.<br \/>\nConstruyamos juntos un entorno donde el respeto sea la norma y la paz, el camino.<\/p>\n<p>En el d\u00eda de hoy, nos ha visitado nuestra vecina de la localidad Mar\u00eda Teresa Garc\u00eda, Psic\u00f3loga General Sanitaria. Cuya trayectoria en el \u00e1mbito de Igualdad es intachable. Entre el 2007 y 2010 form\u00f3 parte del Proyecto Pilar del colegio oficial de psic\u00f3logos de Extremadura realizando asistencias de emergencia a V\u00edctimas de Violencia de G\u00e9nero en Fregenal de la Sierra. Tambi\u00e9n cuenta con formaci\u00f3n en Igualdad en atenci\u00f3n a v\u00edctias de Violencia de G\u00e9nero y atenci\u00f3n a v\u00edctimas de maltrato de Ha sido un gustazo haber contado con su presencia y experiencia, as\u00ed como los distintos talleres realizados por ella. personas.<\/p>\n<p><img loading=\"lazy\" decoding=\"async\" class=\"alignnone size-medium wp-image-1260\" src=\"https:\/\/blogsaverroes.juntadeandalucia.es\/ceiprufinoblanco\/files\/2025\/12\/WhatsApp-Image-2026-02-03-at-13.13.43-300x225.jpeg\" alt=\"\" width=\"300\" height=\"225\"> <img loading=\"lazy\" decoding=\"async\" class=\"alignnone size-medium wp-image-1261\" src=\"https:\/\/blogsaverroes.juntadeandalucia.es\/ceiprufinoblanco\/files\/2025\/12\/WhatsApp-Image-2026-02-03-at-13.13.42-225x300.jpeg\" alt=\"\" width=\"225\" height=\"300\"> <img loading=\"lazy\" decoding=\"async\" class=\"alignnone size-medium wp-image-1263\" src=\"https:\/\/blogsaverroes.juntadeandalucia.es\/ceiprufinoblanco\/files\/2025\/12\/WhatsApp-Image-2026-02-03-at-12.04.09-300x225.jpeg\" alt=\"\" width=\"300\" height=\"225\"> <img loading=\"lazy\" decoding=\"async\" class=\"alignnone size-medium wp-image-1265\" src=\"https:\/\/blogsaverroes.juntadeandalucia.es\/ceiprufinoblanco\/files\/2025\/12\/WhatsApp-Image-2026-02-03-at-12.04.07-300x169.jpeg\" alt=\"\" width=\"300\" height=\"169\"><\/p>\n<p><img loading=\"lazy\" decoding=\"async\" class=\"alignnone size-medium wp-image-1202\" src=\"https:\/\/blogsaverroes.juntadeandalucia.es\/ceiprufinoblanco\/files\/2025\/12\/IMG-20251202-WA0019-300x225.jpg\" alt=\"\" width=\"300\" height=\"225\"><img loading=\"lazy\" decoding=\"async\" class=\"alignnone size-medium wp-image-1203\" src=\"https:\/\/blogsaverroes.juntadeandalucia.es\/ceiprufinoblanco\/files\/2025\/12\/IMG-20251202-WA0012-300x225.jpg\" alt=\"\" width=\"300\" height=\"225\"> <img loading=\"lazy\" decoding=\"async\" class=\"alignnone size-medium wp-image-1204\" src=\"https:\/\/blogsaverroes.juntadeandalucia.es\/ceiprufinoblanco\/files\/2025\/12\/IMG-20251202-WA0010-300x225.jpg\" alt=\"\" width=\"300\" height=\"225\"><\/p>\n<p>El pasado 12 de febrero celebramos en nuestro centro el D\u00eda Internacional de la Mujer y la Ni\u00f1a en la Ciencia. Hemos llenado el centro de cursiosidad, aprendizaje e inspiraci\u00f3n con la Feria de las Ciencias.<\/p>\n<p>Hemos contado con la participaci\u00f3n de mujeres familiares de nuestro alumnado, qye han compartido su tiempo y su conocimiento realizando experimentos cient\u00edficos con los ni\u00f1os y ni\u00f1as.<\/p>\n<p>Ha sido una jornada muy espcial en la que el alumnado ha podido aprender, experimentar y descubrir la ciencia de la mano de mujeres, fomentandoo referentes femeninos y despertado vocaciones cient\u00edficas desde edades tempranas.<\/p>\n<p><img loading=\"lazy\" decoding=\"async\" class=\"alignnone size-full wp-image-1327\" src=\"https:\/\/blogsaverroes.juntadeandalucia.es\/ceiprufinoblanco\/files\/2026\/02\/WhatsApp-Image-2026-02-24-at-13.39.12-1.jpeg\" alt=\"\" width=\"1080\" height=\"1080\" srcset=\"https:\/\/blogsaverroes.juntadeandalucia.es\/ceiprufinoblanco\/files\/2026\/02\/WhatsApp-Image-2026-02-24-at-13.39.12-1.jpeg 1080w, https:\/\/blogsaverroes.juntadeandalucia.es\/ceiprufinoblanco\/files\/2026\/02\/WhatsApp-Image-2026-02-24-at-13.39.12-1-980x980.jpeg 980w, https:\/\/blogsaverroes.juntadeandalucia.es\/ceiprufinoblanco\/files\/2026\/02\/WhatsApp-Image-2026-02-24-at-13.39.12-1-480x480.jpeg 480w\" sizes=\"(min-width: 0px) and (max-width: 480px) 480px, (min-width: 481px) and (max-width: 980px) 980px, (min-width: 981px) 1080px, 100vw\" \/> <img loading=\"lazy\" decoding=\"async\" class=\"alignnone size-full wp-image-1328\" src=\"https:\/\/blogsaverroes.juntadeandalucia.es\/ceiprufinoblanco\/files\/2026\/02\/WhatsApp-Image-2026-02-24-at-13.39.12-2.jpeg\" alt=\"\" width=\"1080\" height=\"1080\" srcset=\"https:\/\/blogsaverroes.juntadeandalucia.es\/ceiprufinoblanco\/files\/2026\/02\/WhatsApp-Image-2026-02-24-at-13.39.12-2.jpeg 1080w, https:\/\/blogsaverroes.juntadeandalucia.es\/ceiprufinoblanco\/files\/2026\/02\/WhatsApp-Image-2026-02-24-at-13.39.12-2-980x980.jpeg 980w, https:\/\/blogsaverroes.juntadeandalucia.es\/ceiprufinoblanco\/files\/2026\/02\/WhatsApp-Image-2026-02-24-at-13.39.12-2-480x480.jpeg 480w\" sizes=\"(min-width: 0px) and (max-width: 480px) 480px, (min-width: 481px) and (max-width: 980px) 980px, (min-width: 981px) 1080px, 100vw\" \/> <img loading=\"lazy\" decoding=\"async\" class=\"alignnone size-full wp-image-1329\" src=\"https:\/\/blogsaverroes.juntadeandalucia.es\/ceiprufinoblanco\/files\/2026\/02\/WhatsApp-Image-2026-02-24-at-13.39.12-3.jpeg\" alt=\"\" width=\"1080\" height=\"1080\" srcset=\"https:\/\/blogsaverroes.juntadeandalucia.es\/ceiprufinoblanco\/files\/2026\/02\/WhatsApp-Image-2026-02-24-at-13.39.12-3.jpeg 1080w, https:\/\/blogsaverroes.juntadeandalucia.es\/ceiprufinoblanco\/files\/2026\/02\/WhatsApp-Image-2026-02-24-at-13.39.12-3-980x980.jpeg 980w, https:\/\/blogsaverroes.juntadeandalucia.es\/ceiprufinoblanco\/files\/2026\/02\/WhatsApp-Image-2026-02-24-at-13.39.12-3-480x480.jpeg 480w\" sizes=\"(min-width: 0px) and (max-width: 480px) 480px, (min-width: 481px) and (max-width: 980px) 980px, (min-width: 981px) 1080px, 100vw\" \/> <img loading=\"lazy\" decoding=\"async\" class=\"alignnone size-full wp-image-1330\" src=\"https:\/\/blogsaverroes.juntadeandalucia.es\/ceiprufinoblanco\/files\/2026\/02\/WhatsApp-Image-2026-02-24-at-13.39.12.jpeg\" alt=\"\" width=\"1080\" height=\"1080\" srcset=\"https:\/\/blogsaverroes.juntadeandalucia.es\/ceiprufinoblanco\/files\/2026\/02\/WhatsApp-Image-2026-02-24-at-13.39.12.jpeg 1080w, https:\/\/blogsaverroes.juntadeandalucia.es\/ceiprufinoblanco\/files\/2026\/02\/WhatsApp-Image-2026-02-24-at-13.39.12-980x980.jpeg 980w, https:\/\/blogsaverroes.juntadeandalucia.es\/ceiprufinoblanco\/files\/2026\/02\/WhatsApp-Image-2026-02-24-at-13.39.12-480x480.jpeg 480w\" sizes=\"(min-width: 0px) and (max-width: 480px) 480px, (min-width: 481px) and (max-width: 980px) 980px, (min-width: 981px) 1080px, 100vw\" \/> <img loading=\"lazy\" decoding=\"async\" class=\"alignnone size-full wp-image-1331\" src=\"https:\/\/blogsaverroes.juntadeandalucia.es\/ceiprufinoblanco\/files\/2026\/02\/WhatsApp-Image-2026-02-24-at-13.39.13-1.jpeg\" alt=\"\" width=\"1080\" height=\"1080\" srcset=\"https:\/\/blogsaverroes.juntadeandalucia.es\/ceiprufinoblanco\/files\/2026\/02\/WhatsApp-Image-2026-02-24-at-13.39.13-1.jpeg 1080w, https:\/\/blogsaverroes.juntadeandalucia.es\/ceiprufinoblanco\/files\/2026\/02\/WhatsApp-Image-2026-02-24-at-13.39.13-1-980x980.jpeg 980w, https:\/\/blogsaverroes.juntadeandalucia.es\/ceiprufinoblanco\/files\/2026\/02\/WhatsApp-Image-2026-02-24-at-13.39.13-1-480x480.jpeg 480w\" sizes=\"(min-width: 0px) and (max-width: 480px) 480px, (min-width: 481px) and (max-width: 980px) 980px, (min-width: 981px) 1080px, 100vw\" \/> <img loading=\"lazy\" decoding=\"async\" class=\"alignnone size-full wp-image-1332\" src=\"https:\/\/blogsaverroes.juntadeandalucia.es\/ceiprufinoblanco\/files\/2026\/02\/WhatsApp-Image-2026-02-24-at-13.39.13-2.jpeg\" alt=\"\" width=\"1080\" height=\"1080\" srcset=\"https:\/\/blogsaverroes.juntadeandalucia.es\/ceiprufinoblanco\/files\/2026\/02\/WhatsApp-Image-2026-02-24-at-13.39.13-2.jpeg 1080w, https:\/\/blogsaverroes.juntadeandalucia.es\/ceiprufinoblanco\/files\/2026\/02\/WhatsApp-Image-2026-02-24-at-13.39.13-2-980x980.jpeg 980w, https:\/\/blogsaverroes.juntadeandalucia.es\/ceiprufinoblanco\/files\/2026\/02\/WhatsApp-Image-2026-02-24-at-13.39.13-2-480x480.jpeg 480w\" sizes=\"(min-width: 0px) and (max-width: 480px) 480px, (min-width: 481px) and (max-width: 980px) 980px, (min-width: 981px) 1080px, 100vw\" \/> <img loading=\"lazy\" decoding=\"async\" class=\"alignnone size-full wp-image-1333\" src=\"https:\/\/blogsaverroes.juntadeandalucia.es\/ceiprufinoblanco\/files\/2026\/02\/WhatsApp-Image-2026-02-24-at-13.39.13-3.jpeg\" alt=\"\" width=\"1080\" height=\"1080\" srcset=\"https:\/\/blogsaverroes.juntadeandalucia.es\/ceiprufinoblanco\/files\/2026\/02\/WhatsApp-Image-2026-02-24-at-13.39.13-3.jpeg 1080w, https:\/\/blogsaverroes.juntadeandalucia.es\/ceiprufinoblanco\/files\/2026\/02\/WhatsApp-Image-2026-02-24-at-13.39.13-3-980x980.jpeg 980w, https:\/\/blogsaverroes.juntadeandalucia.es\/ceiprufinoblanco\/files\/2026\/02\/WhatsApp-Image-2026-02-24-at-13.39.13-3-480x480.jpeg 480w\" sizes=\"(min-width: 0px) and (max-width: 480px) 480px, (min-width: 481px) and (max-width: 980px) 980px, (min-width: 981px) 1080px, 100vw\" \/> <img loading=\"lazy\" decoding=\"async\" class=\"alignnone size-full wp-image-1334\" src=\"https:\/\/blogsaverroes.juntadeandalucia.es\/ceiprufinoblanco\/files\/2026\/02\/WhatsApp-Image-2026-02-24-at-13.39.13-4.jpeg\" alt=\"\" width=\"1080\" height=\"1080\" srcset=\"https:\/\/blogsaverroes.juntadeandalucia.es\/ceiprufinoblanco\/files\/2026\/02\/WhatsApp-Image-2026-02-24-at-13.39.13-4.jpeg 1080w, https:\/\/blogsaverroes.juntadeandalucia.es\/ceiprufinoblanco\/files\/2026\/02\/WhatsApp-Image-2026-02-24-at-13.39.13-4-980x980.jpeg 980w, https:\/\/blogsaverroes.juntadeandalucia.es\/ceiprufinoblanco\/files\/2026\/02\/WhatsApp-Image-2026-02-24-at-13.39.13-4-480x480.jpeg 480w\" sizes=\"(min-width: 0px) and (max-width: 480px) 480px, (min-width: 481px) and (max-width: 980px) 980px, (min-width: 981px) 1080px, 100vw\" \/> <img loading=\"lazy\" decoding=\"async\" class=\"alignnone size-full wp-image-1335\" src=\"https:\/\/blogsaverroes.juntadeandalucia.es\/ceiprufinoblanco\/files\/2026\/02\/WhatsApp-Image-2026-02-24-at-13.39.13.jpeg\" alt=\"\" width=\"1080\" height=\"1080\" srcset=\"https:\/\/blogsaverroes.juntadeandalucia.es\/ceiprufinoblanco\/files\/2026\/02\/WhatsApp-Image-2026-02-24-at-13.39.13.jpeg 1080w, https:\/\/blogsaverroes.juntadeandalucia.es\/ceiprufinoblanco\/files\/2026\/02\/WhatsApp-Image-2026-02-24-at-13.39.13-980x980.jpeg 980w, https:\/\/blogsaverroes.juntadeandalucia.es\/ceiprufinoblanco\/files\/2026\/02\/WhatsApp-Image-2026-02-24-at-13.39.13-480x480.jpeg 480w\" sizes=\"(min-width: 0px) and (max-width: 480px) 480px, (min-width: 481px) and (max-width: 980px) 980px, (min-width: 981px) 1080px, 100vw\" \/> <img loading=\"lazy\" decoding=\"async\" class=\"alignnone size-full wp-image-1336\" src=\"https:\/\/blogsaverroes.juntadeandalucia.es\/ceiprufinoblanco\/files\/2026\/02\/WhatsApp-Image-2026-02-24-at-13.39.14-1.jpeg\" alt=\"\" width=\"1080\" height=\"1080\" srcset=\"https:\/\/blogsaverroes.juntadeandalucia.es\/ceiprufinoblanco\/files\/2026\/02\/WhatsApp-Image-2026-02-24-at-13.39.14-1.jpeg 1080w, https:\/\/blogsaverroes.juntadeandalucia.es\/ceiprufinoblanco\/files\/2026\/02\/WhatsApp-Image-2026-02-24-at-13.39.14-1-980x980.jpeg 980w, https:\/\/blogsaverroes.juntadeandalucia.es\/ceiprufinoblanco\/files\/2026\/02\/WhatsApp-Image-2026-02-24-at-13.39.14-1-480x480.jpeg 480w\" sizes=\"(min-width: 0px) and (max-width: 480px) 480px, (min-width: 481px) and (max-width: 980px) 980px, (min-width: 981px) 1080px, 100vw\" \/> <img loading=\"lazy\" decoding=\"async\" class=\"alignnone size-full wp-image-1337\" src=\"https:\/\/blogsaverroes.juntadeandalucia.es\/ceiprufinoblanco\/files\/2026\/02\/WhatsApp-Image-2026-02-24-at-13.39.14-2.jpeg\" alt=\"\" width=\"1080\" height=\"1080\" srcset=\"https:\/\/blogsaverroes.juntadeandalucia.es\/ceiprufinoblanco\/files\/2026\/02\/WhatsApp-Image-2026-02-24-at-13.39.14-2.jpeg 1080w, https:\/\/blogsaverroes.juntadeandalucia.es\/ceiprufinoblanco\/files\/2026\/02\/WhatsApp-Image-2026-02-24-at-13.39.14-2-980x980.jpeg 980w, https:\/\/blogsaverroes.juntadeandalucia.es\/ceiprufinoblanco\/files\/2026\/02\/WhatsApp-Image-2026-02-24-at-13.39.14-2-480x480.jpeg 480w\" sizes=\"(min-width: 0px) and (max-width: 480px) 480px, (min-width: 481px) and (max-width: 980px) 980px, (min-width: 981px) 1080px, 100vw\" \/> <img loading=\"lazy\" decoding=\"async\" class=\"alignnone size-full wp-image-1338\" src=\"https:\/\/blogsaverroes.juntadeandalucia.es\/ceiprufinoblanco\/files\/2026\/02\/WhatsApp-Image-2026-02-24-at-13.39.14-3.jpeg\" alt=\"\" width=\"1080\" height=\"1080\" srcset=\"https:\/\/blogsaverroes.juntadeandalucia.es\/ceiprufinoblanco\/files\/2026\/02\/WhatsApp-Image-2026-02-24-at-13.39.14-3.jpeg 1080w, https:\/\/blogsaverroes.juntadeandalucia.es\/ceiprufinoblanco\/files\/2026\/02\/WhatsApp-Image-2026-02-24-at-13.39.14-3-980x980.jpeg 980w, https:\/\/blogsaverroes.juntadeandalucia.es\/ceiprufinoblanco\/files\/2026\/02\/WhatsApp-Image-2026-02-24-at-13.39.14-3-480x480.jpeg 480w\" sizes=\"(min-width: 0px) and (max-width: 480px) 480px, (min-width: 481px) and (max-width: 980px) 980px, (min-width: 981px) 1080px, 100vw\" \/> <img loading=\"lazy\" decoding=\"async\" class=\"alignnone size-full wp-image-1339\" src=\"https:\/\/blogsaverroes.juntadeandalucia.es\/ceiprufinoblanco\/files\/2026\/02\/WhatsApp-Image-2026-02-24-at-13.39.14-4.jpeg\" alt=\"\" width=\"1080\" height=\"1080\" srcset=\"https:\/\/blogsaverroes.juntadeandalucia.es\/ceiprufinoblanco\/files\/2026\/02\/WhatsApp-Image-2026-02-24-at-13.39.14-4.jpeg 1080w, https:\/\/blogsaverroes.juntadeandalucia.es\/ceiprufinoblanco\/files\/2026\/02\/WhatsApp-Image-2026-02-24-at-13.39.14-4-980x980.jpeg 980w, https:\/\/blogsaverroes.juntadeandalucia.es\/ceiprufinoblanco\/files\/2026\/02\/WhatsApp-Image-2026-02-24-at-13.39.14-4-480x480.jpeg 480w\" sizes=\"(min-width: 0px) and (max-width: 480px) 480px, (min-width: 481px) and (max-width: 980px) 980px, (min-width: 981px) 1080px, 100vw\" \/> <img loading=\"lazy\" decoding=\"async\" class=\"alignnone size-full wp-image-1340\" src=\"https:\/\/blogsaverroes.juntadeandalucia.es\/ceiprufinoblanco\/files\/2026\/02\/WhatsApp-Image-2026-02-24-at-13.39.14-5.jpeg\" alt=\"\" width=\"1080\" height=\"1080\" srcset=\"https:\/\/blogsaverroes.juntadeandalucia.es\/ceiprufinoblanco\/files\/2026\/02\/WhatsApp-Image-2026-02-24-at-13.39.14-5.jpeg 1080w, https:\/\/blogsaverroes.juntadeandalucia.es\/ceiprufinoblanco\/files\/2026\/02\/WhatsApp-Image-2026-02-24-at-13.39.14-5-980x980.jpeg 980w, https:\/\/blogsaverroes.juntadeandalucia.es\/ceiprufinoblanco\/files\/2026\/02\/WhatsApp-Image-2026-02-24-at-13.39.14-5-480x480.jpeg 480w\" sizes=\"(min-width: 0px) and (max-width: 480px) 480px, (min-width: 481px) and (max-width: 980px) 980px, (min-width: 981px) 1080px, 100vw\" \/> <img loading=\"lazy\" decoding=\"async\" class=\"alignnone size-full wp-image-1341\" src=\"https:\/\/blogsaverroes.juntadeandalucia.es\/ceiprufinoblanco\/files\/2026\/02\/WhatsApp-Image-2026-02-24-at-13.39.14.jpeg\" alt=\"\" width=\"1440\" height=\"1440\" srcset=\"https:\/\/blogsaverroes.juntadeandalucia.es\/ceiprufinoblanco\/files\/2026\/02\/WhatsApp-Image-2026-02-24-at-13.39.14.jpeg 1440w, https:\/\/blogsaverroes.juntadeandalucia.es\/ceiprufinoblanco\/files\/2026\/02\/WhatsApp-Image-2026-02-24-at-13.39.14-1280x1280.jpeg 1280w, https:\/\/blogsaverroes.juntadeandalucia.es\/ceiprufinoblanco\/files\/2026\/02\/WhatsApp-Image-2026-02-24-at-13.39.14-980x980.jpeg 980w, https:\/\/blogsaverroes.juntadeandalucia.es\/ceiprufinoblanco\/files\/2026\/02\/WhatsApp-Image-2026-02-24-at-13.39.14-480x480.jpeg 480w\" sizes=\"(min-width: 0px) and (max-width: 480px) 480px, (min-width: 481px) and (max-width: 980px) 980px, (min-width: 981px) and (max-width: 1280px) 1280px, (min-width: 1281px) 1440px, 100vw\" \/> <img loading=\"lazy\" decoding=\"async\" class=\"alignnone size-full wp-image-1342\" src=\"https:\/\/blogsaverroes.juntadeandalucia.es\/ceiprufinoblanco\/files\/2026\/02\/WhatsApp-Image-2026-02-24-at-13.39.15-1.jpeg\" alt=\"\" width=\"1080\" height=\"1080\" srcset=\"https:\/\/blogsaverroes.juntadeandalucia.es\/ceiprufinoblanco\/files\/2026\/02\/WhatsApp-Image-2026-02-24-at-13.39.15-1.jpeg 1080w, https:\/\/blogsaverroes.juntadeandalucia.es\/ceiprufinoblanco\/files\/2026\/02\/WhatsApp-Image-2026-02-24-at-13.39.15-1-980x980.jpeg 980w, https:\/\/blogsaverroes.juntadeandalucia.es\/ceiprufinoblanco\/files\/2026\/02\/WhatsApp-Image-2026-02-24-at-13.39.15-1-480x480.jpeg 480w\" sizes=\"(min-width: 0px) and (max-width: 480px) 480px, (min-width: 481px) and (max-width: 980px) 980px, (min-width: 981px) 1080px, 100vw\" \/> <img loading=\"lazy\" decoding=\"async\" class=\"alignnone size-full wp-image-1344\" src=\"https:\/\/blogsaverroes.juntadeandalucia.es\/ceiprufinoblanco\/files\/2026\/02\/WhatsApp-Image-2026-02-24-at-13.39.15.jpeg\" alt=\"\" width=\"1080\" height=\"1080\" srcset=\"https:\/\/blogsaverroes.juntadeandalucia.es\/ceiprufinoblanco\/files\/2026\/02\/WhatsApp-Image-2026-02-24-at-13.39.15.jpeg 1080w, https:\/\/blogsaverroes.juntadeandalucia.es\/ceiprufinoblanco\/files\/2026\/02\/WhatsApp-Image-2026-02-24-at-13.39.15-980x980.jpeg 980w, https:\/\/blogsaverroes.juntadeandalucia.es\/ceiprufinoblanco\/files\/2026\/02\/WhatsApp-Image-2026-02-24-at-13.39.15-480x480.jpeg 480w\" sizes=\"(min-width: 0px) and (max-width: 480px) 480px, (min-width: 481px) and (max-width: 980px) 980px, (min-width: 981px) 1080px, 100vw\" \/><\/p>\n<p>&nbsp;<\/p>\n<p><!--more--><\/p>\n","protected":false},"excerpt":{"rendered":"<p>CURSO 25\/26 En nuestro colegio creemos en el respeto, la igualdad y la convivencia como base de una comunidad segura para todas y todos. Hoy levantamos la voz para decir NO a cualquier forma de violencia y S\u00cd a una cultura de cuidado, empat\u00eda y buen trato. Educar en igualdad es sembrar un futuro donde [&hellip;]<\/p>\n","protected":false},"author":8185,"featured_media":0,"parent":0,"menu_order":0,"comment_status":"closed","ping_status":"closed","template":"","meta":{"_et_pb_use_builder":"off","_et_pb_old_content":"<p><img class=\"alignnone size-full wp-image-1138\" src=\"https:\/\/blogsaverroes.juntadeandalucia.es\/ceiprufinoblanco\/files\/2025\/11\/logo_ministerio_igualdad-300x95-1.png\" alt=\"\" width=\"300\" height=\"95\"> <img class=\"alignnone wp-image-1136\" src=\"https:\/\/blogsaverroes.juntadeandalucia.es\/ceiprufinoblanco\/files\/2025\/11\/logo_pacto_estado-300x240-1.png\" alt=\"\" width=\"239\" height=\"191\"><img class=\"alignnone wp-image-1139\" src=\"https:\/\/blogsaverroes.juntadeandalucia.es\/ceiprufinoblanco\/files\/2025\/11\/logo_junta_andalucia-300x192-1.png\" alt=\"\" width=\"215\" height=\"138\"><\/p><p>\u00a0<\/p><p><iframe src=\"https:\/\/drive.google.com\/file\/d\/19grv9w3Tt4ofsGR3qw4TRSVA-0e-66_V\/preview\" width=\"640\" height=\"480\"><\/iframe><\/p><p><img class=\"alignnone size-medium wp-image-1147\" src=\"https:\/\/blogsaverroes.juntadeandalucia.es\/ceiprufinoblanco\/files\/2025\/11\/IMG20250211125052-300x225.jpg\" alt=\"\" width=\"300\" height=\"225\"> <img class=\"alignnone size-medium wp-image-1148\" src=\"https:\/\/blogsaverroes.juntadeandalucia.es\/ceiprufinoblanco\/files\/2025\/11\/IMG20250217131338-300x225.jpg\" alt=\"\" width=\"300\" height=\"225\"> <img class=\"alignnone size-medium wp-image-1146\" src=\"https:\/\/blogsaverroes.juntadeandalucia.es\/ceiprufinoblanco\/files\/2025\/11\/IMG20250211125050-300x225.jpg\" alt=\"\" width=\"300\" height=\"225\"> <img class=\"alignnone size-medium wp-image-1145\" src=\"https:\/\/blogsaverroes.juntadeandalucia.es\/ceiprufinoblanco\/files\/2025\/11\/1739812846917-e1763496127143-300x135.jpg\" alt=\"\" width=\"300\" height=\"135\"><\/p>[caption id=\"attachment_1151\" align=\"alignnone\" width=\"300\"]<img class=\"size-medium wp-image-1151\" src=\"https:\/\/blogsaverroes.juntadeandalucia.es\/ceiprufinoblanco\/files\/2025\/11\/WhatsApp-Image-2025-11-19-at-10.47.41-300x225.jpeg\" alt=\"Rinci\u00f3n Violeta en nuestra biblioteca del centro\" width=\"300\" height=\"225\"> Rinci\u00f3n Violeta en nuestra biblioteca del centro<img class=\"alignnone wp-image-1258\" src=\"https:\/\/blogsaverroes.juntadeandalucia.es\/ceiprufinoblanco\/files\/2026\/02\/WhatsApp-Image-2026-02-03-at-13.22.00-300x225.jpeg\" alt=\"\" width=\"296\" height=\"222\">[\/caption]","_et_gb_content_width":"","ngg_post_thumbnail":0,"footnotes":""},"aioseo_notices":[],"_links":{"self":[{"href":"https:\/\/blogsaverroes.juntadeandalucia.es\/ceiprufinoblanco\/wp-json\/wp\/v2\/pages\/1019"}],"collection":[{"href":"https:\/\/blogsaverroes.juntadeandalucia.es\/ceiprufinoblanco\/wp-json\/wp\/v2\/pages"}],"about":[{"href":"https:\/\/blogsaverroes.juntadeandalucia.es\/ceiprufinoblanco\/wp-json\/wp\/v2\/types\/page"}],"author":[{"embeddable":true,"href":"https:\/\/blogsaverroes.juntadeandalucia.es\/ceiprufinoblanco\/wp-json\/wp\/v2\/users\/8185"}],"replies":[{"embeddable":true,"href":"https:\/\/blogsaverroes.juntadeandalucia.es\/ceiprufinoblanco\/wp-json\/wp\/v2\/comments?post=1019"}],"version-history":[{"count":13,"href":"https:\/\/blogsaverroes.juntadeandalucia.es\/ceiprufinoblanco\/wp-json\/wp\/v2\/pages\/1019\/revisions"}],"predecessor-version":[{"id":1345,"href":"https:\/\/blogsaverroes.juntadeandalucia.es\/ceiprufinoblanco\/wp-json\/wp\/v2\/pages\/1019\/revisions\/1345"}],"wp:attachment":[{"href":"https:\/\/blogsaverroes.juntadeandalucia.es\/ceiprufinoblanco\/wp-json\/wp\/v2\/media?parent=1019"}],"curies":[{"name":"wp","href":"https:\/\/api.w.org\/{rel}","templated":true}]}}