{"id":1153,"date":"2025-11-19T10:55:24","date_gmt":"2025-11-19T09:55:24","guid":{"rendered":"https:\/\/blogsaverroes.juntadeandalucia.es\/ceiprufinoblanco\/?page_id=1153"},"modified":"2026-02-24T13:25:16","modified_gmt":"2026-02-24T12:25:16","slug":"erasmus","status":"publish","type":"page","link":"https:\/\/blogsaverroes.juntadeandalucia.es\/ceiprufinoblanco\/erasmus\/","title":{"rendered":"ERASMUS+"},"content":{"rendered":"<p data-start=\"255\" data-end=\"564\">Hoy queremos presentar al<strong> Equipo Erasmus<\/strong> de nuestro centro. Detr\u00e1s de cada movilidad hay horas de planificaci\u00f3n, coordinaci\u00f3n y mucho compromiso. Estamos trabajando con ilusi\u00f3n y responsabilidad para qeu todas las movilidades se puedan llevar a cabo conn \u00e9xito y que nuestro proeyecto Erasmus sea una experiencia enriquecedora para toda la comunidad educativa. Seguimos construyendo oportunidades, abriendo puertas a Europa y apostando por el crecimiento personal y profesional de nustro alumnado y profesorado.<\/p>\n<p data-start=\"255\" data-end=\"564\"><img loading=\"lazy\" decoding=\"async\" class=\"alignnone size-full wp-image-1323\" src=\"https:\/\/blogsaverroes.juntadeandalucia.es\/ceiprufinoblanco\/files\/2026\/02\/equipo-ERASMUS.jpeg\" alt=\"\" width=\"1080\" height=\"656\" srcset=\"https:\/\/blogsaverroes.juntadeandalucia.es\/ceiprufinoblanco\/files\/2026\/02\/equipo-ERASMUS.jpeg 1080w, https:\/\/blogsaverroes.juntadeandalucia.es\/ceiprufinoblanco\/files\/2026\/02\/equipo-ERASMUS-980x595.jpeg 980w, https:\/\/blogsaverroes.juntadeandalucia.es\/ceiprufinoblanco\/files\/2026\/02\/equipo-ERASMUS-480x292.jpeg 480w\" sizes=\"(min-width: 0px) and (max-width: 480px) 480px, (min-width: 481px) and (max-width: 980px) 980px, (min-width: 981px) 1080px, 100vw\" \/><\/p>\n<p data-start=\"255\" data-end=\"564\">&nbsp;<\/p>\n<p data-start=\"255\" data-end=\"564\">El pasado <strong data-start=\"265\" data-end=\"276\">viernes<\/strong>, con motivo de la conmemoraci\u00f3n del <strong data-start=\"313\" data-end=\"339\">D\u00eda de la Constituci\u00f3n<\/strong>, el alumnado de <strong data-start=\"356\" data-end=\"384\">Infantil, Primaria y 1\u00ba y 2\u00ba ESO<\/strong> particip\u00f3 en una actividad muy especial.<\/p>\n<p data-start=\"255\" data-end=\"564\">Como sab\u00e9is, nuestro colegio forma parte de un <strong data-start=\"475\" data-end=\"495\">proyecto Erasmus<\/strong>, y este curso necesit\u00e1bamos elegir el <strong data-start=\"534\" data-end=\"542\">logo<\/strong> que nos representar\u00e1, dibujados por el propio alumnado.<\/p>\n<p data-start=\"566\" data-end=\"910\">Para ello, todos los estudiantes pudieron vivir una <strong data-start=\"618\" data-end=\"646\">simulaci\u00f3n de elecciones<\/strong>, en la que cada uno emiti\u00f3 su voto utilizando su <strong data-start=\"696\" data-end=\"717\">carn\u00e9 de la biblioteca<\/strong>&nbsp;como identificaci\u00f3n. La actividad result\u00f3 muy enriquecedora, ya que permiti\u00f3 trabajar valores democr\u00e1ticos como la participaci\u00f3n, la responsabilidad y el respeto por las decisiones colectivas.<\/p>\n<p data-start=\"912\" data-end=\"1082\">La jornada se desarroll\u00f3 con entusiasmo y un gran ambiente de colaboraci\u00f3n. \u00a1Muchas gracias a todo el alumnado y profesorado por hacer posible esta experiencia educativa!<\/p>\n<p data-start=\"912\" data-end=\"1082\"><img loading=\"lazy\" decoding=\"async\" class=\"alignnone size-medium wp-image-1244\" src=\"https:\/\/blogsaverroes.juntadeandalucia.es\/ceiprufinoblanco\/files\/2025\/12\/20251205_094627-225x300.jpg\" alt=\"\" width=\"225\" height=\"300\"><\/p>\n<p data-start=\"912\" data-end=\"1082\"><img loading=\"lazy\" decoding=\"async\" class=\"alignnone size-medium wp-image-1245\" src=\"https:\/\/blogsaverroes.juntadeandalucia.es\/ceiprufinoblanco\/files\/2025\/12\/20251205_092911-225x300.jpg\" alt=\"\" width=\"225\" height=\"300\"><\/p>\n<p data-start=\"912\" data-end=\"1082\"><img loading=\"lazy\" decoding=\"async\" class=\"alignnone size-medium wp-image-1246\" src=\"https:\/\/blogsaverroes.juntadeandalucia.es\/ceiprufinoblanco\/files\/2025\/12\/20251205_100611-225x300.jpg\" alt=\"\" width=\"225\" height=\"300\"><\/p>\n<p data-start=\"912\" data-end=\"1082\"><img loading=\"lazy\" decoding=\"async\" class=\"alignnone size-medium wp-image-1243\" src=\"https:\/\/blogsaverroes.juntadeandalucia.es\/ceiprufinoblanco\/files\/2025\/12\/20251205_092936-300x225.jpg\" alt=\"\" width=\"300\" height=\"225\"><\/p>\n<p data-start=\"912\" data-end=\"1082\">&nbsp;<img loading=\"lazy\" decoding=\"async\" class=\"alignnone size-medium wp-image-1250\" src=\"https:\/\/blogsaverroes.juntadeandalucia.es\/ceiprufinoblanco\/files\/2025\/12\/IMG-20251205-WA0135-225x300.jpg\" alt=\"\" width=\"225\" height=\"300\"><\/p>\n<p data-start=\"912\" data-end=\"1082\"><img loading=\"lazy\" decoding=\"async\" class=\"alignnone size-medium wp-image-1251\" src=\"https:\/\/blogsaverroes.juntadeandalucia.es\/ceiprufinoblanco\/files\/2025\/12\/IMG-20251205-WA0138-225x300.jpg\" alt=\"\" width=\"225\" height=\"300\"><\/p>\n<p data-start=\"912\" data-end=\"1082\"><img loading=\"lazy\" decoding=\"async\" class=\"alignnone size-medium wp-image-1252\" src=\"https:\/\/blogsaverroes.juntadeandalucia.es\/ceiprufinoblanco\/files\/2025\/12\/IMG-20251205-WA0128-225x300.jpg\" alt=\"\" width=\"225\" height=\"300\"><\/p>\n<p data-start=\"912\" data-end=\"1082\"><img loading=\"lazy\" decoding=\"async\" class=\"alignnone size-medium wp-image-1253\" src=\"https:\/\/blogsaverroes.juntadeandalucia.es\/ceiprufinoblanco\/files\/2025\/12\/IMG-20251205-WA0012-169x300.jpg\" alt=\"\" width=\"169\" height=\"300\"><\/p>\n<p data-start=\"912\" data-end=\"1082\">&nbsp;<\/p>\n<h3 data-start=\"110\" data-end=\"192\">\ud83c\udf84<span style=\"font-family: 'comic sans ms', sans-serif;font-size: 12pt\"> Nos hace mucha ilusi\u00f3n compartir con vosotros que <strong data-start=\"264\" data-end=\"350\">nuestro colegio ha comenzado oficialmente su participaci\u00f3n en el proyecto Erasmus+<\/strong>, una iniciativa que nos permitir\u00e1 vivir experiencias enriquecedoras junto a centros escolares de otros pa\u00edses europeos.<\/span><\/h3>\n<h3 data-start=\"472\" data-end=\"769\"><span style=\"font-size: 12pt;font-family: 'comic sans ms', sans-serif\">&nbsp; &nbsp; &nbsp; &nbsp;Para inaugurar esta aventura, hemos iniciado una actividad muy bonita: <strong data-start=\"543\" data-end=\"583\">el intercambio de tarjetas navide\u00f1as<\/strong>. Nuestros alumnos del primer ciclo han preparado con mucha dedicaci\u00f3n sus felicitaciones, que han viajado hasta Italia, \u00a1y ya est\u00e1n en sus manos!<\/span><\/h3>\n<h3 data-start=\"771\" data-end=\"1060\"><span style=\"font-size: 12pt;font-family: 'comic sans ms', sans-serif\">&nbsp; &nbsp; &nbsp; &nbsp; &nbsp;Este intercambio no solo nos acerca a otras culturas, sino que tambi\u00e9n fomenta valores como la creatividad, la comunicaci\u00f3n, la amistad y el respeto. Los ni\u00f1os est\u00e1n muy emocionados con esta primera toma de contacto, y es solo el comienzo de todo lo que viviremos a lo largo del proyecto.<\/span><\/h3>\n<h3 data-start=\"1062\" data-end=\"1155\"><span style=\"font-size: 12pt;font-family: 'comic sans ms', sans-serif\">&nbsp; &nbsp; &nbsp; Seguiremos compartiendo con vosotros cada paso de esta experiencia europea tan enriquecedora.<\/span><\/h3>\n<p><img loading=\"lazy\" decoding=\"async\" class=\"alignnone size-medium wp-image-1228\" src=\"https:\/\/blogsaverroes.juntadeandalucia.es\/ceiprufinoblanco\/files\/2025\/12\/IMG-20251202-WA0049-300x135.jpg\" alt=\"\" width=\"300\" height=\"135\"> <img loading=\"lazy\" decoding=\"async\" class=\"alignnone size-medium wp-image-1229\" src=\"https:\/\/blogsaverroes.juntadeandalucia.es\/ceiprufinoblanco\/files\/2025\/12\/IMG-20251202-WA0048-300x135.jpg\" alt=\"\" width=\"300\" height=\"135\"> <img loading=\"lazy\" decoding=\"async\" class=\"alignnone size-medium wp-image-1230\" src=\"https:\/\/blogsaverroes.juntadeandalucia.es\/ceiprufinoblanco\/files\/2025\/12\/IMG-20251202-WA0047-300x135.jpg\" alt=\"\" width=\"300\" height=\"135\"> <img loading=\"lazy\" decoding=\"async\" class=\"alignnone size-medium wp-image-1231\" src=\"https:\/\/blogsaverroes.juntadeandalucia.es\/ceiprufinoblanco\/files\/2025\/12\/20251105_1121310-225x300.jpg\" alt=\"\" width=\"225\" height=\"300\"> <img loading=\"lazy\" decoding=\"async\" class=\"alignnone size-medium wp-image-1232\" src=\"https:\/\/blogsaverroes.juntadeandalucia.es\/ceiprufinoblanco\/files\/2025\/12\/20251106_093903-225x300.jpg\" alt=\"\" width=\"225\" height=\"300\"> <img loading=\"lazy\" decoding=\"async\" class=\"alignnone size-medium wp-image-1233\" src=\"https:\/\/blogsaverroes.juntadeandalucia.es\/ceiprufinoblanco\/files\/2025\/12\/20251106_100330-225x300.jpg\" alt=\"\" width=\"225\" height=\"300\"> <img loading=\"lazy\" decoding=\"async\" class=\"alignnone size-medium wp-image-1234\" src=\"https:\/\/blogsaverroes.juntadeandalucia.es\/ceiprufinoblanco\/files\/2025\/12\/20251111_130855-225x300.jpg\" alt=\"\" width=\"225\" height=\"300\"> <img loading=\"lazy\" decoding=\"async\" class=\"alignnone size-medium wp-image-1235\" src=\"https:\/\/blogsaverroes.juntadeandalucia.es\/ceiprufinoblanco\/files\/2025\/12\/20251111_130909-225x300.jpg\" alt=\"\" width=\"225\" height=\"300\"> <img loading=\"lazy\" decoding=\"async\" class=\"alignnone size-medium wp-image-1236\" src=\"https:\/\/blogsaverroes.juntadeandalucia.es\/ceiprufinoblanco\/files\/2025\/12\/20251111_130922-225x300.jpg\" alt=\"\" width=\"225\" height=\"300\"><\/p>\n<p><img loading=\"lazy\" decoding=\"async\" class=\"alignnone size-medium wp-image-1237\" src=\"https:\/\/blogsaverroes.juntadeandalucia.es\/ceiprufinoblanco\/files\/2025\/12\/20251114_103739-300x225.jpg\" alt=\"\" width=\"300\" height=\"225\"><\/p>\n<p>&nbsp;<\/p>\n<p>&nbsp;<\/p>\n<p>&nbsp;<\/p>\n","protected":false},"excerpt":{"rendered":"<p>Hoy queremos presentar al Equipo Erasmus de nuestro centro. Detr\u00e1s de cada movilidad hay horas de planificaci\u00f3n, coordinaci\u00f3n y mucho compromiso. Estamos trabajando con ilusi\u00f3n y responsabilidad para qeu todas las movilidades se puedan llevar a cabo conn \u00e9xito y que nuestro proeyecto Erasmus sea una experiencia enriquecedora para toda la comunidad educativa. Seguimos construyendo [&hellip;]<\/p>\n","protected":false},"author":8185,"featured_media":1230,"parent":0,"menu_order":0,"comment_status":"closed","ping_status":"closed","template":"","meta":{"_et_pb_use_builder":"off","_et_pb_old_content":"","_et_gb_content_width":"","ngg_post_thumbnail":0,"footnotes":""},"aioseo_notices":[],"_links":{"self":[{"href":"https:\/\/blogsaverroes.juntadeandalucia.es\/ceiprufinoblanco\/wp-json\/wp\/v2\/pages\/1153"}],"collection":[{"href":"https:\/\/blogsaverroes.juntadeandalucia.es\/ceiprufinoblanco\/wp-json\/wp\/v2\/pages"}],"about":[{"href":"https:\/\/blogsaverroes.juntadeandalucia.es\/ceiprufinoblanco\/wp-json\/wp\/v2\/types\/page"}],"author":[{"embeddable":true,"href":"https:\/\/blogsaverroes.juntadeandalucia.es\/ceiprufinoblanco\/wp-json\/wp\/v2\/users\/8185"}],"replies":[{"embeddable":true,"href":"https:\/\/blogsaverroes.juntadeandalucia.es\/ceiprufinoblanco\/wp-json\/wp\/v2\/comments?post=1153"}],"version-history":[{"count":8,"href":"https:\/\/blogsaverroes.juntadeandalucia.es\/ceiprufinoblanco\/wp-json\/wp\/v2\/pages\/1153\/revisions"}],"predecessor-version":[{"id":1324,"href":"https:\/\/blogsaverroes.juntadeandalucia.es\/ceiprufinoblanco\/wp-json\/wp\/v2\/pages\/1153\/revisions\/1324"}],"wp:featuredmedia":[{"embeddable":true,"href":"https:\/\/blogsaverroes.juntadeandalucia.es\/ceiprufinoblanco\/wp-json\/wp\/v2\/media\/1230"}],"wp:attachment":[{"href":"https:\/\/blogsaverroes.juntadeandalucia.es\/ceiprufinoblanco\/wp-json\/wp\/v2\/media?parent=1153"}],"curies":[{"name":"wp","href":"https:\/\/api.w.org\/{rel}","templated":true}]}}