{"id":850,"date":"2020-12-18T08:41:27","date_gmt":"2020-12-18T07:41:27","guid":{"rendered":"https:\/\/blogsaverroes.juntadeandalucia.es\/pre\/plantilla-pencil\/?page_id=850"},"modified":"2025-11-19T11:00:02","modified_gmt":"2025-11-19T10:00:02","slug":"planes-y-proyectos","status":"publish","type":"page","link":"https:\/\/blogsaverroes.juntadeandalucia.es\/ceiprufinoblanco\/planes-y-proyectos\/","title":{"rendered":"Planes y programas educativos"},"content":{"rendered":"<p>En nuestro centro se desarrollan un serie de planes y proyectos con el objetivo de enriquecer el proceso de ense\u00f1anza-aprendizaje del alumnado. Estos planes y proyectos son los siguientes:<\/p>\n<p>Escuela: Espacio de Paz<\/p>\n<p>Plan de igualdad de g\u00e9nero en educaci\u00f3n<\/p>\n<p>Transformaci\u00f3n Digital Educativa<\/p>\n<p>Organizaci\u00f3n y Funcionamiento de las Bibliotecas Escolares<\/p>\n<p>Plan de Salud Laboral y Programa de riesgos laboral<\/p>\n<p>Plan de Apoyo y Refuerzo<\/p>\n<p>Programa M\u00e1s Deporte<\/p>\n<p>Programa de Refuerzo de la Lengua Extranjera.<\/p>\n","protected":false},"excerpt":{"rendered":"<p>En nuestro centro se desarrollan un serie de planes y proyectos con el objetivo de enriquecer el proceso de ense\u00f1anza-aprendizaje del alumnado. Estos planes y proyectos son los siguientes: Escuela: Espacio de Paz Plan de igualdad de g\u00e9nero en educaci\u00f3n Transformaci\u00f3n Digital Educativa Organizaci\u00f3n y Funcionamiento de las Bibliotecas Escolares Plan de Salud Laboral y [&hellip;]<\/p>\n","protected":false},"author":8185,"featured_media":0,"parent":0,"menu_order":0,"comment_status":"closed","ping_status":"closed","template":"","meta":{"_et_pb_use_builder":"off","_et_pb_old_content":"","_et_gb_content_width":"","ngg_post_thumbnail":0,"footnotes":""},"aioseo_notices":[],"_links":{"self":[{"href":"https:\/\/blogsaverroes.juntadeandalucia.es\/ceiprufinoblanco\/wp-json\/wp\/v2\/pages\/850"}],"collection":[{"href":"https:\/\/blogsaverroes.juntadeandalucia.es\/ceiprufinoblanco\/wp-json\/wp\/v2\/pages"}],"about":[{"href":"https:\/\/blogsaverroes.juntadeandalucia.es\/ceiprufinoblanco\/wp-json\/wp\/v2\/types\/page"}],"author":[{"embeddable":true,"href":"https:\/\/blogsaverroes.juntadeandalucia.es\/ceiprufinoblanco\/wp-json\/wp\/v2\/users\/8185"}],"replies":[{"embeddable":true,"href":"https:\/\/blogsaverroes.juntadeandalucia.es\/ceiprufinoblanco\/wp-json\/wp\/v2\/comments?post=850"}],"version-history":[{"count":6,"href":"https:\/\/blogsaverroes.juntadeandalucia.es\/ceiprufinoblanco\/wp-json\/wp\/v2\/pages\/850\/revisions"}],"predecessor-version":[{"id":1155,"href":"https:\/\/blogsaverroes.juntadeandalucia.es\/ceiprufinoblanco\/wp-json\/wp\/v2\/pages\/850\/revisions\/1155"}],"wp:attachment":[{"href":"https:\/\/blogsaverroes.juntadeandalucia.es\/ceiprufinoblanco\/wp-json\/wp\/v2\/media?parent=850"}],"curies":[{"name":"wp","href":"https:\/\/api.w.org\/{rel}","templated":true}]}}