{"id":35,"date":"2015-03-13T08:21:43","date_gmt":"2015-03-13T08:21:43","guid":{"rendered":"http:\/\/blogsaverroes.juntadeandalucia.es\/pre\/ceip\/?page_id=35"},"modified":"2023-10-31T13:31:23","modified_gmt":"2023-10-31T12:31:23","slug":"el-centro-2","status":"publish","type":"page","link":"https:\/\/blogsaverroes.juntadeandalucia.es\/ceipsaintsylvaindanjou\/el-centro-2\/","title":{"rendered":"Datos del centro"},"content":{"rendered":"<h2>&nbsp;<br \/>\n<iframe loading=\"lazy\" src=\"https:\/\/www.google.com\/maps\/embed?pb=!1m18!1m12!1m3!1d3194.674202691414!2d-2.6252049882919315!3d36.80236107213068!2m3!1f0!2f0!3f0!3m2!1i1024!2i768!4f13.1!3m3!1m2!1s0xd706e2967215c97%3A0xe7d81ed44c41e620!2sCEIP%20Saint%20Sylvain%20d%E2%80%99Anjou!5e0!3m2!1ses!2ses!4v1698753481349!5m2!1ses!2ses\" width=\"600\" height=\"450\"><\/iframe><\/h2>\n<h2 style=\"text-align: center\"><strong>C.E.I.P. SAINT SYLVAIN D&#8217;ANJOU<\/strong><\/h2>\n<p><strong>Direcci\u00f3n:<\/strong>&nbsp; Avenida Pintor Gin\u00e9s Parra 0. 04738. Gangosa (La) V\u00edcar. Almer\u00eda<\/p>\n<p><strong>Tel\u00e9fono \/ FAX:&nbsp; <\/strong>950156843<br \/>\n<strong>Email:<\/strong> 04006161.edu@juntadeandalucia.es<\/p>\n<h4><strong>Horarios<\/strong><\/h4>\n<p>Horario de Aula Matinal: 7:30 a 9:00<\/p>\n<p>Horario de entrada regular al centro educativo: 9:00 horas.<\/p>\n<p>Horario de salida regular del centro educativo: 14:00 horas.<\/p>\n<p>Horario de Comedor Escolar: 14:00 a 16:00<\/p>\n<p>D\u00eda y horario de actividades extraescolares: De lunes a jueves, de 16:00 a 18:00<\/p>\n<h4><strong>Oferta educativa<\/strong><\/h4>\n<p>&nbsp; &nbsp;En la provincia de Almer\u00eda, contamos con dos centros Pluriling\u00fces con la <strong>Lengua Francesa<\/strong> somo <strong>primera lengua extranjera<\/strong>.&nbsp;<\/p>\n<p>&nbsp; &nbsp;Nuestro centro educativo, es uno de ellos.<\/p>\n<p>&nbsp; &nbsp;Tanto la Lengua Francesa como la <strong>Innovaci\u00f3n Educativa<\/strong> a trav\u00e9s del <strong>Aula del Futuro<\/strong> as\u00ed como aplicaci\u00f3n de metodolog\u00edas innovadoras y motivantes rigen la acci\u00f3n educativa del centro en un af\u00e1n de mejora continua, todo enfocado hacia la plena competencia de nuestro alumnado.&nbsp;<\/p>\n<p>&nbsp; &nbsp;Por otro lado, el horario regular para alumnos de educaci\u00f3n infantil en su segundo ciclo de la etapa como la educaci\u00f3n primaria se ven completadas por el <strong>Plan de Apertura de Centros<\/strong> donde se subordinan tanto Aula Matinal como Comedor Escolar.&nbsp;<\/p>\n<p>&nbsp; &nbsp;Las A<strong>ctividades Extraescolares<\/strong> se viven de manera activa dependiendo de las necesidades e inquietudes de nuestro alumnado.&nbsp;<\/p>\n<p>&nbsp;<\/p>\n","protected":false},"excerpt":{"rendered":"<p>&nbsp; C.E.I.P. SAINT SYLVAIN D&#8217;ANJOU Direcci\u00f3n:&nbsp; Avenida Pintor Gin\u00e9s Parra 0. 04738. Gangosa (La) V\u00edcar. Almer\u00eda Tel\u00e9fono \/ FAX:&nbsp; 950156843 Email: 04006161.edu@juntadeandalucia.es Horarios Horario de&hellip;<\/p>\n","protected":false},"author":1,"featured_media":0,"parent":0,"menu_order":0,"comment_status":"closed","ping_status":"open","template":"","meta":{"ngg_post_thumbnail":0,"footnotes":"","_mc_calendar":[]},"aioseo_notices":[],"_links":{"self":[{"href":"https:\/\/blogsaverroes.juntadeandalucia.es\/ceipsaintsylvaindanjou\/wp-json\/wp\/v2\/pages\/35"}],"collection":[{"href":"https:\/\/blogsaverroes.juntadeandalucia.es\/ceipsaintsylvaindanjou\/wp-json\/wp\/v2\/pages"}],"about":[{"href":"https:\/\/blogsaverroes.juntadeandalucia.es\/ceipsaintsylvaindanjou\/wp-json\/wp\/v2\/types\/page"}],"author":[{"embeddable":true,"href":"https:\/\/blogsaverroes.juntadeandalucia.es\/ceipsaintsylvaindanjou\/wp-json\/wp\/v2\/users\/1"}],"replies":[{"embeddable":true,"href":"https:\/\/blogsaverroes.juntadeandalucia.es\/ceipsaintsylvaindanjou\/wp-json\/wp\/v2\/comments?post=35"}],"version-history":[{"count":27,"href":"https:\/\/blogsaverroes.juntadeandalucia.es\/ceipsaintsylvaindanjou\/wp-json\/wp\/v2\/pages\/35\/revisions"}],"predecessor-version":[{"id":2296,"href":"https:\/\/blogsaverroes.juntadeandalucia.es\/ceipsaintsylvaindanjou\/wp-json\/wp\/v2\/pages\/35\/revisions\/2296"}],"wp:attachment":[{"href":"https:\/\/blogsaverroes.juntadeandalucia.es\/ceipsaintsylvaindanjou\/wp-json\/wp\/v2\/media?parent=35"}],"curies":[{"name":"wp","href":"https:\/\/api.w.org\/{rel}","templated":true}]}}