{"id":99,"date":"2015-03-16T07:22:54","date_gmt":"2015-03-16T07:22:54","guid":{"rendered":"http:\/\/blogsaverroes.juntadeandalucia.es\/pre\/ceip\/?page_id=99"},"modified":"2023-11-09T13:33:20","modified_gmt":"2023-11-09T12:33:20","slug":"comedor-escolar","status":"publish","type":"page","link":"https:\/\/blogsaverroes.juntadeandalucia.es\/ceipsaintsylvaindanjou\/comedor-escolar\/","title":{"rendered":"Comedor escolar"},"content":{"rendered":"<h4><a href=\"https:\/\/blogsaverroes.juntadeandalucia.es\/ceipsaintsylvaindanjou\/files\/2023\/11\/IMG_2166-scaled.jpeg\"><img loading=\"lazy\" decoding=\"async\" class=\"alignnone size-full wp-image-2374\" src=\"https:\/\/blogsaverroes.juntadeandalucia.es\/ceipsaintsylvaindanjou\/files\/2023\/11\/IMG_2166-scaled.jpeg\" alt=\"\" width=\"1600\" height=\"1200\" srcset=\"https:\/\/blogsaverroes.juntadeandalucia.es\/ceipsaintsylvaindanjou\/files\/2023\/11\/IMG_2166-scaled.jpeg 1600w, https:\/\/blogsaverroes.juntadeandalucia.es\/ceipsaintsylvaindanjou\/files\/2023\/11\/IMG_2166-300x225.jpeg 300w, https:\/\/blogsaverroes.juntadeandalucia.es\/ceipsaintsylvaindanjou\/files\/2023\/11\/IMG_2166-1024x768.jpeg 1024w, https:\/\/blogsaverroes.juntadeandalucia.es\/ceipsaintsylvaindanjou\/files\/2023\/11\/IMG_2166-768x576.jpeg 768w, https:\/\/blogsaverroes.juntadeandalucia.es\/ceipsaintsylvaindanjou\/files\/2023\/11\/IMG_2166-1536x1152.jpeg 1536w, https:\/\/blogsaverroes.juntadeandalucia.es\/ceipsaintsylvaindanjou\/files\/2023\/11\/IMG_2166-2048x1536.jpeg 2048w\" sizes=\"(max-width: 1600px) 100vw, 1600px\" \/><\/a><\/h4>\n<p>&nbsp;El comedor escolar del C.E.I.P. Saint Sylvain d\u2019Anjou es un servicio complementario que trata de conciliar la vida laboral y familiar de las familias. Tiene una duraci\u00f3n de hasta dos horas desde que acaba la jornada escolar de la ma\u00f1ana (de 14.00 a 16.00 horas).<\/p>\n<p>Nuestro comedor es adem\u00e1s una pieza importante en todas las medidas dirigidas a mejorar los h\u00e1bitos alimenticios de los ni\u00f1os y ni\u00f1as y prevenir problemas de salud como la obesidad.<\/p>\n<p>Tambi\u00e9n promovemos una alimentaci\u00f3n saludable que est\u00e1 supervisada por nutricionistas y que, entre otros aspectos, se caracteriza por:<\/p>\n<ul>\n<li>Una mayor proporci\u00f3n de verdura en los men\u00fas<\/li>\n<li>Fruta fresca como postre al menos cuatro d\u00edas a la semana<\/li>\n<li>Uso de aceite de oliva virgen extra<\/li>\n<li>M\u00e1s pescado que carne, que debe ser magra<\/li>\n<li>Prohibici\u00f3n de los alimentos precocinados y limitaci\u00f3n de los fritos<\/li>\n<li>Apuesta por la dieta mediterr\u00e1nea y los productos ecol\u00f3gicos<\/li>\n<\/ul>\n<p>&nbsp;<\/p>\n<p>En breve informaremos sobre:<\/p>\n<p><strong>Solicitudes<\/strong><\/p>\n<p><strong>Normativa<\/strong><\/p>\n<p><strong>Empresa catering<\/strong><\/p>\n<p><strong>Men\u00fas<\/strong><\/p>\n<p><strong>etc&#8230;<\/strong><\/p>\n","protected":false},"excerpt":{"rendered":"<p>&nbsp;El comedor escolar del C.E.I.P. Saint Sylvain d\u2019Anjou es un servicio complementario que trata de conciliar la vida laboral y familiar de las familias. Tiene&hellip;<\/p>\n","protected":false},"author":1,"featured_media":0,"parent":0,"menu_order":0,"comment_status":"closed","ping_status":"open","template":"","meta":{"ngg_post_thumbnail":0,"footnotes":"","_mc_calendar":[]},"aioseo_notices":[],"_links":{"self":[{"href":"https:\/\/blogsaverroes.juntadeandalucia.es\/ceipsaintsylvaindanjou\/wp-json\/wp\/v2\/pages\/99"}],"collection":[{"href":"https:\/\/blogsaverroes.juntadeandalucia.es\/ceipsaintsylvaindanjou\/wp-json\/wp\/v2\/pages"}],"about":[{"href":"https:\/\/blogsaverroes.juntadeandalucia.es\/ceipsaintsylvaindanjou\/wp-json\/wp\/v2\/types\/page"}],"author":[{"embeddable":true,"href":"https:\/\/blogsaverroes.juntadeandalucia.es\/ceipsaintsylvaindanjou\/wp-json\/wp\/v2\/users\/1"}],"replies":[{"embeddable":true,"href":"https:\/\/blogsaverroes.juntadeandalucia.es\/ceipsaintsylvaindanjou\/wp-json\/wp\/v2\/comments?post=99"}],"version-history":[{"count":5,"href":"https:\/\/blogsaverroes.juntadeandalucia.es\/ceipsaintsylvaindanjou\/wp-json\/wp\/v2\/pages\/99\/revisions"}],"predecessor-version":[{"id":2378,"href":"https:\/\/blogsaverroes.juntadeandalucia.es\/ceipsaintsylvaindanjou\/wp-json\/wp\/v2\/pages\/99\/revisions\/2378"}],"wp:attachment":[{"href":"https:\/\/blogsaverroes.juntadeandalucia.es\/ceipsaintsylvaindanjou\/wp-json\/wp\/v2\/media?parent=99"}],"curies":[{"name":"wp","href":"https:\/\/api.w.org\/{rel}","templated":true}]}}