{"id":2105,"date":"2016-02-10T17:20:21","date_gmt":"2016-02-10T17:20:21","guid":{"rendered":"http:\/\/blogsaverroes.juntadeandalucia.es\/ceipsalazar\/?page_id=2105"},"modified":"2016-02-10T17:43:16","modified_gmt":"2016-02-10T17:43:16","slug":"profesorado","status":"publish","type":"page","link":"https:\/\/blogsaverroes.juntadeandalucia.es\/ceipsalazar\/?page_id=2105","title":{"rendered":"Profesorado"},"content":{"rendered":"<p>Educaci\u00f3n Infantil:<\/p>\n<p>Infantil 3 a\u00f1os A:<\/p>\n<p>Infantil 3 a\u00f1os B:<\/p>\n","protected":false},"excerpt":{"rendered":"<p>Educaci\u00f3n Infantil: Infantil 3 a\u00f1os A: Infantil 3 a\u00f1os B:<\/p>\n","protected":false},"author":3205,"featured_media":0,"parent":77,"menu_order":0,"comment_status":"open","ping_status":"closed","template":"page-c.php","meta":{"ngg_post_thumbnail":0,"footnotes":"","_mc_calendar":[]},"aioseo_notices":[],"_links":{"self":[{"href":"https:\/\/blogsaverroes.juntadeandalucia.es\/ceipsalazar\/index.php?rest_route=\/wp\/v2\/pages\/2105"}],"collection":[{"href":"https:\/\/blogsaverroes.juntadeandalucia.es\/ceipsalazar\/index.php?rest_route=\/wp\/v2\/pages"}],"about":[{"href":"https:\/\/blogsaverroes.juntadeandalucia.es\/ceipsalazar\/index.php?rest_route=\/wp\/v2\/types\/page"}],"author":[{"embeddable":true,"href":"https:\/\/blogsaverroes.juntadeandalucia.es\/ceipsalazar\/index.php?rest_route=\/wp\/v2\/users\/3205"}],"replies":[{"embeddable":true,"href":"https:\/\/blogsaverroes.juntadeandalucia.es\/ceipsalazar\/index.php?rest_route=%2Fwp%2Fv2%2Fcomments&post=2105"}],"version-history":[{"count":2,"href":"https:\/\/blogsaverroes.juntadeandalucia.es\/ceipsalazar\/index.php?rest_route=\/wp\/v2\/pages\/2105\/revisions"}],"predecessor-version":[{"id":2107,"href":"https:\/\/blogsaverroes.juntadeandalucia.es\/ceipsalazar\/index.php?rest_route=\/wp\/v2\/pages\/2105\/revisions\/2107"}],"up":[{"embeddable":true,"href":"https:\/\/blogsaverroes.juntadeandalucia.es\/ceipsalazar\/index.php?rest_route=\/wp\/v2\/pages\/77"}],"wp:attachment":[{"href":"https:\/\/blogsaverroes.juntadeandalucia.es\/ceipsalazar\/index.php?rest_route=%2Fwp%2Fv2%2Fmedia&parent=2105"}],"curies":[{"name":"wp","href":"https:\/\/api.w.org\/{rel}","templated":true}]}}