{"id":2401,"date":"2020-09-05T17:43:00","date_gmt":"2020-09-05T17:43:00","guid":{"rendered":"http:\/\/blogsaverroes.juntadeandalucia.es\/ceipsalazar\/?page_id=2401"},"modified":"2024-09-11T18:40:37","modified_gmt":"2024-09-11T18:40:37","slug":"entradas-colegio","status":"publish","type":"page","link":"https:\/\/blogsaverroes.juntadeandalucia.es\/ceipsalazar\/?page_id=2401","title":{"rendered":"Puertas de Entrada al colegio"},"content":{"rendered":"<p>Para las entradas y salidas al colegio tenemos habilitadas dos puertas; por las que acceder\u00e1 y saldr\u00e1 el alumnado como aparece en la figura.<\/p>\n<ul>\n<li>Por la calle Federico Garc\u00eda Lorca, 2<\/li>\n<li>Por la Avenida de Andaluc\u00eda<\/li>\n<\/ul>\n<p>El flujo de alumnado por dichas puertas est\u00e1 ordenado de la siguiente manera:<\/p>\n<p>&nbsp; &nbsp; &nbsp; &nbsp; &nbsp; <a href=\"https:\/\/blogsaverroes.juntadeandalucia.es\/ceipsalazar\/files\/2024\/09\/ENTRADAS_PATIOS_24-25_02.jpg\"><img loading=\"lazy\" decoding=\"async\" class=\" wp-image-2690 alignleft\" src=\"https:\/\/blogsaverroes.juntadeandalucia.es\/ceipsalazar\/files\/2024\/09\/ENTRADAS_PATIOS_24-25_02-300x220.jpg\" alt=\"\" width=\"309\" height=\"226\" srcset=\"https:\/\/blogsaverroes.juntadeandalucia.es\/ceipsalazar\/files\/2024\/09\/ENTRADAS_PATIOS_24-25_02-300x220.jpg 300w, https:\/\/blogsaverroes.juntadeandalucia.es\/ceipsalazar\/files\/2024\/09\/ENTRADAS_PATIOS_24-25_02-768x563.jpg 768w, https:\/\/blogsaverroes.juntadeandalucia.es\/ceipsalazar\/files\/2024\/09\/ENTRADAS_PATIOS_24-25_02.jpg 801w\" sizes=\"(max-width: 309px) 100vw, 309px\" \/><\/a> <a href=\"https:\/\/blogsaverroes.juntadeandalucia.es\/ceipsalazar\/files\/2024\/09\/ENTRADAS_PATIOS_24-25.png\"><img loading=\"lazy\" decoding=\"async\" class=\"alignnone  wp-image-2691\" src=\"https:\/\/blogsaverroes.juntadeandalucia.es\/ceipsalazar\/files\/2024\/09\/ENTRADAS_PATIOS_24-25-300x220.png\" alt=\"\" width=\"310\" height=\"227\" srcset=\"https:\/\/blogsaverroes.juntadeandalucia.es\/ceipsalazar\/files\/2024\/09\/ENTRADAS_PATIOS_24-25-300x220.png 300w, https:\/\/blogsaverroes.juntadeandalucia.es\/ceipsalazar\/files\/2024\/09\/ENTRADAS_PATIOS_24-25-768x563.png 768w, https:\/\/blogsaverroes.juntadeandalucia.es\/ceipsalazar\/files\/2024\/09\/ENTRADAS_PATIOS_24-25.png 801w\" sizes=\"(max-width: 310px) 100vw, 310px\" \/><\/a><\/p>\n","protected":false},"excerpt":{"rendered":"<p>Para las entradas y salidas al colegio tenemos habilitadas dos puertas; por las que acceder\u00e1 y saldr\u00e1 el alumnado como aparece en la figura. Por la calle Federico Garc\u00eda Lorca, 2 Por la Avenida&#46;&#46;&#46;<\/p>\n","protected":false},"author":3205,"featured_media":0,"parent":0,"menu_order":0,"comment_status":"closed","ping_status":"closed","template":"","meta":{"ngg_post_thumbnail":0,"footnotes":"","_mc_calendar":[]},"aioseo_notices":[],"_links":{"self":[{"href":"https:\/\/blogsaverroes.juntadeandalucia.es\/ceipsalazar\/index.php?rest_route=\/wp\/v2\/pages\/2401"}],"collection":[{"href":"https:\/\/blogsaverroes.juntadeandalucia.es\/ceipsalazar\/index.php?rest_route=\/wp\/v2\/pages"}],"about":[{"href":"https:\/\/blogsaverroes.juntadeandalucia.es\/ceipsalazar\/index.php?rest_route=\/wp\/v2\/types\/page"}],"author":[{"embeddable":true,"href":"https:\/\/blogsaverroes.juntadeandalucia.es\/ceipsalazar\/index.php?rest_route=\/wp\/v2\/users\/3205"}],"replies":[{"embeddable":true,"href":"https:\/\/blogsaverroes.juntadeandalucia.es\/ceipsalazar\/index.php?rest_route=%2Fwp%2Fv2%2Fcomments&post=2401"}],"version-history":[{"count":12,"href":"https:\/\/blogsaverroes.juntadeandalucia.es\/ceipsalazar\/index.php?rest_route=\/wp\/v2\/pages\/2401\/revisions"}],"predecessor-version":[{"id":2692,"href":"https:\/\/blogsaverroes.juntadeandalucia.es\/ceipsalazar\/index.php?rest_route=\/wp\/v2\/pages\/2401\/revisions\/2692"}],"wp:attachment":[{"href":"https:\/\/blogsaverroes.juntadeandalucia.es\/ceipsalazar\/index.php?rest_route=%2Fwp%2Fv2%2Fmedia&parent=2401"}],"curies":[{"name":"wp","href":"https:\/\/api.w.org\/{rel}","templated":true}]}}