{"id":2441,"date":"2020-12-07T20:01:40","date_gmt":"2020-12-07T20:01:40","guid":{"rendered":"http:\/\/blogsaverroes.juntadeandalucia.es\/ceipsalazar\/?page_id=2441"},"modified":"2021-11-17T09:35:59","modified_gmt":"2021-11-17T09:35:59","slug":"plan-atencion-diversidad","status":"publish","type":"page","link":"https:\/\/blogsaverroes.juntadeandalucia.es\/ceipsalazar\/?page_id=2441","title":{"rendered":"F. Plan de Atenci\u00f3n a la Diversidad"},"content":{"rendered":"<p><strong>F. PLAN ATENCI\u00d3N A LA DIVERSIDAD<\/strong><\/p>\n<div style=\"text-align: center\">\n<div style=\"margin: 4px 0px 8px\"><a href=\"https:\/\/www.calameo.com\/books\/00521720412548869a367\" target=\"_blank\" rel=\"noopener noreferrer\">F Plan Atenci\u00f3n Diversidad 21 22<\/a><\/div>\n<\/div>\n<div style=\"text-align: center\"><iframe loading=\"lazy\" src=\"\/\/v.calameo.com\/?bkcode=00521720412548869a367&amp;mode=mini\" width=\"960\" height=\"600\" frameborder=\"0\" scrolling=\"no\"><\/iframe><\/p>\n<div style=\"margin: 4px 0px 8px\"><a href=\"http:\/\/www.calameo.com\/\" target=\"_blank\" rel=\"noopener noreferrer\">Leer m\u00e1s publicaciones en Calam\u00e9o<\/a><\/div>\n<\/div>\n","protected":false},"excerpt":{"rendered":"<p>F. PLAN ATENCI\u00d3N A LA DIVERSIDAD F Plan Atenci\u00f3n Diversidad 21 22 Leer m\u00e1s publicaciones en Calam\u00e9o<\/p>\n","protected":false},"author":3205,"featured_media":0,"parent":0,"menu_order":0,"comment_status":"closed","ping_status":"closed","template":"","meta":{"ngg_post_thumbnail":0,"footnotes":"","_mc_calendar":[]},"aioseo_notices":[],"_links":{"self":[{"href":"https:\/\/blogsaverroes.juntadeandalucia.es\/ceipsalazar\/index.php?rest_route=\/wp\/v2\/pages\/2441"}],"collection":[{"href":"https:\/\/blogsaverroes.juntadeandalucia.es\/ceipsalazar\/index.php?rest_route=\/wp\/v2\/pages"}],"about":[{"href":"https:\/\/blogsaverroes.juntadeandalucia.es\/ceipsalazar\/index.php?rest_route=\/wp\/v2\/types\/page"}],"author":[{"embeddable":true,"href":"https:\/\/blogsaverroes.juntadeandalucia.es\/ceipsalazar\/index.php?rest_route=\/wp\/v2\/users\/3205"}],"replies":[{"embeddable":true,"href":"https:\/\/blogsaverroes.juntadeandalucia.es\/ceipsalazar\/index.php?rest_route=%2Fwp%2Fv2%2Fcomments&post=2441"}],"version-history":[{"count":8,"href":"https:\/\/blogsaverroes.juntadeandalucia.es\/ceipsalazar\/index.php?rest_route=\/wp\/v2\/pages\/2441\/revisions"}],"predecessor-version":[{"id":2553,"href":"https:\/\/blogsaverroes.juntadeandalucia.es\/ceipsalazar\/index.php?rest_route=\/wp\/v2\/pages\/2441\/revisions\/2553"}],"wp:attachment":[{"href":"https:\/\/blogsaverroes.juntadeandalucia.es\/ceipsalazar\/index.php?rest_route=%2Fwp%2Fv2%2Fmedia&parent=2441"}],"curies":[{"name":"wp","href":"https:\/\/api.w.org\/{rel}","templated":true}]}}