{"id":2558,"date":"2022-03-28T21:36:09","date_gmt":"2022-03-28T21:36:09","guid":{"rendered":"http:\/\/blogsaverroes.juntadeandalucia.es\/ceipsalazar\/?page_id=2558"},"modified":"2022-08-26T08:20:51","modified_gmt":"2022-08-26T08:20:51","slug":"informacion-para-los-auxiliares-de-conversacion","status":"publish","type":"page","link":"https:\/\/blogsaverroes.juntadeandalucia.es\/ceipsalazar\/?page_id=2558","title":{"rendered":"INFORMACI\u00d3N PARA AUXILIARES DE CONVERSACI\u00d3N"},"content":{"rendered":"<p>Mediante la presente ficha, en espa\u00f1ol e ingl\u00e9s, pretendemos facilitar informaci\u00f3n a los futuros auxiliares de conversaci\u00f3n que tengan inter\u00e9s por acompa\u00f1arnos en nuestro colegio en cursos venideros.&nbsp;<\/p>\n<p><a href=\"https:\/\/blogsaverroes.juntadeandalucia.es\/ceipsalazar\/files\/2022\/03\/FICHA-AUXILIAR-CONVERSACI\u00d3N-BILING\u00dcE.pdf\">FICHA INFORMATIVA PARA EL\/LA AUXILIAR CONVERSACI\u00d3N<\/a><\/p>\n<p><a href=\"https:\/\/blogsaverroes.juntadeandalucia.es\/ceipsalazar\/files\/2022\/03\/FICHA-AUXILIAR-CONVERSACI%C3%93N-BILING%C3%9CE.pdf\"><img loading=\"lazy\" decoding=\"async\" class=\" wp-image-2561 aligncenter\" src=\"https:\/\/blogsaverroes.juntadeandalucia.es\/ceipsalazar\/files\/2022\/03\/Ficha-auxiliar-conversacion-229x300.jpg\" alt=\"\" width=\"756\" height=\"992\" srcset=\"https:\/\/blogsaverroes.juntadeandalucia.es\/ceipsalazar\/files\/2022\/03\/Ficha-auxiliar-conversacion-229x300.jpg 229w, https:\/\/blogsaverroes.juntadeandalucia.es\/ceipsalazar\/files\/2022\/03\/Ficha-auxiliar-conversacion.jpg 401w\" sizes=\"(max-width: 756px) 100vw, 756px\" \/><\/a><\/p>\n","protected":false},"excerpt":{"rendered":"<p>Mediante la presente ficha, en espa\u00f1ol e ingl\u00e9s, pretendemos facilitar informaci\u00f3n a los futuros auxiliares de conversaci\u00f3n que tengan inter\u00e9s por acompa\u00f1arnos en nuestro colegio en cursos venideros.&nbsp; FICHA INFORMATIVA PARA EL\/LA AUXILIAR CONVERSACI\u00d3N<\/p>\n","protected":false},"author":3205,"featured_media":0,"parent":0,"menu_order":0,"comment_status":"closed","ping_status":"closed","template":"","meta":{"ngg_post_thumbnail":0,"footnotes":"","_mc_calendar":[]},"aioseo_notices":[],"_links":{"self":[{"href":"https:\/\/blogsaverroes.juntadeandalucia.es\/ceipsalazar\/index.php?rest_route=\/wp\/v2\/pages\/2558"}],"collection":[{"href":"https:\/\/blogsaverroes.juntadeandalucia.es\/ceipsalazar\/index.php?rest_route=\/wp\/v2\/pages"}],"about":[{"href":"https:\/\/blogsaverroes.juntadeandalucia.es\/ceipsalazar\/index.php?rest_route=\/wp\/v2\/types\/page"}],"author":[{"embeddable":true,"href":"https:\/\/blogsaverroes.juntadeandalucia.es\/ceipsalazar\/index.php?rest_route=\/wp\/v2\/users\/3205"}],"replies":[{"embeddable":true,"href":"https:\/\/blogsaverroes.juntadeandalucia.es\/ceipsalazar\/index.php?rest_route=%2Fwp%2Fv2%2Fcomments&post=2558"}],"version-history":[{"count":8,"href":"https:\/\/blogsaverroes.juntadeandalucia.es\/ceipsalazar\/index.php?rest_route=\/wp\/v2\/pages\/2558\/revisions"}],"predecessor-version":[{"id":2587,"href":"https:\/\/blogsaverroes.juntadeandalucia.es\/ceipsalazar\/index.php?rest_route=\/wp\/v2\/pages\/2558\/revisions\/2587"}],"wp:attachment":[{"href":"https:\/\/blogsaverroes.juntadeandalucia.es\/ceipsalazar\/index.php?rest_route=%2Fwp%2Fv2%2Fmedia&parent=2558"}],"curies":[{"name":"wp","href":"https:\/\/api.w.org\/{rel}","templated":true}]}}