{"id":330,"date":"2015-03-18T07:11:43","date_gmt":"2015-03-18T07:11:43","guid":{"rendered":"http:\/\/blogsaverroes.juntadeandalucia.es\/pre\/ceip\/?page_id=330"},"modified":"2020-12-07T21:19:36","modified_gmt":"2020-12-07T21:19:36","slug":"bibliop","status":"publish","type":"page","link":"https:\/\/blogsaverroes.juntadeandalucia.es\/ceipsalazar\/?page_id=330","title":{"rendered":"Consulta del cat\u00e1logo de t\u00edtulos a trav\u00e9s de la Biblioweb del colegio"},"content":{"rendered":"<p><a href=\"http:\/\/www.juntadeandalucia.es\/averroes\/centros-tic\/23000805\/biblioweb2\/inicio\" target=\"_blank\" rel=\"noopener noreferrer\"><img loading=\"lazy\" decoding=\"async\" class=\"size-medium wp-image-551 aligncenter\" src=\"http:\/\/blogsaverroes.juntadeandalucia.es\/ceipsalazar\/files\/2014\/12\/libros1-300x246.png\" alt=\"libros1\" width=\"300\" height=\"246\" srcset=\"https:\/\/blogsaverroes.juntadeandalucia.es\/ceipsalazar\/files\/2014\/12\/libros1-300x246.png 300w, https:\/\/blogsaverroes.juntadeandalucia.es\/ceipsalazar\/files\/2014\/12\/libros1.png 640w\" sizes=\"(max-width: 300px) 100vw, 300px\" \/><\/a><\/p>\n<p><strong>La Bilblioteca oferta los servicios:<\/strong><\/p>\n<ul>\n<li><strong>Pr\u00e9stamo bibliotecario al alumnado y profesorado del centro con horarios establecidos para cada grupo y sector.<\/strong><\/li>\n<li><strong>Consulta del cat\u00e1logo bibliotecario a trav\u00e9s de la <a href=\"http:\/\/www.juntadeandalucia.es\/averroes\/centros-tic\/23000805\/biblioweb2\/inicio\" target=\"_blank\" rel=\"noopener noreferrer\">BIBLIOWEB<\/a> del colegio.<\/strong><\/li>\n<li><strong>Programa de actividades de animaci\u00f3n lectora.<\/strong><\/li>\n<\/ul>\n","protected":false},"excerpt":{"rendered":"<p>La Bilblioteca oferta los servicios: Pr\u00e9stamo bibliotecario al alumnado y profesorado del centro con horarios establecidos para cada grupo y sector. Consulta del cat\u00e1logo bibliotecario a trav\u00e9s de la BIBLIOWEB del colegio. Programa de&#46;&#46;&#46;<\/p>\n","protected":false},"author":1,"featured_media":0,"parent":113,"menu_order":0,"comment_status":"closed","ping_status":"open","template":"page-cs.php","meta":{"ngg_post_thumbnail":0,"footnotes":"","_mc_calendar":[]},"aioseo_notices":[],"_links":{"self":[{"href":"https:\/\/blogsaverroes.juntadeandalucia.es\/ceipsalazar\/index.php?rest_route=\/wp\/v2\/pages\/330"}],"collection":[{"href":"https:\/\/blogsaverroes.juntadeandalucia.es\/ceipsalazar\/index.php?rest_route=\/wp\/v2\/pages"}],"about":[{"href":"https:\/\/blogsaverroes.juntadeandalucia.es\/ceipsalazar\/index.php?rest_route=\/wp\/v2\/types\/page"}],"author":[{"embeddable":true,"href":"https:\/\/blogsaverroes.juntadeandalucia.es\/ceipsalazar\/index.php?rest_route=\/wp\/v2\/users\/1"}],"replies":[{"embeddable":true,"href":"https:\/\/blogsaverroes.juntadeandalucia.es\/ceipsalazar\/index.php?rest_route=%2Fwp%2Fv2%2Fcomments&post=330"}],"version-history":[{"count":12,"href":"https:\/\/blogsaverroes.juntadeandalucia.es\/ceipsalazar\/index.php?rest_route=\/wp\/v2\/pages\/330\/revisions"}],"predecessor-version":[{"id":2501,"href":"https:\/\/blogsaverroes.juntadeandalucia.es\/ceipsalazar\/index.php?rest_route=\/wp\/v2\/pages\/330\/revisions\/2501"}],"up":[{"embeddable":true,"href":"https:\/\/blogsaverroes.juntadeandalucia.es\/ceipsalazar\/index.php?rest_route=\/wp\/v2\/pages\/113"}],"wp:attachment":[{"href":"https:\/\/blogsaverroes.juntadeandalucia.es\/ceipsalazar\/index.php?rest_route=%2Fwp%2Fv2%2Fmedia&parent=330"}],"curies":[{"name":"wp","href":"https:\/\/api.w.org\/{rel}","templated":true}]}}