{"id":35,"date":"2015-03-13T08:21:43","date_gmt":"2015-03-13T08:21:43","guid":{"rendered":"http:\/\/blogsaverroes.juntadeandalucia.es\/pre\/ceip\/?page_id=35"},"modified":"2025-10-06T07:20:50","modified_gmt":"2025-10-06T07:20:50","slug":"el-centro-2","status":"publish","type":"page","link":"https:\/\/blogsaverroes.juntadeandalucia.es\/ceipsalazar\/?page_id=35","title":{"rendered":"Datos del centro"},"content":{"rendered":"<h4><a href=\"https:\/\/blogsaverroes.juntadeandalucia.es\/ceipsalazar\/files\/2020\/08\/foto_colegio_salazar_web-blog_facebook.jpg\"><img loading=\"lazy\" decoding=\"async\" class=\" wp-image-2365 aligncenter\" src=\"https:\/\/blogsaverroes.juntadeandalucia.es\/ceipsalazar\/files\/2020\/08\/foto_colegio_salazar_web-blog_facebook-300x168.jpg\" alt=\"\" width=\"484\" height=\"271\" srcset=\"https:\/\/blogsaverroes.juntadeandalucia.es\/ceipsalazar\/files\/2020\/08\/foto_colegio_salazar_web-blog_facebook-300x168.jpg 300w, https:\/\/blogsaverroes.juntadeandalucia.es\/ceipsalazar\/files\/2020\/08\/foto_colegio_salazar_web-blog_facebook-768x431.jpg 768w, https:\/\/blogsaverroes.juntadeandalucia.es\/ceipsalazar\/files\/2020\/08\/foto_colegio_salazar_web-blog_facebook-24x13.jpg 24w, https:\/\/blogsaverroes.juntadeandalucia.es\/ceipsalazar\/files\/2020\/08\/foto_colegio_salazar_web-blog_facebook-36x20.jpg 36w, https:\/\/blogsaverroes.juntadeandalucia.es\/ceipsalazar\/files\/2020\/08\/foto_colegio_salazar_web-blog_facebook-48x27.jpg 48w, https:\/\/blogsaverroes.juntadeandalucia.es\/ceipsalazar\/files\/2020\/08\/foto_colegio_salazar_web-blog_facebook.jpg 960w\" sizes=\"(max-width: 484px) 100vw, 484px\" \/><\/a><\/h4>\n<h4><strong>Datos de contacto<\/strong><\/h4>\n<p><strong>Colegio de Educaci\u00f3n Infantil y Primaria \u00ab\u00c1ngel L\u00f3pez Salazar\u00bb<\/strong><\/p>\n<p><strong>Direcci\u00f3n:<\/strong> &nbsp;Calle Federico Garc\u00eda Lorca, 2; Baeza 23440 (Sevilla)<\/p>\n<p><strong>Tel\u00e9fono: 671536498 &#8211; corp. 636498 \/ FAX: 953779902 &#8211; corp. 287902<\/strong><br \/>\n<strong>Email:<\/strong>&nbsp;23000805.edu@juntadeandalucia.es<\/p>\n<h4><strong>Horarios:<\/strong><\/h4>\n<p>9:00 a 14:00 horario lectivo, de lunes a viernes.<\/p>\n<ul>\n<li>Tutor\u00edas con padres\/madres: lunes de 18.00 a 19:00.<\/li>\n<li>Aula matinal: lunes a viernes de 7:30 a 9:00<\/li>\n<li>Comedor escolar: de lunes a viernes de 14:00 a 16:00<\/li>\n<li>Plan de Acompa\u00f1amiento: martes y jueves de 16:00 a 18:00<\/li>\n<\/ul>\n<p><strong>Oferta educativa<\/strong><\/p>\n<p>El centro cuenta con dos l\u00edneas educativas completas distribuidas de la siguiente manera:<\/p>\n<p>EDUCACI\u00d3N INFANTIL:<\/p>\n<ul>\n<li>Infantil de 3 a\u00f1os: 1<\/li>\n<li>Infantil de 4 a\u00f1os: 2<\/li>\n<li>Infantil de 5 a\u00f1os: 2<\/li>\n<\/ul>\n<p>EDUCACI\u00d3N PRIMARIA:<\/p>\n<ul>\n<li>1\u00ba de Ed. Primaria: 2<\/li>\n<li>2\u00ba de Ed. Primaria: 2<\/li>\n<li>3\u00ba de Ed. Primaria: 2<\/li>\n<li>4\u00ba de Ed. Primaria: 2<\/li>\n<li>5\u00ba de Ed. Primaria: 2<\/li>\n<li>6\u00ba de Ed. Primaria: 2<\/li>\n<\/ul>\n<p>EDUCACI\u00d3N ESPECIAL-AULA ESPEC\u00cdFICA: 1<\/p>\n<p>EDUCACI\u00d3N ESPECIAL-AULA DE APOYO A LA INTEGRACI\u00d3N:1<\/p>\n<h4><strong>Servicios ofertados:<\/strong><\/h4>\n<ul>\n<li>Aula Matinal. Horario: de 7:30 a 9 horas.<\/li>\n<li>Comedor Escolar.&nbsp; Horario: de 14 a 16 horas.<\/li>\n<li>PROA. Martes y jueves de 16 a 18 horas.<\/li>\n<\/ul>\n<p>&nbsp;&nbsp;&nbsp;&nbsp;&nbsp;&nbsp;&nbsp;&nbsp;<\/p>\n","protected":false},"excerpt":{"rendered":"<p>Datos de contacto Colegio de Educaci\u00f3n Infantil y Primaria \u00ab\u00c1ngel L\u00f3pez Salazar\u00bb Direcci\u00f3n: &nbsp;Calle Federico Garc\u00eda Lorca, 2; Baeza 23440 (Sevilla) Tel\u00e9fono: 671536498 &#8211; corp. 636498 \/ FAX: 953779902 &#8211; corp. 287902 Email:&nbsp;23000805.edu@juntadeandalucia.es Horarios:&#46;&#46;&#46;<\/p>\n","protected":false},"author":1,"featured_media":0,"parent":0,"menu_order":0,"comment_status":"closed","ping_status":"open","template":"","meta":{"ngg_post_thumbnail":0,"footnotes":"","_mc_calendar":[]},"aioseo_notices":[],"_links":{"self":[{"href":"https:\/\/blogsaverroes.juntadeandalucia.es\/ceipsalazar\/index.php?rest_route=\/wp\/v2\/pages\/35"}],"collection":[{"href":"https:\/\/blogsaverroes.juntadeandalucia.es\/ceipsalazar\/index.php?rest_route=\/wp\/v2\/pages"}],"about":[{"href":"https:\/\/blogsaverroes.juntadeandalucia.es\/ceipsalazar\/index.php?rest_route=\/wp\/v2\/types\/page"}],"author":[{"embeddable":true,"href":"https:\/\/blogsaverroes.juntadeandalucia.es\/ceipsalazar\/index.php?rest_route=\/wp\/v2\/users\/1"}],"replies":[{"embeddable":true,"href":"https:\/\/blogsaverroes.juntadeandalucia.es\/ceipsalazar\/index.php?rest_route=%2Fwp%2Fv2%2Fcomments&post=35"}],"version-history":[{"count":32,"href":"https:\/\/blogsaverroes.juntadeandalucia.es\/ceipsalazar\/index.php?rest_route=\/wp\/v2\/pages\/35\/revisions"}],"predecessor-version":[{"id":2736,"href":"https:\/\/blogsaverroes.juntadeandalucia.es\/ceipsalazar\/index.php?rest_route=\/wp\/v2\/pages\/35\/revisions\/2736"}],"wp:attachment":[{"href":"https:\/\/blogsaverroes.juntadeandalucia.es\/ceipsalazar\/index.php?rest_route=%2Fwp%2Fv2%2Fmedia&parent=35"}],"curies":[{"name":"wp","href":"https:\/\/api.w.org\/{rel}","templated":true}]}}