{"id":426,"date":"2015-03-20T07:05:49","date_gmt":"2015-03-20T07:05:49","guid":{"rendered":"http:\/\/blogsaverroes.juntadeandalucia.es\/pre\/ceip\/?page_id=426"},"modified":"2022-09-19T16:38:59","modified_gmt":"2022-09-19T16:38:59","slug":"materiales-recursos","status":"publish","type":"page","link":"https:\/\/blogsaverroes.juntadeandalucia.es\/ceipsalazar\/?page_id=426","title":{"rendered":"E.I. Materiales, recursos&#8230;"},"content":{"rendered":"<table style=\"width: 83.8989%\" width=\"461\">\n<tbody>\n<tr style=\"height: 38.8px\">\n<td style=\"height: 38.8px;width: 110.535%\" colspan=\"3\" width=\"908\">\n<p style=\"text-align: center\"><strong>RELACI\u00d3N DE MATERIALES PARA EDUCACI\u00d3N INFANTIL<\/strong><\/p>\n<p style=\"text-align: center\"><strong>CURSO 2022\/2023<\/strong><\/p>\n<\/td>\n<\/tr>\n<tr style=\"height: 36px\">\n<td style=\"height: 36px;width: 31.2227%\" width=\"199\"><strong>EAN<\/strong><\/td>\n<td style=\"height: 36px;width: 29.5396%\" width=\"304\"><strong>Editorial<\/strong><\/td>\n<td style=\"height: 36px;width: 49.7726%\" width=\"405\"><strong>T\u00edtulo del libro<\/strong><\/td>\n<\/tr>\n<tr style=\"height: 58px\">\n<td style=\"height: 58px;width: 31.2227%\" width=\"199\">978-84-9189-529-9<\/td>\n<td style=\"height: 58px;width: 29.5396%\" width=\"304\">Anaya<\/td>\n<td style=\"height: 58px;width: 49.7726%\" width=\"405\">Palomitas!. Educaci\u00f3n <strong>Infantil 3 a\u00f1os<\/strong> &#8211; M\u00c9TODO COMPLETO<\/td>\n<\/tr>\n<tr style=\"height: 58px\">\n<td style=\"height: 58px;width: 31.2227%\" width=\"199\">978-84-9189-534-3<\/td>\n<td style=\"height: 58px;width: 29.5396%\" width=\"304\">Anaya<\/td>\n<td style=\"height: 58px;width: 49.7726%\" width=\"405\">Palomitas!. Educaci\u00f3n <strong>Infantil 4 a\u00f1os<\/strong> &#8211; Trimestre 1\u00ba<\/td>\n<\/tr>\n<tr style=\"height: 58px\">\n<td style=\"height: 58px;width: 31.2227%\" width=\"199\">978-84-9189-535-0<\/td>\n<td style=\"height: 58px;width: 29.5396%\" width=\"304\">Anaya<\/td>\n<td style=\"height: 58px;width: 49.7726%\" width=\"405\">Palomitas!. Educaci\u00f3n <strong>Infantil 4 a\u00f1os<\/strong> &#8211; Trimestre 2\u00ba<\/td>\n<\/tr>\n<tr>\n<td style=\"width: 31.2227%\">978-84-9189-537-4<\/td>\n<td style=\"width: 29.5396%\">Anaya<\/td>\n<td style=\"width: 49.7726%\">Palomitas!. Educaci\u00f3n <strong>Infantil 5 a\u00f1os<\/strong> &#8211; M\u00c9TODO COMPLETO<\/td>\n<\/tr>\n<tr style=\"height: 58px\">\n<td style=\"height: 58px;width: 110.535%\" colspan=\"3\" width=\"908\"><strong>&nbsp;Nota<\/strong>: El Programa de gratuidad de libros de texto abarca solamente a la Educaci\u00f3n Primaria<\/td>\n<\/tr>\n<\/tbody>\n<\/table>\n<h4>&nbsp;<\/h4>\n","protected":false},"excerpt":{"rendered":"<p>RELACI\u00d3N DE MATERIALES PARA EDUCACI\u00d3N INFANTIL CURSO 2022\/2023 EAN Editorial T\u00edtulo del libro 978-84-9189-529-9 Anaya Palomitas!. Educaci\u00f3n Infantil 3 a\u00f1os &#8211; M\u00c9TODO COMPLETO 978-84-9189-534-3 Anaya Palomitas!. Educaci\u00f3n Infantil 4 a\u00f1os &#8211; Trimestre 1\u00ba 978-84-9189-535-0&#46;&#46;&#46;<\/p>\n","protected":false},"author":1,"featured_media":0,"parent":424,"menu_order":0,"comment_status":"closed","ping_status":"open","template":"page-sc.php","meta":{"ngg_post_thumbnail":0,"footnotes":"","_mc_calendar":[]},"aioseo_notices":[],"_links":{"self":[{"href":"https:\/\/blogsaverroes.juntadeandalucia.es\/ceipsalazar\/index.php?rest_route=\/wp\/v2\/pages\/426"}],"collection":[{"href":"https:\/\/blogsaverroes.juntadeandalucia.es\/ceipsalazar\/index.php?rest_route=\/wp\/v2\/pages"}],"about":[{"href":"https:\/\/blogsaverroes.juntadeandalucia.es\/ceipsalazar\/index.php?rest_route=\/wp\/v2\/types\/page"}],"author":[{"embeddable":true,"href":"https:\/\/blogsaverroes.juntadeandalucia.es\/ceipsalazar\/index.php?rest_route=\/wp\/v2\/users\/1"}],"replies":[{"embeddable":true,"href":"https:\/\/blogsaverroes.juntadeandalucia.es\/ceipsalazar\/index.php?rest_route=%2Fwp%2Fv2%2Fcomments&post=426"}],"version-history":[{"count":9,"href":"https:\/\/blogsaverroes.juntadeandalucia.es\/ceipsalazar\/index.php?rest_route=\/wp\/v2\/pages\/426\/revisions"}],"predecessor-version":[{"id":2622,"href":"https:\/\/blogsaverroes.juntadeandalucia.es\/ceipsalazar\/index.php?rest_route=\/wp\/v2\/pages\/426\/revisions\/2622"}],"up":[{"embeddable":true,"href":"https:\/\/blogsaverroes.juntadeandalucia.es\/ceipsalazar\/index.php?rest_route=\/wp\/v2\/pages\/424"}],"wp:attachment":[{"href":"https:\/\/blogsaverroes.juntadeandalucia.es\/ceipsalazar\/index.php?rest_route=%2Fwp%2Fv2%2Fmedia&parent=426"}],"curies":[{"name":"wp","href":"https:\/\/api.w.org\/{rel}","templated":true}]}}