{"id":438,"date":"2015-03-20T07:09:31","date_gmt":"2015-03-20T07:09:31","guid":{"rendered":"http:\/\/blogsaverroes.juntadeandalucia.es\/pre\/ceip\/?page_id=438"},"modified":"2024-09-11T20:17:40","modified_gmt":"2024-09-11T20:17:40","slug":"materiales-recursos","status":"publish","type":"page","link":"https:\/\/blogsaverroes.juntadeandalucia.es\/ceipsalazar\/?page_id=438","title":{"rendered":"E.P. 3\u00ba ciclo. Materiales, recursos&#8230;"},"content":{"rendered":"<h4 style=\"text-align: center\">PROGRAMA DE GRATUIDAD DE LIBROS DE TEXTO RELACI\u00d3N DE LIBROS USADOS EN CADA MATERIA CURSO 2023\/2024 Y SIGUIENTES 3 CURSOS<\/h4>\n<h4>&nbsp;<\/h4>\n<table style=\"width: 95%\" width=\"95%\">\n<tbody>\n<tr>\n<td style=\"width: 98.5932%\" colspan=\"4\" width=\"699\"><strong>Curso 5\u00ba de Educaci\u00f3n Primaria<\/strong><\/td>\n<\/tr>\n<tr>\n<td style=\"width: 34.3494%\" width=\"101\"><strong>Nombre de la Materia<\/strong><\/td>\n<td style=\"width: 14.4197%\" width=\"101\"><strong>EAN<\/strong><\/td>\n<td style=\"width: 9.8476%\" width=\"138\"><strong>Editorial<\/strong><\/td>\n<td style=\"width: 39.9766%\" width=\"359\"><strong>T\u00edtulo del libro<\/strong><\/td>\n<\/tr>\n<tr>\n<td style=\"width: 34.3494%\" width=\"101\">Matem\u00e1ticas<\/td>\n<td style=\"width: 14.4197%\" width=\"101\">9788414302033<\/td>\n<td style=\"width: 9.8476%\" width=\"138\">Grupo Anaya, S.A.<\/td>\n<td style=\"width: 39.9766%\" width=\"359\">Lengua&nbsp;5.&nbsp;(Incluye&nbsp;Punto&nbsp;de&nbsp;lectura&nbsp;5.)<br \/>\nTRIMESTRAL<\/td>\n<\/tr>\n<tr>\n<td style=\"width: 34.3494%\" width=\"101\">Matem\u00e1ticas<\/td>\n<td style=\"width: 14.4197%\" width=\"101\">9788414302484<\/td>\n<td style=\"width: 9.8476%\" width=\"138\">Grupo Anaya, S.A.<\/td>\n<td style=\"width: 39.9766%\" width=\"359\">Matem\u00e1ticas&nbsp;5.&nbsp;(Incluye&nbsp;material&nbsp;manipulativo)<br \/>\nTRIMESTRAL<\/td>\n<\/tr>\n<tr>\n<td style=\"width: 34.3494%\" width=\"101\">Ingl\u00e9s (Primer Idioma)<\/td>\n<td style=\"width: 14.4197%\" width=\"101\">9780194073219<\/td>\n<td style=\"width: 9.8476%\" width=\"138\">Oxford University Press Espa\u00f1a, S.A.<\/td>\n<td style=\"width: 39.9766%\" width=\"359\">Open&nbsp;Up&nbsp;5.&nbsp;Class&nbsp;Book.&nbsp;Andalusian&nbsp;Edition<\/td>\n<\/tr>\n<tr>\n<td style=\"width: 34.3494%\" width=\"101\">Educaci\u00f3n F\u00edsica<\/td>\n<td style=\"width: 14.4197%\" width=\"101\">9788414304716<\/td>\n<td style=\"width: 9.8476%\" width=\"138\">Grupo Anaya, S.A.<\/td>\n<td style=\"width: 39.9766%\" width=\"359\">Educaci\u00f3n F\u00edsica 5<\/td>\n<\/tr>\n<tr>\n<td style=\"width: 34.3494%\" width=\"101\">Religi\u00f3n Cat\u00f3lica<\/td>\n<td style=\"width: 14.4197%\" width=\"101\">9788414313053<\/td>\n<td style=\"width: 9.8476%\" width=\"138\">Grupo Anaya, S.A.<\/td>\n<td style=\"width: 39.9766%\" width=\"359\">Religi\u00f3n Cat\u00f3lica 5<\/td>\n<\/tr>\n<tr>\n<td style=\"width: 34.3494%\" width=\"101\">Franc\u00e9s (Segundo Idioma)<\/td>\n<td style=\"width: 14.4197%\" width=\"101\">9788490498446<\/td>\n<td style=\"width: 9.8476%\" width=\"138\">Santillana Grazalema, S.L.<\/td>\n<td style=\"width: 39.9766%\" width=\"359\">nouveaux Defis Eleve Etape 1<\/td>\n<\/tr>\n<tr>\n<td style=\"width: 34.3494%\" width=\"101\">Conocimiento&nbsp;del&nbsp;Medio&nbsp;Natural&nbsp;Social&nbsp;y<br \/>\nCultural<\/td>\n<td style=\"width: 14.4197%\" width=\"101\">9788414303269<\/td>\n<td style=\"width: 9.8476%\" width=\"138\">Grupo Anaya, S.A.<\/td>\n<td style=\"width: 39.9766%\" width=\"359\">Conocimiento&nbsp;del&nbsp;medio&nbsp;5.&nbsp;+&nbsp;Science&nbsp;5.&nbsp;Dual<br \/>\nfocus.<\/td>\n<\/tr>\n<tr>\n<td style=\"width: 34.3494%\" width=\"101\">&nbsp;<\/td>\n<td style=\"width: 14.4197%\" width=\"101\">&nbsp;<\/td>\n<td style=\"width: 9.8476%\" width=\"138\">&nbsp;<\/td>\n<td style=\"width: 39.9766%\" width=\"359\">&nbsp;<\/td>\n<\/tr>\n<\/tbody>\n<\/table>\n<table style=\"width: 95%\" width=\"95%\">\n<tbody>\n<tr>\n<td style=\"width: 96.3659%\" colspan=\"4\" width=\"790\"><strong>Curso 6\u00ba de Educaci\u00f3n Primaria<\/strong><\/td>\n<\/tr>\n<tr>\n<td style=\"width: 25.9086%\" width=\"101\"><strong>Nombre de la Materia<\/strong><\/td>\n<td style=\"width: 22.7433%\" width=\"101\"><strong>EAN<\/strong><\/td>\n<td style=\"width: 9.8476%\" width=\"156\"><strong>Editorial<\/strong><\/td>\n<td style=\"width: 37.8664%\" width=\"431\"><strong>T\u00edtulo del libro<\/strong><\/td>\n<\/tr>\n<tr>\n<td style=\"width: 25.9086%\" width=\"101\">Lengua Castellana y Literatura<\/td>\n<td style=\"width: 22.7433%\" width=\"101\">9788414321959<\/td>\n<td style=\"width: 9.8476%\" width=\"156\">Grupo Anaya, S.A.<\/td>\n<td style=\"width: 37.8664%\" width=\"431\">Lengua&nbsp;6.(Incluye&nbsp;Punto&nbsp;de&nbsp;lectura&nbsp;6.)TRIMESTRAL<\/td>\n<\/tr>\n<tr>\n<td style=\"width: 25.9086%\" width=\"101\">Matem\u00e1ticas<\/td>\n<td style=\"width: 22.7433%\" width=\"101\">9788414322468<\/td>\n<td style=\"width: 9.8476%\" width=\"156\">Grupo Anaya, S.A.<\/td>\n<td style=\"width: 37.8664%\" width=\"431\">Matem\u00e1ticas&nbsp;6.&nbsp;(Incluye&nbsp;material&nbsp;manipulativo)<br \/>\nTRIMESTRAL<\/td>\n<\/tr>\n<tr>\n<td style=\"width: 25.9086%\" width=\"101\">Ingl\u00e9s (Primer Idioma)<\/td>\n<td style=\"width: 22.7433%\" width=\"101\">9780194073479<\/td>\n<td style=\"width: 9.8476%\" width=\"156\">Oxford University Press Espa\u00f1a, S.A.<\/td>\n<td style=\"width: 37.8664%\" width=\"431\">Open&nbsp;Up&nbsp;6.&nbsp;Class&nbsp;Book.&nbsp;Andalusian&nbsp;Edition<\/td>\n<\/tr>\n<tr>\n<td style=\"width: 25.9086%\" width=\"101\">Educaci\u00f3n F\u00edsica<\/td>\n<td style=\"width: 22.7433%\" width=\"101\">9788414324301<\/td>\n<td style=\"width: 9.8476%\" width=\"156\">Grupo Anaya, S.A.<\/td>\n<td style=\"width: 37.8664%\" width=\"431\">Educaci\u00f3n F\u00edsica 6<\/td>\n<\/tr>\n<tr>\n<td style=\"width: 25.9086%\" width=\"101\">Religi\u00f3n Cat\u00f3lica<\/td>\n<td style=\"width: 22.7433%\" width=\"101\">9788414324172<\/td>\n<td style=\"width: 9.8476%\" width=\"156\">Grupo Anaya, S.A<\/td>\n<td style=\"width: 37.8664%\" width=\"431\">Religi\u00f3n Cat\u00f3lica 6<\/td>\n<\/tr>\n<tr>\n<td style=\"width: 25.9086%\" width=\"101\">Franc\u00e9s (Segundo Idioma)<\/td>\n<td style=\"width: 22.7433%\" width=\"101\">9788490498453<\/td>\n<td style=\"width: 9.8476%\" width=\"156\">Santillana Grazalema, S.L.<\/td>\n<td style=\"width: 37.8664%\" width=\"431\">nouveaux Delfis Eleve Etape 2<\/td>\n<\/tr>\n<tr>\n<td style=\"width: 25.9086%\" width=\"101\">Educaci\u00f3n Art\u00edstica<\/td>\n<td style=\"width: 22.7433%\" width=\"101\">9788414331101<\/td>\n<td style=\"width: 9.8476%\" width=\"156\">Grupo Anaya, S.A.<\/td>\n<td style=\"width: 37.8664%\" width=\"431\">Music 6. Pupil&#8217;s Book<\/td>\n<\/tr>\n<tr>\n<td style=\"width: 25.9086%\" width=\"101\">Conocimiento&nbsp;del&nbsp;Medio&nbsp;Natural&nbsp;Social&nbsp;y<br \/>\nCultural<\/td>\n<td style=\"width: 22.7433%\" width=\"101\">9788414322789<\/td>\n<td style=\"width: 9.8476%\" width=\"156\">Grupo Anaya, S.A.<\/td>\n<td style=\"width: 37.8664%\" width=\"431\">Conocimiento&nbsp;del&nbsp;medio&nbsp;6.&nbsp;+&nbsp;Science&nbsp;6.&nbsp;Dual<br \/>\nfocus<\/td>\n<\/tr>\n<tr>\n<td style=\"width: 25.9086%\" width=\"101\">Educaci\u00f3n en Valores C\u00edvicos y \u00c9ticos<\/td>\n<td style=\"width: 22.7433%\" width=\"101\">9788414304662<\/td>\n<td style=\"width: 9.8476%\" width=\"156\">Grupo Anaya, S.A.<\/td>\n<td style=\"width: 37.8664%\" width=\"431\">Educaci\u00f3n en Valores C\u00edvicos y \u00c9ticos<\/td>\n<\/tr>\n<tr>\n<td style=\"width: 25.9086%\" width=\"101\">&nbsp;<\/td>\n<td style=\"width: 22.7433%\" width=\"101\">&nbsp;<\/td>\n<td style=\"width: 9.8476%\" width=\"156\">&nbsp;<\/td>\n<td style=\"width: 37.8664%\" width=\"431\">&nbsp;<\/td>\n<\/tr>\n<\/tbody>\n<\/table>\n<p>&nbsp;<\/p>\n","protected":false},"excerpt":{"rendered":"<p>PROGRAMA DE GRATUIDAD DE LIBROS DE TEXTO RELACI\u00d3N DE LIBROS USADOS EN CADA MATERIA CURSO 2023\/2024 Y SIGUIENTES 3 CURSOS &nbsp; Curso 5\u00ba de Educaci\u00f3n Primaria Nombre de la Materia EAN Editorial T\u00edtulo del&#46;&#46;&#46;<\/p>\n","protected":false},"author":1,"featured_media":0,"parent":436,"menu_order":0,"comment_status":"closed","ping_status":"open","template":"page-sc.php","meta":{"ngg_post_thumbnail":0,"footnotes":"","_mc_calendar":[]},"aioseo_notices":[],"_links":{"self":[{"href":"https:\/\/blogsaverroes.juntadeandalucia.es\/ceipsalazar\/index.php?rest_route=\/wp\/v2\/pages\/438"}],"collection":[{"href":"https:\/\/blogsaverroes.juntadeandalucia.es\/ceipsalazar\/index.php?rest_route=\/wp\/v2\/pages"}],"about":[{"href":"https:\/\/blogsaverroes.juntadeandalucia.es\/ceipsalazar\/index.php?rest_route=\/wp\/v2\/types\/page"}],"author":[{"embeddable":true,"href":"https:\/\/blogsaverroes.juntadeandalucia.es\/ceipsalazar\/index.php?rest_route=\/wp\/v2\/users\/1"}],"replies":[{"embeddable":true,"href":"https:\/\/blogsaverroes.juntadeandalucia.es\/ceipsalazar\/index.php?rest_route=%2Fwp%2Fv2%2Fcomments&post=438"}],"version-history":[{"count":17,"href":"https:\/\/blogsaverroes.juntadeandalucia.es\/ceipsalazar\/index.php?rest_route=\/wp\/v2\/pages\/438\/revisions"}],"predecessor-version":[{"id":2710,"href":"https:\/\/blogsaverroes.juntadeandalucia.es\/ceipsalazar\/index.php?rest_route=\/wp\/v2\/pages\/438\/revisions\/2710"}],"up":[{"embeddable":true,"href":"https:\/\/blogsaverroes.juntadeandalucia.es\/ceipsalazar\/index.php?rest_route=\/wp\/v2\/pages\/436"}],"wp:attachment":[{"href":"https:\/\/blogsaverroes.juntadeandalucia.es\/ceipsalazar\/index.php?rest_route=%2Fwp%2Fv2%2Fmedia&parent=438"}],"curies":[{"name":"wp","href":"https:\/\/api.w.org\/{rel}","templated":true}]}}