{"id":872,"date":"2015-03-16T12:50:42","date_gmt":"2015-03-16T12:50:42","guid":{"rendered":"http:\/\/blogsaverroes.juntadeandalucia.es\/pre\/ceip\/?page_id=120"},"modified":"2017-11-27T12:46:15","modified_gmt":"2017-11-27T12:46:15","slug":"contactar","status":"publish","type":"page","link":"https:\/\/blogsaverroes.juntadeandalucia.es\/ceipsalazar\/?page_id=872","title":{"rendered":"Contactar"},"content":{"rendered":"<p><strong>Direcci\u00f3n postal del colegio<\/strong>:&nbsp;<\/p>\n<p>Calle Federico Garc\u00eda Lorca, n\u00ba 2 &#8211; 23440 Baeza (Ja\u00e9n)<\/p>\n<p><strong>Situaci\u00f3n<\/strong> (<a title=\"Situaci\u00f3n CEIP \u00c1ngel L\u00f3pez Salazar\" href=\"https:\/\/www.google.es\/maps\/place\/Colegio+P%C3%BAblico+Angel+L%C3%B3pez+Salazar\/@37.9971263,-3.4686776,17z\/data=!3m1!4b1!4m5!3m4!1s0xd6e8b9e8022aa37:0xcc97176ce0781688!8m2!3d37.9971263!4d-3.4664889\" target=\"_blank\" rel=\"noopener\">PINCHAR AQU\u00cd)<\/a><\/p>\n<p><strong>Tel\u00e9fono de Secretar\u00eda<\/strong>:<\/p>\n<p>671536498 &#8211; corporativo: 636498<\/p>\n<p><strong>Tel\u00e9fono de Direcci\u00f3n<\/strong>:<\/p>\n<p>957779900 &#8211; corporativo: 287900<\/p>\n<p><strong>Fax<\/strong>:<\/p>\n<p>953779902 &#8211; corporativo: 287902<\/p>\n<p><strong>E-mail<\/strong>:&nbsp;<\/p>\n<p>23000805.edu@juntadeandalucia.es<\/p>\n","protected":false},"excerpt":{"rendered":"<p>Direcci\u00f3n postal del colegio:&nbsp; Calle Federico Garc\u00eda Lorca, n\u00ba 2 &#8211; 23440 Baeza (Ja\u00e9n) Situaci\u00f3n (PINCHAR AQU\u00cd) Tel\u00e9fono de Secretar\u00eda: 671536498 &#8211; corporativo: 636498 Tel\u00e9fono de Direcci\u00f3n: 957779900 &#8211; corporativo: 287900 Fax: 953779902 &#8211;&#46;&#46;&#46;<\/p>\n","protected":false},"author":1,"featured_media":0,"parent":0,"menu_order":0,"comment_status":"closed","ping_status":"open","template":"page-cs.php","meta":{"ngg_post_thumbnail":0,"footnotes":"","_mc_calendar":[]},"aioseo_notices":[],"_links":{"self":[{"href":"https:\/\/blogsaverroes.juntadeandalucia.es\/ceipsalazar\/index.php?rest_route=\/wp\/v2\/pages\/872"}],"collection":[{"href":"https:\/\/blogsaverroes.juntadeandalucia.es\/ceipsalazar\/index.php?rest_route=\/wp\/v2\/pages"}],"about":[{"href":"https:\/\/blogsaverroes.juntadeandalucia.es\/ceipsalazar\/index.php?rest_route=\/wp\/v2\/types\/page"}],"author":[{"embeddable":true,"href":"https:\/\/blogsaverroes.juntadeandalucia.es\/ceipsalazar\/index.php?rest_route=\/wp\/v2\/users\/1"}],"replies":[{"embeddable":true,"href":"https:\/\/blogsaverroes.juntadeandalucia.es\/ceipsalazar\/index.php?rest_route=%2Fwp%2Fv2%2Fcomments&post=872"}],"version-history":[{"count":10,"href":"https:\/\/blogsaverroes.juntadeandalucia.es\/ceipsalazar\/index.php?rest_route=\/wp\/v2\/pages\/872\/revisions"}],"predecessor-version":[{"id":2185,"href":"https:\/\/blogsaverroes.juntadeandalucia.es\/ceipsalazar\/index.php?rest_route=\/wp\/v2\/pages\/872\/revisions\/2185"}],"wp:attachment":[{"href":"https:\/\/blogsaverroes.juntadeandalucia.es\/ceipsalazar\/index.php?rest_route=%2Fwp%2Fv2%2Fmedia&parent=872"}],"curies":[{"name":"wp","href":"https:\/\/api.w.org\/{rel}","templated":true}]}}