{"id":1725,"date":"2015-05-21T19:52:41","date_gmt":"2015-05-21T19:52:41","guid":{"rendered":"http:\/\/blogsaverroes.juntadeandalucia.es\/temahueman\/?page_id=1725"},"modified":"2021-04-12T16:22:13","modified_gmt":"2021-04-12T16:22:13","slug":"informacion","status":"publish","type":"page","link":"https:\/\/blogsaverroes.juntadeandalucia.es\/ceipsalvadorvinuesa\/informacion\/","title":{"rendered":"Informaci\u00f3n"},"content":{"rendered":"<table style=\"height: 302px\" width=\"637\">\n<tbody>\n<tr>\n<td style=\"background-color: #732c7c\">\n<h5 align=\"justify\"><span style=\"color: #ffffff\"><strong>Este Blog pretende servir de ejemplo de sitio Web de un centro educativo.<\/strong><\/span><\/h5>\n<\/td>\n<\/tr>\n<tr>\n<td style=\"text-align: left\">\n<div id=\"wysiwyg\">\n<div class=\"ajaxbloc ajax-id-wysiwyg bind-ajaxReload\" data-ajax-env=\"g0GezFrkRn2FnZeh+wU7Zme9J2GRC0cFj5Euirsyak92yIPIq369lqxuqT5YYKKhT7OibZWoMZpMkwRak4re3AXnAHkkVrgLMZDWHnsMRckNJff5KyvnuDzkJ8U\/Jd9zWNiXAI47ND\/YlVauR6pFPdXn4L6M7Ls+HIIS81xR4Rn6egFGciaM5wozNA3W\" data-origin=\".\/?exec=article&amp;id_article=552\">\n<div class=\"champ contenu_texte\">\n<div class=\"texte\" dir=\"ltr\">\n<p>En la siguiente entrada presentamos informaci\u00f3n relevante sobre nuestro centro, C.E.I.P. Salvador Vinuesa:<\/p>\n<ul class=\"spip\">\n<li>En primer lugar:<\/li>\n<\/ul>\n<p><strong>Carta dirigida a las familias<\/strong> interesadas en solicitar plaza para su hijo o hija en el C.E.I.P. Salvador Vinuesa, con enlace de acceso para reuni\u00f3n telem\u00e1tica que tendr\u00e1 lugar el jueves 4 de marzo a las 18:00h.<\/p>\n<dl class=\"spip_document_1309 spip_documents spip_documents_center\">\n<dt><a title=\"PDF - 105.9 KB\" href=\"http:\/\/www.salvadorvinuesa.es\/IMG\/pdf\/carta_nuevas_fam_web_def_fir-2.pdf\"><img loading=\"lazy\" decoding=\"async\" src=\"http:\/\/www.salvadorvinuesa.es\/local\/cache-vignettes\/L52xH52\/pdf-d306e.png?1615491558\" alt=\"PDF - 105.9&nbsp;KB\" width=\"52\" height=\"52\"><\/a><\/dt>\n<\/dl>\n<ul class=\"spip\">\n<li>En segundo lugar:<\/li>\n<\/ul>\n<p><strong>V\u00eddeo<\/strong> con el que les damos a conocer las <strong>instalaciones<\/strong> de nuestro centro:<\/p>\n<p><a class=\"spip_url spip_out auto\" href=\"https:\/\/youtu.be\/OZhEIvRZ0ZY\" rel=\"nofollow external\">https:\/\/youtu.be\/OZhEIvRZ0ZY<\/a><\/p>\n<ul class=\"spip\">\n<li>En tercer lugar:<\/li>\n<\/ul>\n<p><strong>D\u00edptico informativo<\/strong> de los Planes, Proyectos y actividades que se llevan a cabo y que le otorgan sus se\u00f1as identidad.<\/p>\n<dl class=\"spip_document_1310 spip_documents spip_documents_center\">\n<dt><a title=\"PDF - 758.7 KB\" href=\"http:\/\/www.salvadorvinuesa.es\/IMG\/pdf\/diptico_proyectos_2021-2.pdf\"><img loading=\"lazy\" decoding=\"async\" src=\"http:\/\/www.salvadorvinuesa.es\/local\/cache-vignettes\/L52xH52\/pdf-d306e.png?1615491558\" alt=\"PDF - 758.7&nbsp;KB\" width=\"52\" height=\"52\"><\/a><\/dt>\n<\/dl>\n<p>Les ser\u00e1 de utilidad:<\/p>\n<ul class=\"spip\">\n<li><strong>Normativa de Escolarizaci\u00f3n<\/strong> 2021\/22.\n<dl class=\"spip_document_1317 spip_documents spip_documents_center\">\n<dt><a title=\"PDF - 795.2 KB\" href=\"http:\/\/www.salvadorvinuesa.es\/IMG\/pdf\/decreto_21-2020.pdf\"><img loading=\"lazy\" decoding=\"async\" src=\"http:\/\/www.salvadorvinuesa.es\/local\/cache-vignettes\/L52xH52\/pdf-d306e.png?1615491558\" alt=\"PDF - 795.2&nbsp;KB\" width=\"52\" height=\"52\"><\/a><\/dt>\n<\/dl>\n<dl class=\"spip_document_1316 spip_documents spip_documents_center\">\n<dt><a title=\"PDF - 1.3 MB\" href=\"http:\/\/www.salvadorvinuesa.es\/IMG\/pdf\/orden_20_febrero_2020.pdf\"><img loading=\"lazy\" decoding=\"async\" src=\"http:\/\/www.salvadorvinuesa.es\/local\/cache-vignettes\/L52xH52\/pdf-d306e.png?1615491558\" alt=\"PDF - 1.3&nbsp;MB\" width=\"52\" height=\"52\"><\/a><\/dt>\n<\/dl>\n<\/li>\n<\/ul>\n<ul class=\"spip\">\n<li>Impreso de <strong>solicitud de centros<\/strong> para el curso 2021\/22.\n<dl class=\"spip_document_1391 spip_documents spip_documents_center\">\n<dt><a title=\"PDF - 211.6 KB\" href=\"http:\/\/www.salvadorvinuesa.es\/IMG\/pdf\/impreso_solicitud_admision_anexo_iii-2.pdf\"><img loading=\"lazy\" decoding=\"async\" src=\"http:\/\/www.salvadorvinuesa.es\/local\/cache-vignettes\/L52xH52\/pdf-d306e.png?1615491558\" alt=\"PDF - 211.6&nbsp;KB\" width=\"52\" height=\"52\"><\/a><\/dt>\n<\/dl>\n<\/li>\n<li><strong> Mapa del \u00e1rea de influencia<\/strong> de nuestro Centro.\n<dl class=\"spip_document_1392 spip_documents spip_documents_center\">\n<dt><a title=\"PDF - 1.8 MB\" href=\"http:\/\/www.salvadorvinuesa.es\/IMG\/pdf\/mapa_admision_21-22-2.pdf\"><img loading=\"lazy\" decoding=\"async\" src=\"http:\/\/www.salvadorvinuesa.es\/local\/cache-vignettes\/L52xH52\/pdf-d306e.png?1615491558\" alt=\"PDF - 1.8&nbsp;MB\" width=\"52\" height=\"52\"><\/a><\/dt>\n<\/dl>\n<\/li>\n<li><strong>Informe <\/strong> detallado <strong>de los viales<\/strong> que pertenecen al \u00e1rea de influencia del C.E.I.P. Salvador Vinuesa.\n<dl class=\"spip_document_1393 spip_documents spip_documents_center\">\n<dt><a title=\"PDF - 72.9 KB\" href=\"http:\/\/www.salvadorvinuesa.es\/IMG\/pdf\/viales_admision_21-22-2.pdf\"><img loading=\"lazy\" decoding=\"async\" src=\"http:\/\/www.salvadorvinuesa.es\/local\/cache-vignettes\/L52xH52\/pdf-d306e.png?1615491558\" alt=\"PDF - 72.9&nbsp;KB\" width=\"52\" height=\"52\"><\/a><\/dt>\n<\/dl>\n<\/li>\n<li><strong>Procedimiento de admisi\u00f3n<\/strong> para el curso 2021\/22 en el que se expone: <img loading=\"lazy\" decoding=\"async\" class=\"br-auto\" title=\"Volver a l\u00ednea autom\u00e1tica\" src=\"http:\/\/www.salvadorvinuesa.es\/local\/cache-vignettes\/L10xH10\/br-auto-10-8beb9.png?1615491576\" alt=\"Volver a l\u00ednea autom\u00e1tica\" width=\"10\" height=\"10\"><br class=\"autobr\">a) Centro adscrito a nuestro centro para la etapa de Ense\u00f1anza Secundaria. <img loading=\"lazy\" decoding=\"async\" class=\"br-auto\" title=\"Volver a l\u00ednea autom\u00e1tica\" src=\"http:\/\/www.salvadorvinuesa.es\/local\/cache-vignettes\/L10xH10\/br-auto-10-8beb9.png?1615491576\" alt=\"Volver a l\u00ednea autom\u00e1tica\" width=\"10\" height=\"10\"><br class=\"autobr\">b) Plazas vacantes ofertadas en nuestro Centro para el curso 2021\/22. <img loading=\"lazy\" decoding=\"async\" class=\"br-auto\" title=\"Volver a l\u00ednea autom\u00e1tica\" src=\"http:\/\/www.salvadorvinuesa.es\/local\/cache-vignettes\/L10xH10\/br-auto-10-8beb9.png?1615491576\" alt=\"Volver a l\u00ednea autom\u00e1tica\" width=\"10\" height=\"10\"><br class=\"autobr\">c) N\u00famero de plazas admitidas en los servicios de comedor, aula matinal y <img loading=\"lazy\" decoding=\"async\" class=\"br-auto\" title=\"Volver a l\u00ednea autom\u00e1tica\" src=\"http:\/\/www.salvadorvinuesa.es\/local\/cache-vignettes\/L10xH10\/br-auto-10-8beb9.png?1615491576\" alt=\"Volver a l\u00ednea autom\u00e1tica\" width=\"10\" height=\"10\"><br class=\"autobr\">actividades extraescolares.\n<dl class=\"spip_document_1394 spip_documents spip_documents_center\">\n<dt><a title=\"PDF - 35.6 KB\" href=\"http:\/\/www.salvadorvinuesa.es\/IMG\/pdf\/doc._publicacion_admision-2.pdf\"><img loading=\"lazy\" decoding=\"async\" src=\"http:\/\/www.salvadorvinuesa.es\/local\/cache-vignettes\/L52xH52\/pdf-d306e.png?1615491558\" alt=\"PDF - 35.6&nbsp;KB\" width=\"52\" height=\"52\"><\/a><\/dt>\n<\/dl>\n<\/li>\n<li>Acceso al <strong>Portal de Escolarizaci\u00f3n<\/strong>.<img loading=\"lazy\" decoding=\"async\" class=\"br-auto\" title=\"Volver a l\u00ednea autom\u00e1tica\" src=\"http:\/\/www.salvadorvinuesa.es\/local\/cache-vignettes\/L10xH10\/br-auto-10-8beb9.png?1615491576\" alt=\"Volver a l\u00ednea autom\u00e1tica\" width=\"10\" height=\"10\"><br class=\"autobr\"><a class=\"spip_url spip_out auto\" href=\"https:\/\/www.juntadeandalucia.es\/educacion\/portals\/web\/escolarizacion\" rel=\"nofollow external\">https:\/\/www.juntadeandalucia.es\/educacion\/portals\/web\/escolarizacion<\/a><\/li>\n<\/ul>\n<p>Esperamos les sea \u00fatil la informaci\u00f3n aportada<\/p>\n<\/div>\n<\/div>\n<\/div>\n<\/div>\n<div class=\"nettoyeur\">&nbsp;<\/div>\n<p><span class=\"icone s24 verticale right ajax preload article-edit-24\"><a class=\"ajax preload bind-ajax\" title=\"Modificar este art\u00edculo\" href=\"http:\/\/www.salvadorvinuesa.es\/ecrire\/?exec=article_edit&amp;id_article=552\"><img loading=\"lazy\" decoding=\"async\" src=\"http:\/\/www.salvadorvinuesa.es\/prive\/themes\/spip\/images\/article-edit-24.png\" alt=\"Modificar este art\u00edculo\" width=\"24\" height=\"24\"><b>Modificar este art\u00edculo<\/b><\/a><\/span><\/p>\n<div class=\"nettoyeur\">&nbsp;<\/div>\n<div class=\"ajaxbloc ajax-id-documents bind-ajaxReload\" data-ajax-env=\"UwMiqF30Wrgbg5J+KVnRnZ4oUxO6VKMfnAgmJ5D5+BlMPH1Df7ykrkr3tHXct9SmBkgJfjlDkJKtw7Hc80HDdEwE\/fB2DLMsJBGEfIOPFGS63aMMB9KUgy6Eg83ZW6xq7eGlI4ql\/imtdpEbT5Cecgno6OIcs56fSncBXYu2STDL\/W3pok+MmkPYzuXCHFPsAIBAY\/BnI4vstBLD1pzUGtsJymRjI5cIoKif3LHkQfz7caX\/AVWskKfs+wn\/xJ9VkMZ35E\/4ZbfFtJSYs+uRTUKIvJLEI5Yfy7OniBD\/3SGkqks=\" data-origin=\".\/?exec=article&amp;id_article=552\">\n<div id=\"portfolios\" class=\"portfolios\">\n<h3>Documentos<\/h3>\n<div id=\"documents\" class=\"liste_items documents\">\n<div id=\"doc1309\" class=\"item document vu_oui statut_publie\">\n<div class=\"vignette\"><a title=\"PDF - 105.9 KB\" href=\"http:\/\/www.salvadorvinuesa.es\/IMG\/pdf\/carta_nuevas_fam_web_def_fir-2.pdf\"><img loading=\"lazy\" decoding=\"async\" class=\"spip_logo spip_logos\" src=\"http:\/\/www.salvadorvinuesa.es\/local\/cache-vignettes\/L52xH52\/pdf-d306e-f8b9b.png?1615491558\" alt=\"\" width=\"52\" height=\"52\"><\/a><\/div>\n<h4 class=\"titrem\"><img loading=\"lazy\" decoding=\"async\" title=\"Introducido en el texto\" src=\"http:\/\/www.salvadorvinuesa.es\/plugins-dist\/medias\/prive\/themes\/spip\/images\/vu-16-10.png\" alt=\"Introducido en el texto\" width=\"16\" height=\"10\"> <span class=\"fichier\">carta_nuevas_fam_web_def_fir-2.pdf<\/span> <span class=\"titre\"><i class=\"sanstitre\">Sin t\u00edtulo<\/i><\/span><\/h4>\n<div class=\"infos\">N\u00b0&nbsp;1309 &#8211; pdf (105.9&nbsp;KB)<\/div>\n<div class=\"actions\">\n<div>&nbsp;<\/div>\n<\/div>\n<\/div>\n<\/div>\n<\/div>\n<\/div>\n<div id=\"doc1309\" class=\"item document vu_oui statut_publie\">\n<div class=\"actions\"><a class=\"editbox nobox\" role=\"button\" href=\"http:\/\/www.salvadorvinuesa.es\/ecrire\/?exec=document_edit&amp;id_document=1309\" target=\"_blank\" rel=\"noopener noreferrer\">Modificar<\/a><\/div>\n<div class=\"nettoyeur\">&nbsp;<\/div>\n<\/div>\n<div id=\"doc1310\" class=\"item document vu_oui statut_publie\">\n<div class=\"vignette\"><a title=\"PDF - 758.7 KB\" href=\"http:\/\/www.salvadorvinuesa.es\/IMG\/pdf\/diptico_proyectos_2021-2.pdf\"><img loading=\"lazy\" decoding=\"async\" class=\"spip_logo spip_logos\" src=\"http:\/\/www.salvadorvinuesa.es\/local\/cache-vignettes\/L52xH52\/pdf-d306e-f8b9b.png?1615491558\" alt=\"\" width=\"52\" height=\"52\"><\/a><\/div>\n<h4 class=\"titrem\"><img loading=\"lazy\" decoding=\"async\" title=\"Introducido en el texto\" src=\"http:\/\/www.salvadorvinuesa.es\/plugins-dist\/medias\/prive\/themes\/spip\/images\/vu-16-10.png\" alt=\"Introducido en el texto\" width=\"16\" height=\"10\"> <span class=\"fichier\">diptico_proyectos_2021-2.pdf<\/span> <span class=\"titre\"><i class=\"sanstitre\">Sin t\u00edtulo<\/i><\/span><\/h4>\n<div class=\"infos\">N\u00b0&nbsp;1310 &#8211; pdf (758.7&nbsp;KB)<\/div>\n<div class=\"actions\">\n<div>&nbsp;<\/div>\n<\/div>\n<\/div>\n<div id=\"doc1310\" class=\"item document vu_oui statut_publie\">\n<div class=\"actions\"><a class=\"editbox nobox\" role=\"button\" href=\"http:\/\/www.salvadorvinuesa.es\/ecrire\/?exec=document_edit&amp;id_document=1310\" target=\"_blank\" rel=\"noopener noreferrer\">Modificar<\/a><\/div>\n<div class=\"nettoyeur\">&nbsp;<\/div>\n<\/div>\n<div id=\"doc1316\" class=\"item document vu_oui statut_publie\">\n<div class=\"vignette\"><a title=\"PDF - 1.3 MB\" href=\"http:\/\/www.salvadorvinuesa.es\/IMG\/pdf\/orden_20_febrero_2020.pdf\"><img loading=\"lazy\" decoding=\"async\" class=\"spip_logo spip_logos\" src=\"http:\/\/www.salvadorvinuesa.es\/local\/cache-vignettes\/L52xH52\/pdf-d306e-f8b9b.png?1615491558\" alt=\"\" width=\"52\" height=\"52\"><\/a><\/div>\n<h4 class=\"titrem\"><img loading=\"lazy\" decoding=\"async\" title=\"Introducido en el texto\" src=\"http:\/\/www.salvadorvinuesa.es\/plugins-dist\/medias\/prive\/themes\/spip\/images\/vu-16-10.png\" alt=\"Introducido en el texto\" width=\"16\" height=\"10\"> <span class=\"fichier\">orden_20_febrero_2020.pdf<\/span> <span class=\"titre\"><i class=\"sanstitre\">Sin t\u00edtulo<\/i><\/span><\/h4>\n<div class=\"infos\">N\u00b0&nbsp;1316 &#8211; pdf (1.3&nbsp;MB)<\/div>\n<div class=\"actions\">\n<div>&nbsp;<\/div>\n<\/div>\n<\/div>\n<div id=\"doc1316\" class=\"item document vu_oui statut_publie\">\n<div class=\"actions\"><a class=\"editbox nobox\" role=\"button\" href=\"http:\/\/www.salvadorvinuesa.es\/ecrire\/?exec=document_edit&amp;id_document=1316\" target=\"_blank\" rel=\"noopener noreferrer\">Modificar<\/a><\/div>\n<div class=\"nettoyeur\">&nbsp;<\/div>\n<\/div>\n<div id=\"doc1317\" class=\"item document vu_oui statut_publie\">\n<div class=\"vignette\"><a title=\"PDF - 795.2 KB\" href=\"http:\/\/www.salvadorvinuesa.es\/IMG\/pdf\/decreto_21-2020.pdf\"><img loading=\"lazy\" decoding=\"async\" class=\"spip_logo spip_logos\" src=\"http:\/\/www.salvadorvinuesa.es\/local\/cache-vignettes\/L52xH52\/pdf-d306e-f8b9b.png?1615491558\" alt=\"\" width=\"52\" height=\"52\"><\/a><\/div>\n<h4 class=\"titrem\"><img loading=\"lazy\" decoding=\"async\" title=\"Introducido en el texto\" src=\"http:\/\/www.salvadorvinuesa.es\/plugins-dist\/medias\/prive\/themes\/spip\/images\/vu-16-10.png\" alt=\"Introducido en el texto\" width=\"16\" height=\"10\"> <span class=\"fichier\">decreto_21-2020.pdf<\/span> <span class=\"titre\"><i class=\"sanstitre\">Sin t\u00edtulo<\/i><\/span><\/h4>\n<div class=\"infos\">N\u00b0&nbsp;1317 &#8211; pdf (795.2&nbsp;KB)<\/div>\n<div class=\"actions\">\n<div>&nbsp;<\/div>\n<\/div>\n<\/div>\n<div id=\"doc1317\" class=\"item document vu_oui statut_publie\">\n<div class=\"actions\"><a class=\"editbox nobox\" role=\"button\" href=\"http:\/\/www.salvadorvinuesa.es\/ecrire\/?exec=document_edit&amp;id_document=1317\" target=\"_blank\" rel=\"noopener noreferrer\">Modificar<\/a><\/div>\n<div class=\"nettoyeur\">&nbsp;<\/div>\n<\/div>\n<div id=\"doc1391\" class=\"item document vu_oui statut_publie\">\n<div class=\"vignette\"><a title=\"PDF - 211.6 KB\" href=\"http:\/\/www.salvadorvinuesa.es\/IMG\/pdf\/impreso_solicitud_admision_anexo_iii-2.pdf\"><img loading=\"lazy\" decoding=\"async\" class=\"spip_logo spip_logos\" src=\"http:\/\/www.salvadorvinuesa.es\/local\/cache-vignettes\/L52xH52\/pdf-d306e-f8b9b.png?1615491558\" alt=\"\" width=\"52\" height=\"52\"><\/a><\/div>\n<h4 class=\"titrem\"><img loading=\"lazy\" decoding=\"async\" title=\"Introducido en el texto\" src=\"http:\/\/www.salvadorvinuesa.es\/plugins-dist\/medias\/prive\/themes\/spip\/images\/vu-16-10.png\" alt=\"Introducido en el texto\" width=\"16\" height=\"10\"> <span class=\"fichier\">impreso_solicitud_admision_anexo_iii-2.pdf<\/span> <span class=\"titre\"><i class=\"sanstitre\">Sin t\u00edtulo<\/i><\/span><\/h4>\n<div class=\"infos\">N\u00b0&nbsp;1391 &#8211; pdf (211.6&nbsp;KB)<\/div>\n<div class=\"actions\">\n<div>&nbsp;<\/div>\n<\/div>\n<\/div>\n<div id=\"doc1391\" class=\"item document vu_oui statut_publie\">\n<div class=\"actions\"><a class=\"editbox nobox\" role=\"button\" href=\"http:\/\/www.salvadorvinuesa.es\/ecrire\/?exec=document_edit&amp;id_document=1391\" target=\"_blank\" rel=\"noopener noreferrer\">Modificar<\/a><\/div>\n<div class=\"nettoyeur\">&nbsp;<\/div>\n<\/div>\n<div id=\"doc1392\" class=\"item document vu_oui statut_publie\">\n<div class=\"vignette\"><a title=\"PDF - 1.8 MB\" href=\"http:\/\/www.salvadorvinuesa.es\/IMG\/pdf\/mapa_admision_21-22-2.pdf\"><img loading=\"lazy\" decoding=\"async\" class=\"spip_logo spip_logos\" src=\"http:\/\/www.salvadorvinuesa.es\/local\/cache-vignettes\/L52xH52\/pdf-d306e-f8b9b.png?1615491558\" alt=\"\" width=\"52\" height=\"52\"><\/a><\/div>\n<h4 class=\"titrem\"><img loading=\"lazy\" decoding=\"async\" title=\"Introducido en el texto\" src=\"http:\/\/www.salvadorvinuesa.es\/plugins-dist\/medias\/prive\/themes\/spip\/images\/vu-16-10.png\" alt=\"Introducido en el texto\" width=\"16\" height=\"10\"> <span class=\"fichier\">mapa_admision_21-22-2.pdf<\/span> <span class=\"titre\"><i class=\"sanstitre\">Sin t\u00edtulo<\/i><\/span><\/h4>\n<div class=\"infos\">N\u00b0&nbsp;1392 &#8211; pdf (1.8&nbsp;MB)<\/div>\n<div class=\"actions\">\n<div>&nbsp;<\/div>\n<\/div>\n<\/div>\n<div id=\"doc1392\" class=\"item document vu_oui statut_publie\">\n<div class=\"actions\"><a class=\"editbox nobox\" role=\"button\" href=\"http:\/\/www.salvadorvinuesa.es\/ecrire\/?exec=document_edit&amp;id_document=1392\" target=\"_blank\" rel=\"noopener noreferrer\">Modificar<\/a><\/div>\n<div class=\"nettoyeur\">&nbsp;<\/div>\n<\/div>\n<div id=\"doc1393\" class=\"item document vu_oui statut_publie\">\n<div class=\"vignette\"><a title=\"PDF - 72.9 KB\" href=\"http:\/\/www.salvadorvinuesa.es\/IMG\/pdf\/viales_admision_21-22-2.pdf\"><img loading=\"lazy\" decoding=\"async\" class=\"spip_logo spip_logos\" src=\"http:\/\/www.salvadorvinuesa.es\/local\/cache-vignettes\/L52xH52\/pdf-d306e-f8b9b.png?1615491558\" alt=\"\" width=\"52\" height=\"52\"><\/a><\/div>\n<h4 class=\"titrem\"><img loading=\"lazy\" decoding=\"async\" title=\"Introducido en el texto\" src=\"http:\/\/www.salvadorvinuesa.es\/plugins-dist\/medias\/prive\/themes\/spip\/images\/vu-16-10.png\" alt=\"Introducido en el texto\" width=\"16\" height=\"10\"> <span class=\"fichier\">viales_admision_21-22-2.pdf<\/span> <span class=\"titre\"><i class=\"sanstitre\">Sin t\u00edtulo<\/i><\/span><\/h4>\n<div class=\"infos\">N\u00b0&nbsp;1393 &#8211; pdf (72.9&nbsp;KB)<\/div>\n<div class=\"actions\">\n<div>&nbsp;<\/div>\n<\/div>\n<\/div>\n<div id=\"doc1393\" class=\"item document vu_oui statut_publie\">\n<div class=\"actions\"><a class=\"editbox nobox\" role=\"button\" href=\"http:\/\/www.salvadorvinuesa.es\/ecrire\/?exec=document_edit&amp;id_document=1393\" target=\"_blank\" rel=\"noopener noreferrer\">Modificar<\/a><\/div>\n<div class=\"nettoyeur\">&nbsp;<\/div>\n<\/div>\n<div id=\"doc1394\" class=\"item document vu_oui statut_publie\">\n<div class=\"vignette\"><a title=\"PDF - 35.6 KB\" href=\"http:\/\/www.salvadorvinuesa.es\/IMG\/pdf\/doc._publicacion_admision-2.pdf\"><img loading=\"lazy\" decoding=\"async\" class=\"spip_logo spip_logos\" src=\"http:\/\/www.salvadorvinuesa.es\/local\/cache-vignettes\/L52xH52\/pdf-d306e-f8b9b.png?1615491558\" alt=\"\" width=\"52\" height=\"52\"><\/a><\/div>\n<h4 class=\"titrem\"><img loading=\"lazy\" decoding=\"async\" title=\"Introducido en el texto\" src=\"http:\/\/www.salvadorvinuesa.es\/plugins-dist\/medias\/prive\/themes\/spip\/images\/vu-16-10.png\" alt=\"Introducido en el texto\" width=\"16\" height=\"10\"> <span class=\"fichier\">doc._publicacion_admision-2.pdf<\/span> <span class=\"titre\"><i class=\"sanstitre\">Sin t\u00edtulo<\/i><\/span><\/h4>\n<div class=\"infos\">N\u00b0&nbsp;1394 &#8211; pdf (35.6&nbsp;KB)<\/div>\n<div class=\"actions\">\n<div>&nbsp;<\/div>\n<\/div>\n<\/div>\n<div id=\"doc1394\" class=\"item document vu_oui statut_publie\">\n<div class=\"actions\"><a class=\"editbox nobox\" role=\"button\" href=\"http:\/\/www.salvadorvinuesa.es\/ecrire\/?exec=document_edit&amp;id_document=1394\" target=\"_blank\" rel=\"noopener noreferrer\">Modificar<\/a><\/div>\n<div class=\"nettoyeur\">&nbsp;<\/div>\n<\/div>\n<div>&nbsp;<\/div>\n<div id=\"conteneur\" class=\"\">\n<div id=\"contenu\" role=\"main\">\n<div class=\"ajaxbloc ajax-id-contenu bind-ajaxReload\" data-ajax-env=\"UwOuqF3kRnnLlLmYA3ySCwaUglawmXrEkpafV477uGxXX8WVGsLFTVlLj7OcUxiOjUq2nrtEi7R1FRSltpFlBrFsvjlgZmwyDSPpE0c+AiWEMFcm3w1xLcCkHDxrqjLABvy67pgo1UPD9ZnLZ5oz6imuW2Nkg5wIP\/XuVLPuyHqPh1xB+Pf3Uh0gNSm79xq7T7isZpg3bOuY4\/WeguwraKHlyGsX00zjC13KJrXyjVcCaASor4VcYdr9Mg2ZEokeFRHmzBPcFRdGGNcgt87ZcQ\/YT13YDw==\" data-origin=\".\/?exec=article&amp;id_article=552\">\n<div class=\"box simple fiche_objet\">\n<div class=\"inner\">\n<div class=\"clearfix bd\">\n<div class=\"ajaxbloc ajax-id-documents bind-ajaxReload\" data-ajax-env=\"UwMiqF30Wrgbg5J+KVnRnZ4oUxO6VKMfnAgmJ5D5+BlMPH1Df7ykrkr3tHXct9SmBkgJfjlDkJKtw7Hc80HDdEwE\/fB2DLMsJBGEfIOPFGS63aMMB9KUgy6Eg83ZW6xq7eGlI4ql\/imtdpEbT5Cecgno6OIcs56fSncBXYu2STDL\/W3pok+MmkPYzuXCHFPsAIBAY\/BnI4vstBLD1pzUGtsJymRjI5cIoKif3LHkQfz7caX\/AVWskKfs+wn\/xJ9VkMZ35E\/4ZbfFtJSYs+uRTUKIvJLEI5Yfy7OniBD\/3SGkqks=\" data-origin=\".\/?exec=article&amp;id_article=552\">&nbsp;<\/div>\n<\/div>\n<\/div>\n<\/div>\n<div class=\"ajaxbloc bind-ajaxReload\" data-ajax-env=\"U9weqBr0RoHxr4zyoY6kdf6COLKCwJqOIHx8sB\/Rlsh0v93az2izDqE6n4jDHWCmR3zdG\/SJBNYKbh4xjaVyohdS4v9gh5OAYwcc3qgXZLDflHUiLZyhshRGvVcuzhFSUn9MfnARgcD\/bV74yy1S\/GUJwgCPEtyuvzHSTaCY5uYkOtm4P8Iw\/q8AN1QpGKkgCy8GOOgxiYCfCjb9lVKbVzEr5px1DfQ97PUWjraahL8D9tYjhbP0sQbBynSRc7Nf0UB5t6cfF5q+si4hT2lxJQpsZwWs15CL6fcE9T5Pm19pqniWPbt8H6293CNF4PsGRZKAZgts4g5G8Si805\/ln78=\" data-origin=\".\/?exec=article&amp;id_article=552\">&nbsp;<\/div>\n<\/div>\n<\/div>\n<\/div>\n<p>&nbsp;<\/td>\n<\/tr>\n<tr>\n<td style=\"text-align: left\">&nbsp;<\/td>\n<\/tr>\n<tr>\n<td style=\"text-align: left\">&nbsp;<\/p>\n<p>&nbsp;<\/td>\n<\/tr>\n<tr>\n<td style=\"text-align: left\">&nbsp;<\/td>\n<\/tr>\n<tr>\n<td style=\"text-align: left\">&nbsp;<\/p>\n<p>&nbsp;<\/td>\n<\/tr>\n<tr>\n<td style=\"text-align: left\">&nbsp;<\/td>\n<\/tr>\n<tr>\n<td style=\"text-align: left\">&nbsp;<\/p>\n<p>&nbsp;<\/td>\n<\/tr>\n<tr>\n<td>&nbsp;<\/td>\n<\/tr>\n<tr>\n<td>\n<p align=\"justify\">&nbsp;<\/p>\n<p align=\"justify\">&nbsp;<\/p>\n<\/td>\n<\/tr>\n<tr>\n<td>&nbsp;<\/td>\n<\/tr>\n<tr>\n<td>&nbsp;<\/td>\n<\/tr>\n<\/tbody>\n<\/table>\n<p>&nbsp;<\/p>\n","protected":false},"excerpt":{"rendered":"<p>Este Blog pretende servir de ejemplo de sitio Web de un centro educativo. En la siguiente entrada presentamos informaci\u00f3n relevante sobre nuestro centro, C.E.I.P. Salvador Vinuesa: En primer lugar: Carta dirigida a las familias interesadas en solicitar plaza para su hijo o hija en el C.E.I.P. Salvador Vinuesa, con enlace de acceso para reuni\u00f3n telem\u00e1tica &hellip; <\/p>\n<p><a class=\"more-link btn\" href=\"https:\/\/blogsaverroes.juntadeandalucia.es\/ceipsalvadorvinuesa\/informacion\/\">Seguir leyendo<\/a><\/p>\n","protected":false},"author":1,"featured_media":0,"parent":0,"menu_order":0,"comment_status":"open","ping_status":"closed","template":"","meta":{"ngg_post_thumbnail":0,"footnotes":"","_mc_calendar":[]},"aioseo_notices":[],"_links":{"self":[{"href":"https:\/\/blogsaverroes.juntadeandalucia.es\/ceipsalvadorvinuesa\/wp-json\/wp\/v2\/pages\/1725"}],"collection":[{"href":"https:\/\/blogsaverroes.juntadeandalucia.es\/ceipsalvadorvinuesa\/wp-json\/wp\/v2\/pages"}],"about":[{"href":"https:\/\/blogsaverroes.juntadeandalucia.es\/ceipsalvadorvinuesa\/wp-json\/wp\/v2\/types\/page"}],"author":[{"embeddable":true,"href":"https:\/\/blogsaverroes.juntadeandalucia.es\/ceipsalvadorvinuesa\/wp-json\/wp\/v2\/users\/1"}],"replies":[{"embeddable":true,"href":"https:\/\/blogsaverroes.juntadeandalucia.es\/ceipsalvadorvinuesa\/wp-json\/wp\/v2\/comments?post=1725"}],"version-history":[{"count":4,"href":"https:\/\/blogsaverroes.juntadeandalucia.es\/ceipsalvadorvinuesa\/wp-json\/wp\/v2\/pages\/1725\/revisions"}],"predecessor-version":[{"id":2470,"href":"https:\/\/blogsaverroes.juntadeandalucia.es\/ceipsalvadorvinuesa\/wp-json\/wp\/v2\/pages\/1725\/revisions\/2470"}],"wp:attachment":[{"href":"https:\/\/blogsaverroes.juntadeandalucia.es\/ceipsalvadorvinuesa\/wp-json\/wp\/v2\/media?parent=1725"}],"curies":[{"name":"wp","href":"https:\/\/api.w.org\/{rel}","templated":true}]}}