{"id":2361,"date":"2020-05-02T10:36:58","date_gmt":"2020-05-02T10:36:58","guid":{"rendered":"https:\/\/blogsaverroes.juntadeandalucia.es\/ceipsalvadorvinuesa\/?page_id=2361"},"modified":"2020-05-16T10:31:22","modified_gmt":"2020-05-16T10:31:22","slug":"escuela-tic-2-0","status":"publish","type":"page","link":"https:\/\/blogsaverroes.juntadeandalucia.es\/ceipsalvadorvinuesa\/planes-y-proyectos\/escuela-tic-2-0\/","title":{"rendered":"Escuela TIC 2.0"},"content":{"rendered":"<p>Proyecto de modalidad permanente en el Centro, contando con una infraestructura importante de pizarras digitales en todas las aulas de Primaria y en la mayor\u00eda de las aulas de Infantil, ordenadores de sobremensa, portatiles, ultraport\u00e1tiles, tablets, proyectores, entre otros.<\/p>\n<p>&nbsp;<\/p>\n<p><strong>PLAN ESCUELA TIC 2.O<\/strong><\/p>\n<p><img loading=\"lazy\" decoding=\"async\" class=\"\" src=\"http:\/\/salvadorvinuesa.es\/IMG\/arton230.png\" width=\"264\" height=\"193\"><\/p>\n<p>Entra en el art\u00edculo para tener toda la informaci\u00f3n sobre la Escuela TIC 2.0 y haz clic <a href=\"https:\/\/www.juntadeandalucia.es\/organismos\/educacionydeporte\/consejeria\/sobre-consejeria\/planes\/detalle\/11680.html\">aqu\u00ed.<\/a><\/p>\n<p>&nbsp;<\/p>\n<h1>CONEXI\u00d3N A LA RED<img loading=\"lazy\" decoding=\"async\" class=\"alignright\" style=\"font-size: 16px\" src=\"http:\/\/salvadorvinuesa.es\/IMG\/arton229.gif\" width=\"178\" height=\"237\"><\/h1>\n<h1>DE LOS ULTRAPORT\u00c1TILES<img loading=\"lazy\" decoding=\"async\" class=\"cadre-icone\" src=\"http:\/\/salvadorvinuesa.es\/prive\/themes\/spip\/images\/article-24.png\" alt=\"article\" width=\"24\" height=\"24\"><\/h1>\n<h2 class=\"soustitre \">Procedimiento a seguir para establecer conexiones de red distintas a las de los Centros educativos.<\/h2>\n<p>El sistema operativo Guadalinex Edu para ultraport\u00e1tiles de Escuela TIC 2.0 viene preconfigurado para que los equipos puedan conectarse tanto a la red cableada como a la red inal\u00e1mbrica de los Centros educativos, sin necesidad de intervenci\u00f3n por parte de los usuarios del sistema.<\/p>\n<p>Guadalinex Edu tambi\u00e9n permite establecer conexiones a otras redes distintas a las existentes en los Centros. En este manual se describir\u00e1 el procedimiento a seguir para establecer conexiones de red distintas a las de los centros educativos con Guadalinex Edu.<\/p>\n<p><img decoding=\"async\" class=\"aligncenter\" src=\"http:\/\/salvadorvinuesa.es\/IMG\/jpg\/Cga_tic.jpg?1462434059\"><\/p>\n<p><a href=\"https:\/\/blogsaverroes.juntadeandalucia.es\/ceipsalvadorvinuesa\/files\/2020\/05\/MANUAL-DE-CONEXION_A_LA_RED_DE_LOS_ULTRAPORTATILES.pdf\">MANUAL DE CONEXION_A_LA_RED_DE_LOS_ULTRAPORTATILES<\/a><\/p>\n<p>&nbsp;<\/p>\n<h1>FILTRO DE CONTENIDOS EN<img loading=\"lazy\" decoding=\"async\" class=\"alignright\" src=\"http:\/\/salvadorvinuesa.es\/IMG\/arton96.jpg\" width=\"194\" height=\"194\"><\/h1>\n<h1>LOS ULTRAPORT\u00c1TILES<img loading=\"lazy\" decoding=\"async\" class=\"cadre-icone\" src=\"http:\/\/salvadorvinuesa.es\/prive\/themes\/spip\/images\/article-24.png\" alt=\"article\" width=\"24\" height=\"24\"><\/h1>\n<h2 class=\"soustitre \">Manual para las familias sobre el uso del filtro de contenidos en los ordenadores del alumnado.<\/h2>\n<p>Con la finalidad de garantizar la protecci\u00f3n del menor ante p\u00e1ginas de Internet con contenidos inapropiados, se ha incorporado al sistema operativo de los ultraport\u00e1tiles de la Escuela TIC 2.0 un sistema de filtrado de los contenidos a los que pueden acceder nuestros hijos.<\/p>\n<p>Este sistema deber\u00e1 ser gestionado por los padres, madres o tutores del alumnado, a los que se les facilitar\u00e1 la contrase\u00f1a necesaria para poder realizar dicha gesti\u00f3n.<\/p>\n<p>Lee el resto del art\u00edculo para descargar el manual del filtro de contenidos.<\/p>\n<p><img decoding=\"async\" class=\"aligncenter\" src=\"http:\/\/salvadorvinuesa.es\/local\/cache-vignettes\/L150xH60\/cga8080-43af4.jpg?1589622802\"><\/p>\n<p><a href=\"https:\/\/blogsaverroes.juntadeandalucia.es\/ceipsalvadorvinuesa\/files\/2020\/05\/MANUAL-DE-FILTRO_DE_CONTENIDOS.pdf\">MANUAL DE FILTRO_DE_CONTENIDOS<\/a><\/p>\n<h1>&nbsp;<\/h1>\n<h1 style=\"text-align: left\"><img loading=\"lazy\" decoding=\"async\" class=\"alignleft\" src=\"http:\/\/salvadorvinuesa.es\/IMG\/arton248.gif\" width=\"198\" height=\"144\">&nbsp; &nbsp; &nbsp; ESCUELA TIC 2.0:&nbsp; &nbsp; &nbsp; &nbsp; &nbsp; &nbsp; &nbsp; &nbsp; &nbsp; &nbsp; &nbsp; &nbsp; &nbsp; &nbsp; &nbsp; &nbsp; &nbsp; &nbsp; &nbsp; &nbsp; &nbsp; &nbsp; &nbsp; &nbsp; &nbsp; &nbsp; &nbsp; &nbsp; &nbsp; &nbsp; &nbsp; &nbsp; &nbsp; &nbsp; &nbsp; &nbsp; &nbsp; PREGUNTAS&nbsp; &nbsp; &nbsp;Y&nbsp; &nbsp; &nbsp; &nbsp; &nbsp; &nbsp; &nbsp; &nbsp; &nbsp; &nbsp; RESPUESTAS<img loading=\"lazy\" decoding=\"async\" class=\"cadre-icone\" src=\"http:\/\/salvadorvinuesa.es\/prive\/themes\/spip\/images\/article-24.png\" alt=\"article\" width=\"24\" height=\"24\"><\/h1>\n<h2 class=\"soustitre \">Gu\u00eda elaborada por la Junta de Andaluc\u00eda para cuestiones generales sobre la Escuela TIC 2.0<\/h2>\n<p>Entra en el art\u00edculo para descargar la gu\u00eda de preguntas y respuestas acerca de la Escuela TIC 2.0.<\/p>\n<p><a href=\"https:\/\/blogsaverroes.juntadeandalucia.es\/ceipsalvadorvinuesa\/files\/2020\/05\/ESCUELA_TIC_2-0_PREGUNTAS_Y_RESPUESTAS.pdf\">ESCUELA_TIC_2-0_PREGUNTAS_Y_RESPUESTAS<\/a><\/p>\n<p>&nbsp;<\/p>\n<p>&nbsp;<\/p>\n<p>&nbsp;<\/p>\n<p>&nbsp;<\/p>\n<p>&nbsp;<\/p>\n<p>&nbsp;<\/p>\n<p>&nbsp;<\/p>\n<p>&nbsp;<\/p>\n<p>&nbsp;<\/p>\n<p>&nbsp;<\/p>\n","protected":false},"excerpt":{"rendered":"<p>Proyecto de modalidad permanente en el Centro, contando con una infraestructura importante de pizarras digitales en todas las aulas de Primaria y en la mayor\u00eda de las aulas de Infantil, ordenadores de sobremensa, portatiles, ultraport\u00e1tiles, tablets, proyectores, entre otros. &nbsp; PLAN ESCUELA TIC 2.O Entra en el art\u00edculo para tener toda la informaci\u00f3n sobre la &hellip; <\/p>\n<p><a class=\"more-link btn\" href=\"https:\/\/blogsaverroes.juntadeandalucia.es\/ceipsalvadorvinuesa\/planes-y-proyectos\/escuela-tic-2-0\/\">Seguir leyendo<\/a><\/p>\n","protected":false},"author":9442,"featured_media":0,"parent":44,"menu_order":0,"comment_status":"closed","ping_status":"closed","template":"","meta":{"ngg_post_thumbnail":0,"footnotes":"","_mc_calendar":[]},"aioseo_notices":[],"_links":{"self":[{"href":"https:\/\/blogsaverroes.juntadeandalucia.es\/ceipsalvadorvinuesa\/wp-json\/wp\/v2\/pages\/2361"}],"collection":[{"href":"https:\/\/blogsaverroes.juntadeandalucia.es\/ceipsalvadorvinuesa\/wp-json\/wp\/v2\/pages"}],"about":[{"href":"https:\/\/blogsaverroes.juntadeandalucia.es\/ceipsalvadorvinuesa\/wp-json\/wp\/v2\/types\/page"}],"author":[{"embeddable":true,"href":"https:\/\/blogsaverroes.juntadeandalucia.es\/ceipsalvadorvinuesa\/wp-json\/wp\/v2\/users\/9442"}],"replies":[{"embeddable":true,"href":"https:\/\/blogsaverroes.juntadeandalucia.es\/ceipsalvadorvinuesa\/wp-json\/wp\/v2\/comments?post=2361"}],"version-history":[{"count":15,"href":"https:\/\/blogsaverroes.juntadeandalucia.es\/ceipsalvadorvinuesa\/wp-json\/wp\/v2\/pages\/2361\/revisions"}],"predecessor-version":[{"id":2456,"href":"https:\/\/blogsaverroes.juntadeandalucia.es\/ceipsalvadorvinuesa\/wp-json\/wp\/v2\/pages\/2361\/revisions\/2456"}],"up":[{"embeddable":true,"href":"https:\/\/blogsaverroes.juntadeandalucia.es\/ceipsalvadorvinuesa\/wp-json\/wp\/v2\/pages\/44"}],"wp:attachment":[{"href":"https:\/\/blogsaverroes.juntadeandalucia.es\/ceipsalvadorvinuesa\/wp-json\/wp\/v2\/media?parent=2361"}],"curies":[{"name":"wp","href":"https:\/\/api.w.org\/{rel}","templated":true}]}}