{"id":2381,"date":"2020-05-08T12:13:05","date_gmt":"2020-05-08T12:13:05","guid":{"rendered":"https:\/\/blogsaverroes.juntadeandalucia.es\/ceipsalvadorvinuesa\/?page_id=2381"},"modified":"2023-05-11T11:59:01","modified_gmt":"2023-05-11T10:59:01","slug":"proyecto-bilingue","status":"publish","type":"page","link":"https:\/\/blogsaverroes.juntadeandalucia.es\/ceipsalvadorvinuesa\/planes-y-proyectos\/proyecto-bilingue\/","title":{"rendered":"Proyecto Biling\u00fce"},"content":{"rendered":"<p>Nuestro Centro est\u00e1 inmerso en el Proyecto de Biling\u00fcismo en la especialidad de Ingl\u00e9s desde el curso 2009\/10.&nbsp;<\/p>\n<p>Nuestro alumnado est\u00e1 en contacto con la lengua inglesa desde la etapa de infantil.<\/p>\n<p>Actualmente se las \u00e1reas biling\u00fces en primaria son:<\/p>\n<ul>\n<li>Conocimiento del Medio<\/li>\n<li>Educaci\u00f3n F\u00edsica<\/li>\n<li>M\u00fasica<\/li>\n<\/ul>\n<p>Para desarrollar dicho proyecto, contamos con la presencia de maestros de Primaria Biling\u00fce, maestros de M\u00fasica Ingl\u00e9s, maestros de Educaci\u00f3n F\u00edsica Ingl\u00e9s y maestros de Educaci\u00f3n Primaria Ingl\u00e9s, adem\u00e1s de dos auxiliares de conversaci\u00f3n.<\/p>\n<p>Con este Proyecto , pretendemos alcanzar los siguientes objetivos al finalizar la etapa de Primaria:<\/p>\n<ul>\n<li>Comprender escritos en ambas lenguas relativos a objetos, situaciones y acontecimientos pr\u00f3ximos y conocidos, utilizando las informaciones tanto globales como espec\u00edficas, transmitidas en textos con fines concretos de cada una de las materias no ling\u00fc\u00edsticas implicadas en el proyecto.<\/li>\n<li>Utilizar de forma oral la lengua extranjera para comunicarse con el profesor\/a y con otros estudiantes en las actividades habituales de clase de las diferentes materias y en las situaciones de comunicaci\u00f3n creadas para este fin, atendiendo a las normas b\u00e1sicas de comunicaci\u00f3n interpersonal y adoptando una actitud respetuosa hacia las aportaciones de los dem\u00e1s.<\/li>\n<li>Producir textos escritos sobre los temas relacionados con el curr\u00edculo para los alumnos y alumnas, respetando las reglas b\u00e1sicas del c\u00f3digo escrito.<\/li>\n<li>Leer de forma comprensiva textos relacionados con las actividades del aula en las diferentes materias en las dos lenguas.<\/li>\n<li>Utilizaci\u00f3n de la lengua extranjera para obtener informaci\u00f3n relacionada con el conocimiento del entorno, de su pa\u00eds as\u00ed como de los pa\u00edses de habla inglesa.<\/li>\n<li>Utilizar, en el aprendizaje de la lengua extranjera, los conocimientos y las experiencias previas con otras lenguas y desarrollar progresivamente las estrategias de aprendizaje aut\u00f3nomo.<\/li>\n<\/ul>\n","protected":false},"excerpt":{"rendered":"<p>Nuestro Centro est\u00e1 inmerso en el Proyecto de Biling\u00fcismo en la especialidad de Ingl\u00e9s desde el curso 2009\/10.&nbsp; Nuestro alumnado est\u00e1 en contacto con la lengua inglesa desde la etapa de infantil. Actualmente se las \u00e1reas biling\u00fces en primaria son: Conocimiento del Medio Educaci\u00f3n F\u00edsica M\u00fasica Para desarrollar dicho proyecto, contamos con la presencia de &hellip; <\/p>\n<p><a class=\"more-link btn\" href=\"https:\/\/blogsaverroes.juntadeandalucia.es\/ceipsalvadorvinuesa\/planes-y-proyectos\/proyecto-bilingue\/\">Seguir leyendo<\/a><\/p>\n","protected":false},"author":9442,"featured_media":0,"parent":44,"menu_order":0,"comment_status":"closed","ping_status":"closed","template":"","meta":{"ngg_post_thumbnail":0,"footnotes":"","_mc_calendar":[]},"aioseo_notices":[],"_links":{"self":[{"href":"https:\/\/blogsaverroes.juntadeandalucia.es\/ceipsalvadorvinuesa\/wp-json\/wp\/v2\/pages\/2381"}],"collection":[{"href":"https:\/\/blogsaverroes.juntadeandalucia.es\/ceipsalvadorvinuesa\/wp-json\/wp\/v2\/pages"}],"about":[{"href":"https:\/\/blogsaverroes.juntadeandalucia.es\/ceipsalvadorvinuesa\/wp-json\/wp\/v2\/types\/page"}],"author":[{"embeddable":true,"href":"https:\/\/blogsaverroes.juntadeandalucia.es\/ceipsalvadorvinuesa\/wp-json\/wp\/v2\/users\/9442"}],"replies":[{"embeddable":true,"href":"https:\/\/blogsaverroes.juntadeandalucia.es\/ceipsalvadorvinuesa\/wp-json\/wp\/v2\/comments?post=2381"}],"version-history":[{"count":13,"href":"https:\/\/blogsaverroes.juntadeandalucia.es\/ceipsalvadorvinuesa\/wp-json\/wp\/v2\/pages\/2381\/revisions"}],"predecessor-version":[{"id":2799,"href":"https:\/\/blogsaverroes.juntadeandalucia.es\/ceipsalvadorvinuesa\/wp-json\/wp\/v2\/pages\/2381\/revisions\/2799"}],"up":[{"embeddable":true,"href":"https:\/\/blogsaverroes.juntadeandalucia.es\/ceipsalvadorvinuesa\/wp-json\/wp\/v2\/pages\/44"}],"wp:attachment":[{"href":"https:\/\/blogsaverroes.juntadeandalucia.es\/ceipsalvadorvinuesa\/wp-json\/wp\/v2\/media?parent=2381"}],"curies":[{"name":"wp","href":"https:\/\/api.w.org\/{rel}","templated":true}]}}