{"id":2761,"date":"2023-04-12T09:31:58","date_gmt":"2023-04-12T08:31:58","guid":{"rendered":"https:\/\/blogsaverroes.juntadeandalucia.es\/ceipsalvadorvinuesa\/?page_id=2761"},"modified":"2023-04-12T12:49:12","modified_gmt":"2023-04-12T11:49:12","slug":"plan-de-biblioteca-escolar","status":"publish","type":"page","link":"https:\/\/blogsaverroes.juntadeandalucia.es\/ceipsalvadorvinuesa\/plan-de-biblioteca-escolar\/","title":{"rendered":"Plan de Biblioteca Escolar"},"content":{"rendered":"<p>En el 1\u00ba Trimestre de este curso 22-23, estas son las actuaciones:<\/p>\n<p>En el primer trimestre se han catalogado las donaciones, se han colocado las estanter\u00edas y se ha realizado retirada de material almacenado que se llev\u00f3 en pandemia. Hay un total de 4020 libros.<\/p>\n<p>Se han actualizado los carn\u00e9s del alumnado para pr\u00e9stamos.<\/p>\n<p>Contamos con un total de 736 usuarios\/as&nbsp; registrados\/as : 48 maestros\/as y 688 alumnos\/as.<\/p>\n<p>Se han vuelto a instalar todas las mesas y sillas de la biblioteca ( se han recuperado 3 mesas y 12 sillas).<\/p>\n<p>Se ha hecho una isla para lectura de los lectores\/as de Infantil.<\/p>\n<p>Se han organizado los m\u00faltiples juegos que se guardan en la biblioteca.<\/p>\n<p>Se han limpiado las estanter\u00edas en su parte superior para colocar los innumerables trofeos acumulados durante 50 a\u00f1os.<\/p>\n<p>Se han nutrido las bibliotecas de aula con colecciones de la biblioteca de centro.<\/p>\n","protected":false},"excerpt":{"rendered":"<p>En el 1\u00ba Trimestre de este curso 22-23, estas son las actuaciones: En el primer trimestre se han catalogado las donaciones, se han colocado las estanter\u00edas y se ha realizado retirada de material almacenado que se llev\u00f3 en pandemia. Hay un total de 4020 libros. Se han actualizado los carn\u00e9s del alumnado para pr\u00e9stamos. Contamos &hellip; <\/p>\n<p><a class=\"more-link btn\" href=\"https:\/\/blogsaverroes.juntadeandalucia.es\/ceipsalvadorvinuesa\/plan-de-biblioteca-escolar\/\">Seguir leyendo<\/a><\/p>\n","protected":false},"author":9442,"featured_media":0,"parent":0,"menu_order":0,"comment_status":"closed","ping_status":"closed","template":"","meta":{"ngg_post_thumbnail":0,"footnotes":"","_mc_calendar":[]},"aioseo_notices":[],"_links":{"self":[{"href":"https:\/\/blogsaverroes.juntadeandalucia.es\/ceipsalvadorvinuesa\/wp-json\/wp\/v2\/pages\/2761"}],"collection":[{"href":"https:\/\/blogsaverroes.juntadeandalucia.es\/ceipsalvadorvinuesa\/wp-json\/wp\/v2\/pages"}],"about":[{"href":"https:\/\/blogsaverroes.juntadeandalucia.es\/ceipsalvadorvinuesa\/wp-json\/wp\/v2\/types\/page"}],"author":[{"embeddable":true,"href":"https:\/\/blogsaverroes.juntadeandalucia.es\/ceipsalvadorvinuesa\/wp-json\/wp\/v2\/users\/9442"}],"replies":[{"embeddable":true,"href":"https:\/\/blogsaverroes.juntadeandalucia.es\/ceipsalvadorvinuesa\/wp-json\/wp\/v2\/comments?post=2761"}],"version-history":[{"count":3,"href":"https:\/\/blogsaverroes.juntadeandalucia.es\/ceipsalvadorvinuesa\/wp-json\/wp\/v2\/pages\/2761\/revisions"}],"predecessor-version":[{"id":2766,"href":"https:\/\/blogsaverroes.juntadeandalucia.es\/ceipsalvadorvinuesa\/wp-json\/wp\/v2\/pages\/2761\/revisions\/2766"}],"wp:attachment":[{"href":"https:\/\/blogsaverroes.juntadeandalucia.es\/ceipsalvadorvinuesa\/wp-json\/wp\/v2\/media?parent=2761"}],"curies":[{"name":"wp","href":"https:\/\/api.w.org\/{rel}","templated":true}]}}