{"id":42,"date":"2015-03-13T08:40:47","date_gmt":"2015-03-13T08:40:47","guid":{"rendered":"http:\/\/blogsaverroes.juntadeandalucia.es\/pre\/ceip\/?page_id=42"},"modified":"2024-01-22T09:38:40","modified_gmt":"2024-01-22T08:38:40","slug":"equipo-directivo","status":"publish","type":"page","link":"https:\/\/blogsaverroes.juntadeandalucia.es\/ceipsalvadorvinuesa\/equipo-directivo\/","title":{"rendered":"Equipo directivo"},"content":{"rendered":"<p><strong>Direcci\u00f3n:<\/strong><\/p>\n<h3 class=\"spip\"><strong>A LA COMUNIDAD EDUCATIVA DEL C.E.I.P. \u201cSALVADOR VINUESA\u201d<\/strong><\/h3>\n<p><a href=\"https:\/\/blogsaverroes.juntadeandalucia.es\/ceipsalvadorvinuesa\/files\/2023\/02\/rubon18.jpg\"><img loading=\"lazy\" decoding=\"async\" class=\"size-full wp-image-2486 alignleft\" src=\"https:\/\/blogsaverroes.juntadeandalucia.es\/ceipsalvadorvinuesa\/files\/2023\/02\/rubon18.jpg\" alt=\"logo\" width=\"118\" height=\"114\"><\/a>El objetivo de nuestra p\u00e1gina web es el que pueda ser un lugar de referencia para la Comunidad Educativa. En ella damos a conocer finalidades, metas y proyectos de nuestro Centro.<\/p>\n<p><br class=\"autobr\">P\u00e1gina viva y abierta, hecha desde y para nuestra Comunidad Educativa y a su vez sirva de espejo de nuestro Centro.<\/p>\n<p>Con ella pretendemos:<\/p>\n<p>\u2022Ser un instrumento de ayuda mutua en nuestra pr\u00e1ctica diaria: \u201cla educaci\u00f3n integral de nuestro alumnado\u201d.<\/p>\n<p>\u2022Ser un lugar de formaci\u00f3n e informaci\u00f3n a trav\u00e9s de nuestro trabajo y a trav\u00e9s de los enlaces con otras webs.<\/p>\n<p>\u2022Ser un lugar de participaci\u00f3n democr\u00e1tica y encuentro de todos y cada de los implicados en la educaci\u00f3n de nuestros alumnos y alumnas.<\/p>\n<p>Os animo a seguir participando en este proyecto que nos ayuda a acercarnos m\u00e1s al objetivo \u00faltimo de nuestro trabajo: \u201cuna educaci\u00f3n de calidad en equidad\u201d para nuestros ni\u00f1os y ni\u00f1as.<\/p>\n<p>Gracias por vuestra colaboraci\u00f3n. Con ella todo ser\u00e1 posible.<\/p>\n<p>Un saludo afectuoso.<\/p>\n<p><strong>D\u00aa. Mar\u00eda Valenzuela G\u00f3ngora &#8211; <\/strong><strong>Directora del C.E.I.P. \u00abSalvador Vinuesa\u00bb<\/strong><\/p>\n<p><strong>D\u00aa Carmen Corral Mu\u00f1oz &#8211; Jefatura de estudios<\/strong><\/p>\n<p><strong>D. Jos\u00e9 Antonio Gamero Porras &#8211; Secretar\u00eda&nbsp;<\/strong><\/p>\n","protected":false},"excerpt":{"rendered":"<p>Direcci\u00f3n: A LA COMUNIDAD EDUCATIVA DEL C.E.I.P. \u201cSALVADOR VINUESA\u201d El objetivo de nuestra p\u00e1gina web es el que pueda ser un lugar de referencia para la Comunidad Educativa. En ella damos a conocer finalidades, metas y proyectos de nuestro Centro. P\u00e1gina viva y abierta, hecha desde y para nuestra Comunidad Educativa y a su vez &hellip; <\/p>\n<p><a class=\"more-link btn\" href=\"https:\/\/blogsaverroes.juntadeandalucia.es\/ceipsalvadorvinuesa\/equipo-directivo\/\">Seguir leyendo<\/a><\/p>\n","protected":false},"author":1,"featured_media":0,"parent":0,"menu_order":0,"comment_status":"open","ping_status":"open","template":"","meta":{"ngg_post_thumbnail":0,"footnotes":"","_mc_calendar":[]},"aioseo_notices":[],"_links":{"self":[{"href":"https:\/\/blogsaverroes.juntadeandalucia.es\/ceipsalvadorvinuesa\/wp-json\/wp\/v2\/pages\/42"}],"collection":[{"href":"https:\/\/blogsaverroes.juntadeandalucia.es\/ceipsalvadorvinuesa\/wp-json\/wp\/v2\/pages"}],"about":[{"href":"https:\/\/blogsaverroes.juntadeandalucia.es\/ceipsalvadorvinuesa\/wp-json\/wp\/v2\/types\/page"}],"author":[{"embeddable":true,"href":"https:\/\/blogsaverroes.juntadeandalucia.es\/ceipsalvadorvinuesa\/wp-json\/wp\/v2\/users\/1"}],"replies":[{"embeddable":true,"href":"https:\/\/blogsaverroes.juntadeandalucia.es\/ceipsalvadorvinuesa\/wp-json\/wp\/v2\/comments?post=42"}],"version-history":[{"count":9,"href":"https:\/\/blogsaverroes.juntadeandalucia.es\/ceipsalvadorvinuesa\/wp-json\/wp\/v2\/pages\/42\/revisions"}],"predecessor-version":[{"id":3057,"href":"https:\/\/blogsaverroes.juntadeandalucia.es\/ceipsalvadorvinuesa\/wp-json\/wp\/v2\/pages\/42\/revisions\/3057"}],"wp:attachment":[{"href":"https:\/\/blogsaverroes.juntadeandalucia.es\/ceipsalvadorvinuesa\/wp-json\/wp\/v2\/media?parent=42"}],"curies":[{"name":"wp","href":"https:\/\/api.w.org\/{rel}","templated":true}]}}