{"id":44,"date":"2015-03-13T08:42:15","date_gmt":"2015-03-13T08:42:15","guid":{"rendered":"http:\/\/blogsaverroes.juntadeandalucia.es\/pre\/ceip\/?page_id=44"},"modified":"2024-10-30T10:13:41","modified_gmt":"2024-10-30T09:13:41","slug":"planes-y-proyectos","status":"publish","type":"page","link":"https:\/\/blogsaverroes.juntadeandalucia.es\/ceipsalvadorvinuesa\/planes-y-proyectos\/","title":{"rendered":"Planes y Programas"},"content":{"rendered":"<p><a href=\"https:\/\/blogsaverroes.juntadeandalucia.es\/ceipsalvadorvinuesa\/files\/2024\/10\/planes-y-programas.jpg\"><img loading=\"lazy\" decoding=\"async\" class=\"size-medium wp-image-3410 alignright\" src=\"https:\/\/blogsaverroes.juntadeandalucia.es\/ceipsalvadorvinuesa\/files\/2024\/10\/planes-y-programas-300x300.jpg\" alt=\"\" width=\"300\" height=\"300\" srcset=\"https:\/\/blogsaverroes.juntadeandalucia.es\/ceipsalvadorvinuesa\/files\/2024\/10\/planes-y-programas-300x300.jpg 300w, https:\/\/blogsaverroes.juntadeandalucia.es\/ceipsalvadorvinuesa\/files\/2024\/10\/planes-y-programas-150x150.jpg 150w, https:\/\/blogsaverroes.juntadeandalucia.es\/ceipsalvadorvinuesa\/files\/2024\/10\/planes-y-programas-768x768.jpg 768w, https:\/\/blogsaverroes.juntadeandalucia.es\/ceipsalvadorvinuesa\/files\/2024\/10\/planes-y-programas-246x246.jpg 246w, https:\/\/blogsaverroes.juntadeandalucia.es\/ceipsalvadorvinuesa\/files\/2024\/10\/planes-y-programas-520x520.jpg 520w, https:\/\/blogsaverroes.juntadeandalucia.es\/ceipsalvadorvinuesa\/files\/2024\/10\/planes-y-programas-185x185.jpg 185w, https:\/\/blogsaverroes.juntadeandalucia.es\/ceipsalvadorvinuesa\/files\/2024\/10\/planes-y-programas-220x220.jpg 220w, https:\/\/blogsaverroes.juntadeandalucia.es\/ceipsalvadorvinuesa\/files\/2024\/10\/planes-y-programas-60x60.jpg 60w, https:\/\/blogsaverroes.juntadeandalucia.es\/ceipsalvadorvinuesa\/files\/2024\/10\/planes-y-programas-384x384.jpg 384w, https:\/\/blogsaverroes.juntadeandalucia.es\/ceipsalvadorvinuesa\/files\/2024\/10\/planes-y-programas.jpg 1024w\" sizes=\"(max-width: 300px) 100vw, 300px\" \/><\/a>En el <strong>CEIP Salvador Vinuesa de C\u00f3rdoba<\/strong>, valoramos profundamente la transparencia y la comunicaci\u00f3n abierta con nuestra comunidad educativa. Publicamos detalladamente nuestros p<strong>lanes y programas anuales para el curso 2024\/2025<\/strong>, con el objetivo de mantener a padres, alumnos y docentes informados y alineados con nuestra visi\u00f3n educativa. Creemos que una planificaci\u00f3n clara y accesible fomenta la confianza, facilita la participaci\u00f3n activa y asegura un entorno educativo de excelencia.<\/p>\n<p>Invitamos a todos a conocer m\u00e1s sobre nuestras iniciativas y a formar parte del desarrollo continuo de nuestro centro:<\/p>\n<ul>\n<li><a href=\"https:\/\/blogsaverroes.juntadeandalucia.es\/ceipsalvadorvinuesa\/files\/2024\/10\/Plan-de-Centro-24-25-ACTUALIZADO-.pdf\">Plan anual de Centro 2024\/2025<\/a><\/li>\n<li><a href=\"https:\/\/blogsaverroes.juntadeandalucia.es\/ceipsalvadorvinuesa\/planes-y-proyectos\/plan-de-igualdad\/\">Plan de igualdad.<\/a><\/li>\n<li><a href=\"https:\/\/blogsaverroes.juntadeandalucia.es\/ceipsalvadorvinuesa\/planes-y-proyectos\/plan-de-apertura\/\">Plan de apertura.<\/a><\/li>\n<li><a href=\"https:\/\/blogsaverroes.juntadeandalucia.es\/ceipsalvadorvinuesa\/planes-y-proyectos\/proyecto-bilingue\/\">Proyecto biling\u00fce.<\/a><\/li>\n<li><a href=\"https:\/\/blogsaverroes.juntadeandalucia.es\/ceipsalvadorvinuesa\/planes-y-proyectos\/programa-deporte-en-la-escuela\/\">Programa deporte en la escuela.<\/a><\/li>\n<li><a href=\"https:\/\/blogsaverroes.juntadeandalucia.es\/ceipsalvadorvinuesa\/planes-y-proyectos\/escuela-tic-2-0\/\">Escuela TIC 2.0.<\/a><\/li>\n<li><a href=\"https:\/\/blogsaverroes.juntadeandalucia.es\/ceipsalvadorvinuesa\/planes-y-proyectos\/creciendo-en-salud\/\">Creciendo en Salud.<\/a><\/li>\n<li><a href=\"https:\/\/blogsaverroes.juntadeandalucia.es\/ceipsalvadorvinuesa\/planes-y-proyectos\/programa-comunica\/\">Programa Comunica.<\/a><\/li>\n<li><a href=\"https:\/\/blogsaverroes.juntadeandalucia.es\/ceipsalvadorvinuesa\/planes-y-proyectos\/escuelas-deportivas\/\">Escuelas Deportivas.<\/a><\/li>\n<li><a href=\"https:\/\/blogsaverroes.juntadeandalucia.es\/ceipsalvadorvinuesa\/planes-y-proyectos\/proyecto-lector-leer-en-familia\/\">Proyecto Lector &#8211; Leer en Familia.<\/a><\/li>\n<li><a href=\"https:\/\/blogsaverroes.juntadeandalucia.es\/ceipsalvadorvinuesa\/planes-y-proyectos\/proyecto-de-ajedrez\/\">Proyecto de Ajedrez.<\/a><\/li>\n<li><a title=\"Plan de Biblioteca Escolar\" href=\"https:\/\/blogsaverroes.juntadeandalucia.es\/ceipsalvadorvinuesa\/plan-de-biblioteca-escolar\/\">Plan de Biblioteca Escolar.<\/a><\/li>\n<li>Coro \u00abSalvador Vinuesa\u00bb<\/li>\n<li><a href=\"https:\/\/drive.google.com\/drive\/folders\/1wR-eE1s-xtgMOpcJ8F5XtLVsAF5zZcFY?usp=sharing\">Programa Aulas Confucio: \u00abChino\u00bb<\/a><\/li>\n<li><a href=\"https:\/\/blogsaverroes.juntadeandalucia.es\/ceipsalvadorvinuesa\/planes-y-proyectos\/equidad-inclusion\/\">Programa +Equidad Inclusi\u00f3n<\/a><\/li>\n<\/ul>\n<p>&nbsp;<\/p>\n","protected":false},"excerpt":{"rendered":"<p>En el CEIP Salvador Vinuesa de C\u00f3rdoba, valoramos profundamente la transparencia y la comunicaci\u00f3n abierta con nuestra comunidad educativa. Publicamos detalladamente nuestros planes y programas anuales para el curso 2024\/2025, con el objetivo de mantener a padres, alumnos y docentes informados y alineados con nuestra visi\u00f3n educativa. Creemos que una planificaci\u00f3n clara y accesible fomenta &hellip; <\/p>\n<p><a class=\"more-link btn\" href=\"https:\/\/blogsaverroes.juntadeandalucia.es\/ceipsalvadorvinuesa\/planes-y-proyectos\/\">Seguir leyendo<\/a><\/p>\n","protected":false},"author":1,"featured_media":0,"parent":0,"menu_order":0,"comment_status":"open","ping_status":"closed","template":"","meta":{"ngg_post_thumbnail":0,"footnotes":"","_mc_calendar":[]},"aioseo_notices":[],"_links":{"self":[{"href":"https:\/\/blogsaverroes.juntadeandalucia.es\/ceipsalvadorvinuesa\/wp-json\/wp\/v2\/pages\/44"}],"collection":[{"href":"https:\/\/blogsaverroes.juntadeandalucia.es\/ceipsalvadorvinuesa\/wp-json\/wp\/v2\/pages"}],"about":[{"href":"https:\/\/blogsaverroes.juntadeandalucia.es\/ceipsalvadorvinuesa\/wp-json\/wp\/v2\/types\/page"}],"author":[{"embeddable":true,"href":"https:\/\/blogsaverroes.juntadeandalucia.es\/ceipsalvadorvinuesa\/wp-json\/wp\/v2\/users\/1"}],"replies":[{"embeddable":true,"href":"https:\/\/blogsaverroes.juntadeandalucia.es\/ceipsalvadorvinuesa\/wp-json\/wp\/v2\/comments?post=44"}],"version-history":[{"count":27,"href":"https:\/\/blogsaverroes.juntadeandalucia.es\/ceipsalvadorvinuesa\/wp-json\/wp\/v2\/pages\/44\/revisions"}],"predecessor-version":[{"id":3411,"href":"https:\/\/blogsaverroes.juntadeandalucia.es\/ceipsalvadorvinuesa\/wp-json\/wp\/v2\/pages\/44\/revisions\/3411"}],"wp:attachment":[{"href":"https:\/\/blogsaverroes.juntadeandalucia.es\/ceipsalvadorvinuesa\/wp-json\/wp\/v2\/media?parent=44"}],"curies":[{"name":"wp","href":"https:\/\/api.w.org\/{rel}","templated":true}]}}