{"id":49,"date":"2015-03-13T08:47:05","date_gmt":"2015-03-13T08:47:05","guid":{"rendered":"http:\/\/blogsaverroes.juntadeandalucia.es\/pre\/ceip\/?page_id=49"},"modified":"2025-11-23T22:05:23","modified_gmt":"2025-11-23T21:05:23","slug":"proyecto-educativo","status":"publish","type":"page","link":"https:\/\/blogsaverroes.juntadeandalucia.es\/ceipsalvadorvinuesa\/proyecto-educativo\/","title":{"rendered":"Proyecto Educativo"},"content":{"rendered":"<p><a href=\"https:\/\/blogsaverroes.juntadeandalucia.es\/ceipsalvadorvinuesa\/files\/2024\/09\/proyecto-educativo.png\"><img loading=\"lazy\" decoding=\"async\" class=\"size-medium wp-image-3398 alignright\" src=\"https:\/\/blogsaverroes.juntadeandalucia.es\/ceipsalvadorvinuesa\/files\/2024\/09\/proyecto-educativo-300x300.png\" alt=\"ilustraci\u00f3n sobre el proyecto educativo\" width=\"300\" height=\"300\" srcset=\"https:\/\/blogsaverroes.juntadeandalucia.es\/ceipsalvadorvinuesa\/files\/2024\/09\/proyecto-educativo-300x300.png 300w, https:\/\/blogsaverroes.juntadeandalucia.es\/ceipsalvadorvinuesa\/files\/2024\/09\/proyecto-educativo-150x150.png 150w, https:\/\/blogsaverroes.juntadeandalucia.es\/ceipsalvadorvinuesa\/files\/2024\/09\/proyecto-educativo-768x768.png 768w, https:\/\/blogsaverroes.juntadeandalucia.es\/ceipsalvadorvinuesa\/files\/2024\/09\/proyecto-educativo-246x246.png 246w, https:\/\/blogsaverroes.juntadeandalucia.es\/ceipsalvadorvinuesa\/files\/2024\/09\/proyecto-educativo-520x520.png 520w, https:\/\/blogsaverroes.juntadeandalucia.es\/ceipsalvadorvinuesa\/files\/2024\/09\/proyecto-educativo-185x185.png 185w, https:\/\/blogsaverroes.juntadeandalucia.es\/ceipsalvadorvinuesa\/files\/2024\/09\/proyecto-educativo-220x220.png 220w, https:\/\/blogsaverroes.juntadeandalucia.es\/ceipsalvadorvinuesa\/files\/2024\/09\/proyecto-educativo-60x60.png 60w, https:\/\/blogsaverroes.juntadeandalucia.es\/ceipsalvadorvinuesa\/files\/2024\/09\/proyecto-educativo-384x384.png 384w, https:\/\/blogsaverroes.juntadeandalucia.es\/ceipsalvadorvinuesa\/files\/2024\/09\/proyecto-educativo.png 1024w\" sizes=\"(max-width: 300px) 100vw, 300px\" \/><\/a><\/p>\n<p>Un centro se define en gran medida por su <strong>Proyecto Educativo<\/strong>. En \u00e9l se plasma el modelo educativo y la concreci\u00f3n de la normativa que un centro realiza respecto a las ense\u00f1anzas que imparte. Aspectos tales como las finales educativas, objetivos, atenci\u00f3n a la diversidad, etc.<\/p>\n<p>Que la web de un centro informe de su Proyecto Educativo es una apuesta clara por la <strong>transparencia<\/strong>.<\/p>\n<p>En este espacio mostramos tanto los aspectos esenciales del <strong>Proyecto Educativo<\/strong>, como el <strong>Plan anual de Centro<\/strong> donde se plasman las diferentes actuaciones, planes, proyectos y actividades de nuestro centro, para el actual curso 2025-2026:<\/p>\n<ul>\n<li><a href=\"https:\/\/blogsaverroes.juntadeandalucia.es\/ceipsalvadorvinuesa\/files\/2024\/09\/PROYECTO-EDUCATIVO-2025.pdf\">PROYECTO EDUCATIVO 2025<\/a> [.pdf]<\/li>\n<li><a href=\"https:\/\/blogsaverroes.juntadeandalucia.es\/ceipsalvadorvinuesa\/files\/2025\/11\/Plan-de-Centro-25-26-ACTUALIZADO.pdf\">Plan de Centro 25 26 ACTUALIZADO<\/a> [.pdf]<\/li>\n<\/ul>\n<p>&nbsp;<\/p>\n<p>&nbsp;<\/p>\n","protected":false},"excerpt":{"rendered":"<p>Un centro se define en gran medida por su Proyecto Educativo. En \u00e9l se plasma el modelo educativo y la concreci\u00f3n de la normativa que un centro realiza respecto a las ense\u00f1anzas que imparte. Aspectos tales como las finales educativas, objetivos, atenci\u00f3n a la diversidad, etc. Que la web de un centro informe de su &hellip; <\/p>\n<p><a class=\"more-link btn\" href=\"https:\/\/blogsaverroes.juntadeandalucia.es\/ceipsalvadorvinuesa\/proyecto-educativo\/\">Seguir leyendo<\/a><\/p>\n","protected":false},"author":1,"featured_media":0,"parent":0,"menu_order":0,"comment_status":"open","ping_status":"open","template":"","meta":{"ngg_post_thumbnail":0,"footnotes":"","_mc_calendar":[]},"aioseo_notices":[],"_links":{"self":[{"href":"https:\/\/blogsaverroes.juntadeandalucia.es\/ceipsalvadorvinuesa\/wp-json\/wp\/v2\/pages\/49"}],"collection":[{"href":"https:\/\/blogsaverroes.juntadeandalucia.es\/ceipsalvadorvinuesa\/wp-json\/wp\/v2\/pages"}],"about":[{"href":"https:\/\/blogsaverroes.juntadeandalucia.es\/ceipsalvadorvinuesa\/wp-json\/wp\/v2\/types\/page"}],"author":[{"embeddable":true,"href":"https:\/\/blogsaverroes.juntadeandalucia.es\/ceipsalvadorvinuesa\/wp-json\/wp\/v2\/users\/1"}],"replies":[{"embeddable":true,"href":"https:\/\/blogsaverroes.juntadeandalucia.es\/ceipsalvadorvinuesa\/wp-json\/wp\/v2\/comments?post=49"}],"version-history":[{"count":16,"href":"https:\/\/blogsaverroes.juntadeandalucia.es\/ceipsalvadorvinuesa\/wp-json\/wp\/v2\/pages\/49\/revisions"}],"predecessor-version":[{"id":3753,"href":"https:\/\/blogsaverroes.juntadeandalucia.es\/ceipsalvadorvinuesa\/wp-json\/wp\/v2\/pages\/49\/revisions\/3753"}],"wp:attachment":[{"href":"https:\/\/blogsaverroes.juntadeandalucia.es\/ceipsalvadorvinuesa\/wp-json\/wp\/v2\/media?parent=49"}],"curies":[{"name":"wp","href":"https:\/\/api.w.org\/{rel}","templated":true}]}}