{"id":1054,"date":"2025-02-20T09:43:38","date_gmt":"2025-02-20T08:43:38","guid":{"rendered":"https:\/\/blogsaverroes.juntadeandalucia.es\/ceipsanagustinecija\/?page_id=1054"},"modified":"2025-11-04T09:57:48","modified_gmt":"2025-11-04T08:57:48","slug":"servicios-complementarios","status":"publish","type":"page","link":"https:\/\/blogsaverroes.juntadeandalucia.es\/ceipsanagustinecija\/servicios-complementarios\/","title":{"rendered":"Servicios Complementarios"},"content":{"rendered":"<p><strong>SERVICIOS COMPLEMENTARIOS<\/strong><\/p>\n<hr data-start=\"425\" data-end=\"428\">\n<p>En este apartado encontrar\u00e1s informaci\u00f3n sobre:&nbsp;<\/p>\n<ul>\n<li>PROA<\/li>\n<li>Comedor<\/li>\n<li>Aula matinal&nbsp;<\/li>\n<li>Actividades extraescolares<\/li>\n<\/ul>\n<hr data-start=\"425\" data-end=\"428\">\n<p>Para poder formar parte de ellos, ac\u00e9rcate a la &#8220;Administraci\u00f3n&#8221; del centro.<\/p>\n<p><img loading=\"lazy\" decoding=\"async\" class=\" wp-image-1531 aligncenter\" src=\"https:\/\/blogsaverroes.juntadeandalucia.es\/ceipsanagustinecija\/files\/2025\/10\/20251014_102204-1024x577.jpg\" alt=\"\" width=\"704\" height=\"397\" srcset=\"https:\/\/blogsaverroes.juntadeandalucia.es\/ceipsanagustinecija\/files\/2025\/10\/20251014_102204-1024x577.jpg 1024w, https:\/\/blogsaverroes.juntadeandalucia.es\/ceipsanagustinecija\/files\/2025\/10\/20251014_102204-300x169.jpg 300w, https:\/\/blogsaverroes.juntadeandalucia.es\/ceipsanagustinecija\/files\/2025\/10\/20251014_102204-768x432.jpg 768w, https:\/\/blogsaverroes.juntadeandalucia.es\/ceipsanagustinecija\/files\/2025\/10\/20251014_102204-1536x865.jpg 1536w, https:\/\/blogsaverroes.juntadeandalucia.es\/ceipsanagustinecija\/files\/2025\/10\/20251014_102204-2048x1153.jpg 2048w, https:\/\/blogsaverroes.juntadeandalucia.es\/ceipsanagustinecija\/files\/2025\/10\/20251014_102204-1200x676.jpg 1200w\" sizes=\"(max-width: 704px) 85vw, 704px\" \/><\/p>\n","protected":false},"excerpt":{"rendered":"<p>SERVICIOS COMPLEMENTARIOS En este apartado encontrar\u00e1s informaci\u00f3n sobre:&nbsp; PROA Comedor Aula matinal&nbsp; Actividades extraescolares Para poder formar parte de ellos, ac\u00e9rcate a la &#8220;Administraci\u00f3n&#8221; del centro.<\/p>\n","protected":false},"author":14152,"featured_media":0,"parent":0,"menu_order":0,"comment_status":"closed","ping_status":"closed","template":"","meta":{"ngg_post_thumbnail":0,"footnotes":""},"aioseo_notices":[],"_links":{"self":[{"href":"https:\/\/blogsaverroes.juntadeandalucia.es\/ceipsanagustinecija\/wp-json\/wp\/v2\/pages\/1054"}],"collection":[{"href":"https:\/\/blogsaverroes.juntadeandalucia.es\/ceipsanagustinecija\/wp-json\/wp\/v2\/pages"}],"about":[{"href":"https:\/\/blogsaverroes.juntadeandalucia.es\/ceipsanagustinecija\/wp-json\/wp\/v2\/types\/page"}],"author":[{"embeddable":true,"href":"https:\/\/blogsaverroes.juntadeandalucia.es\/ceipsanagustinecija\/wp-json\/wp\/v2\/users\/14152"}],"replies":[{"embeddable":true,"href":"https:\/\/blogsaverroes.juntadeandalucia.es\/ceipsanagustinecija\/wp-json\/wp\/v2\/comments?post=1054"}],"version-history":[{"count":3,"href":"https:\/\/blogsaverroes.juntadeandalucia.es\/ceipsanagustinecija\/wp-json\/wp\/v2\/pages\/1054\/revisions"}],"predecessor-version":[{"id":1824,"href":"https:\/\/blogsaverroes.juntadeandalucia.es\/ceipsanagustinecija\/wp-json\/wp\/v2\/pages\/1054\/revisions\/1824"}],"wp:attachment":[{"href":"https:\/\/blogsaverroes.juntadeandalucia.es\/ceipsanagustinecija\/wp-json\/wp\/v2\/media?parent=1054"}],"curies":[{"name":"wp","href":"https:\/\/api.w.org\/{rel}","templated":true}]}}