{"id":1056,"date":"2025-02-20T09:45:00","date_gmt":"2025-02-20T08:45:00","guid":{"rendered":"https:\/\/blogsaverroes.juntadeandalucia.es\/ceipsanagustinecija\/?page_id=1056"},"modified":"2025-11-04T10:36:08","modified_gmt":"2025-11-04T09:36:08","slug":"etapas-educativas","status":"publish","type":"page","link":"https:\/\/blogsaverroes.juntadeandalucia.es\/ceipsanagustinecija\/etapas-educativas\/","title":{"rendered":"Etapas Educativas"},"content":{"rendered":"<p><strong>ETAPAS EDUCATIVAS DEL C.E.I.P. SAN AGUST\u00cdN<\/strong><\/p>\n<hr data-start=\"425\" data-end=\"428\">\n<p>En esta secci\u00f3n podr\u00e1s encontrar la informaci\u00f3n correspondiente a los siguientes ciclos:&nbsp;<\/p>\n<ul>\n<li>Educaci\u00f3n infantil:<\/li>\n<\/ul>\n<p>&nbsp; &nbsp; &nbsp; &nbsp; &nbsp; &nbsp; &nbsp; &#8211; 3 a\u00f1os<\/p>\n<p>&nbsp; &nbsp; &nbsp; &nbsp; &nbsp; &nbsp; &nbsp; &#8211; 4 a\u00f1os<\/p>\n<p>&nbsp; &nbsp; &nbsp; &nbsp; &nbsp; &nbsp; &nbsp; &#8211; 5 a\u00f1os<\/p>\n<ul>\n<li>Educaci\u00f3n primaria:<\/li>\n<\/ul>\n<p>&nbsp; &nbsp; &nbsp; &nbsp; &nbsp; &nbsp; &nbsp; &#8211; Primer ciclo: compuesto por 1\u00ba y 2\u00ba de primaria.&nbsp;<\/p>\n<p>&nbsp; &nbsp; &nbsp; &nbsp; &nbsp; &nbsp; &nbsp; &#8211; Segundo ciclo: compuesto por 3\u00ba y 4\u00ba de primaria.&nbsp;<\/p>\n<p>&nbsp; &nbsp; &nbsp; &nbsp; &nbsp; &nbsp; &nbsp; &#8211; Tercer ciclo: compuesto por 5\u00ba y 6\u00ba de primaria.<\/p>\n<ul>\n<li>Educaci\u00f3n especial.<\/li>\n<\/ul>\n","protected":false},"excerpt":{"rendered":"<p>ETAPAS EDUCATIVAS DEL C.E.I.P. SAN AGUST\u00cdN En esta secci\u00f3n podr\u00e1s encontrar la informaci\u00f3n correspondiente a los siguientes ciclos:&nbsp; Educaci\u00f3n infantil: &nbsp; &nbsp; &nbsp; &nbsp; &nbsp; &nbsp; &nbsp; &#8211; 3 a\u00f1os &nbsp; &nbsp; &nbsp; &nbsp; &nbsp; &nbsp; &nbsp; &#8211; 4 a\u00f1os &nbsp; &nbsp; &nbsp; &nbsp; &nbsp; &nbsp; &nbsp; &#8211; 5 a\u00f1os Educaci\u00f3n primaria: &nbsp; &nbsp; &nbsp; &hellip; <a href=\"https:\/\/blogsaverroes.juntadeandalucia.es\/ceipsanagustinecija\/etapas-educativas\/\" class=\"more-link\">Continuar leyendo<span class=\"screen-reader-text\"> &#8220;Etapas Educativas&#8221;<\/span><\/a><\/p>\n","protected":false},"author":14152,"featured_media":0,"parent":0,"menu_order":0,"comment_status":"closed","ping_status":"closed","template":"","meta":{"ngg_post_thumbnail":0,"footnotes":""},"aioseo_notices":[],"_links":{"self":[{"href":"https:\/\/blogsaverroes.juntadeandalucia.es\/ceipsanagustinecija\/wp-json\/wp\/v2\/pages\/1056"}],"collection":[{"href":"https:\/\/blogsaverroes.juntadeandalucia.es\/ceipsanagustinecija\/wp-json\/wp\/v2\/pages"}],"about":[{"href":"https:\/\/blogsaverroes.juntadeandalucia.es\/ceipsanagustinecija\/wp-json\/wp\/v2\/types\/page"}],"author":[{"embeddable":true,"href":"https:\/\/blogsaverroes.juntadeandalucia.es\/ceipsanagustinecija\/wp-json\/wp\/v2\/users\/14152"}],"replies":[{"embeddable":true,"href":"https:\/\/blogsaverroes.juntadeandalucia.es\/ceipsanagustinecija\/wp-json\/wp\/v2\/comments?post=1056"}],"version-history":[{"count":3,"href":"https:\/\/blogsaverroes.juntadeandalucia.es\/ceipsanagustinecija\/wp-json\/wp\/v2\/pages\/1056\/revisions"}],"predecessor-version":[{"id":1833,"href":"https:\/\/blogsaverroes.juntadeandalucia.es\/ceipsanagustinecija\/wp-json\/wp\/v2\/pages\/1056\/revisions\/1833"}],"wp:attachment":[{"href":"https:\/\/blogsaverroes.juntadeandalucia.es\/ceipsanagustinecija\/wp-json\/wp\/v2\/media?parent=1056"}],"curies":[{"name":"wp","href":"https:\/\/api.w.org\/{rel}","templated":true}]}}