{"id":1058,"date":"2025-02-20T09:45:46","date_gmt":"2025-02-20T08:45:46","guid":{"rendered":"https:\/\/blogsaverroes.juntadeandalucia.es\/ceipsanagustinecija\/?page_id=1058"},"modified":"2025-11-04T10:37:33","modified_gmt":"2025-11-04T09:37:33","slug":"educacion-especial","status":"publish","type":"page","link":"https:\/\/blogsaverroes.juntadeandalucia.es\/ceipsanagustinecija\/educacion-especial\/","title":{"rendered":"Educaci\u00f3n Especial"},"content":{"rendered":"<p><strong>DESFILE MILITAR&nbsp; A CABALLO<\/strong><\/p>\n<p>En la ma\u00f1ana del 9 de octubre, los alumnos del centro han disfrutado del paso del desfile militar organizado con motivo de la festividad nacional del 12 de octubre.<\/p>\n<p><img loading=\"lazy\" decoding=\"async\" class=\"size-large wp-image-1675 aligncenter\" src=\"https:\/\/blogsaverroes.juntadeandalucia.es\/ceipsanagustinecija\/files\/2025\/10\/Diseno-sin-titulo-14-642x1024.png\" alt=\"\" width=\"642\" height=\"1024\" srcset=\"https:\/\/blogsaverroes.juntadeandalucia.es\/ceipsanagustinecija\/files\/2025\/10\/Diseno-sin-titulo-14-642x1024.png 642w, https:\/\/blogsaverroes.juntadeandalucia.es\/ceipsanagustinecija\/files\/2025\/10\/Diseno-sin-titulo-14-188x300.png 188w, https:\/\/blogsaverroes.juntadeandalucia.es\/ceipsanagustinecija\/files\/2025\/10\/Diseno-sin-titulo-14-768x1226.png 768w, https:\/\/blogsaverroes.juntadeandalucia.es\/ceipsanagustinecija\/files\/2025\/10\/Diseno-sin-titulo-14-963x1536.png 963w, https:\/\/blogsaverroes.juntadeandalucia.es\/ceipsanagustinecija\/files\/2025\/10\/Diseno-sin-titulo-14-1283x2048.png 1283w, https:\/\/blogsaverroes.juntadeandalucia.es\/ceipsanagustinecija\/files\/2025\/10\/Diseno-sin-titulo-14.png 1410w\" sizes=\"(max-width: 642px) 85vw, 642px\" \/><\/p>\n<hr data-start=\"425\" data-end=\"428\">\n<p><strong>PONEMOS EN MARCHA EL HUERTO AGUSTINO<\/strong><\/p>\n<p>aulas espec\u00edficas, un a\u00f1o m\u00e1s, retoman las actividades relacionadas con el huerto de nuestro colegio. En este caso y tras la llegada del oto\u00f1o hemos comenzado con la recogida de hojas secas usando nuestros rastrillos, y adem\u00e1s hemos sembrado las primeras semillas de este curso: perejil y calabazas! Esperemos que sea buen a\u00f1o de sol y lluvias y&nbsp; la cosecha sea fruct\u00edfera!&nbsp; &nbsp; &nbsp; &nbsp; &nbsp; &nbsp; &nbsp; &nbsp; &nbsp; &nbsp; &nbsp; &nbsp; &nbsp;<\/p>\n<p><img loading=\"lazy\" decoding=\"async\" class=\"size-large wp-image-1504 aligncenter\" src=\"https:\/\/blogsaverroes.juntadeandalucia.es\/ceipsanagustinecija\/files\/2025\/10\/Diseno-sin-titulo-2-1024x664.png\" alt=\"\" width=\"843\" height=\"547\" srcset=\"https:\/\/blogsaverroes.juntadeandalucia.es\/ceipsanagustinecija\/files\/2025\/10\/Diseno-sin-titulo-2-1024x664.png 1024w, https:\/\/blogsaverroes.juntadeandalucia.es\/ceipsanagustinecija\/files\/2025\/10\/Diseno-sin-titulo-2-300x195.png 300w, https:\/\/blogsaverroes.juntadeandalucia.es\/ceipsanagustinecija\/files\/2025\/10\/Diseno-sin-titulo-2-768x498.png 768w, https:\/\/blogsaverroes.juntadeandalucia.es\/ceipsanagustinecija\/files\/2025\/10\/Diseno-sin-titulo-2-1536x996.png 1536w, https:\/\/blogsaverroes.juntadeandalucia.es\/ceipsanagustinecija\/files\/2025\/10\/Diseno-sin-titulo-2-2048x1329.png 2048w, https:\/\/blogsaverroes.juntadeandalucia.es\/ceipsanagustinecija\/files\/2025\/10\/Diseno-sin-titulo-2-1200x778.png 1200w\" sizes=\"(max-width: 709px) 85vw, (max-width: 909px) 67vw, (max-width: 1362px) 62vw, 840px\" \/>&nbsp;<\/p>\n","protected":false},"excerpt":{"rendered":"<p>DESFILE MILITAR&nbsp; A CABALLO En la ma\u00f1ana del 9 de octubre, los alumnos del centro han disfrutado del paso del desfile militar organizado con motivo de la festividad nacional del 12 de octubre. PONEMOS EN MARCHA EL HUERTO AGUSTINO aulas espec\u00edficas, un a\u00f1o m\u00e1s, retoman las actividades relacionadas con el huerto de nuestro colegio. En &hellip; <a href=\"https:\/\/blogsaverroes.juntadeandalucia.es\/ceipsanagustinecija\/educacion-especial\/\" class=\"more-link\">Continuar leyendo<span class=\"screen-reader-text\"> &#8220;Educaci\u00f3n Especial&#8221;<\/span><\/a><\/p>\n","protected":false},"author":14152,"featured_media":0,"parent":0,"menu_order":0,"comment_status":"closed","ping_status":"closed","template":"","meta":{"ngg_post_thumbnail":0,"footnotes":""},"aioseo_notices":[],"_links":{"self":[{"href":"https:\/\/blogsaverroes.juntadeandalucia.es\/ceipsanagustinecija\/wp-json\/wp\/v2\/pages\/1058"}],"collection":[{"href":"https:\/\/blogsaverroes.juntadeandalucia.es\/ceipsanagustinecija\/wp-json\/wp\/v2\/pages"}],"about":[{"href":"https:\/\/blogsaverroes.juntadeandalucia.es\/ceipsanagustinecija\/wp-json\/wp\/v2\/types\/page"}],"author":[{"embeddable":true,"href":"https:\/\/blogsaverroes.juntadeandalucia.es\/ceipsanagustinecija\/wp-json\/wp\/v2\/users\/14152"}],"replies":[{"embeddable":true,"href":"https:\/\/blogsaverroes.juntadeandalucia.es\/ceipsanagustinecija\/wp-json\/wp\/v2\/comments?post=1058"}],"version-history":[{"count":6,"href":"https:\/\/blogsaverroes.juntadeandalucia.es\/ceipsanagustinecija\/wp-json\/wp\/v2\/pages\/1058\/revisions"}],"predecessor-version":[{"id":1834,"href":"https:\/\/blogsaverroes.juntadeandalucia.es\/ceipsanagustinecija\/wp-json\/wp\/v2\/pages\/1058\/revisions\/1834"}],"wp:attachment":[{"href":"https:\/\/blogsaverroes.juntadeandalucia.es\/ceipsanagustinecija\/wp-json\/wp\/v2\/media?parent=1058"}],"curies":[{"name":"wp","href":"https:\/\/api.w.org\/{rel}","templated":true}]}}