{"id":1066,"date":"2025-02-20T10:08:31","date_gmt":"2025-02-20T09:08:31","guid":{"rendered":"https:\/\/blogsaverroes.juntadeandalucia.es\/ceipsanagustinecija\/?page_id=1066"},"modified":"2025-11-04T09:50:33","modified_gmt":"2025-11-04T08:50:33","slug":"admision","status":"publish","type":"page","link":"https:\/\/blogsaverroes.juntadeandalucia.es\/ceipsanagustinecija\/admision\/","title":{"rendered":"Admisi\u00f3n"},"content":{"rendered":"<p><strong>ADMISI\u00d3N EN EL C.E.I.P. SAN AGUST\u00cdN<\/strong><\/p>\n<hr data-start=\"425\" data-end=\"428\">\n<p>Acude a la &#8220;Administraci\u00f3n&#8221; del centro para m\u00e1s informaci\u00f3n.<\/p>\n<hr data-start=\"425\" data-end=\"428\">\n<p><img loading=\"lazy\" decoding=\"async\" class=\" wp-image-1810 aligncenter\" src=\"https:\/\/blogsaverroes.juntadeandalucia.es\/ceipsanagustinecija\/files\/2025\/11\/20251014_101727-1024x577.jpg\" alt=\"\" width=\"584\" height=\"329\" srcset=\"https:\/\/blogsaverroes.juntadeandalucia.es\/ceipsanagustinecija\/files\/2025\/11\/20251014_101727-1024x577.jpg 1024w, https:\/\/blogsaverroes.juntadeandalucia.es\/ceipsanagustinecija\/files\/2025\/11\/20251014_101727-300x169.jpg 300w, https:\/\/blogsaverroes.juntadeandalucia.es\/ceipsanagustinecija\/files\/2025\/11\/20251014_101727-768x433.jpg 768w, https:\/\/blogsaverroes.juntadeandalucia.es\/ceipsanagustinecija\/files\/2025\/11\/20251014_101727-1536x865.jpg 1536w, https:\/\/blogsaverroes.juntadeandalucia.es\/ceipsanagustinecija\/files\/2025\/11\/20251014_101727-2048x1153.jpg 2048w\" sizes=\"(max-width: 584px) 85vw, 584px\" \/><\/p>\n","protected":false},"excerpt":{"rendered":"<p>ADMISI\u00d3N EN EL C.E.I.P. SAN AGUST\u00cdN Acude a la &#8220;Administraci\u00f3n&#8221; del centro para m\u00e1s informaci\u00f3n.<\/p>\n","protected":false},"author":14152,"featured_media":0,"parent":0,"menu_order":0,"comment_status":"closed","ping_status":"closed","template":"","meta":{"ngg_post_thumbnail":0,"footnotes":""},"aioseo_notices":[],"_links":{"self":[{"href":"https:\/\/blogsaverroes.juntadeandalucia.es\/ceipsanagustinecija\/wp-json\/wp\/v2\/pages\/1066"}],"collection":[{"href":"https:\/\/blogsaverroes.juntadeandalucia.es\/ceipsanagustinecija\/wp-json\/wp\/v2\/pages"}],"about":[{"href":"https:\/\/blogsaverroes.juntadeandalucia.es\/ceipsanagustinecija\/wp-json\/wp\/v2\/types\/page"}],"author":[{"embeddable":true,"href":"https:\/\/blogsaverroes.juntadeandalucia.es\/ceipsanagustinecija\/wp-json\/wp\/v2\/users\/14152"}],"replies":[{"embeddable":true,"href":"https:\/\/blogsaverroes.juntadeandalucia.es\/ceipsanagustinecija\/wp-json\/wp\/v2\/comments?post=1066"}],"version-history":[{"count":4,"href":"https:\/\/blogsaverroes.juntadeandalucia.es\/ceipsanagustinecija\/wp-json\/wp\/v2\/pages\/1066\/revisions"}],"predecessor-version":[{"id":1820,"href":"https:\/\/blogsaverroes.juntadeandalucia.es\/ceipsanagustinecija\/wp-json\/wp\/v2\/pages\/1066\/revisions\/1820"}],"wp:attachment":[{"href":"https:\/\/blogsaverroes.juntadeandalucia.es\/ceipsanagustinecija\/wp-json\/wp\/v2\/media?parent=1066"}],"curies":[{"name":"wp","href":"https:\/\/api.w.org\/{rel}","templated":true}]}}