{"id":1068,"date":"2025-02-20T10:08:47","date_gmt":"2025-02-20T09:08:47","guid":{"rendered":"https:\/\/blogsaverroes.juntadeandalucia.es\/ceipsanagustinecija\/?page_id=1068"},"modified":"2025-11-04T09:53:10","modified_gmt":"2025-11-04T08:53:10","slug":"matriculacion","status":"publish","type":"page","link":"https:\/\/blogsaverroes.juntadeandalucia.es\/ceipsanagustinecija\/matriculacion\/","title":{"rendered":"Matriculaci\u00f3n"},"content":{"rendered":"<p><strong>MATRICULACI\u00d3N EN EL C.E.I.P. SAN AGUST\u00cdN<\/strong><\/p>\n<hr data-start=\"425\" data-end=\"428\">\n<p>Acude a la &#8220;Administraci\u00f3n&#8221; del centro para m\u00e1s informaci\u00f3n.<\/p>\n<hr data-start=\"425\" data-end=\"428\">\n<p><img loading=\"lazy\" decoding=\"async\" class=\" wp-image-1661 aligncenter\" src=\"https:\/\/blogsaverroes.juntadeandalucia.es\/ceipsanagustinecija\/files\/2025\/10\/Diseno-sin-titulo-12-e1762245825232-1024x287.png\" alt=\"\" width=\"911\" height=\"255\" srcset=\"https:\/\/blogsaverroes.juntadeandalucia.es\/ceipsanagustinecija\/files\/2025\/10\/Diseno-sin-titulo-12-e1762245825232-1024x287.png 1024w, https:\/\/blogsaverroes.juntadeandalucia.es\/ceipsanagustinecija\/files\/2025\/10\/Diseno-sin-titulo-12-e1762245825232-300x84.png 300w, https:\/\/blogsaverroes.juntadeandalucia.es\/ceipsanagustinecija\/files\/2025\/10\/Diseno-sin-titulo-12-e1762245825232-768x215.png 768w, https:\/\/blogsaverroes.juntadeandalucia.es\/ceipsanagustinecija\/files\/2025\/10\/Diseno-sin-titulo-12-e1762245825232-1536x430.png 1536w, https:\/\/blogsaverroes.juntadeandalucia.es\/ceipsanagustinecija\/files\/2025\/10\/Diseno-sin-titulo-12-e1762245825232-2048x573.png 2048w\" sizes=\"(max-width: 709px) 85vw, (max-width: 909px) 67vw, (max-width: 1362px) 62vw, 840px\" \/><\/p>\n","protected":false},"excerpt":{"rendered":"<p>MATRICULACI\u00d3N EN EL C.E.I.P. SAN AGUST\u00cdN Acude a la &#8220;Administraci\u00f3n&#8221; del centro para m\u00e1s informaci\u00f3n.<\/p>\n","protected":false},"author":14152,"featured_media":0,"parent":0,"menu_order":0,"comment_status":"closed","ping_status":"closed","template":"","meta":{"ngg_post_thumbnail":0,"footnotes":""},"aioseo_notices":[],"_links":{"self":[{"href":"https:\/\/blogsaverroes.juntadeandalucia.es\/ceipsanagustinecija\/wp-json\/wp\/v2\/pages\/1068"}],"collection":[{"href":"https:\/\/blogsaverroes.juntadeandalucia.es\/ceipsanagustinecija\/wp-json\/wp\/v2\/pages"}],"about":[{"href":"https:\/\/blogsaverroes.juntadeandalucia.es\/ceipsanagustinecija\/wp-json\/wp\/v2\/types\/page"}],"author":[{"embeddable":true,"href":"https:\/\/blogsaverroes.juntadeandalucia.es\/ceipsanagustinecija\/wp-json\/wp\/v2\/users\/14152"}],"replies":[{"embeddable":true,"href":"https:\/\/blogsaverroes.juntadeandalucia.es\/ceipsanagustinecija\/wp-json\/wp\/v2\/comments?post=1068"}],"version-history":[{"count":3,"href":"https:\/\/blogsaverroes.juntadeandalucia.es\/ceipsanagustinecija\/wp-json\/wp\/v2\/pages\/1068\/revisions"}],"predecessor-version":[{"id":1822,"href":"https:\/\/blogsaverroes.juntadeandalucia.es\/ceipsanagustinecija\/wp-json\/wp\/v2\/pages\/1068\/revisions\/1822"}],"wp:attachment":[{"href":"https:\/\/blogsaverroes.juntadeandalucia.es\/ceipsanagustinecija\/wp-json\/wp\/v2\/media?parent=1068"}],"curies":[{"name":"wp","href":"https:\/\/api.w.org\/{rel}","templated":true}]}}