{"id":1077,"date":"2025-02-21T09:20:53","date_gmt":"2025-02-21T08:20:53","guid":{"rendered":"https:\/\/blogsaverroes.juntadeandalucia.es\/ceipsanagustinecija\/?page_id=1077"},"modified":"2025-10-14T11:56:28","modified_gmt":"2025-10-14T10:56:28","slug":"nuestro-centro","status":"publish","type":"page","link":"https:\/\/blogsaverroes.juntadeandalucia.es\/ceipsanagustinecija\/nuestro-centro\/","title":{"rendered":"Nuestro centro"},"content":{"rendered":"<h2 data-start=\"110\" data-end=\"148\">Bienvenidos al C.E.I.P. San Agust\u00edn<\/h2>\n<p data-start=\"150\" data-end=\"201\"><strong data-start=\"150\" data-end=\"201\">\u00a1Donde crecer, aprender y so\u00f1ar van de la mano!<\/strong><\/p>\n<p data-start=\"203\" data-end=\"423\">En pleno coraz\u00f3n de \u00c9cija, nuestro centro educativo abre sus puertas para brindar un espacio c\u00e1lido y lleno de oportunidades para toda la comunidad. Aqu\u00ed, cada d\u00eda es una nueva aventura para descubrir, crear y compartir.<\/p>\n<hr data-start=\"425\" data-end=\"428\">\n<h3 data-start=\"430\" data-end=\"454\">\u00bfD\u00f3nde encontrarnos?<\/h3>\n<p data-start=\"456\" data-end=\"502\">\ud83d\udccd <strong data-start=\"459\" data-end=\"502\">Calle M\u00e1laga, 22, 41400 \u00c9cija (Sevilla)<\/strong><\/p>\n<hr data-start=\"504\" data-end=\"507\">\n<h3 data-start=\"509\" data-end=\"535\">\u00bfQuieres contactarnos?<\/h3>\n<p data-start=\"537\" data-end=\"665\">\ud83d\udcde Tel\u00e9fonos: 955 879 521 \/ 670 947 124<br data-start=\"576\" data-end=\"579\">\u2709\ufe0f Correo: <a class=\"decorated-link cursor-pointer\" rel=\"noopener\" data-start=\"590\" data-end=\"665\">41001859.edu@juntadeandalucia.es<\/a><\/p>\n<hr data-start=\"667\" data-end=\"670\">\n<h3 data-start=\"672\" data-end=\"703\">C\u00f3digo del centro: 41001859<\/h3>\n<p data-start=\"705\" data-end=\"743\">\u00a1Te esperamos con los brazos abiertos!<\/p>\n<p data-start=\"705\" data-end=\"743\"><img loading=\"lazy\" decoding=\"async\" class=\"size-large wp-image-1530 aligncenter\" src=\"https:\/\/blogsaverroes.juntadeandalucia.es\/ceipsanagustinecija\/files\/2025\/10\/20251014_101611-1024x559.jpg\" alt=\"\" width=\"843\" height=\"460\" srcset=\"https:\/\/blogsaverroes.juntadeandalucia.es\/ceipsanagustinecija\/files\/2025\/10\/20251014_101611-1024x559.jpg 1024w, https:\/\/blogsaverroes.juntadeandalucia.es\/ceipsanagustinecija\/files\/2025\/10\/20251014_101611-300x164.jpg 300w, https:\/\/blogsaverroes.juntadeandalucia.es\/ceipsanagustinecija\/files\/2025\/10\/20251014_101611-768x419.jpg 768w, https:\/\/blogsaverroes.juntadeandalucia.es\/ceipsanagustinecija\/files\/2025\/10\/20251014_101611-1536x838.jpg 1536w, https:\/\/blogsaverroes.juntadeandalucia.es\/ceipsanagustinecija\/files\/2025\/10\/20251014_101611-2048x1117.jpg 2048w, https:\/\/blogsaverroes.juntadeandalucia.es\/ceipsanagustinecija\/files\/2025\/10\/20251014_101611-1200x655.jpg 1200w\" sizes=\"(max-width: 709px) 85vw, (max-width: 909px) 67vw, (max-width: 1362px) 62vw, 840px\" \/><\/p>\n","protected":false},"excerpt":{"rendered":"<p>Bienvenidos al C.E.I.P. San Agust\u00edn \u00a1Donde crecer, aprender y so\u00f1ar van de la mano! En pleno coraz\u00f3n de \u00c9cija, nuestro centro educativo abre sus puertas para brindar un espacio c\u00e1lido y lleno de oportunidades para toda la comunidad. Aqu\u00ed, cada d\u00eda es una nueva aventura para descubrir, crear y compartir. \u00bfD\u00f3nde encontrarnos? \ud83d\udccd Calle M\u00e1laga, &hellip; <a href=\"https:\/\/blogsaverroes.juntadeandalucia.es\/ceipsanagustinecija\/nuestro-centro\/\" class=\"more-link\">Continuar leyendo<span class=\"screen-reader-text\"> &#8220;Nuestro centro&#8221;<\/span><\/a><\/p>\n","protected":false},"author":14152,"featured_media":0,"parent":0,"menu_order":0,"comment_status":"closed","ping_status":"closed","template":"","meta":{"ngg_post_thumbnail":0,"footnotes":""},"aioseo_notices":[],"_links":{"self":[{"href":"https:\/\/blogsaverroes.juntadeandalucia.es\/ceipsanagustinecija\/wp-json\/wp\/v2\/pages\/1077"}],"collection":[{"href":"https:\/\/blogsaverroes.juntadeandalucia.es\/ceipsanagustinecija\/wp-json\/wp\/v2\/pages"}],"about":[{"href":"https:\/\/blogsaverroes.juntadeandalucia.es\/ceipsanagustinecija\/wp-json\/wp\/v2\/types\/page"}],"author":[{"embeddable":true,"href":"https:\/\/blogsaverroes.juntadeandalucia.es\/ceipsanagustinecija\/wp-json\/wp\/v2\/users\/14152"}],"replies":[{"embeddable":true,"href":"https:\/\/blogsaverroes.juntadeandalucia.es\/ceipsanagustinecija\/wp-json\/wp\/v2\/comments?post=1077"}],"version-history":[{"count":3,"href":"https:\/\/blogsaverroes.juntadeandalucia.es\/ceipsanagustinecija\/wp-json\/wp\/v2\/pages\/1077\/revisions"}],"predecessor-version":[{"id":1563,"href":"https:\/\/blogsaverroes.juntadeandalucia.es\/ceipsanagustinecija\/wp-json\/wp\/v2\/pages\/1077\/revisions\/1563"}],"wp:attachment":[{"href":"https:\/\/blogsaverroes.juntadeandalucia.es\/ceipsanagustinecija\/wp-json\/wp\/v2\/media?parent=1077"}],"curies":[{"name":"wp","href":"https:\/\/api.w.org\/{rel}","templated":true}]}}