{"id":1087,"date":"2025-02-21T09:22:41","date_gmt":"2025-02-21T08:22:41","guid":{"rendered":"https:\/\/blogsaverroes.juntadeandalucia.es\/ceipsanagustinecija\/?page_id=1087"},"modified":"2025-11-14T09:46:24","modified_gmt":"2025-11-14T08:46:24","slug":"educacion-infantil","status":"publish","type":"page","link":"https:\/\/blogsaverroes.juntadeandalucia.es\/ceipsanagustinecija\/educacion-infantil\/","title":{"rendered":"Educaci\u00f3n infantil"},"content":{"rendered":"<p><strong>LA FIESTA DEL OTO\u00d1O<\/strong><\/p>\n<p>Por fin lleg\u00f3 el oto\u00f1o y con \u00e9l nuestra tradicional fiesta!! Aqu\u00ed os dejamos algunas fotos de este d\u00eda tan oto\u00f1al que hemos vivido!!<\/p>\n<p><img loading=\"lazy\" decoding=\"async\" class=\"wp-image-1887 alignleft\" src=\"https:\/\/blogsaverroes.juntadeandalucia.es\/ceipsanagustinecija\/files\/2025\/11\/Fiesta-del-otono-1-2-1024x819.png\" alt=\"\" width=\"386\" height=\"309\" srcset=\"https:\/\/blogsaverroes.juntadeandalucia.es\/ceipsanagustinecija\/files\/2025\/11\/Fiesta-del-otono-1-2-1024x819.png 1024w, https:\/\/blogsaverroes.juntadeandalucia.es\/ceipsanagustinecija\/files\/2025\/11\/Fiesta-del-otono-1-2-300x240.png 300w, https:\/\/blogsaverroes.juntadeandalucia.es\/ceipsanagustinecija\/files\/2025\/11\/Fiesta-del-otono-1-2-768x614.png 768w, https:\/\/blogsaverroes.juntadeandalucia.es\/ceipsanagustinecija\/files\/2025\/11\/Fiesta-del-otono-1-2-1536x1229.png 1536w, https:\/\/blogsaverroes.juntadeandalucia.es\/ceipsanagustinecija\/files\/2025\/11\/Fiesta-del-otono-1-2.png 2000w\" sizes=\"(max-width: 386px) 85vw, 386px\" \/> <img loading=\"lazy\" decoding=\"async\" class=\" wp-image-1872 alignleft\" src=\"https:\/\/blogsaverroes.juntadeandalucia.es\/ceipsanagustinecija\/files\/2025\/11\/Fiesta-del-otono-2-1024x819.png\" alt=\"\" width=\"386\" height=\"309\" srcset=\"https:\/\/blogsaverroes.juntadeandalucia.es\/ceipsanagustinecija\/files\/2025\/11\/Fiesta-del-otono-2-1024x819.png 1024w, https:\/\/blogsaverroes.juntadeandalucia.es\/ceipsanagustinecija\/files\/2025\/11\/Fiesta-del-otono-2-300x240.png 300w, https:\/\/blogsaverroes.juntadeandalucia.es\/ceipsanagustinecija\/files\/2025\/11\/Fiesta-del-otono-2-768x614.png 768w, https:\/\/blogsaverroes.juntadeandalucia.es\/ceipsanagustinecija\/files\/2025\/11\/Fiesta-del-otono-2-1536x1229.png 1536w, https:\/\/blogsaverroes.juntadeandalucia.es\/ceipsanagustinecija\/files\/2025\/11\/Fiesta-del-otono-2.png 2000w\" sizes=\"(max-width: 386px) 85vw, 386px\" \/><img loading=\"lazy\" decoding=\"async\" class=\" wp-image-1873 alignleft\" src=\"https:\/\/blogsaverroes.juntadeandalucia.es\/ceipsanagustinecija\/files\/2025\/11\/Fiesta-del-otono-3-1024x819.png\" alt=\"\" width=\"384\" height=\"307\" srcset=\"https:\/\/blogsaverroes.juntadeandalucia.es\/ceipsanagustinecija\/files\/2025\/11\/Fiesta-del-otono-3-1024x819.png 1024w, https:\/\/blogsaverroes.juntadeandalucia.es\/ceipsanagustinecija\/files\/2025\/11\/Fiesta-del-otono-3-300x240.png 300w, https:\/\/blogsaverroes.juntadeandalucia.es\/ceipsanagustinecija\/files\/2025\/11\/Fiesta-del-otono-3-768x614.png 768w, https:\/\/blogsaverroes.juntadeandalucia.es\/ceipsanagustinecija\/files\/2025\/11\/Fiesta-del-otono-3-1536x1229.png 1536w, https:\/\/blogsaverroes.juntadeandalucia.es\/ceipsanagustinecija\/files\/2025\/11\/Fiesta-del-otono-3.png 2000w\" sizes=\"(max-width: 384px) 85vw, 384px\" \/><\/p>\n<p><img loading=\"lazy\" decoding=\"async\" class=\" wp-image-1874 alignleft\" src=\"https:\/\/blogsaverroes.juntadeandalucia.es\/ceipsanagustinecija\/files\/2025\/11\/Fiesta-del-otono-4-1024x819.png\" alt=\"\" width=\"384\" height=\"307\" srcset=\"https:\/\/blogsaverroes.juntadeandalucia.es\/ceipsanagustinecija\/files\/2025\/11\/Fiesta-del-otono-4-1024x819.png 1024w, https:\/\/blogsaverroes.juntadeandalucia.es\/ceipsanagustinecija\/files\/2025\/11\/Fiesta-del-otono-4-300x240.png 300w, https:\/\/blogsaverroes.juntadeandalucia.es\/ceipsanagustinecija\/files\/2025\/11\/Fiesta-del-otono-4-768x614.png 768w, https:\/\/blogsaverroes.juntadeandalucia.es\/ceipsanagustinecija\/files\/2025\/11\/Fiesta-del-otono-4-1536x1229.png 1536w, https:\/\/blogsaverroes.juntadeandalucia.es\/ceipsanagustinecija\/files\/2025\/11\/Fiesta-del-otono-4.png 2000w\" sizes=\"(max-width: 384px) 85vw, 384px\" \/> <img loading=\"lazy\" decoding=\"async\" class=\" wp-image-1875 alignleft\" src=\"https:\/\/blogsaverroes.juntadeandalucia.es\/ceipsanagustinecija\/files\/2025\/11\/Fiesta-del-otono-5-1024x819.png\" alt=\"\" width=\"383\" height=\"307\" srcset=\"https:\/\/blogsaverroes.juntadeandalucia.es\/ceipsanagustinecija\/files\/2025\/11\/Fiesta-del-otono-5-1024x819.png 1024w, https:\/\/blogsaverroes.juntadeandalucia.es\/ceipsanagustinecija\/files\/2025\/11\/Fiesta-del-otono-5-300x240.png 300w, https:\/\/blogsaverroes.juntadeandalucia.es\/ceipsanagustinecija\/files\/2025\/11\/Fiesta-del-otono-5-768x614.png 768w, https:\/\/blogsaverroes.juntadeandalucia.es\/ceipsanagustinecija\/files\/2025\/11\/Fiesta-del-otono-5-1536x1229.png 1536w, https:\/\/blogsaverroes.juntadeandalucia.es\/ceipsanagustinecija\/files\/2025\/11\/Fiesta-del-otono-5.png 2000w\" sizes=\"(max-width: 383px) 85vw, 383px\" \/> <img loading=\"lazy\" decoding=\"async\" class=\" wp-image-1876 alignleft\" src=\"https:\/\/blogsaverroes.juntadeandalucia.es\/ceipsanagustinecija\/files\/2025\/11\/Fiesta-del-otono-6-1024x819.png\" alt=\"\" width=\"384\" height=\"307\" srcset=\"https:\/\/blogsaverroes.juntadeandalucia.es\/ceipsanagustinecija\/files\/2025\/11\/Fiesta-del-otono-6-1024x819.png 1024w, https:\/\/blogsaverroes.juntadeandalucia.es\/ceipsanagustinecija\/files\/2025\/11\/Fiesta-del-otono-6-300x240.png 300w, https:\/\/blogsaverroes.juntadeandalucia.es\/ceipsanagustinecija\/files\/2025\/11\/Fiesta-del-otono-6-768x614.png 768w, https:\/\/blogsaverroes.juntadeandalucia.es\/ceipsanagustinecija\/files\/2025\/11\/Fiesta-del-otono-6-1536x1229.png 1536w, https:\/\/blogsaverroes.juntadeandalucia.es\/ceipsanagustinecija\/files\/2025\/11\/Fiesta-del-otono-6.png 2000w\" sizes=\"(max-width: 384px) 85vw, 384px\" \/> <img loading=\"lazy\" decoding=\"async\" class=\" wp-image-1877 alignleft\" src=\"https:\/\/blogsaverroes.juntadeandalucia.es\/ceipsanagustinecija\/files\/2025\/11\/Fiesta-del-otono-7-1024x819.png\" alt=\"\" width=\"384\" height=\"307\" srcset=\"https:\/\/blogsaverroes.juntadeandalucia.es\/ceipsanagustinecija\/files\/2025\/11\/Fiesta-del-otono-7-1024x819.png 1024w, https:\/\/blogsaverroes.juntadeandalucia.es\/ceipsanagustinecija\/files\/2025\/11\/Fiesta-del-otono-7-300x240.png 300w, https:\/\/blogsaverroes.juntadeandalucia.es\/ceipsanagustinecija\/files\/2025\/11\/Fiesta-del-otono-7-768x614.png 768w, https:\/\/blogsaverroes.juntadeandalucia.es\/ceipsanagustinecija\/files\/2025\/11\/Fiesta-del-otono-7-1536x1229.png 1536w, https:\/\/blogsaverroes.juntadeandalucia.es\/ceipsanagustinecija\/files\/2025\/11\/Fiesta-del-otono-7.png 2000w\" sizes=\"(max-width: 384px) 85vw, 384px\" \/> <img loading=\"lazy\" decoding=\"async\" class=\" wp-image-1878 alignleft\" src=\"https:\/\/blogsaverroes.juntadeandalucia.es\/ceipsanagustinecija\/files\/2025\/11\/Fiesta-del-otono-8-1024x819.png\" alt=\"\" width=\"384\" height=\"307\" srcset=\"https:\/\/blogsaverroes.juntadeandalucia.es\/ceipsanagustinecija\/files\/2025\/11\/Fiesta-del-otono-8-1024x819.png 1024w, https:\/\/blogsaverroes.juntadeandalucia.es\/ceipsanagustinecija\/files\/2025\/11\/Fiesta-del-otono-8-300x240.png 300w, https:\/\/blogsaverroes.juntadeandalucia.es\/ceipsanagustinecija\/files\/2025\/11\/Fiesta-del-otono-8-768x614.png 768w, https:\/\/blogsaverroes.juntadeandalucia.es\/ceipsanagustinecija\/files\/2025\/11\/Fiesta-del-otono-8-1536x1229.png 1536w, https:\/\/blogsaverroes.juntadeandalucia.es\/ceipsanagustinecija\/files\/2025\/11\/Fiesta-del-otono-8.png 2000w\" sizes=\"(max-width: 384px) 85vw, 384px\" \/> <img loading=\"lazy\" decoding=\"async\" class=\" wp-image-1879 alignleft\" src=\"https:\/\/blogsaverroes.juntadeandalucia.es\/ceipsanagustinecija\/files\/2025\/11\/Fiesta-del-otono-9-1024x819.png\" alt=\"\" width=\"383\" height=\"306\" srcset=\"https:\/\/blogsaverroes.juntadeandalucia.es\/ceipsanagustinecija\/files\/2025\/11\/Fiesta-del-otono-9-1024x819.png 1024w, https:\/\/blogsaverroes.juntadeandalucia.es\/ceipsanagustinecija\/files\/2025\/11\/Fiesta-del-otono-9-300x240.png 300w, https:\/\/blogsaverroes.juntadeandalucia.es\/ceipsanagustinecija\/files\/2025\/11\/Fiesta-del-otono-9-768x614.png 768w, https:\/\/blogsaverroes.juntadeandalucia.es\/ceipsanagustinecija\/files\/2025\/11\/Fiesta-del-otono-9-1536x1229.png 1536w, https:\/\/blogsaverroes.juntadeandalucia.es\/ceipsanagustinecija\/files\/2025\/11\/Fiesta-del-otono-9.png 2000w\" sizes=\"(max-width: 383px) 85vw, 383px\" \/> <img loading=\"lazy\" decoding=\"async\" class=\" wp-image-1880 alignleft\" src=\"https:\/\/blogsaverroes.juntadeandalucia.es\/ceipsanagustinecija\/files\/2025\/11\/Fiesta-del-otono-10-1024x819.png\" alt=\"\" width=\"383\" height=\"307\" srcset=\"https:\/\/blogsaverroes.juntadeandalucia.es\/ceipsanagustinecija\/files\/2025\/11\/Fiesta-del-otono-10-1024x819.png 1024w, https:\/\/blogsaverroes.juntadeandalucia.es\/ceipsanagustinecija\/files\/2025\/11\/Fiesta-del-otono-10-300x240.png 300w, https:\/\/blogsaverroes.juntadeandalucia.es\/ceipsanagustinecija\/files\/2025\/11\/Fiesta-del-otono-10-768x614.png 768w, https:\/\/blogsaverroes.juntadeandalucia.es\/ceipsanagustinecija\/files\/2025\/11\/Fiesta-del-otono-10-1536x1229.png 1536w, https:\/\/blogsaverroes.juntadeandalucia.es\/ceipsanagustinecija\/files\/2025\/11\/Fiesta-del-otono-10.png 2000w\" sizes=\"(max-width: 383px) 85vw, 383px\" \/>&nbsp;<\/p>\n<p>&nbsp;<\/p>\n<p>&nbsp;<\/p>\n<p>&nbsp;<\/p>\n<p>&nbsp;<\/p>\n<p>&nbsp;<\/p>\n<p>&nbsp;<\/p>\n<p>&nbsp;<\/p>\n<p>&nbsp;<\/p>\n<p>&nbsp;<\/p>\n<p>&nbsp;<\/p>\n<p>&nbsp;<\/p>\n<p>&nbsp;<\/p>\n<p>&nbsp;<\/p>\n<p>&nbsp;<\/p>\n<p>&nbsp;<\/p>\n<p>&nbsp;<\/p>\n<p>&nbsp;<\/p>\n<p>&nbsp;<\/p>\n<p>&nbsp;<\/p>\n<p>&nbsp;<\/p>\n<p>&nbsp;<\/p>\n<p>&nbsp;<\/p>\n<p>&nbsp;<\/p>\n<p>&nbsp;<\/p>\n<p>&nbsp;<\/p>\n<p>&nbsp;<\/p>\n<p>&nbsp;<\/p>\n<p>&nbsp;<\/p>\n<p>&nbsp;<\/p>\n<p>&nbsp;<\/p>\n<p>&nbsp;<\/p>\n<p>&nbsp;<\/p>\n<p>&nbsp;<\/p>\n<p>&nbsp;<\/p>\n<p>&nbsp;<\/p>\n<p>&nbsp;<\/p>\n<p>&nbsp;<\/p>\n<p>&nbsp;<\/p>\n<p>&nbsp;<\/p>\n<p>&nbsp;<\/p>\n<p>&nbsp;<\/p>\n<hr data-start=\"425\" data-end=\"428\">\n<p><strong>HALLOWEEN EN INFANTIL<\/strong><\/p>\n<p>En infantil, los hemos ni\u00f1os y ni\u00f1as han disfrutado de un escape room escalofriante, el cual podr\u00e1s ver a trav\u00e9s de los siguientes enlaces:&nbsp;<\/p>\n<p>\u00a1La bruja Pelusa convirti\u00f3 la clase en una espeluznantemente divertida! THIS IS HALLOWEEN<\/p>\n<p>https:\/\/www.facebook.com\/share\/r\/19pTbFp9EV\/<\/p>\n<p>Adem\u00e1s, la bruja Pelusa tambi\u00e9n les prepar\u00f3 un Escape Room muy divertido &#8230; \u00a1superamos todos los retos! \u00a1Y conseguimos todos los ingredientes para hacer la p\u00f3cima m\u00e1gica!<\/p>\n<p>https:\/\/www.facebook.com\/watch\/?v=820197007372867<\/p>\n<p>&nbsp;<\/p>\n<hr data-start=\"425\" data-end=\"428\">\n<p><strong>DESFILE MILITAR&nbsp; A CABALLO<\/strong><\/p>\n<p>En la ma\u00f1ana del 9 de octubre, los alumnos del centro han disfrutado del paso del desfile militar organizado con motivo de la festividad nacional del 12 de octubre.<\/p>\n<p><img loading=\"lazy\" decoding=\"async\" class=\"size-large wp-image-1675 aligncenter\" src=\"https:\/\/blogsaverroes.juntadeandalucia.es\/ceipsanagustinecija\/files\/2025\/10\/Diseno-sin-titulo-14-642x1024.png\" alt=\"\" width=\"642\" height=\"1024\" srcset=\"https:\/\/blogsaverroes.juntadeandalucia.es\/ceipsanagustinecija\/files\/2025\/10\/Diseno-sin-titulo-14-642x1024.png 642w, https:\/\/blogsaverroes.juntadeandalucia.es\/ceipsanagustinecija\/files\/2025\/10\/Diseno-sin-titulo-14-188x300.png 188w, https:\/\/blogsaverroes.juntadeandalucia.es\/ceipsanagustinecija\/files\/2025\/10\/Diseno-sin-titulo-14-768x1226.png 768w, https:\/\/blogsaverroes.juntadeandalucia.es\/ceipsanagustinecija\/files\/2025\/10\/Diseno-sin-titulo-14-963x1536.png 963w, https:\/\/blogsaverroes.juntadeandalucia.es\/ceipsanagustinecija\/files\/2025\/10\/Diseno-sin-titulo-14-1283x2048.png 1283w, https:\/\/blogsaverroes.juntadeandalucia.es\/ceipsanagustinecija\/files\/2025\/10\/Diseno-sin-titulo-14.png 1410w\" sizes=\"(max-width: 642px) 85vw, 642px\" \/><\/p>\n<hr data-start=\"425\" data-end=\"428\">\n<p><strong>PANTALLA DIGITAL T\u00c1CTIL EN INFANTIL<\/strong><\/p>\n<div dir=\"auto\" style=\"text-align: justify\">\u00a1Seguimos avanzando en tecnolog\u00eda educativa!<\/div>\n<div dir=\"auto\" style=\"text-align: justify\">En nuestro compromiso con la innovaci\u00f3n y la mejora continua, hemos renovado la pantalla de la clase de los ni\u00f1os y ni\u00f1as de 5 a\u00f1os y hemos instalado una pantalla digital t\u00e1ctil. Esta herramienta facilitar\u00e1 el aprendizaje, fomentar\u00e1 la participaci\u00f3n de nuestros peque\u00f1os y enriquecer\u00e1 nuestra experiencia educativa. \u00a1Invertimos en el presente para construir el futuro de nuestro alumnado!<\/div>\n<div dir=\"auto\"><img loading=\"lazy\" decoding=\"async\" class=\" wp-image-1487 alignleft\" src=\"https:\/\/blogsaverroes.juntadeandalucia.es\/ceipsanagustinecija\/files\/2025\/05\/20250505_111531-1024x768.jpg\" alt=\"\" width=\"305\" height=\"229\" srcset=\"https:\/\/blogsaverroes.juntadeandalucia.es\/ceipsanagustinecija\/files\/2025\/05\/20250505_111531-1024x768.jpg 1024w, https:\/\/blogsaverroes.juntadeandalucia.es\/ceipsanagustinecija\/files\/2025\/05\/20250505_111531-300x225.jpg 300w, https:\/\/blogsaverroes.juntadeandalucia.es\/ceipsanagustinecija\/files\/2025\/05\/20250505_111531-768x576.jpg 768w, https:\/\/blogsaverroes.juntadeandalucia.es\/ceipsanagustinecija\/files\/2025\/05\/20250505_111531-1536x1152.jpg 1536w, https:\/\/blogsaverroes.juntadeandalucia.es\/ceipsanagustinecija\/files\/2025\/05\/20250505_111531-2048x1536.jpg 2048w, https:\/\/blogsaverroes.juntadeandalucia.es\/ceipsanagustinecija\/files\/2025\/05\/20250505_111531-1200x900.jpg 1200w\" sizes=\"(max-width: 305px) 85vw, 305px\" \/> <img loading=\"lazy\" decoding=\"async\" class=\" wp-image-1488 alignleft\" src=\"https:\/\/blogsaverroes.juntadeandalucia.es\/ceipsanagustinecija\/files\/2025\/05\/20250505_111426-1024x768.jpg\" alt=\"\" width=\"303\" height=\"227\" srcset=\"https:\/\/blogsaverroes.juntadeandalucia.es\/ceipsanagustinecija\/files\/2025\/05\/20250505_111426-1024x768.jpg 1024w, https:\/\/blogsaverroes.juntadeandalucia.es\/ceipsanagustinecija\/files\/2025\/05\/20250505_111426-300x225.jpg 300w, https:\/\/blogsaverroes.juntadeandalucia.es\/ceipsanagustinecija\/files\/2025\/05\/20250505_111426-768x576.jpg 768w, https:\/\/blogsaverroes.juntadeandalucia.es\/ceipsanagustinecija\/files\/2025\/05\/20250505_111426-1536x1152.jpg 1536w, https:\/\/blogsaverroes.juntadeandalucia.es\/ceipsanagustinecija\/files\/2025\/05\/20250505_111426-2048x1536.jpg 2048w, https:\/\/blogsaverroes.juntadeandalucia.es\/ceipsanagustinecija\/files\/2025\/05\/20250505_111426-1200x900.jpg 1200w\" sizes=\"(max-width: 303px) 85vw, 303px\" \/> <img loading=\"lazy\" decoding=\"async\" class=\" wp-image-1486 alignleft\" src=\"https:\/\/blogsaverroes.juntadeandalucia.es\/ceipsanagustinecija\/files\/2025\/05\/20250505_111839-1024x768.jpg\" alt=\"\" width=\"302\" height=\"227\" srcset=\"https:\/\/blogsaverroes.juntadeandalucia.es\/ceipsanagustinecija\/files\/2025\/05\/20250505_111839-1024x768.jpg 1024w, https:\/\/blogsaverroes.juntadeandalucia.es\/ceipsanagustinecija\/files\/2025\/05\/20250505_111839-300x225.jpg 300w, https:\/\/blogsaverroes.juntadeandalucia.es\/ceipsanagustinecija\/files\/2025\/05\/20250505_111839-768x576.jpg 768w, https:\/\/blogsaverroes.juntadeandalucia.es\/ceipsanagustinecija\/files\/2025\/05\/20250505_111839-1536x1152.jpg 1536w, https:\/\/blogsaverroes.juntadeandalucia.es\/ceipsanagustinecija\/files\/2025\/05\/20250505_111839-2048x1536.jpg 2048w, https:\/\/blogsaverroes.juntadeandalucia.es\/ceipsanagustinecija\/files\/2025\/05\/20250505_111839-1200x900.jpg 1200w\" sizes=\"(max-width: 302px) 85vw, 302px\" \/><\/div>\n","protected":false},"excerpt":{"rendered":"<p>LA FIESTA DEL OTO\u00d1O Por fin lleg\u00f3 el oto\u00f1o y con \u00e9l nuestra tradicional fiesta!! Aqu\u00ed os dejamos algunas fotos de este d\u00eda tan oto\u00f1al que hemos vivido!! &nbsp; &nbsp; &nbsp; &nbsp; &nbsp; &nbsp; &nbsp; &nbsp; &nbsp; &nbsp; &nbsp; &nbsp; &nbsp; &nbsp; &nbsp; &nbsp; &nbsp; &nbsp; &nbsp; &nbsp; &nbsp; &nbsp; &nbsp; &nbsp; &nbsp; &nbsp; &nbsp; &hellip; <a href=\"https:\/\/blogsaverroes.juntadeandalucia.es\/ceipsanagustinecija\/educacion-infantil\/\" class=\"more-link\">Continuar leyendo<span class=\"screen-reader-text\"> &#8220;Educaci\u00f3n infantil&#8221;<\/span><\/a><\/p>\n","protected":false},"author":14152,"featured_media":0,"parent":0,"menu_order":0,"comment_status":"closed","ping_status":"closed","template":"","meta":{"ngg_post_thumbnail":0,"footnotes":""},"aioseo_notices":[],"_links":{"self":[{"href":"https:\/\/blogsaverroes.juntadeandalucia.es\/ceipsanagustinecija\/wp-json\/wp\/v2\/pages\/1087"}],"collection":[{"href":"https:\/\/blogsaverroes.juntadeandalucia.es\/ceipsanagustinecija\/wp-json\/wp\/v2\/pages"}],"about":[{"href":"https:\/\/blogsaverroes.juntadeandalucia.es\/ceipsanagustinecija\/wp-json\/wp\/v2\/types\/page"}],"author":[{"embeddable":true,"href":"https:\/\/blogsaverroes.juntadeandalucia.es\/ceipsanagustinecija\/wp-json\/wp\/v2\/users\/14152"}],"replies":[{"embeddable":true,"href":"https:\/\/blogsaverroes.juntadeandalucia.es\/ceipsanagustinecija\/wp-json\/wp\/v2\/comments?post=1087"}],"version-history":[{"count":6,"href":"https:\/\/blogsaverroes.juntadeandalucia.es\/ceipsanagustinecija\/wp-json\/wp\/v2\/pages\/1087\/revisions"}],"predecessor-version":[{"id":1889,"href":"https:\/\/blogsaverroes.juntadeandalucia.es\/ceipsanagustinecija\/wp-json\/wp\/v2\/pages\/1087\/revisions\/1889"}],"wp:attachment":[{"href":"https:\/\/blogsaverroes.juntadeandalucia.es\/ceipsanagustinecija\/wp-json\/wp\/v2\/media?parent=1087"}],"curies":[{"name":"wp","href":"https:\/\/api.w.org\/{rel}","templated":true}]}}