{"id":1091,"date":"2025-02-21T09:23:22","date_gmt":"2025-02-21T08:23:22","guid":{"rendered":"https:\/\/blogsaverroes.juntadeandalucia.es\/ceipsanagustinecija\/?page_id=1091"},"modified":"2025-11-25T09:22:26","modified_gmt":"2025-11-25T08:22:26","slug":"primer-ciclo","status":"publish","type":"page","link":"https:\/\/blogsaverroes.juntadeandalucia.es\/ceipsanagustinecija\/primer-ciclo\/","title":{"rendered":"Primer ciclo"},"content":{"rendered":"<p><strong>MURAL D\u00cdA DE LA INFACIA &#8211; 20 de Noviembre<\/strong><\/p>\n<p>Los alumnos y alumnas de primer ciclo con la colaboraci\u00f3n de las aulas espec\u00edficas, han trabajado en clase los derechos del ni\u00f1o. Aqu\u00ed nos muestran su mural para conmemorar este d\u00eda tan importante<\/p>\n<p><img loading=\"lazy\" decoding=\"async\" class=\"size-large wp-image-1939 aligncenter\" src=\"https:\/\/blogsaverroes.juntadeandalucia.es\/ceipsanagustinecija\/files\/2025\/11\/FB_IMG_1764058064846-1024x659.jpg\" alt=\"\" width=\"843\" height=\"543\" srcset=\"https:\/\/blogsaverroes.juntadeandalucia.es\/ceipsanagustinecija\/files\/2025\/11\/FB_IMG_1764058064846-1024x659.jpg 1024w, https:\/\/blogsaverroes.juntadeandalucia.es\/ceipsanagustinecija\/files\/2025\/11\/FB_IMG_1764058064846-300x193.jpg 300w, https:\/\/blogsaverroes.juntadeandalucia.es\/ceipsanagustinecija\/files\/2025\/11\/FB_IMG_1764058064846-768x494.jpg 768w, https:\/\/blogsaverroes.juntadeandalucia.es\/ceipsanagustinecija\/files\/2025\/11\/FB_IMG_1764058064846-1536x988.jpg 1536w, https:\/\/blogsaverroes.juntadeandalucia.es\/ceipsanagustinecija\/files\/2025\/11\/FB_IMG_1764058064846.jpg 1600w\" sizes=\"(max-width: 709px) 85vw, (max-width: 909px) 67vw, (max-width: 1362px) 62vw, 840px\" \/> <img loading=\"lazy\" decoding=\"async\" class=\"size-large wp-image-1940 aligncenter\" src=\"https:\/\/blogsaverroes.juntadeandalucia.es\/ceipsanagustinecija\/files\/2025\/11\/FB_IMG_1764058063098-1024x768.jpg\" alt=\"\" width=\"843\" height=\"632\" srcset=\"https:\/\/blogsaverroes.juntadeandalucia.es\/ceipsanagustinecija\/files\/2025\/11\/FB_IMG_1764058063098-1024x768.jpg 1024w, https:\/\/blogsaverroes.juntadeandalucia.es\/ceipsanagustinecija\/files\/2025\/11\/FB_IMG_1764058063098-300x225.jpg 300w, https:\/\/blogsaverroes.juntadeandalucia.es\/ceipsanagustinecija\/files\/2025\/11\/FB_IMG_1764058063098-768x576.jpg 768w, https:\/\/blogsaverroes.juntadeandalucia.es\/ceipsanagustinecija\/files\/2025\/11\/FB_IMG_1764058063098-1536x1152.jpg 1536w, https:\/\/blogsaverroes.juntadeandalucia.es\/ceipsanagustinecija\/files\/2025\/11\/FB_IMG_1764058063098.jpg 1600w\" sizes=\"(max-width: 709px) 85vw, (max-width: 909px) 67vw, (max-width: 1362px) 62vw, 840px\" \/><\/p>\n<hr data-start=\"425\" data-end=\"428\">\n<p><strong>HALLOWEEN &#8211; 30 de Octubre<\/strong><\/p>\n<p>Este a\u00f1o para celebrar la festividad de Halloween, los ni\u00f1os y las ni\u00f1as de primaria hemos hecho actividades relacionadas con el miedo. Una emoci\u00f3n a la que tememos, pero que como cualquier otra, es importante reconocer, aceptar y saber buscar t\u00e9cnicas y estrategias para que no nos afecte en nuestra vida diaria. Hemos hablado de nuestros miedos y los hemos metido en una caja &#8230; y hablando de cajas, tambi\u00e9n hemos jugado a buscar una ara\u00f1a en una caja misteriosa llena de &#8220;gusanos&#8221; &#8230; algunas personas han sentido miedo y tambi\u00e9n mucho asco, pero lo hemos pasado muy bien.<\/p>\n<p><img loading=\"lazy\" decoding=\"async\" class=\"size-large wp-image-1794 aligncenter\" src=\"https:\/\/blogsaverroes.juntadeandalucia.es\/ceipsanagustinecija\/files\/2025\/10\/Diseno-sin-titulo-7-e1761901191892-1024x695.png\" alt=\"\" width=\"843\" height=\"572\" srcset=\"https:\/\/blogsaverroes.juntadeandalucia.es\/ceipsanagustinecija\/files\/2025\/10\/Diseno-sin-titulo-7-e1761901191892-1024x695.png 1024w, https:\/\/blogsaverroes.juntadeandalucia.es\/ceipsanagustinecija\/files\/2025\/10\/Diseno-sin-titulo-7-e1761901191892-300x204.png 300w, https:\/\/blogsaverroes.juntadeandalucia.es\/ceipsanagustinecija\/files\/2025\/10\/Diseno-sin-titulo-7-e1761901191892-768x521.png 768w, https:\/\/blogsaverroes.juntadeandalucia.es\/ceipsanagustinecija\/files\/2025\/10\/Diseno-sin-titulo-7-e1761901191892-1536x1043.png 1536w, https:\/\/blogsaverroes.juntadeandalucia.es\/ceipsanagustinecija\/files\/2025\/10\/Diseno-sin-titulo-7-e1761901191892.png 1806w\" sizes=\"(max-width: 709px) 85vw, (max-width: 909px) 67vw, (max-width: 1362px) 62vw, 840px\" \/> <img loading=\"lazy\" decoding=\"async\" class=\"size-large wp-image-1797 aligncenter\" src=\"https:\/\/blogsaverroes.juntadeandalucia.es\/ceipsanagustinecija\/files\/2025\/10\/2-2-e1761901873311-1024x731.png\" alt=\"\" width=\"843\" height=\"602\" srcset=\"https:\/\/blogsaverroes.juntadeandalucia.es\/ceipsanagustinecija\/files\/2025\/10\/2-2-e1761901873311-1024x731.png 1024w, https:\/\/blogsaverroes.juntadeandalucia.es\/ceipsanagustinecija\/files\/2025\/10\/2-2-e1761901873311-300x214.png 300w, https:\/\/blogsaverroes.juntadeandalucia.es\/ceipsanagustinecija\/files\/2025\/10\/2-2-e1761901873311-768x548.png 768w, https:\/\/blogsaverroes.juntadeandalucia.es\/ceipsanagustinecija\/files\/2025\/10\/2-2-e1761901873311-1536x1096.png 1536w, https:\/\/blogsaverroes.juntadeandalucia.es\/ceipsanagustinecija\/files\/2025\/10\/2-2-e1761901873311.png 1830w\" sizes=\"(max-width: 709px) 85vw, (max-width: 909px) 67vw, (max-width: 1362px) 62vw, 840px\" \/> <img loading=\"lazy\" decoding=\"async\" class=\"size-large wp-image-1780 aligncenter\" src=\"https:\/\/blogsaverroes.juntadeandalucia.es\/ceipsanagustinecija\/files\/2025\/10\/FB_IMG_1761900060962-1024x768.jpg\" alt=\"\" width=\"843\" height=\"632\" srcset=\"https:\/\/blogsaverroes.juntadeandalucia.es\/ceipsanagustinecija\/files\/2025\/10\/FB_IMG_1761900060962-1024x768.jpg 1024w, https:\/\/blogsaverroes.juntadeandalucia.es\/ceipsanagustinecija\/files\/2025\/10\/FB_IMG_1761900060962-300x225.jpg 300w, https:\/\/blogsaverroes.juntadeandalucia.es\/ceipsanagustinecija\/files\/2025\/10\/FB_IMG_1761900060962-768x576.jpg 768w, https:\/\/blogsaverroes.juntadeandalucia.es\/ceipsanagustinecija\/files\/2025\/10\/FB_IMG_1761900060962-1536x1152.jpg 1536w, https:\/\/blogsaverroes.juntadeandalucia.es\/ceipsanagustinecija\/files\/2025\/10\/FB_IMG_1761900060962.jpg 1600w\" sizes=\"(max-width: 709px) 85vw, (max-width: 909px) 67vw, (max-width: 1362px) 62vw, 840px\" \/><\/p>\n<hr data-start=\"425\" data-end=\"428\">\n<p><strong>\u00a1CAMBIO EN EL PROGRAMA M\u00c1S DEPORTE!<\/strong><\/p>\n<p><img loading=\"lazy\" decoding=\"async\" class=\"size-large wp-image-1830 aligncenter\" src=\"https:\/\/blogsaverroes.juntadeandalucia.es\/ceipsanagustinecija\/files\/2025\/11\/Banner-entrada-e1762247785610-1024x550.png\" alt=\"\" width=\"843\" height=\"453\" srcset=\"https:\/\/blogsaverroes.juntadeandalucia.es\/ceipsanagustinecija\/files\/2025\/11\/Banner-entrada-e1762247785610-1024x550.png 1024w, https:\/\/blogsaverroes.juntadeandalucia.es\/ceipsanagustinecija\/files\/2025\/11\/Banner-entrada-e1762247785610-300x161.png 300w, https:\/\/blogsaverroes.juntadeandalucia.es\/ceipsanagustinecija\/files\/2025\/11\/Banner-entrada-e1762247785610-768x412.png 768w, https:\/\/blogsaverroes.juntadeandalucia.es\/ceipsanagustinecija\/files\/2025\/11\/Banner-entrada-e1762247785610-1536x824.png 1536w, https:\/\/blogsaverroes.juntadeandalucia.es\/ceipsanagustinecija\/files\/2025\/11\/Banner-entrada-e1762247785610-2048x1099.png 2048w\" sizes=\"(max-width: 709px) 85vw, (max-width: 909px) 67vw, (max-width: 1362px) 62vw, 840px\" \/><\/p>\n<hr data-start=\"425\" data-end=\"428\">\n<p><strong>PANTALLAS DIGITALES T\u00c1CTILES II<\/strong><\/p>\n<p>\u00a1Seguimos avanzando en la digitalizaci\u00f3n de nuestro colegio!<\/p>\n<p>Nos alegra informar que hemos instalado 5 nuevas pantallas digitales interactivas, adem\u00e1s de 2 pantallas m\u00f3viles, en distintas aulas de nuestro centro.&nbsp;<\/p>\n<p>Esta dotaci\u00f3n forma parte del Programa de Digitalizaci\u00f3n de los Centros Educativos, una iniciativa que impulsa el uso de las tecnolog\u00edas en el aula.&nbsp;<\/p>\n<p>Gracias a estas nuevas herramientas, nuestro alumnado podr\u00e1 desarrollar su competencia digital, trabajar de manera m\u00e1s din\u00e1mica, colaborativa e interactiva, y disfrutar de nuevas oportunidades de aprendizaje.&nbsp;<\/p>\n<p>En nuestro colegio apostamos por ofrecer los mejores recursos para acompa\u00f1ar a nuestros ni\u00f1os y ni\u00f1as en su crecimiento y formaci\u00f3n.&nbsp;<\/p>\n<p>#Transformaci\u00f3nDigital #Innovaci\u00f3nEducativa #AprendizajeActivo #CompetenciaDigital&nbsp; &nbsp;<\/p>\n<p><img loading=\"lazy\" decoding=\"async\" class=\" wp-image-1704 alignleft\" src=\"https:\/\/blogsaverroes.juntadeandalucia.es\/ceipsanagustinecija\/files\/2025\/10\/FB_IMG_1760950038686-1024x768.jpg\" alt=\"\" width=\"502\" height=\"376\" srcset=\"https:\/\/blogsaverroes.juntadeandalucia.es\/ceipsanagustinecija\/files\/2025\/10\/FB_IMG_1760950038686-1024x768.jpg 1024w, https:\/\/blogsaverroes.juntadeandalucia.es\/ceipsanagustinecija\/files\/2025\/10\/FB_IMG_1760950038686-300x225.jpg 300w, https:\/\/blogsaverroes.juntadeandalucia.es\/ceipsanagustinecija\/files\/2025\/10\/FB_IMG_1760950038686-768x576.jpg 768w, https:\/\/blogsaverroes.juntadeandalucia.es\/ceipsanagustinecija\/files\/2025\/10\/FB_IMG_1760950038686-1536x1152.jpg 1536w, https:\/\/blogsaverroes.juntadeandalucia.es\/ceipsanagustinecija\/files\/2025\/10\/FB_IMG_1760950038686.jpg 1600w\" sizes=\"(max-width: 502px) 85vw, 502px\" \/> <img loading=\"lazy\" decoding=\"async\" class=\" wp-image-1706 alignleft\" src=\"https:\/\/blogsaverroes.juntadeandalucia.es\/ceipsanagustinecija\/files\/2025\/10\/FB_IMG_1760950042398-768x1024.jpg\" alt=\"\" width=\"280\" height=\"373\" srcset=\"https:\/\/blogsaverroes.juntadeandalucia.es\/ceipsanagustinecija\/files\/2025\/10\/FB_IMG_1760950042398-768x1024.jpg 768w, https:\/\/blogsaverroes.juntadeandalucia.es\/ceipsanagustinecija\/files\/2025\/10\/FB_IMG_1760950042398-225x300.jpg 225w, https:\/\/blogsaverroes.juntadeandalucia.es\/ceipsanagustinecija\/files\/2025\/10\/FB_IMG_1760950042398-1152x1536.jpg 1152w, https:\/\/blogsaverroes.juntadeandalucia.es\/ceipsanagustinecija\/files\/2025\/10\/FB_IMG_1760950042398.jpg 1536w\" sizes=\"(max-width: 280px) 85vw, 280px\" \/>&nbsp;<\/p>\n<p>&nbsp;<\/p>\n<p>&nbsp;<\/p>\n<p>&nbsp;<\/p>\n<p>&nbsp;<\/p>\n<p>&nbsp;<\/p>\n<p>&nbsp;<\/p>\n<p>&nbsp;<\/p>\n<p>&nbsp;<\/p>\n<p>&nbsp;<\/p>\n<hr data-start=\"425\" data-end=\"428\">\n<p><strong>DESFILE MILITAR&nbsp; A CABALLO<\/strong><\/p>\n<p>En la ma\u00f1ana del 9 de octubre, los alumnos del centro han disfrutado del paso del desfile militar organizado con motivo de la festividad nacional del 12 de octubre.<\/p>\n<p><img loading=\"lazy\" decoding=\"async\" class=\"size-large wp-image-1675 aligncenter\" src=\"https:\/\/blogsaverroes.juntadeandalucia.es\/ceipsanagustinecija\/files\/2025\/10\/Diseno-sin-titulo-14-642x1024.png\" alt=\"\" width=\"642\" height=\"1024\" srcset=\"https:\/\/blogsaverroes.juntadeandalucia.es\/ceipsanagustinecija\/files\/2025\/10\/Diseno-sin-titulo-14-642x1024.png 642w, https:\/\/blogsaverroes.juntadeandalucia.es\/ceipsanagustinecija\/files\/2025\/10\/Diseno-sin-titulo-14-188x300.png 188w, https:\/\/blogsaverroes.juntadeandalucia.es\/ceipsanagustinecija\/files\/2025\/10\/Diseno-sin-titulo-14-768x1226.png 768w, https:\/\/blogsaverroes.juntadeandalucia.es\/ceipsanagustinecija\/files\/2025\/10\/Diseno-sin-titulo-14-963x1536.png 963w, https:\/\/blogsaverroes.juntadeandalucia.es\/ceipsanagustinecija\/files\/2025\/10\/Diseno-sin-titulo-14-1283x2048.png 1283w, https:\/\/blogsaverroes.juntadeandalucia.es\/ceipsanagustinecija\/files\/2025\/10\/Diseno-sin-titulo-14.png 1410w\" sizes=\"(max-width: 642px) 85vw, 642px\" \/>&nbsp;<\/p>\n<hr data-start=\"425\" data-end=\"428\">\n<p><strong>PROGRAMA M\u00c1S DEPORTE<\/strong><\/p>\n<p>El lunes, d\u00eda 27 de octubre dar\u00e1 lugar el comienzo del nuevo programa &#8220;M\u00e1s deporte&#8221;, el cual constar\u00e1 de actividades como baloncesto, f\u00fatbol sala y multideporte, en los siguientes horarios:&nbsp;<\/p>\n<p><img loading=\"lazy\" decoding=\"async\" class=\"aligncenter wp-image-1634 size-large\" src=\"https:\/\/blogsaverroes.juntadeandalucia.es\/ceipsanagustinecija\/files\/2025\/10\/2-1-e1760951646392-1024x557.png\" alt=\"\" width=\"843\" height=\"459\" srcset=\"https:\/\/blogsaverroes.juntadeandalucia.es\/ceipsanagustinecija\/files\/2025\/10\/2-1-e1760951646392-1024x557.png 1024w, https:\/\/blogsaverroes.juntadeandalucia.es\/ceipsanagustinecija\/files\/2025\/10\/2-1-e1760951646392-300x163.png 300w, https:\/\/blogsaverroes.juntadeandalucia.es\/ceipsanagustinecija\/files\/2025\/10\/2-1-e1760951646392-768x418.png 768w, https:\/\/blogsaverroes.juntadeandalucia.es\/ceipsanagustinecija\/files\/2025\/10\/2-1-e1760951646392-1536x836.png 1536w, https:\/\/blogsaverroes.juntadeandalucia.es\/ceipsanagustinecija\/files\/2025\/10\/2-1-e1760951646392-2048x1114.png 2048w\" sizes=\"(max-width: 709px) 85vw, (max-width: 909px) 67vw, (max-width: 1362px) 62vw, 840px\" \/> ______________________________________________________________________________________________________________________________________________________________________________________________________________________<\/p>\n<p><strong>ACTIVIDADES EXTRAESCOLARES<\/strong><\/p>\n<p><img loading=\"lazy\" decoding=\"async\" class=\"size-large wp-image-1633 aligncenter\" src=\"https:\/\/blogsaverroes.juntadeandalucia.es\/ceipsanagustinecija\/files\/2025\/10\/ACTIVIDADES-EXTRAESCOLARES-3-e1760951843605-1024x496.png\" alt=\"\" width=\"843\" height=\"408\" srcset=\"https:\/\/blogsaverroes.juntadeandalucia.es\/ceipsanagustinecija\/files\/2025\/10\/ACTIVIDADES-EXTRAESCOLARES-3-e1760951843605-1024x496.png 1024w, https:\/\/blogsaverroes.juntadeandalucia.es\/ceipsanagustinecija\/files\/2025\/10\/ACTIVIDADES-EXTRAESCOLARES-3-e1760951843605-300x145.png 300w, https:\/\/blogsaverroes.juntadeandalucia.es\/ceipsanagustinecija\/files\/2025\/10\/ACTIVIDADES-EXTRAESCOLARES-3-e1760951843605-768x372.png 768w, https:\/\/blogsaverroes.juntadeandalucia.es\/ceipsanagustinecija\/files\/2025\/10\/ACTIVIDADES-EXTRAESCOLARES-3-e1760951843605-1536x745.png 1536w, https:\/\/blogsaverroes.juntadeandalucia.es\/ceipsanagustinecija\/files\/2025\/10\/ACTIVIDADES-EXTRAESCOLARES-3-e1760951843605-2048x993.png 2048w\" sizes=\"(max-width: 709px) 85vw, (max-width: 909px) 67vw, (max-width: 1362px) 62vw, 840px\" \/><\/p>\n","protected":false},"excerpt":{"rendered":"<p>MURAL D\u00cdA DE LA INFACIA &#8211; 20 de Noviembre Los alumnos y alumnas de primer ciclo con la colaboraci\u00f3n de las aulas espec\u00edficas, han trabajado en clase los derechos del ni\u00f1o. Aqu\u00ed nos muestran su mural para conmemorar este d\u00eda tan importante HALLOWEEN &#8211; 30 de Octubre Este a\u00f1o para celebrar la festividad de Halloween, &hellip; <a href=\"https:\/\/blogsaverroes.juntadeandalucia.es\/ceipsanagustinecija\/primer-ciclo\/\" class=\"more-link\">Continuar leyendo<span class=\"screen-reader-text\"> &#8220;Primer ciclo&#8221;<\/span><\/a><\/p>\n","protected":false},"author":14152,"featured_media":0,"parent":0,"menu_order":0,"comment_status":"closed","ping_status":"closed","template":"","meta":{"ngg_post_thumbnail":0,"footnotes":""},"aioseo_notices":[],"_links":{"self":[{"href":"https:\/\/blogsaverroes.juntadeandalucia.es\/ceipsanagustinecija\/wp-json\/wp\/v2\/pages\/1091"}],"collection":[{"href":"https:\/\/blogsaverroes.juntadeandalucia.es\/ceipsanagustinecija\/wp-json\/wp\/v2\/pages"}],"about":[{"href":"https:\/\/blogsaverroes.juntadeandalucia.es\/ceipsanagustinecija\/wp-json\/wp\/v2\/types\/page"}],"author":[{"embeddable":true,"href":"https:\/\/blogsaverroes.juntadeandalucia.es\/ceipsanagustinecija\/wp-json\/wp\/v2\/users\/14152"}],"replies":[{"embeddable":true,"href":"https:\/\/blogsaverroes.juntadeandalucia.es\/ceipsanagustinecija\/wp-json\/wp\/v2\/comments?post=1091"}],"version-history":[{"count":11,"href":"https:\/\/blogsaverroes.juntadeandalucia.es\/ceipsanagustinecija\/wp-json\/wp\/v2\/pages\/1091\/revisions"}],"predecessor-version":[{"id":1942,"href":"https:\/\/blogsaverroes.juntadeandalucia.es\/ceipsanagustinecija\/wp-json\/wp\/v2\/pages\/1091\/revisions\/1942"}],"wp:attachment":[{"href":"https:\/\/blogsaverroes.juntadeandalucia.es\/ceipsanagustinecija\/wp-json\/wp\/v2\/media?parent=1091"}],"curies":[{"name":"wp","href":"https:\/\/api.w.org\/{rel}","templated":true}]}}