{"id":1377,"date":"2025-03-25T09:41:46","date_gmt":"2025-03-25T08:41:46","guid":{"rendered":"https:\/\/blogsaverroes.juntadeandalucia.es\/ceipsanagustinecija\/?page_id=1377"},"modified":"2025-11-05T11:47:28","modified_gmt":"2025-11-05T10:47:28","slug":"comedor","status":"publish","type":"page","link":"https:\/\/blogsaverroes.juntadeandalucia.es\/ceipsanagustinecija\/comedor\/","title":{"rendered":"Comedor"},"content":{"rendered":"<p><strong>COMEDOR DEL C.E.I.P. SAN AGUST\u00cdN<\/strong><\/p>\n<hr data-start=\"425\" data-end=\"428\">\n<p>Horario: 14.00 a 16.00 horas<\/p>\n<hr data-start=\"425\" data-end=\"428\">\n<p>Para pertenecer a \u00e9l, p\u00e1sate por la &#8220;Administraci\u00f3n&#8221; del centro.&nbsp;<\/p>\n<p><strong>\u00a1Estaremos encantados de atenderte!<\/strong><\/p>\n<hr data-start=\"425\" data-end=\"428\">\n<p><strong>MEN\u00da NOVIEMBRE<\/strong> &#8211; si quieres descarg\u00e1rtelo haz click aqu\u00ed: <a href=\"https:\/\/blogsaverroes.juntadeandalucia.es\/ceipsanagustinecija\/files\/2025\/11\/Menu-de-noviembre.pdf\">Men\u00fa de noviembre<\/a><\/p>\n<p><img loading=\"lazy\" decoding=\"async\" class=\" wp-image-1854 aligncenter\" src=\"https:\/\/blogsaverroes.juntadeandalucia.es\/ceipsanagustinecija\/files\/2025\/11\/Noviembre.png\" alt=\"\" width=\"1119\" height=\"702\" srcset=\"https:\/\/blogsaverroes.juntadeandalucia.es\/ceipsanagustinecija\/files\/2025\/11\/Noviembre.png 813w, https:\/\/blogsaverroes.juntadeandalucia.es\/ceipsanagustinecija\/files\/2025\/11\/Noviembre-300x188.png 300w, https:\/\/blogsaverroes.juntadeandalucia.es\/ceipsanagustinecija\/files\/2025\/11\/Noviembre-768x482.png 768w\" sizes=\"(max-width: 709px) 85vw, (max-width: 909px) 67vw, (max-width: 1362px) 62vw, 840px\" \/><\/p>\n","protected":false},"excerpt":{"rendered":"<p>COMEDOR DEL C.E.I.P. SAN AGUST\u00cdN Horario: 14.00 a 16.00 horas Para pertenecer a \u00e9l, p\u00e1sate por la &#8220;Administraci\u00f3n&#8221; del centro.&nbsp; \u00a1Estaremos encantados de atenderte! MEN\u00da NOVIEMBRE &#8211; si quieres descarg\u00e1rtelo haz click aqu\u00ed: Men\u00fa de noviembre<\/p>\n","protected":false},"author":14152,"featured_media":0,"parent":0,"menu_order":0,"comment_status":"closed","ping_status":"closed","template":"","meta":{"ngg_post_thumbnail":0,"footnotes":""},"aioseo_notices":[],"_links":{"self":[{"href":"https:\/\/blogsaverroes.juntadeandalucia.es\/ceipsanagustinecija\/wp-json\/wp\/v2\/pages\/1377"}],"collection":[{"href":"https:\/\/blogsaverroes.juntadeandalucia.es\/ceipsanagustinecija\/wp-json\/wp\/v2\/pages"}],"about":[{"href":"https:\/\/blogsaverroes.juntadeandalucia.es\/ceipsanagustinecija\/wp-json\/wp\/v2\/types\/page"}],"author":[{"embeddable":true,"href":"https:\/\/blogsaverroes.juntadeandalucia.es\/ceipsanagustinecija\/wp-json\/wp\/v2\/users\/14152"}],"replies":[{"embeddable":true,"href":"https:\/\/blogsaverroes.juntadeandalucia.es\/ceipsanagustinecija\/wp-json\/wp\/v2\/comments?post=1377"}],"version-history":[{"count":6,"href":"https:\/\/blogsaverroes.juntadeandalucia.es\/ceipsanagustinecija\/wp-json\/wp\/v2\/pages\/1377\/revisions"}],"predecessor-version":[{"id":1825,"href":"https:\/\/blogsaverroes.juntadeandalucia.es\/ceipsanagustinecija\/wp-json\/wp\/v2\/pages\/1377\/revisions\/1825"}],"wp:attachment":[{"href":"https:\/\/blogsaverroes.juntadeandalucia.es\/ceipsanagustinecija\/wp-json\/wp\/v2\/media?parent=1377"}],"curies":[{"name":"wp","href":"https:\/\/api.w.org\/{rel}","templated":true}]}}