{"id":42,"date":"2015-03-13T08:40:47","date_gmt":"2015-03-13T08:40:47","guid":{"rendered":"http:\/\/blogsaverroes.juntadeandalucia.es\/pre\/ceip\/?page_id=42"},"modified":"2024-10-22T15:32:16","modified_gmt":"2024-10-22T13:32:16","slug":"equipo-directivo","status":"publish","type":"page","link":"https:\/\/blogsaverroes.juntadeandalucia.es\/ceipsanbartolomeandujar\/equipo-directivo\/","title":{"rendered":"Equipo directivo"},"content":{"rendered":"<table style=\"height: 423px;width: 454px\">\n<tbody>\n<tr style=\"height: 110px\">\n<td style=\"width: 144px;text-align: center;height: 110px\"><a href=\"https:\/\/blogsaverroes.juntadeandalucia.es\/ceipsanbartolomeandujar\/files\/2015\/03\/f.jpg\"><img loading=\"lazy\" decoding=\"async\" class=\"alignnone wp-image-2143\" src=\"https:\/\/blogsaverroes.juntadeandalucia.es\/ceipsanbartolomeandujar\/files\/2015\/03\/f.jpg\" alt=\"\" width=\"125\" height=\"125\"><\/a><\/td>\n<td style=\"width: 314px;height: 110px;text-align: center;vertical-align: middle\"><strong>Direcci\u00f3n<\/strong><\/p>\n<p>Charo Mart\u00ednez Toledano<\/td>\n<\/tr>\n<tr style=\"height: 123.785px\">\n<td style=\"width: 144px;text-align: center;height: 123.785px\"><a href=\"https:\/\/blogsaverroes.juntadeandalucia.es\/ceipsanbartolomeandujar\/files\/2024\/10\/dori-Andreu.jpg\"><img loading=\"lazy\" decoding=\"async\" class=\"alignnone  wp-image-3216\" src=\"https:\/\/blogsaverroes.juntadeandalucia.es\/ceipsanbartolomeandujar\/files\/2024\/10\/dori-Andreu-207x300.jpg\" alt=\"\" width=\"96\" height=\"139\" srcset=\"https:\/\/blogsaverroes.juntadeandalucia.es\/ceipsanbartolomeandujar\/files\/2024\/10\/dori-Andreu-207x300.jpg 207w, https:\/\/blogsaverroes.juntadeandalucia.es\/ceipsanbartolomeandujar\/files\/2024\/10\/dori-Andreu-706x1024.jpg 706w, https:\/\/blogsaverroes.juntadeandalucia.es\/ceipsanbartolomeandujar\/files\/2024\/10\/dori-Andreu.jpg 723w\" sizes=\"(max-width: 96px) 100vw, 96px\" \/><\/a><\/td>\n<td style=\"width: 314px;height: 123.785px;text-align: center;vertical-align: middle\"><strong>Jefatura de estudios<\/strong><\/p>\n<p>Adoraci\u00f3n Andreu Coello<\/td>\n<\/tr>\n<tr style=\"height: 110px\">\n<td style=\"width: 144px;text-align: center;height: 110px\"><a href=\"https:\/\/blogsaverroes.juntadeandalucia.es\/ceipsanbartolomeandujar\/files\/2015\/03\/Pipi-web.jpg\"><img loading=\"lazy\" decoding=\"async\" class=\"alignnone wp-image-2148\" src=\"https:\/\/blogsaverroes.juntadeandalucia.es\/ceipsanbartolomeandujar\/files\/2015\/03\/Pipi-web-300x276.jpg\" alt=\"\" width=\"125\" height=\"115\" srcset=\"https:\/\/blogsaverroes.juntadeandalucia.es\/ceipsanbartolomeandujar\/files\/2015\/03\/Pipi-web-300x276.jpg 300w, https:\/\/blogsaverroes.juntadeandalucia.es\/ceipsanbartolomeandujar\/files\/2015\/03\/Pipi-web-24x22.jpg 24w, https:\/\/blogsaverroes.juntadeandalucia.es\/ceipsanbartolomeandujar\/files\/2015\/03\/Pipi-web-36x33.jpg 36w, https:\/\/blogsaverroes.juntadeandalucia.es\/ceipsanbartolomeandujar\/files\/2015\/03\/Pipi-web-48x44.jpg 48w, https:\/\/blogsaverroes.juntadeandalucia.es\/ceipsanbartolomeandujar\/files\/2015\/03\/Pipi-web.jpg 455w\" sizes=\"(max-width: 125px) 100vw, 125px\" \/><\/a><\/td>\n<td style=\"width: 314px;height: 110px;text-align: center;vertical-align: middle\"><strong>Secretar\u00eda<\/strong><\/p>\n<p>Mar\u00eda Jos\u00e9 Ju\u00e1rez Ferro&nbsp;<\/td>\n<\/tr>\n<\/tbody>\n<\/table>\n<p>&nbsp; &nbsp;&nbsp;<\/p>\n<p>&nbsp;<\/p>\n<p>&nbsp;<\/p>\n","protected":false},"excerpt":{"rendered":"<p>Direcci\u00f3n Charo Mart\u00ednez Toledano Jefatura de estudios Adoraci\u00f3n Andreu Coello Secretar\u00eda Mar\u00eda Jos\u00e9 Ju\u00e1rez Ferro&nbsp; &nbsp; &nbsp;&nbsp; &nbsp; &nbsp;<\/p>\n","protected":false},"author":1,"featured_media":0,"parent":0,"menu_order":0,"comment_status":"open","ping_status":"open","template":"","meta":{"ngg_post_thumbnail":0,"footnotes":"","_mc_calendar":[]},"aioseo_notices":[],"_links":{"self":[{"href":"https:\/\/blogsaverroes.juntadeandalucia.es\/ceipsanbartolomeandujar\/wp-json\/wp\/v2\/pages\/42"}],"collection":[{"href":"https:\/\/blogsaverroes.juntadeandalucia.es\/ceipsanbartolomeandujar\/wp-json\/wp\/v2\/pages"}],"about":[{"href":"https:\/\/blogsaverroes.juntadeandalucia.es\/ceipsanbartolomeandujar\/wp-json\/wp\/v2\/types\/page"}],"author":[{"embeddable":true,"href":"https:\/\/blogsaverroes.juntadeandalucia.es\/ceipsanbartolomeandujar\/wp-json\/wp\/v2\/users\/1"}],"replies":[{"embeddable":true,"href":"https:\/\/blogsaverroes.juntadeandalucia.es\/ceipsanbartolomeandujar\/wp-json\/wp\/v2\/comments?post=42"}],"version-history":[{"count":16,"href":"https:\/\/blogsaverroes.juntadeandalucia.es\/ceipsanbartolomeandujar\/wp-json\/wp\/v2\/pages\/42\/revisions"}],"predecessor-version":[{"id":3217,"href":"https:\/\/blogsaverroes.juntadeandalucia.es\/ceipsanbartolomeandujar\/wp-json\/wp\/v2\/pages\/42\/revisions\/3217"}],"wp:attachment":[{"href":"https:\/\/blogsaverroes.juntadeandalucia.es\/ceipsanbartolomeandujar\/wp-json\/wp\/v2\/media?parent=42"}],"curies":[{"name":"wp","href":"https:\/\/api.w.org\/{rel}","templated":true}]}}