{"id":99,"date":"2015-03-16T07:22:54","date_gmt":"2015-03-16T07:22:54","guid":{"rendered":"http:\/\/blogsaverroes.juntadeandalucia.es\/pre\/ceip\/?page_id=99"},"modified":"2015-05-21T12:01:52","modified_gmt":"2015-05-21T12:01:52","slug":"comedor-escolar","status":"publish","type":"page","link":"https:\/\/blogsaverroes.juntadeandalucia.es\/ceipsanbartolomeandujar\/comedor-escolar\/","title":{"rendered":"Comedor escolar"},"content":{"rendered":"<h4>Ejemplo de informaci\u00f3n sobre el comedor escolar<\/h4>\n<p>Los comedores escolares son un servicio complementario que resulta de gran utilidad a padres y madres para ayudarles a\u00a0conciliar la vida laboral y familiar. Tienen una duraci\u00f3n de hasta dos horas desde que acaba la jornada escolar de la ma\u00f1ana (de 14.00 a 16.00 horas).<\/p>\n<p>Los comedores son adem\u00e1s una pieza importante\u00a0en todas las medidas dirigidas a mejorar los h\u00e1bitos alimenticios de los ni\u00f1os y ni\u00f1as y prevenir problemas de salud como la obesidad.<\/p>\n<p>Los comedores escolares de los centros p\u00fablicos andaluces promueven una alimentaci\u00f3n saludable que est\u00e1 supervisada por nutricionistas y que, entre otros aspectos, se caracteriza por:<br \/>\n<img loading=\"lazy\" decoding=\"async\" class=\" size-medium wp-image-238 alignleft\" src=\"http:\/\/blogsaverroes.juntadeandalucia.es\/pre\/ceip\/files\/2015\/03\/comida-300x174.jpg\" alt=\"comida\" width=\"300\" height=\"174\" \/><\/p>\n<p>Una mayor proporci\u00f3n de verdura en los men\u00fas<\/p>\n<p>Fruta fresca como postre al menos cuatro d\u00edas a la semana<\/p>\n<p>Uso de aceite de oliva virgen extra<\/p>\n<p>M\u00e1s pescado que carne, que debe ser magra<\/p>\n<p>Prohibici\u00f3n de los alimentos precocinados y limitaci\u00f3n de los fritos<\/p>\n<p>Apuesta por la dieta mediterr\u00e1nea y los productos ecol\u00f3gicos<\/p>\n<p>&nbsp;<\/p>\n<p>Esta secci\u00f3n servir\u00eda para informar\u00a0 acerca de cuestiones como:<\/p>\n<p><strong>Solicitudes<\/strong><\/p>\n<p><strong>Normativa<\/strong><\/p>\n<p><strong>Empresa catering<\/strong><\/p>\n<p><strong>Men\u00fas<\/strong><\/p>\n<p><strong>etc&#8230;<\/strong><\/p>\n","protected":false},"excerpt":{"rendered":"<p>Ejemplo de informaci\u00f3n sobre el comedor escolar Los comedores escolares son un servicio complementario que resulta de gran utilidad a padres y madres para ayudarles a\u00a0conciliar la vida laboral y familiar. Tienen una duraci\u00f3n&#46;&#46;&#46;<\/p>\n","protected":false},"author":1,"featured_media":0,"parent":0,"menu_order":0,"comment_status":"open","ping_status":"open","template":"page-templates\/child-menu.php","meta":{"ngg_post_thumbnail":0,"footnotes":"","_mc_calendar":[]},"aioseo_notices":[],"_links":{"self":[{"href":"https:\/\/blogsaverroes.juntadeandalucia.es\/ceipsanbartolomeandujar\/wp-json\/wp\/v2\/pages\/99"}],"collection":[{"href":"https:\/\/blogsaverroes.juntadeandalucia.es\/ceipsanbartolomeandujar\/wp-json\/wp\/v2\/pages"}],"about":[{"href":"https:\/\/blogsaverroes.juntadeandalucia.es\/ceipsanbartolomeandujar\/wp-json\/wp\/v2\/types\/page"}],"author":[{"embeddable":true,"href":"https:\/\/blogsaverroes.juntadeandalucia.es\/ceipsanbartolomeandujar\/wp-json\/wp\/v2\/users\/1"}],"replies":[{"embeddable":true,"href":"https:\/\/blogsaverroes.juntadeandalucia.es\/ceipsanbartolomeandujar\/wp-json\/wp\/v2\/comments?post=99"}],"version-history":[{"count":3,"href":"https:\/\/blogsaverroes.juntadeandalucia.es\/ceipsanbartolomeandujar\/wp-json\/wp\/v2\/pages\/99\/revisions"}],"predecessor-version":[{"id":1678,"href":"https:\/\/blogsaverroes.juntadeandalucia.es\/ceipsanbartolomeandujar\/wp-json\/wp\/v2\/pages\/99\/revisions\/1678"}],"wp:attachment":[{"href":"https:\/\/blogsaverroes.juntadeandalucia.es\/ceipsanbartolomeandujar\/wp-json\/wp\/v2\/media?parent=99"}],"curies":[{"name":"wp","href":"https:\/\/api.w.org\/{rel}","templated":true}]}}