{"id":141,"date":"2015-03-17T07:13:24","date_gmt":"2015-03-17T07:13:24","guid":{"rendered":"http:\/\/blogsaverroes.juntadeandalucia.es\/pre\/ceip\/?page_id=141"},"modified":"2024-02-26T22:51:25","modified_gmt":"2024-02-26T22:51:25","slug":"escolarizacion","status":"publish","type":"page","link":"https:\/\/blogsaverroes.juntadeandalucia.es\/ceipsanbernardo\/escolarizacion\/","title":{"rendered":"Escolarizaci\u00f3n"},"content":{"rendered":"<p style=\"text-align: center\"><span style=\"color: #0000ff\"><strong>&nbsp; &nbsp; &nbsp; &nbsp; &nbsp; &nbsp; ESCOLARIZACI\u00d3N 2024-2025<\/strong><\/span><\/p>\n<p><img loading=\"lazy\" decoding=\"async\" class=\"alignnone size-medium wp-image-2724 aligncenter\" src=\"https:\/\/blogsaverroes.juntadeandalucia.es\/ceipsanbernardo\/files\/2024\/02\/Admisi\u00f3n-23-24-120x300.jpg\" alt=\"\" width=\"120\" height=\"300\" srcset=\"https:\/\/blogsaverroes.juntadeandalucia.es\/ceipsanbernardo\/files\/2024\/02\/Admisi\u00f3n-23-24-120x300.jpg 120w, https:\/\/blogsaverroes.juntadeandalucia.es\/ceipsanbernardo\/files\/2024\/02\/Admisi\u00f3n-23-24-410x1024.jpg 410w, https:\/\/blogsaverroes.juntadeandalucia.es\/ceipsanbernardo\/files\/2024\/02\/Admisi\u00f3n-23-24-768x1920.jpg 768w, https:\/\/blogsaverroes.juntadeandalucia.es\/ceipsanbernardo\/files\/2024\/02\/Admisi\u00f3n-23-24-614x1536.jpg 614w, https:\/\/blogsaverroes.juntadeandalucia.es\/ceipsanbernardo\/files\/2024\/02\/Admisi\u00f3n-23-24.jpg 640w\" sizes=\"(max-width: 120px) 100vw, 120px\" \/><\/p>\n<p>&nbsp;<\/p>\n<p><a href=\"https:\/\/www.juntadeandalucia.es\/educacion\/portales\/web\/escolarizacion\">Enlace al portal de escolarizaci\u00f3n.<\/a><\/p>\n<p>&nbsp;<\/p>\n<p><a href=\"https:\/\/www.juntadeandalucia.es\/educacion\/portales\/web\/escolarizacion\/infantil-a-bachillerato\/normativa\">Normativa<\/a>&nbsp;sobre el proceso de escolarizaci\u00f3n.<\/p>\n","protected":false},"excerpt":{"rendered":"<p>&nbsp; &nbsp; &nbsp; &nbsp; &nbsp; &nbsp; ESCOLARIZACI\u00d3N 2024-2025 &nbsp; Enlace al portal de escolarizaci\u00f3n. &nbsp; Normativa&nbsp;sobre el proceso de escolarizaci\u00f3n.<\/p>\n","protected":false},"author":1,"featured_media":0,"parent":0,"menu_order":0,"comment_status":"closed","ping_status":"open","template":"","meta":{"ngg_post_thumbnail":0,"footnotes":"","_mc_calendar":[]},"aioseo_notices":[],"_links":{"self":[{"href":"https:\/\/blogsaverroes.juntadeandalucia.es\/ceipsanbernardo\/wp-json\/wp\/v2\/pages\/141"}],"collection":[{"href":"https:\/\/blogsaverroes.juntadeandalucia.es\/ceipsanbernardo\/wp-json\/wp\/v2\/pages"}],"about":[{"href":"https:\/\/blogsaverroes.juntadeandalucia.es\/ceipsanbernardo\/wp-json\/wp\/v2\/types\/page"}],"author":[{"embeddable":true,"href":"https:\/\/blogsaverroes.juntadeandalucia.es\/ceipsanbernardo\/wp-json\/wp\/v2\/users\/1"}],"replies":[{"embeddable":true,"href":"https:\/\/blogsaverroes.juntadeandalucia.es\/ceipsanbernardo\/wp-json\/wp\/v2\/comments?post=141"}],"version-history":[{"count":4,"href":"https:\/\/blogsaverroes.juntadeandalucia.es\/ceipsanbernardo\/wp-json\/wp\/v2\/pages\/141\/revisions"}],"predecessor-version":[{"id":2725,"href":"https:\/\/blogsaverroes.juntadeandalucia.es\/ceipsanbernardo\/wp-json\/wp\/v2\/pages\/141\/revisions\/2725"}],"wp:attachment":[{"href":"https:\/\/blogsaverroes.juntadeandalucia.es\/ceipsanbernardo\/wp-json\/wp\/v2\/media?parent=141"}],"curies":[{"name":"wp","href":"https:\/\/api.w.org\/{rel}","templated":true}]}}