{"id":2342,"date":"2020-05-11T01:28:58","date_gmt":"2020-05-11T01:28:58","guid":{"rendered":"http:\/\/blogsaverroes.juntadeandalucia.es\/ceipsanbernardo\/?page_id=2342"},"modified":"2021-11-21T17:15:44","modified_gmt":"2021-11-21T17:15:44","slug":"contacto","status":"publish","type":"page","link":"https:\/\/blogsaverroes.juntadeandalucia.es\/ceipsanbernardo\/contacto\/","title":{"rendered":"Contacto"},"content":{"rendered":"<p>Correo electr\u00f3nico y n\u00famero de tel\u00e9fono para contactar con el centro:<\/p>\n<p>mail: 04001321.edu@juntadeandalucia.es<\/p>\n<p>telef\u00f3no: <span class=\"LrzXr zdqRlf kno-fv\"><span data-dtype=\"d3ifr\" data-local-attribute=\"d3ph\">950 15 65 34<\/span><\/span><\/p>\n<p>&nbsp;<\/p>\n","protected":false},"excerpt":{"rendered":"<p>Correo electr\u00f3nico y n\u00famero de tel\u00e9fono para contactar con el centro: mail: 04001321.edu@juntadeandalucia.es telef\u00f3no: 950 15 65 34 &nbsp;<\/p>\n","protected":false},"author":9096,"featured_media":0,"parent":0,"menu_order":0,"comment_status":"closed","ping_status":"closed","template":"","meta":{"ngg_post_thumbnail":0,"footnotes":"","_mc_calendar":[]},"aioseo_notices":[],"_links":{"self":[{"href":"https:\/\/blogsaverroes.juntadeandalucia.es\/ceipsanbernardo\/wp-json\/wp\/v2\/pages\/2342"}],"collection":[{"href":"https:\/\/blogsaverroes.juntadeandalucia.es\/ceipsanbernardo\/wp-json\/wp\/v2\/pages"}],"about":[{"href":"https:\/\/blogsaverroes.juntadeandalucia.es\/ceipsanbernardo\/wp-json\/wp\/v2\/types\/page"}],"author":[{"embeddable":true,"href":"https:\/\/blogsaverroes.juntadeandalucia.es\/ceipsanbernardo\/wp-json\/wp\/v2\/users\/9096"}],"replies":[{"embeddable":true,"href":"https:\/\/blogsaverroes.juntadeandalucia.es\/ceipsanbernardo\/wp-json\/wp\/v2\/comments?post=2342"}],"version-history":[{"count":3,"href":"https:\/\/blogsaverroes.juntadeandalucia.es\/ceipsanbernardo\/wp-json\/wp\/v2\/pages\/2342\/revisions"}],"predecessor-version":[{"id":2547,"href":"https:\/\/blogsaverroes.juntadeandalucia.es\/ceipsanbernardo\/wp-json\/wp\/v2\/pages\/2342\/revisions\/2547"}],"wp:attachment":[{"href":"https:\/\/blogsaverroes.juntadeandalucia.es\/ceipsanbernardo\/wp-json\/wp\/v2\/media?parent=2342"}],"curies":[{"name":"wp","href":"https:\/\/api.w.org\/{rel}","templated":true}]}}