{"id":2738,"date":"2025-03-05T16:41:40","date_gmt":"2025-03-05T16:41:40","guid":{"rendered":"https:\/\/blogsaverroes.juntadeandalucia.es\/ceipsanbernardo\/?page_id=2738"},"modified":"2025-03-08T10:15:58","modified_gmt":"2025-03-08T10:15:58","slug":"auxiliares-de-conversacion","status":"publish","type":"page","link":"https:\/\/blogsaverroes.juntadeandalucia.es\/ceipsanbernardo\/auxiliares-de-conversacion\/","title":{"rendered":"Auxiliares de Conversaci\u00f3n"},"content":{"rendered":"<p>Este curso, 2024\/2025, tenemos la suerte de contar con dos auxiliares de Conversaci\u00f3n en el Centro que ayudar\u00e1n a nuestros alumnos a adquirir una mayor destreza en el uso del Ingl\u00e9s.<\/p>\n<p>Son Caley y Hailey, llegan desde Estados Unidos con muchas ganas de colaborar para ayudar a la mejora del Ingl\u00e9s y de conocer nuestro entorno y nuestra cultura.<\/p>\n<p>Caley ha querido compartir con todos su experiencia en nuestro querido colegio y en nuestra maravillosa tierra, Almer\u00eda.<\/p>\n<p>\u00a1Gracias por tus palabras!<\/p>\n<p>&nbsp;<\/p>\n<div style=\"width: 848px;\" class=\"wp-video\"><!--[if lt IE 9]><script>document.createElement('video');<\/script><![endif]-->\n<video class=\"wp-video-shortcode\" id=\"video-2738-1\" width=\"848\" height=\"480\" preload=\"metadata\" controls=\"controls\"><source type=\"video\/mp4\" src=\"https:\/\/blogsaverroes.juntadeandalucia.es\/ceipsanbernardo\/files\/2025\/03\/WhatsApp-Video-2025-03-06-at-14.53.07.mp4?_=1\" \/><a href=\"https:\/\/blogsaverroes.juntadeandalucia.es\/ceipsanbernardo\/files\/2025\/03\/WhatsApp-Video-2025-03-06-at-14.53.07.mp4\">https:\/\/blogsaverroes.juntadeandalucia.es\/ceipsanbernardo\/files\/2025\/03\/WhatsApp-Video-2025-03-06-at-14.53.07.mp4<\/a><\/video><\/div>\n<div style=\"width: 848px;\" class=\"wp-video\"><video class=\"wp-video-shortcode\" id=\"video-2738-2\" width=\"848\" height=\"480\" preload=\"metadata\" controls=\"controls\"><source type=\"video\/mp4\" src=\"https:\/\/blogsaverroes.juntadeandalucia.es\/ceipsanbernardo\/files\/2025\/03\/WhatsApp-Video-2025-03-07-at-10.32.33.mp4?_=2\" \/><a href=\"https:\/\/blogsaverroes.juntadeandalucia.es\/ceipsanbernardo\/files\/2025\/03\/WhatsApp-Video-2025-03-07-at-10.32.33.mp4\">https:\/\/blogsaverroes.juntadeandalucia.es\/ceipsanbernardo\/files\/2025\/03\/WhatsApp-Video-2025-03-07-at-10.32.33.mp4<\/a><\/video><\/div>\n","protected":false},"excerpt":{"rendered":"<p>Este curso, 2024\/2025, tenemos la suerte de contar con dos auxiliares de Conversaci\u00f3n en el Centro que ayudar\u00e1n a nuestros alumnos a adquirir una mayor destreza en el uso del Ingl\u00e9s. Son Caley y&#46;&#46;&#46;<\/p>\n","protected":false},"author":20798,"featured_media":0,"parent":0,"menu_order":0,"comment_status":"closed","ping_status":"closed","template":"","meta":{"ngg_post_thumbnail":0,"footnotes":"","_mc_calendar":[]},"aioseo_notices":[],"_links":{"self":[{"href":"https:\/\/blogsaverroes.juntadeandalucia.es\/ceipsanbernardo\/wp-json\/wp\/v2\/pages\/2738"}],"collection":[{"href":"https:\/\/blogsaverroes.juntadeandalucia.es\/ceipsanbernardo\/wp-json\/wp\/v2\/pages"}],"about":[{"href":"https:\/\/blogsaverroes.juntadeandalucia.es\/ceipsanbernardo\/wp-json\/wp\/v2\/types\/page"}],"author":[{"embeddable":true,"href":"https:\/\/blogsaverroes.juntadeandalucia.es\/ceipsanbernardo\/wp-json\/wp\/v2\/users\/20798"}],"replies":[{"embeddable":true,"href":"https:\/\/blogsaverroes.juntadeandalucia.es\/ceipsanbernardo\/wp-json\/wp\/v2\/comments?post=2738"}],"version-history":[{"count":5,"href":"https:\/\/blogsaverroes.juntadeandalucia.es\/ceipsanbernardo\/wp-json\/wp\/v2\/pages\/2738\/revisions"}],"predecessor-version":[{"id":2753,"href":"https:\/\/blogsaverroes.juntadeandalucia.es\/ceipsanbernardo\/wp-json\/wp\/v2\/pages\/2738\/revisions\/2753"}],"wp:attachment":[{"href":"https:\/\/blogsaverroes.juntadeandalucia.es\/ceipsanbernardo\/wp-json\/wp\/v2\/media?parent=2738"}],"curies":[{"name":"wp","href":"https:\/\/api.w.org\/{rel}","templated":true}]}}