{"id":141,"date":"2015-03-17T07:13:24","date_gmt":"2015-03-17T07:13:24","guid":{"rendered":"http:\/\/blogsaverroes.juntadeandalucia.es\/pre\/ceip\/?page_id=141"},"modified":"2023-03-01T11:06:24","modified_gmt":"2023-03-01T11:06:24","slug":"escolarizacion","status":"publish","type":"page","link":"https:\/\/blogsaverroes.juntadeandalucia.es\/ceipsanblas\/escolarizacion\/","title":{"rendered":"Escolarizaci\u00f3n"},"content":{"rendered":"<h3 style=\"text-align: left\"><strong>SE RECOMIENDA PRESENTAR LAS SOLICITUDES DE FORMA TELEM\u00c1TICA.&nbsp;<\/strong><\/h3>\n<p><a href=\"https:\/\/portals.ced.junta-andalucia.es\/educacion\/portals\/web\/escolarizacion\"><img loading=\"lazy\" decoding=\"async\" class=\"aligncenter wp-image-2299 size-full\" src=\"https:\/\/blogsaverroes.juntadeandalucia.es\/ceipsanblas\/files\/2015\/03\/Sin-t\u00edtulo.jpg\" alt=\"\" width=\"510\" height=\"186\" srcset=\"https:\/\/blogsaverroes.juntadeandalucia.es\/ceipsanblas\/files\/2015\/03\/Sin-t\u00edtulo.jpg 510w, https:\/\/blogsaverroes.juntadeandalucia.es\/ceipsanblas\/files\/2015\/03\/Sin-t\u00edtulo-300x109.jpg 300w, https:\/\/blogsaverroes.juntadeandalucia.es\/ceipsanblas\/files\/2015\/03\/Sin-t\u00edtulo-24x9.jpg 24w, https:\/\/blogsaverroes.juntadeandalucia.es\/ceipsanblas\/files\/2015\/03\/Sin-t\u00edtulo-36x13.jpg 36w, https:\/\/blogsaverroes.juntadeandalucia.es\/ceipsanblas\/files\/2015\/03\/Sin-t\u00edtulo-48x18.jpg 48w\" sizes=\"(max-width: 510px) 100vw, 510px\" \/><\/a><\/p>\n<h3 style=\"text-align: center\"><span style=\"text-decoration: underline\"><strong>PLAZO DE INSCRIPCI\u00d3N DEL 1 AL 31 DE MARZO<\/strong><\/span><\/h3>\n<ul>\n<li>\n<h1><strong>SOLICITUD TELEM\u00c1TICA. <span style=\"color: #ff0000\"><a style=\"color: #ff0000\" href=\"https:\/\/www.juntadeandalucia.es\/educacion\/secretariavirtual\/accesoTramite\/543\/\">AQU\u00cd<\/a>.<\/span>&nbsp;<\/strong><\/h1>\n<\/li>\n<\/ul>\n<p class=\"CDt4Ke zfr3Q\" dir=\"ltr\">Si decide presentar la solicitud de admisi\u00f3n en el centro de forma presencial el horario de secretar\u00eda es el siguiente:<\/p>\n<ul>\n<li><strong>Lunes y jueves de 11:00 a 12:00 horas.<\/strong><\/li>\n<li><strong>Martes y viernes de 13:15 a 14:00 horas.<\/strong><\/li>\n<\/ul>\n<p class=\"CDt4Ke zfr3Q\" dir=\"ltr\">Debe presentar la siguiente documentaci\u00f3n:<\/p>\n<ul class=\"n8H08c UVNKR\">\n<li class=\"TYR86d wXCUfe zfr3Q\">\n<p class=\"CDt4Ke zfr3Q\" dir=\"ltr\"><a href=\"https:\/\/www.juntadeandalucia.es\/educacion\/portals\/delegate\/content\/7e1d7b27-eaa4-42e7-bfa3-ac436db80ed6\/ANEXO%20III\">ANEXO III (1 AL 31 DE MARZO)<\/a>.&nbsp;<\/p>\n<\/li>\n<li class=\"TYR86d wXCUfe zfr3Q\">FOTOCOPIA DEL LIBRO DE FAMILIA (P\u00c1GINAS EN LA QUE APARECEN LOS PROGENITORES Y EL NI\u00d1O\/A).<\/li>\n<li>ACREDITACI\u00d3N DE FAMILIA NUMEROSA O ACREDITACI\u00d3N DE FAMILIA MONOPARENTAL (EN SU CASO).<\/li>\n<li>CERTIFICADO DE EMPADRONAMIENTO EN EL CASO DE NO ESTAR CENSADO EN LA LOCALIDAD.<\/li>\n<li class=\"TYR86d wXCUfe zfr3Q\">\n<p class=\"CDt4Ke zfr3Q\" dir=\"ltr\">CERTIFICADO DE DISCAPACIDAD DEL ALUMNO\/A O PROGENITORES (EN SU CASO)<\/p>\n<\/li>\n<li class=\"TYR86d wXCUfe zfr3Q\">\n<p class=\"CDt4Ke zfr3Q\" dir=\"ltr\">TODAS LAS FOTOCOPIAS DEBEN TENER EN LA PARTE INFERIOR LA SIGUIENTE ANOTACI\u00d3N: <strong>\u00abEs copia fiel del original\u00bb<\/strong> y firmarla.<\/p>\n<\/li>\n<\/ul>\n","protected":false},"excerpt":{"rendered":"<p>SE RECOMIENDA PRESENTAR LAS SOLICITUDES DE FORMA TELEM\u00c1TICA.&nbsp; PLAZO DE INSCRIPCI\u00d3N DEL 1 AL 31 DE MARZO SOLICITUD TELEM\u00c1TICA. AQU\u00cd.&nbsp; Si decide presentar la solicitud de admisi\u00f3n en el centro de forma presencial el&#46;&#46;&#46;<\/p>\n","protected":false},"author":1,"featured_media":0,"parent":0,"menu_order":0,"comment_status":"closed","ping_status":"open","template":"","meta":{"ngg_post_thumbnail":0,"footnotes":"","_mc_calendar":[]},"aioseo_notices":[],"_links":{"self":[{"href":"https:\/\/blogsaverroes.juntadeandalucia.es\/ceipsanblas\/wp-json\/wp\/v2\/pages\/141"}],"collection":[{"href":"https:\/\/blogsaverroes.juntadeandalucia.es\/ceipsanblas\/wp-json\/wp\/v2\/pages"}],"about":[{"href":"https:\/\/blogsaverroes.juntadeandalucia.es\/ceipsanblas\/wp-json\/wp\/v2\/types\/page"}],"author":[{"embeddable":true,"href":"https:\/\/blogsaverroes.juntadeandalucia.es\/ceipsanblas\/wp-json\/wp\/v2\/users\/1"}],"replies":[{"embeddable":true,"href":"https:\/\/blogsaverroes.juntadeandalucia.es\/ceipsanblas\/wp-json\/wp\/v2\/comments?post=141"}],"version-history":[{"count":14,"href":"https:\/\/blogsaverroes.juntadeandalucia.es\/ceipsanblas\/wp-json\/wp\/v2\/pages\/141\/revisions"}],"predecessor-version":[{"id":3893,"href":"https:\/\/blogsaverroes.juntadeandalucia.es\/ceipsanblas\/wp-json\/wp\/v2\/pages\/141\/revisions\/3893"}],"wp:attachment":[{"href":"https:\/\/blogsaverroes.juntadeandalucia.es\/ceipsanblas\/wp-json\/wp\/v2\/media?parent=141"}],"curies":[{"name":"wp","href":"https:\/\/api.w.org\/{rel}","templated":true}]}}