{"id":2354,"date":"2018-04-03T23:11:16","date_gmt":"2018-04-03T23:11:16","guid":{"rendered":"https:\/\/blogsaverroes.juntadeandalucia.es\/ceipsanblas\/?page_id=2354"},"modified":"2019-01-29T09:00:10","modified_gmt":"2019-01-29T09:00:10","slug":"curso-20172018","status":"publish","type":"page","link":"https:\/\/blogsaverroes.juntadeandalucia.es\/ceipsanblas\/galeria\/curso-20172018\/","title":{"rendered":"CURSO 2017\/2018"},"content":{"rendered":"<ul>\n<li><a href=\"https:\/\/photos.app.goo.gl\/gkvqfwwehMY3NeqF2\">Carrera d\u00eda de Andaluc\u00eda<\/a><\/li>\n<li><a href=\"https:\/\/photos.app.goo.gl\/YdK0Na2fRM141j9l2\">Halloween<\/a><\/li>\n<li><a href=\"https:\/\/blogsaverroes.juntadeandalucia.es\/ceipsanblas\/files\/2018\/04\/PAZ-web.jpg\">D\u00eda de la Paz<\/a><\/li>\n<li><a href=\"https:\/\/photos.app.goo.gl\/10QMHuoNkjFA6dus1\">Proyecto Masterchef 4\u00ba<\/a><\/li>\n<li><a href=\"https:\/\/blogsaverroes.juntadeandalucia.es\/ceipsanblas\/galeria\/carnaval-2018\/\">Carnaval<\/a><\/li>\n<li><a href=\"https:\/\/blogsaverroes.juntadeandalucia.es\/ceipsanblas\/chorma-key-de-3o\/\">Exposici\u00f3n de Murillo 3\u00ba<\/a><\/li>\n<li><a href=\"https:\/\/blogsaverroes.juntadeandalucia.es\/ceipsanblas\/chroma-key-4o-murillo\/\">Exposici\u00f3n de Murillo 4\u00ba<\/a><\/li>\n<li><a href=\"https:\/\/blogsaverroes.juntadeandalucia.es\/ceipsanblas\/chroma-key-de-5o-murillo\/\">Exposici\u00f3n de Murillo 5\u00ba<\/a><\/li>\n<li><a href=\"https:\/\/blogsaverroes.juntadeandalucia.es\/ceipsanblas\/galeria\/curso-20172018\/apadrinamiento-lector-2018\/\">Apadrinamiento Lector.<\/a><\/li>\n<li><a href=\"https:\/\/blogsaverroes.juntadeandalucia.es\/ceipsanblas\/galeria\/curso-20172018\/videos-feria-2-018\/\">Videos Feria 2.018.<\/a><\/li>\n<li><a href=\"https:\/\/blogsaverroes.juntadeandalucia.es\/ceipsanblas\/galeria\/curso-20172018\/ganadores-del-frutimetro\/\">Frut\u00f3metro.<\/a><\/li>\n<li><a href=\"https:\/\/blogsaverroes.juntadeandalucia.es\/ceipsanblas\/galeria\/curso-20172018\/fiesta-del-agua\/\">Fiesta del agua.<\/a><\/li>\n<li><a href=\"https:\/\/photos.app.goo.gl\/imdaCcxekxiWmAjq8\">Actividad Piscina Cubierta.<\/a><\/li>\n<\/ul>\n","protected":false},"excerpt":{"rendered":"<p>Carrera d\u00eda de Andaluc\u00eda Halloween D\u00eda de la Paz Proyecto Masterchef 4\u00ba Carnaval Exposici\u00f3n de Murillo 3\u00ba Exposici\u00f3n de Murillo 4\u00ba Exposici\u00f3n de Murillo 5\u00ba Apadrinamiento Lector. Videos Feria 2.018. Frut\u00f3metro. Fiesta del agua.&#46;&#46;&#46;<\/p>\n","protected":false},"author":5613,"featured_media":0,"parent":2347,"menu_order":0,"comment_status":"closed","ping_status":"closed","template":"","meta":{"ngg_post_thumbnail":0,"footnotes":"","_mc_calendar":[]},"aioseo_notices":[],"_links":{"self":[{"href":"https:\/\/blogsaverroes.juntadeandalucia.es\/ceipsanblas\/wp-json\/wp\/v2\/pages\/2354"}],"collection":[{"href":"https:\/\/blogsaverroes.juntadeandalucia.es\/ceipsanblas\/wp-json\/wp\/v2\/pages"}],"about":[{"href":"https:\/\/blogsaverroes.juntadeandalucia.es\/ceipsanblas\/wp-json\/wp\/v2\/types\/page"}],"author":[{"embeddable":true,"href":"https:\/\/blogsaverroes.juntadeandalucia.es\/ceipsanblas\/wp-json\/wp\/v2\/users\/5613"}],"replies":[{"embeddable":true,"href":"https:\/\/blogsaverroes.juntadeandalucia.es\/ceipsanblas\/wp-json\/wp\/v2\/comments?post=2354"}],"version-history":[{"count":13,"href":"https:\/\/blogsaverroes.juntadeandalucia.es\/ceipsanblas\/wp-json\/wp\/v2\/pages\/2354\/revisions"}],"predecessor-version":[{"id":2944,"href":"https:\/\/blogsaverroes.juntadeandalucia.es\/ceipsanblas\/wp-json\/wp\/v2\/pages\/2354\/revisions\/2944"}],"up":[{"embeddable":true,"href":"https:\/\/blogsaverroes.juntadeandalucia.es\/ceipsanblas\/wp-json\/wp\/v2\/pages\/2347"}],"wp:attachment":[{"href":"https:\/\/blogsaverroes.juntadeandalucia.es\/ceipsanblas\/wp-json\/wp\/v2\/media?parent=2354"}],"curies":[{"name":"wp","href":"https:\/\/api.w.org\/{rel}","templated":true}]}}