{"id":2396,"date":"2018-04-19T08:25:46","date_gmt":"2018-04-19T08:25:46","guid":{"rendered":"https:\/\/blogsaverroes.juntadeandalucia.es\/ceipsanblas\/?page_id=2396"},"modified":"2018-04-19T10:47:07","modified_gmt":"2018-04-19T10:47:07","slug":"curso-2016-2017","status":"publish","type":"page","link":"https:\/\/blogsaverroes.juntadeandalucia.es\/ceipsanblas\/galeria\/curso-2016-2017\/","title":{"rendered":"CURSO 2016\/2017"},"content":{"rendered":"<ul>\n<li><a href=\"https:\/\/goo.gl\/photos\/Xp1dob7MwBK3rWiUA\">TALLERES D\u00cdA DE ANDALUC\u00cdA.<\/a><\/li>\n<li><a href=\"https:\/\/goo.gl\/photos\/J1a8PqdKhbGvoJ8V8\">CARNAVAL 2.017 &#8211; 1<\/a><\/li>\n<li><a href=\"https:\/\/drive.google.com\/drive\/folders\/0B1DSs0uiZM5YSkRSNUhlTHpvalk?usp=sharing\">CARNAVAL 2.017 &#8211; 2<\/a><\/li>\n<li><a href=\"https:\/\/goo.gl\/photos\/r8Q7oR3iyMPfp8849\">HALLOWEEN.<\/a><\/li>\n<li><a href=\"https:\/\/blogsaverroes.juntadeandalucia.es\/ceipsanblas\/galeria\/curso-2016-2017\/halloween\/\">D\u00cdA DEL FLAMENCO.<\/a><\/li>\n<li><a href=\"https:\/\/blogsaverroes.juntadeandalucia.es\/ceipsanblas\/galeria\/curso-2016-2017\/constitucion\/\">V\u00cdDEOS D\u00cdA DE LA CONSTITUCI\u00d3N.<\/a><\/li>\n<li><a href=\"https:\/\/www.youtube.com\/watch?v=vXLO-N24goo\">PLENO DEL AYUNTAMIENTO (VIDEO 1)<\/a><\/li>\n<li><a href=\"https:\/\/www.youtube.com\/watch?v=pTJv3XzjBoE\">PLENO DEL AYUNTAMIENTO (VIDEO 2)<\/a><\/li>\n<li><a href=\"https:\/\/goo.gl\/photos\/WEzsVagdDq1cjA647\">PLENO DEL AYUNTAMIENTO (FOTOS)<\/a><\/li>\n<li><a href=\"https:\/\/drive.google.com\/drive\/folders\/0BwiSZMaZ0NYLNWJqUmFNRXFaYU0?usp=sharing\">XX FESTIVAL DE NAVIDAD<\/a><\/li>\n<li><a href=\"https:\/\/goo.gl\/photos\/LxZLSZ631K3qpDcZ9\">REYES MAGOS<\/a>.<\/li>\n<li><a href=\"https:\/\/goo.gl\/photos\/N6WgfjuJHuKjjNdH8\">D\u00cdA DE LA PAZ.<\/a><\/li>\n<li><a href=\"https:\/\/goo.gl\/photos\/arXzjpg8xAWmpC5j7\">CARRERA D\u00cdA DE ANDALUC\u00cdA<\/a><\/li>\n<li><a href=\"https:\/\/goo.gl\/photos\/HEEc2rUzPauZMumr9\">APADRINAMIENTO LECTOR.<\/a><\/li>\n<li><a href=\"https:\/\/goo.gl\/photos\/2cxG3SYw2xq2m7Gu7\">CONCURSO FERIA 2.017 (FOTOS)<\/a><\/li>\n<li><a href=\"https:\/\/blogsaverroes.juntadeandalucia.es\/ceipsanblas\/galeria\/curso-2016-2017\/feria-2017-2\/\">CONCURSO FERIA 2.018 (V\u00cdDEOS)<\/a><\/li>\n<\/ul>\n","protected":false},"excerpt":{"rendered":"<p>TALLERES D\u00cdA DE ANDALUC\u00cdA. CARNAVAL 2.017 &#8211; 1 CARNAVAL 2.017 &#8211; 2 HALLOWEEN. D\u00cdA DEL FLAMENCO. V\u00cdDEOS D\u00cdA DE LA CONSTITUCI\u00d3N. PLENO DEL AYUNTAMIENTO (VIDEO 1) PLENO DEL AYUNTAMIENTO (VIDEO 2) PLENO DEL AYUNTAMIENTO&#46;&#46;&#46;<\/p>\n","protected":false},"author":5613,"featured_media":0,"parent":2347,"menu_order":0,"comment_status":"closed","ping_status":"closed","template":"","meta":{"ngg_post_thumbnail":0,"footnotes":"","_mc_calendar":[]},"aioseo_notices":[],"_links":{"self":[{"href":"https:\/\/blogsaverroes.juntadeandalucia.es\/ceipsanblas\/wp-json\/wp\/v2\/pages\/2396"}],"collection":[{"href":"https:\/\/blogsaverroes.juntadeandalucia.es\/ceipsanblas\/wp-json\/wp\/v2\/pages"}],"about":[{"href":"https:\/\/blogsaverroes.juntadeandalucia.es\/ceipsanblas\/wp-json\/wp\/v2\/types\/page"}],"author":[{"embeddable":true,"href":"https:\/\/blogsaverroes.juntadeandalucia.es\/ceipsanblas\/wp-json\/wp\/v2\/users\/5613"}],"replies":[{"embeddable":true,"href":"https:\/\/blogsaverroes.juntadeandalucia.es\/ceipsanblas\/wp-json\/wp\/v2\/comments?post=2396"}],"version-history":[{"count":9,"href":"https:\/\/blogsaverroes.juntadeandalucia.es\/ceipsanblas\/wp-json\/wp\/v2\/pages\/2396\/revisions"}],"predecessor-version":[{"id":2418,"href":"https:\/\/blogsaverroes.juntadeandalucia.es\/ceipsanblas\/wp-json\/wp\/v2\/pages\/2396\/revisions\/2418"}],"up":[{"embeddable":true,"href":"https:\/\/blogsaverroes.juntadeandalucia.es\/ceipsanblas\/wp-json\/wp\/v2\/pages\/2347"}],"wp:attachment":[{"href":"https:\/\/blogsaverroes.juntadeandalucia.es\/ceipsanblas\/wp-json\/wp\/v2\/media?parent=2396"}],"curies":[{"name":"wp","href":"https:\/\/api.w.org\/{rel}","templated":true}]}}