{"id":2419,"date":"2018-04-19T10:50:09","date_gmt":"2018-04-19T10:50:09","guid":{"rendered":"https:\/\/blogsaverroes.juntadeandalucia.es\/ceipsanblas\/?page_id=2419"},"modified":"2018-04-23T15:07:07","modified_gmt":"2018-04-23T15:07:07","slug":"curso-20152016","status":"publish","type":"page","link":"https:\/\/blogsaverroes.juntadeandalucia.es\/ceipsanblas\/galeria\/curso-20152016\/","title":{"rendered":"CURSO 2015\/2016"},"content":{"rendered":"<ul>\n<li><a href=\"https:\/\/photos.app.goo.gl\/iokCIx0Qo5JbgCXJ2\">HALLOWEEN<\/a><\/li>\n<li><a href=\"https:\/\/plus.google.com\/photos\/110405359069366057846\/albums\/6251827030229905697\">D\u00cdA DE LA PAZ 2016<\/a><\/li>\n<li><a href=\"https:\/\/plus.google.com\/110405359069366057846\/posts\/T8CmEuggDsZ\">FRUTIBUS<\/a><\/li>\n<li><a href=\"https:\/\/plus.google.com\/110405359069366057846\/posts\/RYPDaMekc7d\">DIA DEL FLAMENCO<\/a><\/li>\n<li><a href=\"https:\/\/plus.google.com\/110405359069366057846\/posts\/GEneGELyzq5\">EXCURSION A LAS JUNCIAS EDUCACI\u00d3N INFANTIL<\/a><\/li>\n<li><a href=\"https:\/\/plus.google.com\/110405359069366057846\/posts\/W1RyGVW4gBR\">CARNAVAL<\/a><\/li>\n<li><a href=\"https:\/\/blogsaverroes.juntadeandalucia.es\/ceipsanblas\/galeria\/curso-20152016\/carnaval-videos\/\">V\u00cdDEOS DE CARNAVAL.<\/a><\/li>\n<li><a href=\"https:\/\/blogsaverroes.juntadeandalucia.es\/ceipsanblas\/galeria\/curso-20152016\/excursion-las-juncias-3o-4o-y-6o\/\">EXCURSI\u00d3N A LAS JUNCIAS 3\u00ba, 5\u00ba Y 6\u00ba.<\/a><\/li>\n<li><a href=\"https:\/\/plus.google.com\/110405359069366057846\/posts\/3Y3RspQMSwV\">III CARRERA DIA ANDALUCIA (META)<\/a><\/li>\n<li><a href=\"https:\/\/plus.google.com\/110405359069366057846\/posts\/5pTw3jUzkYP\">III CARRERA DIA ANDALUCIA (SALIDA Y TROFEOS).<\/a><\/li>\n<li><a href=\"https:\/\/blogsaverroes.juntadeandalucia.es\/ceipsanblas\/galeria\/curso-20152016\/exposicion-mini-pasos-semana-santa\/\">PASOS EN MINIATURA.<\/a><\/li>\n<\/ul>\n","protected":false},"excerpt":{"rendered":"<p>HALLOWEEN D\u00cdA DE LA PAZ 2016 FRUTIBUS DIA DEL FLAMENCO EXCURSION A LAS JUNCIAS EDUCACI\u00d3N INFANTIL CARNAVAL V\u00cdDEOS DE CARNAVAL. EXCURSI\u00d3N A LAS JUNCIAS 3\u00ba, 5\u00ba Y 6\u00ba. III CARRERA DIA ANDALUCIA (META) III&#46;&#46;&#46;<\/p>\n","protected":false},"author":5613,"featured_media":0,"parent":2347,"menu_order":3,"comment_status":"closed","ping_status":"closed","template":"","meta":{"ngg_post_thumbnail":0,"footnotes":"","_mc_calendar":[]},"aioseo_notices":[],"_links":{"self":[{"href":"https:\/\/blogsaverroes.juntadeandalucia.es\/ceipsanblas\/wp-json\/wp\/v2\/pages\/2419"}],"collection":[{"href":"https:\/\/blogsaverroes.juntadeandalucia.es\/ceipsanblas\/wp-json\/wp\/v2\/pages"}],"about":[{"href":"https:\/\/blogsaverroes.juntadeandalucia.es\/ceipsanblas\/wp-json\/wp\/v2\/types\/page"}],"author":[{"embeddable":true,"href":"https:\/\/blogsaverroes.juntadeandalucia.es\/ceipsanblas\/wp-json\/wp\/v2\/users\/5613"}],"replies":[{"embeddable":true,"href":"https:\/\/blogsaverroes.juntadeandalucia.es\/ceipsanblas\/wp-json\/wp\/v2\/comments?post=2419"}],"version-history":[{"count":9,"href":"https:\/\/blogsaverroes.juntadeandalucia.es\/ceipsanblas\/wp-json\/wp\/v2\/pages\/2419\/revisions"}],"predecessor-version":[{"id":2617,"href":"https:\/\/blogsaverroes.juntadeandalucia.es\/ceipsanblas\/wp-json\/wp\/v2\/pages\/2419\/revisions\/2617"}],"up":[{"embeddable":true,"href":"https:\/\/blogsaverroes.juntadeandalucia.es\/ceipsanblas\/wp-json\/wp\/v2\/pages\/2347"}],"wp:attachment":[{"href":"https:\/\/blogsaverroes.juntadeandalucia.es\/ceipsanblas\/wp-json\/wp\/v2\/media?parent=2419"}],"curies":[{"name":"wp","href":"https:\/\/api.w.org\/{rel}","templated":true}]}}