{"id":2507,"date":"2018-04-23T08:14:51","date_gmt":"2018-04-23T08:14:51","guid":{"rendered":"https:\/\/blogsaverroes.juntadeandalucia.es\/ceipsanblas\/?page_id=2507"},"modified":"2021-11-05T12:29:28","modified_gmt":"2021-11-05T12:29:28","slug":"curso-2-0132-014","status":"publish","type":"page","link":"https:\/\/blogsaverroes.juntadeandalucia.es\/ceipsanblas\/galeria\/curso-2-0132-014\/","title":{"rendered":"CURSO 2013\/2014"},"content":{"rendered":"<ul>\n<li><strong><a title=\"HALLOWEEN 2013\" href=\"https:\/\/blogsaverroes.juntadeandalucia.es\/ceipsanblas\/galeria\/curso-2-0132-014\/halloween-2-013\/\">HALLOWEEN<\/a><\/strong><\/li>\n<li><strong><a href=\"https:\/\/blogsaverroes.juntadeandalucia.es\/ceipsanblas\/galeria\/curso-2-0132-014\/20-de-noviembre-dia-internacional-de-los-derechos-del-nino\/\">20 DE NOVIEMBRE: \u00abD\u00eda Internacional de los Derechos del Ni\u00f1o\u00bb.<\/a><\/strong><\/li>\n<li><strong><a href=\"https:\/\/plus.google.com\/110405359069366057846\/posts\/L72uXXq44ZK\">I CARRERA D\u00cdA DE ANDALUC\u00cdA.<\/a><\/strong><\/li>\n<li><a href=\"https:\/\/plus.google.com\/110405359069366057846\/posts\/ivkF93RkQq3\"><strong>REYES MAGOS.<\/strong><\/a><\/li>\n<li><strong><a title=\"CARNAVAL 2014\" href=\"https:\/\/blogsaverroes.juntadeandalucia.es\/ceipsanblas\/galeria\/curso-2-0132-014\/carnaval-2014\/\">CARNAVAL 2014<\/a><\/strong><\/li>\n<li><strong><a title=\"EXCURSI\u00d3N CASTILLO DE ALMOD\u00d3VAR\" href=\"https:\/\/plus.google.com\/photos\/110405359069366057846\/albums\/5990958113057117873?authkey=CMie6fH59b2dugE\">CASTILLO DE ALMOD\u00d3VAR.<\/a><\/strong><\/li>\n<li><strong><a href=\"https:\/\/plus.google.com\/photos\/110405359069366057846\/albums\/5990951619925933729?authkey=CLvi4d7qyKnpKA\">YINCANA COEDUCATIVA<\/a>.<\/strong><\/li>\n<li><strong><a href=\"https:\/\/plus.google.com\/photos\/110405359069366057846\/albums\/6016011863969288865\">JORNADA EDUACI\u00d3N VIAL.<\/a><\/strong><\/li>\n<li><a title=\"FERIA 2014\" href=\"https:\/\/blogsaverroes.juntadeandalucia.es\/ceipsanblas\/galeria\/curso-2-0132-014\/feria-2014\/\"><strong>FERIA 2014<\/strong><\/a><\/li>\n<li><a title=\"Fiesta del agua\" href=\"https:\/\/blogsaverroes.juntadeandalucia.es\/ceipsanblas\/galeria\/curso-2-0132-014\/fiesta-del-agua-2-014\/\"><strong>FIESTA DEL AGUA<\/strong><\/a><\/li>\n<\/ul>\n","protected":false},"excerpt":{"rendered":"<p>HALLOWEEN 20 DE NOVIEMBRE: \u00abD\u00eda Internacional de los Derechos del Ni\u00f1o\u00bb. I CARRERA D\u00cdA DE ANDALUC\u00cdA. REYES MAGOS. CARNAVAL 2014 CASTILLO DE ALMOD\u00d3VAR. YINCANA COEDUCATIVA. JORNADA EDUACI\u00d3N VIAL. FERIA 2014 FIESTA DEL AGUA<\/p>\n","protected":false},"author":5613,"featured_media":0,"parent":2347,"menu_order":0,"comment_status":"closed","ping_status":"closed","template":"","meta":{"ngg_post_thumbnail":0,"footnotes":"","_mc_calendar":[]},"aioseo_notices":[],"_links":{"self":[{"href":"https:\/\/blogsaverroes.juntadeandalucia.es\/ceipsanblas\/wp-json\/wp\/v2\/pages\/2507"}],"collection":[{"href":"https:\/\/blogsaverroes.juntadeandalucia.es\/ceipsanblas\/wp-json\/wp\/v2\/pages"}],"about":[{"href":"https:\/\/blogsaverroes.juntadeandalucia.es\/ceipsanblas\/wp-json\/wp\/v2\/types\/page"}],"author":[{"embeddable":true,"href":"https:\/\/blogsaverroes.juntadeandalucia.es\/ceipsanblas\/wp-json\/wp\/v2\/users\/5613"}],"replies":[{"embeddable":true,"href":"https:\/\/blogsaverroes.juntadeandalucia.es\/ceipsanblas\/wp-json\/wp\/v2\/comments?post=2507"}],"version-history":[{"count":11,"href":"https:\/\/blogsaverroes.juntadeandalucia.es\/ceipsanblas\/wp-json\/wp\/v2\/pages\/2507\/revisions"}],"predecessor-version":[{"id":3532,"href":"https:\/\/blogsaverroes.juntadeandalucia.es\/ceipsanblas\/wp-json\/wp\/v2\/pages\/2507\/revisions\/3532"}],"up":[{"embeddable":true,"href":"https:\/\/blogsaverroes.juntadeandalucia.es\/ceipsanblas\/wp-json\/wp\/v2\/pages\/2347"}],"wp:attachment":[{"href":"https:\/\/blogsaverroes.juntadeandalucia.es\/ceipsanblas\/wp-json\/wp\/v2\/media?parent=2507"}],"curies":[{"name":"wp","href":"https:\/\/api.w.org\/{rel}","templated":true}]}}