{"id":2567,"date":"2018-04-23T14:33:31","date_gmt":"2018-04-23T14:33:31","guid":{"rendered":"https:\/\/blogsaverroes.juntadeandalucia.es\/ceipsanblas\/?page_id=2567"},"modified":"2021-11-05T12:29:58","modified_gmt":"2021-11-05T12:29:58","slug":"curso-2-0122-013","status":"publish","type":"page","link":"https:\/\/blogsaverroes.juntadeandalucia.es\/ceipsanblas\/galeria\/curso-2-0122-013\/","title":{"rendered":"CURSO 2012\/2013"},"content":{"rendered":"<ul>\n<li><a title=\"30 de Enero, D\u00eda de la Paz\" href=\"https:\/\/blogsaverroes.juntadeandalucia.es\/ceipsanblas\/galeria\/curso-2-0122-013\/dia-de-la-paz-2-013\/\">D\u00eda de la Paz 2.013<\/a><\/li>\n<li><a title=\"HIMNO DE ANDALUCIA\" href=\"https:\/\/blogsaverroes.juntadeandalucia.es\/ceipsanblas\/galeria\/curso-2-0122-013\/28-de-febrero-dia-de-andalucia\/\">28 de Febrero. D\u00eda de An<\/a>d<a title=\"HIMNO DE ANDALUCIA\" href=\"http:\/\/ceipsanblas.redes-cepalcala.org\/?page_id=480\">aluc\u00eda.<\/a><\/li>\n<li><a title=\"Concurso Mascota Biblioteca Escolar\" href=\"https:\/\/blogsaverroes.juntadeandalucia.es\/ceipsanblas\/galeria\/curso-2-0122-013\/concurso-mascota\/\">Concurso Mascota.<\/a><\/li>\n<li><a title=\"Carnaval\" href=\"https:\/\/blogsaverroes.juntadeandalucia.es\/ceipsanblas\/galeria\/curso-2-0122-013\/carnaval-2013\/\">Carnaval.<\/a><\/li>\n<li><a title=\"Crece con tu \u00e1rbol\" href=\"https:\/\/blogsaverroes.juntadeandalucia.es\/ceipsanblas\/galeria\/curso-2-0122-013\/crece-con-tu-arbol\/\">Crece con tu \u00e1rbol.<\/a><\/li>\n<li><a title=\"Diplomas plan de convivencia (al buen humor).\" href=\"https:\/\/blogsaverroes.juntadeandalucia.es\/ceipsanblas\/galeria\/curso-2-0122-013\/diplomas-plan-de-convivencia\/\">Diploma Plan de Convivencia (al buen humor).<\/a><\/li>\n<li><a title=\"FERIA 2013\" href=\"https:\/\/blogsaverroes.juntadeandalucia.es\/ceipsanblas\/galeria\/curso-2-0122-013\/feria-2013\/\">Feria 2.013<\/a><\/li>\n<\/ul>\n","protected":false},"excerpt":{"rendered":"<p>D\u00eda de la Paz 2.013 28 de Febrero. D\u00eda de Andaluc\u00eda. Concurso Mascota. Carnaval. Crece con tu \u00e1rbol. Diploma Plan de Convivencia (al buen humor). Feria 2.013<\/p>\n","protected":false},"author":5613,"featured_media":0,"parent":2347,"menu_order":0,"comment_status":"closed","ping_status":"closed","template":"","meta":{"ngg_post_thumbnail":0,"footnotes":"","_mc_calendar":[]},"aioseo_notices":[],"_links":{"self":[{"href":"https:\/\/blogsaverroes.juntadeandalucia.es\/ceipsanblas\/wp-json\/wp\/v2\/pages\/2567"}],"collection":[{"href":"https:\/\/blogsaverroes.juntadeandalucia.es\/ceipsanblas\/wp-json\/wp\/v2\/pages"}],"about":[{"href":"https:\/\/blogsaverroes.juntadeandalucia.es\/ceipsanblas\/wp-json\/wp\/v2\/types\/page"}],"author":[{"embeddable":true,"href":"https:\/\/blogsaverroes.juntadeandalucia.es\/ceipsanblas\/wp-json\/wp\/v2\/users\/5613"}],"replies":[{"embeddable":true,"href":"https:\/\/blogsaverroes.juntadeandalucia.es\/ceipsanblas\/wp-json\/wp\/v2\/comments?post=2567"}],"version-history":[{"count":12,"href":"https:\/\/blogsaverroes.juntadeandalucia.es\/ceipsanblas\/wp-json\/wp\/v2\/pages\/2567\/revisions"}],"predecessor-version":[{"id":3533,"href":"https:\/\/blogsaverroes.juntadeandalucia.es\/ceipsanblas\/wp-json\/wp\/v2\/pages\/2567\/revisions\/3533"}],"up":[{"embeddable":true,"href":"https:\/\/blogsaverroes.juntadeandalucia.es\/ceipsanblas\/wp-json\/wp\/v2\/pages\/2347"}],"wp:attachment":[{"href":"https:\/\/blogsaverroes.juntadeandalucia.es\/ceipsanblas\/wp-json\/wp\/v2\/media?parent=2567"}],"curies":[{"name":"wp","href":"https:\/\/api.w.org\/{rel}","templated":true}]}}