{"id":2668,"date":"2018-04-27T11:43:11","date_gmt":"2018-04-27T11:43:11","guid":{"rendered":"https:\/\/blogsaverroes.juntadeandalucia.es\/ceipsanblas\/?page_id=2668"},"modified":"2021-10-27T11:14:55","modified_gmt":"2021-10-27T11:14:55","slug":"pale","status":"publish","type":"page","link":"https:\/\/blogsaverroes.juntadeandalucia.es\/ceipsanblas\/planes-y-proyectos\/pale\/","title":{"rendered":"PALE"},"content":{"rendered":"<p><a href=\"https:\/\/blogsaverroes.juntadeandalucia.es\/ceipsanblas\/files\/2021\/10\/pale_0.png\"><img loading=\"lazy\" decoding=\"async\" class=\"aligncenter size-full wp-image-3512\" src=\"https:\/\/blogsaverroes.juntadeandalucia.es\/ceipsanblas\/files\/2021\/10\/pale_0.png\" alt=\"\" width=\"480\" height=\"300\" srcset=\"https:\/\/blogsaverroes.juntadeandalucia.es\/ceipsanblas\/files\/2021\/10\/pale_0.png 480w, https:\/\/blogsaverroes.juntadeandalucia.es\/ceipsanblas\/files\/2021\/10\/pale_0-300x188.png 300w\" sizes=\"(max-width: 480px) 100vw, 480px\" \/><\/a><\/p>\n<div class=\"separacionCapas\">El Programa&nbsp; de Acompa\u00f1amiento en Lengua Extranjera tiene como objetivo el apoyo del aprendizaje de la primera lengua extranjera incidiendo en la comprensi\u00f3n y expresi\u00f3n oral para mejorar la competencia del alumnado.<\/div>\n<div class=\"separacionCapas\">Est\u00e1 dirigido al alumnado de&nbsp;<strong>1\u00ba a 3\u00ba de Primaria<\/strong>&nbsp;<strong>de centros escolares no biling\u00fces<\/strong>.<\/div>\n<div class=\"separacionCapas\">El Acompa\u00f1amiento se lleva a cabo en horario extraescolar durante los meses de noviembre a mayo.<\/div>\n<div>&nbsp;<\/div>\n<h5>&nbsp;&nbsp;&nbsp; Las <a href=\"https:\/\/www.juntadeandalucia.es\/educacion\/portals\/web\/inspeccion-educativa\/normativa\/-\/normativas\/detalle\/instrucciones-de-5-de-octubre-de-2021-de-la-direccion-general-de-atencion-a-la-diversidad-participacion-y-convivencia\">Instrucciones de 5 de octubre de 2021<\/a>, de la Direcci\u00f3n General de Atenci\u00f3n a la Diversidad, Participaci\u00f3n y Convivencia Escolar sobre el desarrollo del Programa de Acompa\u00f1amiento Escolar en Lengua Extranjera (PALE) destinado a centros docentes p\u00fablicos de educaci\u00f3n primaria para el curso 2021-22, contienen el modelo de solicitud (Anexo I), as\u00ed como toda la informaci\u00f3n relativa al mismo.<\/h5>\n","protected":false},"excerpt":{"rendered":"<p>El Programa&nbsp; de Acompa\u00f1amiento en Lengua Extranjera tiene como objetivo el apoyo del aprendizaje de la primera lengua extranjera incidiendo en la comprensi\u00f3n y expresi\u00f3n oral para mejorar la competencia del alumnado. Est\u00e1 dirigido&#46;&#46;&#46;<\/p>\n","protected":false},"author":5613,"featured_media":0,"parent":44,"menu_order":0,"comment_status":"closed","ping_status":"closed","template":"","meta":{"ngg_post_thumbnail":0,"footnotes":"","_mc_calendar":[]},"aioseo_notices":[],"_links":{"self":[{"href":"https:\/\/blogsaverroes.juntadeandalucia.es\/ceipsanblas\/wp-json\/wp\/v2\/pages\/2668"}],"collection":[{"href":"https:\/\/blogsaverroes.juntadeandalucia.es\/ceipsanblas\/wp-json\/wp\/v2\/pages"}],"about":[{"href":"https:\/\/blogsaverroes.juntadeandalucia.es\/ceipsanblas\/wp-json\/wp\/v2\/types\/page"}],"author":[{"embeddable":true,"href":"https:\/\/blogsaverroes.juntadeandalucia.es\/ceipsanblas\/wp-json\/wp\/v2\/users\/5613"}],"replies":[{"embeddable":true,"href":"https:\/\/blogsaverroes.juntadeandalucia.es\/ceipsanblas\/wp-json\/wp\/v2\/comments?post=2668"}],"version-history":[{"count":4,"href":"https:\/\/blogsaverroes.juntadeandalucia.es\/ceipsanblas\/wp-json\/wp\/v2\/pages\/2668\/revisions"}],"predecessor-version":[{"id":3514,"href":"https:\/\/blogsaverroes.juntadeandalucia.es\/ceipsanblas\/wp-json\/wp\/v2\/pages\/2668\/revisions\/3514"}],"up":[{"embeddable":true,"href":"https:\/\/blogsaverroes.juntadeandalucia.es\/ceipsanblas\/wp-json\/wp\/v2\/pages\/44"}],"wp:attachment":[{"href":"https:\/\/blogsaverroes.juntadeandalucia.es\/ceipsanblas\/wp-json\/wp\/v2\/media?parent=2668"}],"curies":[{"name":"wp","href":"https:\/\/api.w.org\/{rel}","templated":true}]}}