{"id":2671,"date":"2018-04-27T12:00:38","date_gmt":"2018-04-27T12:00:38","guid":{"rendered":"https:\/\/blogsaverroes.juntadeandalucia.es\/ceipsanblas\/?page_id=2671"},"modified":"2021-10-27T11:02:30","modified_gmt":"2021-10-27T11:02:30","slug":"aula-matinal","status":"publish","type":"page","link":"https:\/\/blogsaverroes.juntadeandalucia.es\/ceipsanblas\/planes-y-proyectos\/aula-matinal\/","title":{"rendered":"AULA MATINAL"},"content":{"rendered":"<p><a href=\"http:\/\/www.juntadeandalucia.es\/educacion\/portals\/web\/ced\/aula-matinal-2-ciclo-infantil\"><strong>AULA MATINAL (DE 7:30 A 9:00 HORAS)<\/strong><\/a><\/p>\n<p>El aula matinal es un servicio que el centro ofrece a todo el alumnado con objeto de ayudar a las familias cuyo horario laboral coincide con el de su hijo\/a.<\/p>\n<p>Dentro de \u00e9sta, los ni\u00f1os\/as est\u00e1n al cargo de dos monitoras que complementan la labor educativa antes de la jornada escolar, cuyos objetivos son:<\/p>\n<ul>\n<li>Desarrollar las habilidades y las&nbsp;<strong>relaciones sociales<\/strong>&nbsp;del alumnado en un ambiente educativo propicio, motivador y generador de actitudes y valores positivos.<\/li>\n<li>Potenciar la&nbsp;<strong>autoestima<\/strong>&nbsp;del alumno.<\/li>\n<li>Ense\u00f1ar&nbsp;<strong>normas de educaci\u00f3n y convivencia<\/strong>&nbsp;en la mesa.<\/li>\n<li><strong>Concienciar a los alumnos\/as<\/strong>&nbsp;de la necesidad de un desayuno saludable que les proporcionar\u00e1 la energ\u00eda suficiente para el resto de la ma\u00f1ana.<\/li>\n<li><strong>Adquirir h\u00e1bitos saludables<\/strong>&nbsp;de higiene y alimentaci\u00f3n.<\/li>\n<li>Realizar actividades relacionadas con temas espec\u00edficos que vayan en consonancia con las planificadas por el centro escolar.<\/li>\n<li>Trabajar junto con los padres la<strong>&nbsp;alimentaci\u00f3n infantil,<\/strong>&nbsp;centr\u00e1ndonos en el desayuno.<\/li>\n<\/ul>\n<div id=\"attachment_2691\" style=\"width: 310px\" class=\"wp-caption aligncenter\"><a href=\"https:\/\/blogsaverroes.juntadeandalucia.es\/ceipsanblas\/files\/2015\/03\/IMG_20180427_135135.jpg\"><img loading=\"lazy\" decoding=\"async\" aria-describedby=\"caption-attachment-2691\" class=\"size-medium wp-image-2691\" src=\"https:\/\/blogsaverroes.juntadeandalucia.es\/ceipsanblas\/files\/2015\/03\/IMG_20180427_135135-300x225.jpg\" alt=\"\" width=\"300\" height=\"225\" srcset=\"https:\/\/blogsaverroes.juntadeandalucia.es\/ceipsanblas\/files\/2015\/03\/IMG_20180427_135135-300x225.jpg 300w, https:\/\/blogsaverroes.juntadeandalucia.es\/ceipsanblas\/files\/2015\/03\/IMG_20180427_135135-768x576.jpg 768w, https:\/\/blogsaverroes.juntadeandalucia.es\/ceipsanblas\/files\/2015\/03\/IMG_20180427_135135-1024x768.jpg 1024w, https:\/\/blogsaverroes.juntadeandalucia.es\/ceipsanblas\/files\/2015\/03\/IMG_20180427_135135-700x525.jpg 700w, https:\/\/blogsaverroes.juntadeandalucia.es\/ceipsanblas\/files\/2015\/03\/IMG_20180427_135135-24x18.jpg 24w, https:\/\/blogsaverroes.juntadeandalucia.es\/ceipsanblas\/files\/2015\/03\/IMG_20180427_135135-36x27.jpg 36w, https:\/\/blogsaverroes.juntadeandalucia.es\/ceipsanblas\/files\/2015\/03\/IMG_20180427_135135-48x36.jpg 48w, https:\/\/blogsaverroes.juntadeandalucia.es\/ceipsanblas\/files\/2015\/03\/IMG_20180427_135135.jpg 1600w\" sizes=\"(max-width: 300px) 100vw, 300px\" \/><\/a><p id=\"caption-attachment-2691\" class=\"wp-caption-text\">bty<\/p><\/div>\n<div id=\"attachment_2690\" style=\"width: 310px\" class=\"wp-caption aligncenter\"><a href=\"https:\/\/blogsaverroes.juntadeandalucia.es\/ceipsanblas\/files\/2015\/03\/IMG_20180427_135125.jpg\"><img loading=\"lazy\" decoding=\"async\" aria-describedby=\"caption-attachment-2690\" class=\"size-medium wp-image-2690\" src=\"https:\/\/blogsaverroes.juntadeandalucia.es\/ceipsanblas\/files\/2015\/03\/IMG_20180427_135125-300x225.jpg\" alt=\"\" width=\"300\" height=\"225\" srcset=\"https:\/\/blogsaverroes.juntadeandalucia.es\/ceipsanblas\/files\/2015\/03\/IMG_20180427_135125-300x225.jpg 300w, https:\/\/blogsaverroes.juntadeandalucia.es\/ceipsanblas\/files\/2015\/03\/IMG_20180427_135125-768x576.jpg 768w, https:\/\/blogsaverroes.juntadeandalucia.es\/ceipsanblas\/files\/2015\/03\/IMG_20180427_135125-1024x768.jpg 1024w, https:\/\/blogsaverroes.juntadeandalucia.es\/ceipsanblas\/files\/2015\/03\/IMG_20180427_135125-700x525.jpg 700w, https:\/\/blogsaverroes.juntadeandalucia.es\/ceipsanblas\/files\/2015\/03\/IMG_20180427_135125-24x18.jpg 24w, https:\/\/blogsaverroes.juntadeandalucia.es\/ceipsanblas\/files\/2015\/03\/IMG_20180427_135125-36x27.jpg 36w, https:\/\/blogsaverroes.juntadeandalucia.es\/ceipsanblas\/files\/2015\/03\/IMG_20180427_135125-48x36.jpg 48w, https:\/\/blogsaverroes.juntadeandalucia.es\/ceipsanblas\/files\/2015\/03\/IMG_20180427_135125.jpg 1600w\" sizes=\"(max-width: 300px) 100vw, 300px\" \/><\/a><p id=\"caption-attachment-2690\" class=\"wp-caption-text\">bty<\/p><\/div>\n<div id=\"attachment_2689\" style=\"width: 235px\" class=\"wp-caption aligncenter\"><a href=\"https:\/\/blogsaverroes.juntadeandalucia.es\/ceipsanblas\/files\/2015\/03\/IMG_20180427_135115.jpg\"><img loading=\"lazy\" decoding=\"async\" aria-describedby=\"caption-attachment-2689\" class=\"size-medium wp-image-2689\" src=\"https:\/\/blogsaverroes.juntadeandalucia.es\/ceipsanblas\/files\/2015\/03\/IMG_20180427_135115-225x300.jpg\" alt=\"\" width=\"225\" height=\"300\" srcset=\"https:\/\/blogsaverroes.juntadeandalucia.es\/ceipsanblas\/files\/2015\/03\/IMG_20180427_135115-225x300.jpg 225w, https:\/\/blogsaverroes.juntadeandalucia.es\/ceipsanblas\/files\/2015\/03\/IMG_20180427_135115-768x1024.jpg 768w, https:\/\/blogsaverroes.juntadeandalucia.es\/ceipsanblas\/files\/2015\/03\/IMG_20180427_135115-700x933.jpg 700w, https:\/\/blogsaverroes.juntadeandalucia.es\/ceipsanblas\/files\/2015\/03\/IMG_20180427_135115-18x24.jpg 18w, https:\/\/blogsaverroes.juntadeandalucia.es\/ceipsanblas\/files\/2015\/03\/IMG_20180427_135115-27x36.jpg 27w, https:\/\/blogsaverroes.juntadeandalucia.es\/ceipsanblas\/files\/2015\/03\/IMG_20180427_135115-36x48.jpg 36w, https:\/\/blogsaverroes.juntadeandalucia.es\/ceipsanblas\/files\/2015\/03\/IMG_20180427_135115.jpg 1200w\" sizes=\"(max-width: 225px) 100vw, 225px\" \/><\/a><p id=\"caption-attachment-2689\" class=\"wp-caption-text\">bty<\/p><\/div>\n<div id=\"attachment_2688\" style=\"width: 235px\" class=\"wp-caption aligncenter\"><a href=\"https:\/\/blogsaverroes.juntadeandalucia.es\/ceipsanblas\/files\/2015\/03\/IMG_20180427_135104.jpg\"><img loading=\"lazy\" decoding=\"async\" aria-describedby=\"caption-attachment-2688\" class=\"size-medium wp-image-2688\" src=\"https:\/\/blogsaverroes.juntadeandalucia.es\/ceipsanblas\/files\/2015\/03\/IMG_20180427_135104-225x300.jpg\" alt=\"\" width=\"225\" height=\"300\" srcset=\"https:\/\/blogsaverroes.juntadeandalucia.es\/ceipsanblas\/files\/2015\/03\/IMG_20180427_135104-225x300.jpg 225w, https:\/\/blogsaverroes.juntadeandalucia.es\/ceipsanblas\/files\/2015\/03\/IMG_20180427_135104-768x1024.jpg 768w, https:\/\/blogsaverroes.juntadeandalucia.es\/ceipsanblas\/files\/2015\/03\/IMG_20180427_135104-700x933.jpg 700w, https:\/\/blogsaverroes.juntadeandalucia.es\/ceipsanblas\/files\/2015\/03\/IMG_20180427_135104-18x24.jpg 18w, https:\/\/blogsaverroes.juntadeandalucia.es\/ceipsanblas\/files\/2015\/03\/IMG_20180427_135104-27x36.jpg 27w, https:\/\/blogsaverroes.juntadeandalucia.es\/ceipsanblas\/files\/2015\/03\/IMG_20180427_135104-36x48.jpg 36w, https:\/\/blogsaverroes.juntadeandalucia.es\/ceipsanblas\/files\/2015\/03\/IMG_20180427_135104.jpg 1200w\" sizes=\"(max-width: 225px) 100vw, 225px\" \/><\/a><p id=\"caption-attachment-2688\" class=\"wp-caption-text\">bty<\/p><\/div>\n<p><a href=\"https:\/\/blogsaverroes.juntadeandalucia.es\/ceipsanblas\/files\/2015\/03\/IMG_7168.jpg\"><img loading=\"lazy\" decoding=\"async\" class=\"aligncenter size-medium wp-image-2687\" src=\"https:\/\/blogsaverroes.juntadeandalucia.es\/ceipsanblas\/files\/2015\/03\/IMG_7168-300x225.jpg\" alt=\"\" width=\"300\" height=\"225\" srcset=\"https:\/\/blogsaverroes.juntadeandalucia.es\/ceipsanblas\/files\/2015\/03\/IMG_7168-300x225.jpg 300w, https:\/\/blogsaverroes.juntadeandalucia.es\/ceipsanblas\/files\/2015\/03\/IMG_7168-24x18.jpg 24w, https:\/\/blogsaverroes.juntadeandalucia.es\/ceipsanblas\/files\/2015\/03\/IMG_7168-36x27.jpg 36w, https:\/\/blogsaverroes.juntadeandalucia.es\/ceipsanblas\/files\/2015\/03\/IMG_7168-48x36.jpg 48w, https:\/\/blogsaverroes.juntadeandalucia.es\/ceipsanblas\/files\/2015\/03\/IMG_7168.jpg 640w\" sizes=\"(max-width: 300px) 100vw, 300px\" \/><\/a> <a href=\"https:\/\/blogsaverroes.juntadeandalucia.es\/ceipsanblas\/files\/2015\/03\/IMG_7167.jpg\"><img loading=\"lazy\" decoding=\"async\" class=\"aligncenter size-medium wp-image-2686\" src=\"https:\/\/blogsaverroes.juntadeandalucia.es\/ceipsanblas\/files\/2015\/03\/IMG_7167-300x225.jpg\" alt=\"\" width=\"300\" height=\"225\" srcset=\"https:\/\/blogsaverroes.juntadeandalucia.es\/ceipsanblas\/files\/2015\/03\/IMG_7167-300x225.jpg 300w, https:\/\/blogsaverroes.juntadeandalucia.es\/ceipsanblas\/files\/2015\/03\/IMG_7167-24x18.jpg 24w, https:\/\/blogsaverroes.juntadeandalucia.es\/ceipsanblas\/files\/2015\/03\/IMG_7167-36x27.jpg 36w, https:\/\/blogsaverroes.juntadeandalucia.es\/ceipsanblas\/files\/2015\/03\/IMG_7167-48x36.jpg 48w, https:\/\/blogsaverroes.juntadeandalucia.es\/ceipsanblas\/files\/2015\/03\/IMG_7167.jpg 640w\" sizes=\"(max-width: 300px) 100vw, 300px\" \/><\/a> <a href=\"https:\/\/blogsaverroes.juntadeandalucia.es\/ceipsanblas\/files\/2015\/03\/IMG_7166.jpg\"><img loading=\"lazy\" decoding=\"async\" class=\"aligncenter size-medium wp-image-2685\" src=\"https:\/\/blogsaverroes.juntadeandalucia.es\/ceipsanblas\/files\/2015\/03\/IMG_7166-300x225.jpg\" alt=\"\" width=\"300\" height=\"225\" srcset=\"https:\/\/blogsaverroes.juntadeandalucia.es\/ceipsanblas\/files\/2015\/03\/IMG_7166-300x225.jpg 300w, https:\/\/blogsaverroes.juntadeandalucia.es\/ceipsanblas\/files\/2015\/03\/IMG_7166-24x18.jpg 24w, https:\/\/blogsaverroes.juntadeandalucia.es\/ceipsanblas\/files\/2015\/03\/IMG_7166-36x27.jpg 36w, https:\/\/blogsaverroes.juntadeandalucia.es\/ceipsanblas\/files\/2015\/03\/IMG_7166-48x36.jpg 48w, https:\/\/blogsaverroes.juntadeandalucia.es\/ceipsanblas\/files\/2015\/03\/IMG_7166.jpg 640w\" sizes=\"(max-width: 300px) 100vw, 300px\" \/><\/a><\/p>\n","protected":false},"excerpt":{"rendered":"<p>AULA MATINAL (DE 7:30 A 9:00 HORAS) El aula matinal es un servicio que el centro ofrece a todo el alumnado con objeto de ayudar a las familias cuyo horario laboral coincide con el&#46;&#46;&#46;<\/p>\n","protected":false},"author":5613,"featured_media":0,"parent":44,"menu_order":0,"comment_status":"closed","ping_status":"closed","template":"","meta":{"ngg_post_thumbnail":0,"footnotes":"","_mc_calendar":[]},"aioseo_notices":[],"_links":{"self":[{"href":"https:\/\/blogsaverroes.juntadeandalucia.es\/ceipsanblas\/wp-json\/wp\/v2\/pages\/2671"}],"collection":[{"href":"https:\/\/blogsaverroes.juntadeandalucia.es\/ceipsanblas\/wp-json\/wp\/v2\/pages"}],"about":[{"href":"https:\/\/blogsaverroes.juntadeandalucia.es\/ceipsanblas\/wp-json\/wp\/v2\/types\/page"}],"author":[{"embeddable":true,"href":"https:\/\/blogsaverroes.juntadeandalucia.es\/ceipsanblas\/wp-json\/wp\/v2\/users\/5613"}],"replies":[{"embeddable":true,"href":"https:\/\/blogsaverroes.juntadeandalucia.es\/ceipsanblas\/wp-json\/wp\/v2\/comments?post=2671"}],"version-history":[{"count":5,"href":"https:\/\/blogsaverroes.juntadeandalucia.es\/ceipsanblas\/wp-json\/wp\/v2\/pages\/2671\/revisions"}],"predecessor-version":[{"id":3510,"href":"https:\/\/blogsaverroes.juntadeandalucia.es\/ceipsanblas\/wp-json\/wp\/v2\/pages\/2671\/revisions\/3510"}],"up":[{"embeddable":true,"href":"https:\/\/blogsaverroes.juntadeandalucia.es\/ceipsanblas\/wp-json\/wp\/v2\/pages\/44"}],"wp:attachment":[{"href":"https:\/\/blogsaverroes.juntadeandalucia.es\/ceipsanblas\/wp-json\/wp\/v2\/media?parent=2671"}],"curies":[{"name":"wp","href":"https:\/\/api.w.org\/{rel}","templated":true}]}}