{"id":2904,"date":"2018-11-30T22:19:38","date_gmt":"2018-11-30T22:19:38","guid":{"rendered":"https:\/\/blogsaverroes.juntadeandalucia.es\/ceipsanblas\/?page_id=2904"},"modified":"2018-11-30T22:21:05","modified_gmt":"2018-11-30T22:21:05","slug":"acta","status":"publish","type":"page","link":"https:\/\/blogsaverroes.juntadeandalucia.es\/ceipsanblas\/actas\/acta\/","title":{"rendered":"ACTA REUNI\u00d3N AMPA 20-OCTUBRE-2.018"},"content":{"rendered":"<p><strong>ASISTEN 24 MIEMBROS.<\/strong><\/p>\n<p><strong>1.- INFORMACI\u00d3N SOBRE REUNI\u00d3N CONSEJO ESCOLAR:<\/strong><\/p>\n<ul>\n<li><strong>Festividad Navide\u00f1a:<\/strong> 17 de diciembre en el Teatro Cerezo.<\/li>\n<li><strong>Cartero Real:<\/strong> 21 de diciembre.<\/li>\n<li><strong>Confecci\u00f3n de cortinas para las aulas del centro.<\/strong> Medidas: 1.90 x 3.15 15 grandes y 3 distintas (falta medida)<\/li>\n<li>Se informa sobre la <strong>renovaci\u00f3n del Consejo Escolar<\/strong>: Ignacia Valencia, Soraya P\u00e9rez, Juan, Macarena Casta\u00f1o y Pilar Laguna.<\/li>\n<\/ul>\n<p><strong>2.-ORGANIZACI\u00d3N Y PREPARACI\u00d3N ACTIVIDADES MES DE DICIEMBRE: <\/strong><\/p>\n<ul>\n<li><strong>SOCORR\u00cdAS Y CHOCOLATE<\/strong>: 5 de diciembre se realizar\u00e1n las socorr\u00edas (dulce parecido al bu\u00f1uelo que realiz\u00f3 por primera vez una mam\u00e1 del cole) y chocolate para acompa\u00f1arlas. &nbsp;Tod@s los padres y madres que quieran colaborar ser\u00e1n bienvenidos. Es un d\u00eda de convivencia para todos. Para la compra se ofrecen a ir el 3 de diciembre Ana, Tere, Pili y Macarena. Preguntar l@s alumn@s al\u00e9rgicos.<\/li>\n<li><strong>FOTOS DEL L@S ALUMN@S PARA EL CALENDARIO<\/strong>: en principio, a la espera de confirmarlo, ser\u00e1 el mismo d\u00eda 5 de diciembre. No hace falta que vayan vestidos con un color especial.&nbsp;<\/li>\n<li><strong>MONTAJE DEL PORTAL DE BELEN Y \u00c1RBOL DE NAVIDAD<\/strong>:\n<ul>\n<li>Sobre el Bel\u00e9n se empezar\u00e1 el montaje el jueves 29 de noviembre para tenerlo listo el 5 de diciembre. Se pide la colaboraci\u00f3n de tod@s los padres y madres que puedan venir.&nbsp;<\/li>\n<li>Sobre el \u00c1rbol central vamos a pedir presupuesto para renovar la estructura. Y la decoraci\u00f3n se va a enviar un papel a los padres para que aporte cada ni\u00f1o decoraci\u00f3n hecha a mano de grandes dimensiones o bien espumillones largos. (di\u00e1metro 2,70 cm)<\/li>\n<li>Se ha propuesto hacer un \u00e1rbol de madera para colgarlo en el porche. Se han ofrecido unos carpinteros a preparar las maderas y tendr\u00edamos que pintarlo nosotros.<\/li>\n<\/ul>\n<\/li>\n<\/ul>\n<ul>\n<li><strong>SORTEO DE NAVIDAD:&nbsp;<\/strong>Se har\u00e1n 999 papeletas y se sortear\u00e1 una tarjeta regalo de El Corte Ingl\u00e9s por valor de 100 euros. Se somete a votaci\u00f3n la tarjeta regalo o una cesta navide\u00f1a y gana por mayor\u00eda absoluta la tarjeta regalo.<\/li>\n<\/ul>\n<p>El sorteo coincidir\u00e1 con el sorteo de la Once del d\u00eda 14 de diciembre para poderlo entregar a partir del 17 de diciembre. Precio de la papeleta: 1 euro.&nbsp;Fecha tope para pedir papeletas el 10 de diciembre. El dinero se invertir\u00e1 en actividades para nuestro centro y l@s alumn@s.<\/p>\n<p>&nbsp;<\/p>\n<ul>\n<li><strong>REGALOS DEL CARTERO REAL<\/strong>: se ofrecen la posibilidad de regalar unas gorras de algod\u00f3n serigrafiadas con el logo del colegio. Servir\u00edan para identificarlos en las excursiones.<\/li>\n<\/ul>\n<p>El precio de la gorra es 1 euro m\u00e1s 30 cent de la serigraf\u00eda. Inicialmente os regalos siempre han costado un euro y la diferencia ser\u00eda de 65,70 euros de m\u00e1s. (1,30 x 219 ni\u00f1@s= 284,70 euros.)&nbsp;Se somete a votaci\u00f3n por la diferencia de dinero y todos votan a favor.&nbsp;Celia se hace cargo de consultar el color con el cole y encargarlas.<\/p>\n<ol start=\"3\">\n<li><strong> INFORMACI\u00d3N DE LAS ACTIVIDADES, REUNIONES, ETC ORGANIZADAS DESDE EL AMPA.<\/strong><\/li>\n<\/ol>\n<ul>\n<li>Se informa sobre el estado actual de las cuentas y los gastos hechos hasta ahora y los previstos.\n<ul>\n<li>Alfombras de vinilo para los 3 cursos de infantil: 270 euros<\/li>\n<li>Confecci\u00f3n de cortinas para todos las clases. Las telas las asume el centro.<\/li>\n<\/ul>\n<\/li>\n<\/ul>\n<ul>\n<li>Organizaci\u00f3n de las Charlas de <strong>COMPROMISO DIGITAL<\/strong>: Nos pusimos en contacto con la Compromiso Digital de la Cruz Roja para organizar charlas para alumnos de 4\u00ba, 5\u00ba y 6\u00ba de primaria y para los padres y madres.<\/li>\n<\/ul>\n<p>\u201cEducar para proteger: Prevenci\u00f3n del Ciberacoso y otras problem\u00e1ticas. La Educaci\u00f3n de los\/as Menores en el uso adecuado de las tic, tarea de todos\/as: Escuela y Familia. \u201d<\/p>\n<p>La sesi\u00f3n se har\u00e1 el d\u00eda 29 de noviembre en dos sesiones: un grupo de 9.45 a 10.30 y dos grupos de 10.30 a 11.15.&nbsp;Queda pendiente la charla de los padres.<\/p>\n<ul>\n<li><strong>Plan Director para la Convivencia y Mejora de la seguridad escolar&#8217;<\/strong>que est\u00e1 coordinado e impulsado por la Subdelegaci\u00f3n del Gobierno.<br \/>\nLa Guardia Civil ofrece charlas a los centros escolares sobre temas de inter\u00e9s. Este a\u00f1o desde el Ampa se han solicitado 3: Acoso Escolar, Internet y redes sociales, violencia sobre la mujer y racismo. Informaci\u00f3n en el siguiente enlace:<\/li>\n<\/ul>\n<p><a href=\"http:\/\/www.interior.gob.es\/web\/servicios-al-ciudadano\/planes-de-prevencion\/plan-director-para-la-convivencia-y-mejora-escolar\">http:\/\/www.interior.gob.es\/web\/servicios-al-ciudadano\/planes-de-prevencion\/plan-director-para-la-convivencia-y-mejora-escolar<\/a><\/p>\n<p>La Guardia Civil ha contactado telef\u00f3nicamente y ha propuesto hacerlo conjuntamente con el CEIP Cervantes. El lunes 26 tendremos una reuni\u00f3n con el agente encargado de las charlas y el Ampa del CEIP Cervantes.<\/p>\n<ul>\n<li><strong>PROYECTO DE HUERTO ESCOLAR:<\/strong> Vamos a presentar a la convocatoria de subvenciones del Grupo de Desarrollo Rural Campi\u00f1a Los Alcores un proyecto de huerto, para poder llevarlo a cabo el pr\u00f3ximo a\u00f1o. Ya hemos mantenido una reuni\u00f3n con los t\u00e9cnicos y nos podemos presentar bajo una de las l\u00edneas ofertadas. Hay que valorar junto la direcci\u00f3n del centro varias puntos. Celia ofrece la posibilidad de que hagan el proyecto unos amigos bi\u00f3logos.<\/li>\n<li><strong>BLOG\/WEB DEL COLE:<\/strong> Se ofrece la posibilidad de colgar la informaci\u00f3n de inter\u00e9s para los padres y madres.<\/li>\n<li><strong>AMPAS UNIDAS DE CARMONA<\/strong>:&nbsp;Desde el Ampa Cervantes se comenta las quejas repetidas del centro por la falta de limpieza en el centro sobre todo se cree que es debido a los cambios de limpiadora constante ya que no les da tiempo a hacerse con la organizaci\u00f3n de la limpieza. Esa queja es extensiva a todos los centros, incluido el nuestro. Se decide consultar a los miembros de cada ampa y a la direcci\u00f3n de cada centro el hacer un escrito conjunto con un listado de cosas que hay que reparar y mejorar por centro y presentarlas conjuntamente con un escrito com\u00fan firmado por todas las ampas para presentarlo en el Registro de Atenci\u00f3n Ciudadana.<\/li>\n<\/ul>\n<p>Los padres y madres asistentes aprueban por unanimidad la participaci\u00f3n en esta iniciativa.<\/p>\n<ul>\n<li><strong>DISTRITO \u00daNICO EN SECUNDARIA Y BACHILLERATO EN EL IES LOSADA VILLASANTE:<\/strong> Se trata el tema y se comenta los pasos dados en este sentido en los meses de mayo y junio de este a\u00f1o (escritos presentados y respuesta de la delegaci\u00f3n). Desde la Junta Directiva se expresa la dificultad que tienen nuestro centro al pertenecer al IES Losada y no existir en el mismo el Bachillerato. Se anima a tratar este tema m\u00e1s adelante y reflexionar sobre los posibles pasos a dar para reclamar el distrito \u00fanico tambi\u00e9n en secundaria, as\u00ed como para que se implante Bachillerato en el IES Losada Villasante.<\/li>\n<li><strong>TRASLADO DEL CICLO DE COCINA:<\/strong> se informa a los nuevos padres y madres sobre la situaci\u00f3n actual del traslado del ciclo de cocina. Macarena Casta\u00f1o informa sobre la reuni\u00f3n del Consejo Escolar Municipal donde se trato este tema.<\/li>\n<li><strong>PE\u00d1A B\u00c9TICA DE CARMONA<\/strong>: l@s alumn@s de 5\u00ba y 6\u00ba asistir\u00e1n al partido que juega el Betis el d\u00eda 2 de diciembre contra el Real Sociedad junto al Jefe de Estudios y profesor de Gimnasia, Carlos, y un padre y miembro del Consejo Escolar, Juan.&nbsp;<\/li>\n<\/ul>\n<p>&nbsp;<\/p>\n<p>&nbsp;<\/p>\n","protected":false},"excerpt":{"rendered":"<p>ASISTEN 24 MIEMBROS. 1.- INFORMACI\u00d3N SOBRE REUNI\u00d3N CONSEJO ESCOLAR: Festividad Navide\u00f1a: 17 de diciembre en el Teatro Cerezo. Cartero Real: 21 de diciembre. Confecci\u00f3n de cortinas para las aulas del centro. Medidas: 1.90 x&#46;&#46;&#46;<\/p>\n","protected":false},"author":5613,"featured_media":0,"parent":2881,"menu_order":0,"comment_status":"closed","ping_status":"closed","template":"","meta":{"ngg_post_thumbnail":0,"footnotes":"","_mc_calendar":[]},"aioseo_notices":[],"_links":{"self":[{"href":"https:\/\/blogsaverroes.juntadeandalucia.es\/ceipsanblas\/wp-json\/wp\/v2\/pages\/2904"}],"collection":[{"href":"https:\/\/blogsaverroes.juntadeandalucia.es\/ceipsanblas\/wp-json\/wp\/v2\/pages"}],"about":[{"href":"https:\/\/blogsaverroes.juntadeandalucia.es\/ceipsanblas\/wp-json\/wp\/v2\/types\/page"}],"author":[{"embeddable":true,"href":"https:\/\/blogsaverroes.juntadeandalucia.es\/ceipsanblas\/wp-json\/wp\/v2\/users\/5613"}],"replies":[{"embeddable":true,"href":"https:\/\/blogsaverroes.juntadeandalucia.es\/ceipsanblas\/wp-json\/wp\/v2\/comments?post=2904"}],"version-history":[{"count":2,"href":"https:\/\/blogsaverroes.juntadeandalucia.es\/ceipsanblas\/wp-json\/wp\/v2\/pages\/2904\/revisions"}],"predecessor-version":[{"id":2906,"href":"https:\/\/blogsaverroes.juntadeandalucia.es\/ceipsanblas\/wp-json\/wp\/v2\/pages\/2904\/revisions\/2906"}],"up":[{"embeddable":true,"href":"https:\/\/blogsaverroes.juntadeandalucia.es\/ceipsanblas\/wp-json\/wp\/v2\/pages\/2881"}],"wp:attachment":[{"href":"https:\/\/blogsaverroes.juntadeandalucia.es\/ceipsanblas\/wp-json\/wp\/v2\/media?parent=2904"}],"curies":[{"name":"wp","href":"https:\/\/api.w.org\/{rel}","templated":true}]}}